{"id":246374,"date":"2025-03-21T21:55:28","date_gmt":"2025-03-21T21:55:28","guid":{"rendered":"https:\/\/cryptorecovers.com\/perguntas-frequentes\/"},"modified":"2025-04-02T17:47:26","modified_gmt":"2025-04-02T17:47:26","slug":"perguntas-frequentes","status":"publish","type":"page","link":"https:\/\/cryptorecovers.com\/pt-br\/perguntas-frequentes\/","title":{"rendered":"Perguntas frequentes"},"content":{"rendered":"<p>[et_pb_section fb_built=&#8221;1&#8243; fullwidth=&#8221;on&#8221; admin_label=&#8221;Hero Section&#8221; _builder_version=&#8221;4.16&#8243; background_color=&#8221;#101535&#8243; background_image=&#8221;https:\/\/cryptorecovers.com\/wp-content\/uploads\/2023\/02\/crypto-bg-02.png&#8221; parallax=&#8221;on&#8221; custom_margin=&#8221;|||&#8221; custom_padding=&#8221;|||&#8221; locked=&#8221;off&#8221; global_colors_info=&#8221;{}&#8221;][et_pb_fullwidth_header title=&#8221;Perguntas frequentes&#8221; _builder_version=&#8221;4.27.4&#8243; title_font=&#8221;Poppins|600|||||||&#8221; title_font_size=&#8221;60px&#8221; title_line_height=&#8221;1.5em&#8221; content_font=&#8221;||||||||&#8221; content_font_size=&#8221;18px&#8221; content_line_height=&#8221;2em&#8221; background_enable_color=&#8221;off&#8221; background_position=&#8221;bottom_center&#8221; custom_button_one=&#8221;on&#8221; button_one_text_size=&#8221;13px&#8221; button_one_bg_color=&#8221;#4328b7&#8243; button_one_border_width=&#8221;10px&#8221; button_one_border_color=&#8221;#4328b7&#8243; button_one_border_radius=&#8221;0px&#8221; button_one_letter_spacing=&#8221;2px&#8221; button_one_font=&#8221;Titillium Web|700||on|||||&#8221; custom_button_two=&#8221;on&#8221; button_two_text_size=&#8221;13px&#8221; button_two_text_color=&#8221;#4328b7&#8243; button_two_bg_color=&#8221;#ffffff&#8221; button_two_border_width=&#8221;10px&#8221; button_two_border_color=&#8221;#ffffff&#8221; button_two_border_radius=&#8221;0px&#8221; button_two_letter_spacing=&#8221;2px&#8221; button_two_font=&#8221;Titillium Web|700||on|||||&#8221; custom_margin=&#8221;|||&#8221; custom_padding=&#8221;150px||4vw||false|false&#8221; custom_padding_tablet=&#8221;100px||||false|false&#8221; custom_padding_phone=&#8221;110px||||false|false&#8221; custom_padding_last_edited=&#8221;on|desktop&#8221; animation_direction=&#8221;bottom&#8221; title_font_size_tablet=&#8221;39px&#8221; title_font_size_phone=&#8221;30px&#8221; title_font_size_last_edited=&#8221;on|phone&#8221; content_font_size_tablet=&#8221;&#8221; content_font_size_phone=&#8221;15px&#8221; content_font_size_last_edited=&#8221;on|phone&#8221; button_one_letter_spacing_hover=&#8221;2px&#8221; button_two_letter_spacing_hover=&#8221;2px&#8221; global_colors_info=&#8221;{}&#8221; button_one_text_size__hover_enabled=&#8221;off&#8221; button_two_text_size__hover_enabled=&#8221;off&#8221; button_one_text_color__hover_enabled=&#8221;off&#8221; button_two_text_color__hover_enabled=&#8221;off&#8221; button_one_border_width__hover_enabled=&#8221;off&#8221; button_two_border_width__hover_enabled=&#8221;off&#8221; button_one_border_color__hover_enabled=&#8221;off&#8221; button_two_border_color__hover_enabled=&#8221;off&#8221; button_one_border_radius__hover_enabled=&#8221;off&#8221; button_two_border_radius__hover_enabled=&#8221;off&#8221; button_one_letter_spacing__hover_enabled=&#8221;on&#8221; button_one_letter_spacing__hover=&#8221;2px&#8221; button_two_letter_spacing__hover_enabled=&#8221;on&#8221; button_two_letter_spacing__hover=&#8221;2px&#8221; button_one_bg_color__hover_enabled=&#8221;off&#8221; button_two_bg_color__hover_enabled=&#8221;off&#8221;][\/et_pb_fullwidth_header][\/et_pb_section][et_pb_section fb_built=&#8221;1&#8243; _builder_version=&#8221;4.27.4&#8243; _module_preset=&#8221;default&#8221; global_colors_info=&#8221;{}&#8221;][et_pb_row _builder_version=&#8221;4.27.4&#8243; _module_preset=&#8221;default&#8221; custom_padding=&#8221;||21px|||&#8221; global_colors_info=&#8221;{}&#8221;][et_pb_column type=&#8221;4_4&#8243; _builder_version=&#8221;4.27.4&#8243; _module_preset=&#8221;default&#8221; global_colors_info=&#8221;{}&#8221;][et_pb_text _builder_version=&#8221;4.27.4&#8243; _module_preset=&#8221;default&#8221; text_text_color=&#8221;#000000&#8243; link_font=&#8221;||||on||||&#8221; link_text_color=&#8221;#000000&#8243; header_2_font=&#8221;Poppins|700|||||||&#8221; header_2_text_color=&#8221;#000000&#8243; header_2_font_size=&#8221;22px&#8221; header_2_line_height=&#8221;1.7em&#8221; header_2_font_size_tablet=&#8221;20px&#8221; header_2_font_size_phone=&#8221;20px&#8221; header_2_font_size_last_edited=&#8221;on|desktop&#8221; global_colors_info=&#8221;{}&#8221; link_text_color__hover_enabled=&#8221;on|hover&#8221; link_text_color__hover=&#8221;rgba(0,0,0,0.78)&#8221;]<\/p>\n<h2><\/h2>\n<h2>Qual \u00e9 o processo para recuperar meus ativos de criptografia?<\/h2>\n<p>Come\u00e7amos entendendo sua situa\u00e7\u00e3o espec\u00edfica e coletando os detalhes necess\u00e1rios, como o hist\u00f3rico de transa\u00e7\u00f5es ou as informa\u00e7\u00f5es da carteira. Nossa equipe usa ferramentas e t\u00e9cnicas avan\u00e7adas para recuperar o acesso aos seus ativos de criptografia, garantindo sua seguran\u00e7a e privacidade durante todo o processo. <\/p>\n<h2>Quanto voc\u00ea cobra pelos servi\u00e7os de recupera\u00e7\u00e3o?<\/h2>\n<p>Nossa taxa padr\u00e3o \u00e9 de 20% dos ativos recuperados, embora, para recupera\u00e7\u00f5es maiores, essa taxa possa ser reduzida. Discutiremos os pre\u00e7os com voc\u00ea com base em suas necessidades espec\u00edficas e na complexidade da recupera\u00e7\u00e3o. Saiba mais sobre os pre\u00e7os da recupera\u00e7\u00e3o de carteiras de criptografia.  <\/p>\n<h2>E se eu n\u00e3o tiver nenhuma informa\u00e7\u00e3o ou n\u00e3o tiver certeza de que tenho os arquivos\/dados corretos?<\/h2>\n<p>Se voc\u00ea perdeu sua seed phrase, o arquivo de backup ou descartou um dispositivo que continha sua chave privada\/backup, o processo de recupera\u00e7\u00e3o se torna extremamente dif\u00edcil. Em alguns casos, como em servi\u00e7os como o Blockchain.com, podemos ajudar voc\u00ea a recuperar arquivos de backup. Al\u00e9m disso, \u00e0s vezes podemos recuperar arquivos exclu\u00eddos de discos r\u00edgidos antigos.  <\/p>\n<p>No entanto, se voc\u00ea perdeu completamente o acesso \u00e0s suas informa\u00e7\u00f5es privadas ou ao backup, h\u00e1 pouco que n\u00f3s ou qualquer outro servi\u00e7o de recupera\u00e7\u00e3o possa fazer para ajud\u00e1-lo a recuperar o acesso \u00e0 sua criptografia.<\/p>\n<p><strong>Observa\u00e7\u00e3o:<\/strong> algumas carteiras exigem ou oferecem m\u00e9todos diferentes de backup e recupera\u00e7\u00e3o. Se voc\u00ea n\u00e3o tiver certeza de que possui as informa\u00e7\u00f5es necess\u00e1rias, podemos ajud\u00e1-lo a determinar se a recupera\u00e7\u00e3o \u00e9 poss\u00edvel.  Fique \u00e0 vontade para <a href=\"https:\/\/cryptorecovers.com\/pt-br\/contato\/\">entrar em contato conosco<\/a>.<\/p>\n<h2>Quanto tempo leva para recuperar meus ativos de criptografia?<\/h2>\n<p>O tempo de recupera\u00e7\u00e3o depende das especificidades de cada caso, mas, normalmente, pode variar de alguns dias a v\u00e1rias semanas. Manteremos voc\u00ea informado sobre o progresso e forneceremos um cronograma estimado \u00e0 medida que formos trabalhando no processo. <\/p>\n<h2>Como posso confiar em voc\u00ea?<\/h2>\n<p>Somos uma empresa registrada e totalmente leg\u00edtima, dedicada a fornecer servi\u00e7os \u00e9ticos e transparentes. Seus fundos est\u00e3o seguros conosco, pois aderimos a protocolos de seguran\u00e7a rigorosos para garantir que seus ativos permane\u00e7am seguros. <\/p>\n<p>Antes de iniciar qualquer caso de recupera\u00e7\u00e3o, tanto o cliente quanto o Crypto Recovers assinam um contrato detalhado descrevendo todos os termos, inclusive as informa\u00e7\u00f5es sobre nossa empresa.<\/p>\n<p>Al\u00e9m disso, convidamos voc\u00ea a visitar nosso escrit\u00f3rio com hora marcada, o que nos d\u00e1 a oportunidade de nos encontrarmos pessoalmente e discutirmos seu caso.<\/p>\n<h2>Que tipos de criptomoedas voc\u00ea recupera?<\/h2>\n<p>Somos especializados na recupera\u00e7\u00e3o da maioria das principais criptomoedas, inclusive Bitcoin, Ethereum, Dogecoin e outras altcoins. Se voc\u00ea precisar de ajuda com um tipo espec\u00edfico de criptografia, entre em contato conosco para obter mais detalhes. <\/p>\n<h2>Voc\u00ea pode ajudar a recuperar ativos que foram roubados ou perdidos devido a um golpe?<\/h2>\n<p>Sim, temos experi\u00eancia em orientar as pessoas na dire\u00e7\u00e3o certa para come\u00e7ar a recuperar ativos que foram perdidos em golpes ou roubos. Embora o sucesso dependa das circunst\u00e2ncias, sinta-se \u00e0 vontade para nos deixar uma mensagem e daremos a voc\u00ea o in\u00edcio de sua jornada de recupera\u00e7\u00e3o. <\/p>\n<h2>Preciso fornecer todas as minhas senhas para recuperar minhas criptomoedas?<\/h2>\n<p>N\u00e3o, voc\u00ea n\u00e3o precisa fornecer todas as suas senhas. Exigimos apenas informa\u00e7\u00f5es essenciais relacionadas \u00e0 carteira e priorizamos sua privacidade e seguran\u00e7a durante todo o processo de recupera\u00e7\u00e3o. <\/p>\n<p>N\u00c3O compartilhe informa\u00e7\u00f5es particulares ou senhas at\u00e9 que um contrato seja assinado.<\/p>\n<h2>Como voc\u00ea garante a seguran\u00e7a dos meus ativos durante a recupera\u00e7\u00e3o?<\/h2>\n<p>Priorizamos a sua seguran\u00e7a usando m\u00e9todos criptografados para lidar com suas informa\u00e7\u00f5es e ativos. Nossa equipe adere \u00e0s pr\u00e1ticas recomendadas do setor, garantindo que seus dados e fundos permane\u00e7am protegidos durante todo o processo de recupera\u00e7\u00e3o. Antes de come\u00e7armos, todos os termos e acordos ser\u00e3o claramente delineados em um contrato que ambas as partes assinar\u00e3o.  <\/p>\n<p>[\/et_pb_text][et_pb_button button_url=&#8221;https:\/\/cryptorecovers.com\/pt-br\/contato\/&#8221; button_text=&#8221;Comece a usar&#8221; button_alignment=&#8221;center&#8221; _builder_version=&#8221;4.27.4&#8243; custom_button=&#8221;on&#8221; button_text_size=&#8221;13px&#8221; button_text_color=&#8221;#ffffff&#8221; button_bg_color=&#8221;#1b1f50&#8243; button_border_width=&#8221;10px&#8221; button_border_color=&#8221;#1b1f50&#8243; button_border_radius=&#8221;5px&#8221; button_letter_spacing=&#8221;2px&#8221; button_font=&#8221;Titillium Web|700||on|||||&#8221; background_layout=&#8221;dark&#8221; custom_margin=&#8221;70px||13px||false|false&#8221; custom_padding=&#8221;||||false|false&#8221; box_shadow_style=&#8221;preset3&#8243; button_letter_spacing_hover=&#8221;2px&#8221; locked=&#8221;off&#8221; global_colors_info=&#8221;{}&#8221; button_text_size__hover_enabled=&#8221;off&#8221; button_one_text_size__hover_enabled=&#8221;off&#8221; button_two_text_size__hover_enabled=&#8221;off&#8221; button_text_color__hover_enabled=&#8221;off&#8221; button_one_text_color__hover_enabled=&#8221;off&#8221; button_two_text_color__hover_enabled=&#8221;off&#8221; button_border_width__hover_enabled=&#8221;off&#8221; button_one_border_width__hover_enabled=&#8221;off&#8221; button_two_border_width__hover_enabled=&#8221;off&#8221; button_border_color__hover_enabled=&#8221;off&#8221; button_one_border_color__hover_enabled=&#8221;off&#8221; button_two_border_color__hover_enabled=&#8221;off&#8221; button_border_radius__hover_enabled=&#8221;off&#8221; button_one_border_radius__hover_enabled=&#8221;off&#8221; button_two_border_radius__hover_enabled=&#8221;off&#8221; button_letter_spacing__hover_enabled=&#8221;on&#8221; button_letter_spacing__hover=&#8221;2px&#8221; button_one_letter_spacing__hover_enabled=&#8221;off&#8221; button_two_letter_spacing__hover_enabled=&#8221;off&#8221; button_bg_color__hover_enabled=&#8221;off&#8221; button_one_bg_color__hover_enabled=&#8221;off&#8221; button_two_bg_color__hover_enabled=&#8221;off&#8221;][\/et_pb_button][et_pb_button button_url=&#8221;https:\/\/cryptorecovers.com\/pt-br\/sobre-nos\/#team&#8221; button_text=&#8221;Conhe\u00e7a nossa equipe&#8221; button_alignment=&#8221;center&#8221; disabled_on=&#8221;off|off|off&#8221; _builder_version=&#8221;4.27.3&#8243; custom_button=&#8221;on&#8221; button_text_size=&#8221;13px&#8221; button_text_color=&#8221;#000000&#8243; button_border_width=&#8221;0px&#8221; button_border_color=&#8221;RGBA(255,255,255,0)&#8221; button_border_radius=&#8221;0px&#8221; button_letter_spacing=&#8221;2px&#8221; button_font=&#8221;Titillium Web|700||on|||||&#8221; button_on_hover=&#8221;off&#8221; background_layout=&#8221;dark&#8221; custom_margin=&#8221;10px||||false|false&#8221; button_letter_spacing_hover=&#8221;2px&#8221; locked=&#8221;off&#8221; global_colors_info=&#8221;{}&#8221; button_text_size__hover_enabled=&#8221;off&#8221; button_one_text_size__hover_enabled=&#8221;off&#8221; button_two_text_size__hover_enabled=&#8221;off&#8221; button_text_color__hover_enabled=&#8221;off&#8221; button_one_text_color__hover_enabled=&#8221;off&#8221; button_two_text_color__hover_enabled=&#8221;off&#8221; button_border_width__hover_enabled=&#8221;off&#8221; button_one_border_width__hover_enabled=&#8221;off&#8221; button_two_border_width__hover_enabled=&#8221;off&#8221; button_border_color__hover_enabled=&#8221;off&#8221; button_one_border_color__hover_enabled=&#8221;off&#8221; button_two_border_color__hover_enabled=&#8221;off&#8221; button_border_radius__hover_enabled=&#8221;off&#8221; button_one_border_radius__hover_enabled=&#8221;off&#8221; button_two_border_radius__hover_enabled=&#8221;off&#8221; button_letter_spacing__hover_enabled=&#8221;on|hover&#8221; button_letter_spacing__hover=&#8221;2.3px&#8221; button_one_letter_spacing__hover_enabled=&#8221;off&#8221; button_two_letter_spacing__hover_enabled=&#8221;off&#8221; button_bg_color__hover_enabled=&#8221;off&#8221; button_one_bg_color__hover_enabled=&#8221;off&#8221; button_two_bg_color__hover_enabled=&#8221;off&#8221;][\/et_pb_button][\/et_pb_column][\/et_pb_row][\/et_pb_section]<\/p>\n","protected":false},"excerpt":{"rendered":"<p>Qual \u00e9 o processo para recuperar meus ativos de criptografia? Come\u00e7amos entendendo sua situa\u00e7\u00e3o espec\u00edfica e coletando os detalhes necess\u00e1rios, como o hist\u00f3rico de transa\u00e7\u00f5es ou as informa\u00e7\u00f5es da carteira. Nossa equipe usa ferramentas e t\u00e9cnicas avan\u00e7adas para recuperar o acesso aos seus ativos de criptografia, garantindo sua seguran\u00e7a e privacidade durante todo o processo. [&hellip;]<\/p>\n","protected":false},"author":1,"featured_media":0,"parent":0,"menu_order":0,"comment_status":"closed","ping_status":"closed","template":"","meta":{"_et_pb_use_builder":"on","_et_pb_old_content":"","_et_gb_content_width":"","footnotes":""},"class_list":["post-246374","page","type-page","status-publish","hentry"],"yoast_head":"<!-- This site is optimized with the Yoast SEO Premium plugin v27.1 (Yoast SEO v27.1.1) - https:\/\/yoast.com\/product\/yoast-seo-premium-wordpress\/ -->\n<title>Perguntas frequentes - Cryptorecovers.com<\/title>\n<meta name=\"robots\" content=\"index, follow, max-snippet:-1, max-image-preview:large, max-video-preview:-1\" \/>\n<link rel=\"canonical\" href=\"https:\/\/cryptorecovers.com\/pt-br\/perguntas-frequentes\/\" \/>\n<meta property=\"og:locale\" content=\"pt_BR\" \/>\n<meta property=\"og:type\" content=\"article\" \/>\n<meta property=\"og:title\" content=\"Perguntas frequentes\" \/>\n<meta property=\"og:description\" content=\"Qual \u00e9 o processo para recuperar meus ativos de criptografia? Come\u00e7amos entendendo sua situa\u00e7\u00e3o espec\u00edfica e coletando os detalhes necess\u00e1rios, como o hist\u00f3rico de transa\u00e7\u00f5es ou as informa\u00e7\u00f5es da carteira. Nossa equipe usa ferramentas e t\u00e9cnicas avan\u00e7adas para recuperar o acesso aos seus ativos de criptografia, garantindo sua seguran\u00e7a e privacidade durante todo o processo. [&hellip;]\" \/>\n<meta property=\"og:url\" content=\"https:\/\/cryptorecovers.com\/pt-br\/perguntas-frequentes\/\" \/>\n<meta property=\"og:site_name\" content=\"Crypto Recovers\" \/>\n<meta property=\"article:publisher\" content=\"https:\/\/www.facebook.com\/profile.php?id=61555829150179\" \/>\n<meta property=\"article:modified_time\" content=\"2025-04-02T17:47:26+00:00\" \/>\n<meta property=\"og:image\" content=\"https:\/\/cryptorecovers.com\/wp-content\/uploads\/2023\/12\/Cryptorecovers-Wallet-recovery-thumbnail.jpg\" \/>\n\t<meta property=\"og:image:width\" content=\"1200\" \/>\n\t<meta property=\"og:image:height\" content=\"628\" \/>\n\t<meta property=\"og:image:type\" content=\"image\/jpeg\" \/>\n<meta name=\"twitter:card\" content=\"summary_large_image\" \/>\n<meta name=\"twitter:site\" content=\"@xcryptorecovers\" \/>\n<meta name=\"twitter:label1\" content=\"Est. tempo de leitura\" \/>\n\t<meta name=\"twitter:data1\" content=\"8 minutos\" \/>\n<script type=\"application\/ld+json\" class=\"yoast-schema-graph\">{\"@context\":\"https:\/\/schema.org\",\"@graph\":[{\"@type\":\"WebPage\",\"@id\":\"https:\/\/cryptorecovers.com\/pt-br\/perguntas-frequentes\/\",\"url\":\"https:\/\/cryptorecovers.com\/pt-br\/perguntas-frequentes\/\",\"name\":\"Perguntas frequentes - Cryptorecovers.com\",\"isPartOf\":{\"@id\":\"https:\/\/cryptorecovers.com\/pt-br\/#website\"},\"datePublished\":\"2025-03-21T21:55:28+00:00\",\"dateModified\":\"2025-04-02T17:47:26+00:00\",\"inLanguage\":\"pt-BR\",\"potentialAction\":[{\"@type\":\"ReadAction\",\"target\":[\"https:\/\/cryptorecovers.com\/pt-br\/perguntas-frequentes\/\"]}]},{\"@type\":\"WebSite\",\"@id\":\"https:\/\/cryptorecovers.com\/pt-br\/#website\",\"url\":\"https:\/\/cryptorecovers.com\/pt-br\/\",\"name\":\"Crypto Recovers\",\"description\":\"Crypto Wallet Recovery Services\",\"publisher\":{\"@id\":\"https:\/\/cryptorecovers.com\/pt-br\/#organization\"},\"potentialAction\":[{\"@type\":\"SearchAction\",\"target\":{\"@type\":\"EntryPoint\",\"urlTemplate\":\"https:\/\/cryptorecovers.com\/pt-br\/?s={search_term_string}\"},\"query-input\":{\"@type\":\"PropertyValueSpecification\",\"valueRequired\":true,\"valueName\":\"search_term_string\"}}],\"inLanguage\":\"pt-BR\"},{\"@type\":[\"Organization\",\"Place\"],\"@id\":\"https:\/\/cryptorecovers.com\/pt-br\/#organization\",\"name\":\"Crypto Recovers\",\"alternateName\":\"Crypto Recovers \u2013 Crypto Wallet Recovery Services\",\"url\":\"https:\/\/cryptorecovers.com\/pt-br\/\",\"logo\":{\"@id\":\"https:\/\/cryptorecovers.com\/pt-br\/perguntas-frequentes\/#local-main-organization-logo\"},\"image\":{\"@id\":\"https:\/\/cryptorecovers.com\/pt-br\/perguntas-frequentes\/#local-main-organization-logo\"},\"sameAs\":[\"https:\/\/www.facebook.com\/profile.php?id=61555829150179\",\"https:\/\/x.com\/xcryptorecovers\",\"https:\/\/www.linkedin.com\/company\/101478432\/\",\"https:\/\/www.youtube.com\/@cryptorecovers\"],\"description\":\"Crypto Recovers is a specialized cryptocurrency wallet recovery service that helps individuals and businesses regain access to lost or inaccessible crypto wallets, including cases involving forgotten passwords, incomplete recovery phrases, and corrupted wallet data.\",\"legalName\":\"Crypto Recovers\",\"foundingDate\":\"2019-05-27\",\"numberOfEmployees\":{\"@type\":\"QuantitativeValue\",\"minValue\":\"1\",\"maxValue\":\"10\"},\"address\":{\"@id\":\"https:\/\/cryptorecovers.com\/pt-br\/perguntas-frequentes\/#local-main-place-address\"},\"telephone\":[\"+31851091211\"],\"contactPoint\":{\"@type\":\"ContactPoint\",\"telephone\":\"+31851091211\",\"email\":\"support@cryptorecovers.com\"},\"openingHoursSpecification\":{\"@type\":\"OpeningHoursSpecification\",\"dayOfWeek\":[\"Monday\",\"Tuesday\",\"Wednesday\",\"Thursday\",\"Friday\",\"Saturday\",\"Sunday\"],\"opens\":\"00:00\",\"closes\":\"23:59\"},\"email\":\"support@cryptorecovers.com\",\"areaServed\":\"Worldwide\",\"vatID\":\"NL003031083B24\"},{\"@type\":\"PostalAddress\",\"@id\":\"https:\/\/cryptorecovers.com\/pt-br\/perguntas-frequentes\/#local-main-place-address\",\"streetAddress\":\"Louis Braillelaan 80\",\"addressLocality\":\"Zoetermeer\",\"postalCode\":\"2719 EK\",\"addressRegion\":\"Zuid-Holland\",\"addressCountry\":\"NL\"},{\"@type\":\"ImageObject\",\"inLanguage\":\"pt-BR\",\"@id\":\"https:\/\/cryptorecovers.com\/pt-br\/perguntas-frequentes\/#local-main-organization-logo\",\"url\":\"https:\/\/cryptorecovers.com\/wp-content\/uploads\/2025\/09\/favicon_website_cr.png\",\"contentUrl\":\"https:\/\/cryptorecovers.com\/wp-content\/uploads\/2025\/09\/favicon_website_cr.png\",\"width\":500,\"height\":500,\"caption\":\"Crypto Recovers\"}]}<\/script>\n<meta name=\"geo.placename\" content=\"Zoetermeer\" \/>\n<meta name=\"geo.region\" content=\"Pa\u00edses Baixos\" \/>\n<!-- \/ Yoast SEO Premium plugin. -->","yoast_head_json":{"title":"Perguntas frequentes - Cryptorecovers.com","robots":{"index":"index","follow":"follow","max-snippet":"max-snippet:-1","max-image-preview":"max-image-preview:large","max-video-preview":"max-video-preview:-1"},"canonical":"https:\/\/cryptorecovers.com\/pt-br\/perguntas-frequentes\/","og_locale":"pt_BR","og_type":"article","og_title":"Perguntas frequentes","og_description":"Qual \u00e9 o processo para recuperar meus ativos de criptografia? Come\u00e7amos entendendo sua situa\u00e7\u00e3o espec\u00edfica e coletando os detalhes necess\u00e1rios, como o hist\u00f3rico de transa\u00e7\u00f5es ou as informa\u00e7\u00f5es da carteira. Nossa equipe usa ferramentas e t\u00e9cnicas avan\u00e7adas para recuperar o acesso aos seus ativos de criptografia, garantindo sua seguran\u00e7a e privacidade durante todo o processo. [&hellip;]","og_url":"https:\/\/cryptorecovers.com\/pt-br\/perguntas-frequentes\/","og_site_name":"Crypto Recovers","article_publisher":"https:\/\/www.facebook.com\/profile.php?id=61555829150179","article_modified_time":"2025-04-02T17:47:26+00:00","og_image":[{"width":1200,"height":628,"url":"https:\/\/cryptorecovers.com\/wp-content\/uploads\/2023\/12\/Cryptorecovers-Wallet-recovery-thumbnail.jpg","type":"image\/jpeg"}],"twitter_card":"summary_large_image","twitter_site":"@xcryptorecovers","twitter_misc":{"Est. tempo de leitura":"8 minutos"},"schema":{"@context":"https:\/\/schema.org","@graph":[{"@type":"WebPage","@id":"https:\/\/cryptorecovers.com\/pt-br\/perguntas-frequentes\/","url":"https:\/\/cryptorecovers.com\/pt-br\/perguntas-frequentes\/","name":"Perguntas frequentes - Cryptorecovers.com","isPartOf":{"@id":"https:\/\/cryptorecovers.com\/pt-br\/#website"},"datePublished":"2025-03-21T21:55:28+00:00","dateModified":"2025-04-02T17:47:26+00:00","inLanguage":"pt-BR","potentialAction":[{"@type":"ReadAction","target":["https:\/\/cryptorecovers.com\/pt-br\/perguntas-frequentes\/"]}]},{"@type":"WebSite","@id":"https:\/\/cryptorecovers.com\/pt-br\/#website","url":"https:\/\/cryptorecovers.com\/pt-br\/","name":"Crypto Recovers","description":"Crypto Wallet Recovery Services","publisher":{"@id":"https:\/\/cryptorecovers.com\/pt-br\/#organization"},"potentialAction":[{"@type":"SearchAction","target":{"@type":"EntryPoint","urlTemplate":"https:\/\/cryptorecovers.com\/pt-br\/?s={search_term_string}"},"query-input":{"@type":"PropertyValueSpecification","valueRequired":true,"valueName":"search_term_string"}}],"inLanguage":"pt-BR"},{"@type":["Organization","Place"],"@id":"https:\/\/cryptorecovers.com\/pt-br\/#organization","name":"Crypto Recovers","alternateName":"Crypto Recovers \u2013 Crypto Wallet Recovery Services","url":"https:\/\/cryptorecovers.com\/pt-br\/","logo":{"@id":"https:\/\/cryptorecovers.com\/pt-br\/perguntas-frequentes\/#local-main-organization-logo"},"image":{"@id":"https:\/\/cryptorecovers.com\/pt-br\/perguntas-frequentes\/#local-main-organization-logo"},"sameAs":["https:\/\/www.facebook.com\/profile.php?id=61555829150179","https:\/\/x.com\/xcryptorecovers","https:\/\/www.linkedin.com\/company\/101478432\/","https:\/\/www.youtube.com\/@cryptorecovers"],"description":"Crypto Recovers is a specialized cryptocurrency wallet recovery service that helps individuals and businesses regain access to lost or inaccessible crypto wallets, including cases involving forgotten passwords, incomplete recovery phrases, and corrupted wallet data.","legalName":"Crypto Recovers","foundingDate":"2019-05-27","numberOfEmployees":{"@type":"QuantitativeValue","minValue":"1","maxValue":"10"},"address":{"@id":"https:\/\/cryptorecovers.com\/pt-br\/perguntas-frequentes\/#local-main-place-address"},"telephone":["+31851091211"],"contactPoint":{"@type":"ContactPoint","telephone":"+31851091211","email":"support@cryptorecovers.com"},"openingHoursSpecification":{"@type":"OpeningHoursSpecification","dayOfWeek":["Monday","Tuesday","Wednesday","Thursday","Friday","Saturday","Sunday"],"opens":"00:00","closes":"23:59"},"email":"support@cryptorecovers.com","areaServed":"Worldwide","vatID":"NL003031083B24"},{"@type":"PostalAddress","@id":"https:\/\/cryptorecovers.com\/pt-br\/perguntas-frequentes\/#local-main-place-address","streetAddress":"Louis Braillelaan 80","addressLocality":"Zoetermeer","postalCode":"2719 EK","addressRegion":"Zuid-Holland","addressCountry":"NL"},{"@type":"ImageObject","inLanguage":"pt-BR","@id":"https:\/\/cryptorecovers.com\/pt-br\/perguntas-frequentes\/#local-main-organization-logo","url":"https:\/\/cryptorecovers.com\/wp-content\/uploads\/2025\/09\/favicon_website_cr.png","contentUrl":"https:\/\/cryptorecovers.com\/wp-content\/uploads\/2025\/09\/favicon_website_cr.png","width":500,"height":500,"caption":"Crypto Recovers"}]},"geo.placename":"Zoetermeer","geo.region":"Pa\u00edses Baixos"},"_links":{"self":[{"href":"https:\/\/cryptorecovers.com\/pt-br\/wp-json\/wp\/v2\/pages\/246374","targetHints":{"allow":["GET"]}}],"collection":[{"href":"https:\/\/cryptorecovers.com\/pt-br\/wp-json\/wp\/v2\/pages"}],"about":[{"href":"https:\/\/cryptorecovers.com\/pt-br\/wp-json\/wp\/v2\/types\/page"}],"author":[{"embeddable":true,"href":"https:\/\/cryptorecovers.com\/pt-br\/wp-json\/wp\/v2\/users\/1"}],"replies":[{"embeddable":true,"href":"https:\/\/cryptorecovers.com\/pt-br\/wp-json\/wp\/v2\/comments?post=246374"}],"version-history":[{"count":14,"href":"https:\/\/cryptorecovers.com\/pt-br\/wp-json\/wp\/v2\/pages\/246374\/revisions"}],"predecessor-version":[{"id":250150,"href":"https:\/\/cryptorecovers.com\/pt-br\/wp-json\/wp\/v2\/pages\/246374\/revisions\/250150"}],"wp:attachment":[{"href":"https:\/\/cryptorecovers.com\/pt-br\/wp-json\/wp\/v2\/media?parent=246374"}],"curies":[{"name":"wp","href":"https:\/\/api.w.org\/{rel}","templated":true}]}}