{"id":241827,"date":"2024-12-19T01:04:06","date_gmt":"2024-12-19T01:04:06","guid":{"rendered":"https:\/\/cryptorecovers.com\/politica-de-etica\/"},"modified":"2024-12-19T01:04:15","modified_gmt":"2024-12-19T01:04:15","slug":"politica-de-etica","status":"publish","type":"page","link":"https:\/\/cryptorecovers.com\/pt-br\/politica-de-etica\/","title":{"rendered":"Pol\u00edtica de \u00e9tica"},"content":{"rendered":"<p>[et_pb_section fb_built=&#8221;1&#8243; fullwidth=&#8221;on&#8221; admin_label=&#8221;Hero Section&#8221; _builder_version=&#8221;4.16&#8243; background_color=&#8221;#101535&#8243; background_image=&#8221;https:\/\/cryptorecovers.com\/wp-content\/uploads\/2023\/02\/crypto-bg-02.png&#8221; parallax=&#8221;on&#8221; custom_margin=&#8221;|||&#8221; custom_padding=&#8221;|||&#8221; locked=&#8221;off&#8221; global_colors_info=&#8221;{}&#8221; theme_builder_area=&#8221;post_content&#8221;][et_pb_fullwidth_header title=&#8221;Pol\u00edtica de \u00e9tica&#8221; text_orientation=&#8221;center&#8221; _builder_version=&#8221;4.27.0&#8243; title_font=&#8221;Poppins||||||||&#8221; title_font_size=&#8221;66px&#8221; title_line_height=&#8221;1.5em&#8221; content_font=&#8221;||||||||&#8221; content_font_size=&#8221;18px&#8221; content_line_height=&#8221;2em&#8221; background_enable_color=&#8221;off&#8221; background_position=&#8221;bottom_center&#8221; custom_button_one=&#8221;on&#8221; button_one_text_size=&#8221;13px&#8221; button_one_bg_color=&#8221;#4328b7&#8243; button_one_border_width=&#8221;10px&#8221; button_one_border_color=&#8221;#4328b7&#8243; button_one_border_radius=&#8221;0px&#8221; button_one_letter_spacing=&#8221;2px&#8221; button_one_font=&#8221;Titillium Web|700||on|||||&#8221; custom_button_two=&#8221;on&#8221; button_two_text_size=&#8221;13px&#8221; button_two_text_color=&#8221;#4328b7&#8243; button_two_bg_color=&#8221;#ffffff&#8221; button_two_border_width=&#8221;10px&#8221; button_two_border_color=&#8221;#ffffff&#8221; button_two_border_radius=&#8221;0px&#8221; button_two_letter_spacing=&#8221;2px&#8221; button_two_font=&#8221;Titillium Web|700||on|||||&#8221; custom_margin=&#8221;|||&#8221; custom_padding=&#8221;140px||4vw||false|false&#8221; custom_padding_tablet=&#8221;100px||||false|false&#8221; custom_padding_phone=&#8221;110px||||false|false&#8221; custom_padding_last_edited=&#8221;on|desktop&#8221; animation_direction=&#8221;bottom&#8221; title_font_size_tablet=&#8221;40px&#8221; title_font_size_phone=&#8221;&#8221; title_font_size_last_edited=&#8221;on|phone&#8221; content_font_size_tablet=&#8221;&#8221; content_font_size_phone=&#8221;15px&#8221; content_font_size_last_edited=&#8221;on|phone&#8221; button_one_letter_spacing_hover=&#8221;2px&#8221; button_two_letter_spacing_hover=&#8221;2px&#8221; global_colors_info=&#8221;{}&#8221; button_one_text_size__hover_enabled=&#8221;off&#8221; button_two_text_size__hover_enabled=&#8221;off&#8221; button_one_text_color__hover_enabled=&#8221;off&#8221; button_two_text_color__hover_enabled=&#8221;off&#8221; button_one_border_width__hover_enabled=&#8221;off&#8221; button_two_border_width__hover_enabled=&#8221;off&#8221; button_one_border_color__hover_enabled=&#8221;off&#8221; button_two_border_color__hover_enabled=&#8221;off&#8221; button_one_border_radius__hover_enabled=&#8221;off&#8221; button_two_border_radius__hover_enabled=&#8221;off&#8221; button_one_letter_spacing__hover_enabled=&#8221;on&#8221; button_one_letter_spacing__hover=&#8221;2px&#8221; button_two_letter_spacing__hover_enabled=&#8221;on&#8221; button_two_letter_spacing__hover=&#8221;2px&#8221; button_one_bg_color__hover_enabled=&#8221;off&#8221; button_two_bg_color__hover_enabled=&#8221;off&#8221; theme_builder_area=&#8221;post_content&#8221;][\/et_pb_fullwidth_header][\/et_pb_section][et_pb_section fb_built=&#8221;1&#8243; fullwidth=&#8221;on&#8221; admin_label=&#8221;Hero Section&#8221; _builder_version=&#8221;4.27.0&#8243; background_enable_color=&#8221;off&#8221; background_enable_image=&#8221;off&#8221; parallax=&#8221;on&#8221; custom_margin=&#8221;|||&#8221; custom_padding=&#8221;|||&#8221; global_colors_info=&#8221;{}&#8221; theme_builder_area=&#8221;post_content&#8221;][et_pb_fullwidth_header _builder_version=&#8221;4.27.4&#8243; title_font=&#8221;Poppins|600|||||||&#8221; title_text_color=&#8221;#000000&#8243; title_font_size=&#8221;39px&#8221; title_line_height=&#8221;1.5em&#8221; content_font=&#8221;||||||||&#8221; content_text_color=&#8221;#000000&#8243; content_font_size=&#8221;17px&#8221; content_line_height=&#8221;2em&#8221; background_color=&#8221;rgba(0,0,0,0)&#8221; background_enable_image=&#8221;off&#8221; background_position=&#8221;bottom_center&#8221; custom_button_one=&#8221;on&#8221; button_one_text_size=&#8221;13px&#8221; button_one_bg_color=&#8221;#4328b7&#8243; button_one_border_width=&#8221;10px&#8221; button_one_border_color=&#8221;#4328b7&#8243; button_one_border_radius=&#8221;0px&#8221; button_one_letter_spacing=&#8221;2px&#8221; button_one_font=&#8221;Titillium Web|700||on|||||&#8221; custom_button_two=&#8221;on&#8221; button_two_text_size=&#8221;13px&#8221; button_two_text_color=&#8221;#4328b7&#8243; button_two_bg_color=&#8221;#ffffff&#8221; button_two_border_width=&#8221;10px&#8221; button_two_border_color=&#8221;#ffffff&#8221; button_two_border_radius=&#8221;0px&#8221; button_two_letter_spacing=&#8221;2px&#8221; button_two_font=&#8221;Titillium Web|700||on|||||&#8221; width_phone=&#8221;100%&#8221; width_last_edited=&#8221;off|phone&#8221; max_width_phone=&#8221;100%&#8221; max_width_last_edited=&#8221;off|phone&#8221; custom_margin=&#8221;|||&#8221; custom_padding=&#8221;6vw||8vw||false|&#8221; animation_direction=&#8221;bottom&#8221; hover_enabled=&#8221;0&#8243; title_font_size_tablet=&#8221;34px&#8221; title_font_size_phone=&#8221;26px&#8221; title_font_size_last_edited=&#8221;on|phone&#8221; content_font_size_tablet=&#8221;16px&#8221; content_font_size_phone=&#8221;15px&#8221; content_font_size_last_edited=&#8221;on|phone&#8221; button_one_letter_spacing_hover=&#8221;2px&#8221; button_two_letter_spacing_hover=&#8221;2px&#8221; global_colors_info=&#8221;{}&#8221; button_one_text_size__hover_enabled=&#8221;off&#8221; button_two_text_size__hover_enabled=&#8221;off&#8221; button_one_text_color__hover_enabled=&#8221;off&#8221; button_two_text_color__hover_enabled=&#8221;off&#8221; button_one_border_width__hover_enabled=&#8221;off&#8221; button_two_border_width__hover_enabled=&#8221;off&#8221; button_one_border_color__hover_enabled=&#8221;off&#8221; button_two_border_color__hover_enabled=&#8221;off&#8221; button_one_border_radius__hover_enabled=&#8221;off&#8221; button_two_border_radius__hover_enabled=&#8221;off&#8221; button_one_letter_spacing__hover_enabled=&#8221;on&#8221; button_one_letter_spacing__hover=&#8221;2px&#8221; button_two_letter_spacing__hover_enabled=&#8221;on&#8221; button_two_letter_spacing__hover=&#8221;2px&#8221; button_one_bg_color__hover_enabled=&#8221;off&#8221; button_two_bg_color__hover_enabled=&#8221;off&#8221; theme_builder_area=&#8221;post_content&#8221; sticky_enabled=&#8221;0&#8243; title_level=&#8221;h4&#8243; background_layout=&#8221;light&#8221;]<\/p>\n<p>Na <strong>Crypto Recovers<\/strong>, estamos profundamente comprometidos em conduzir nossos neg\u00f3cios com os mais altos padr\u00f5es \u00e9ticos. Nossa <strong>Pol\u00edtica de \u00c9tica<\/strong> reflete nossa dedica\u00e7\u00e3o \u00e0 honestidade, integridade e responsabilidade em todos os aspectos de nossos servi\u00e7os. Acreditamos que, ao aderir a princ\u00edpios \u00e9ticos s\u00f3lidos, podemos oferecer n\u00e3o apenas servi\u00e7os eficazes de recupera\u00e7\u00e3o de carteiras, mas tamb\u00e9m construir uma confian\u00e7a duradoura com nossos usu\u00e1rios.  <\/p>\n<p>&nbsp;<\/p>\n<h3><strong>Compromisso com a integridade<\/strong><\/h3>\n<p>A integridade \u00e9 a pedra angular de tudo o que fazemos na <strong>Crypto Recovers<\/strong>. N\u00f3s nos esfor\u00e7amos para oferecer servi\u00e7os honestos e transparentes de recupera\u00e7\u00e3o de carteiras, ajudando os usu\u00e1rios a recuperar seus valiosos ativos digitais com confian\u00e7a. Seja uma recupera\u00e7\u00e3o de carteira de <strong>Ethereum<\/strong> ou <strong>Bitcoin<\/strong>, garantimos que cada a\u00e7\u00e3o que tomamos se baseia em nossos valores fundamentais de justi\u00e7a, veracidade e confiabilidade.  <\/p>\n<p>&nbsp;<\/p>\n<ul>\n<li><strong>Nunca prometemos uma recupera\u00e7\u00e3o garantida<\/strong>, a menos que isso esteja dentro de nossas possibilidades, garantindo total transpar\u00eancia em todas as nossas intera\u00e7\u00f5es. Se a recupera\u00e7\u00e3o de uma carteira for improv\u00e1vel ou imposs\u00edvel, fornecemos um feedback honesto ao cliente sobre as poss\u00edveis chances de sucesso, dando-lhe as informa\u00e7\u00f5es necess\u00e1rias para tomar uma decis\u00e3o informada. <\/li>\n<\/ul>\n<ul>\n<li>Acreditamos na <strong>comunica\u00e7\u00e3o clara e transparente<\/strong> com os usu\u00e1rios, especialmente ao discutir a viabilidade da recupera\u00e7\u00e3o. Isso ajuda a definir expectativas realistas e evita mal-entendidos ou decep\u00e7\u00f5es durante o processo de recupera\u00e7\u00e3o. <\/li>\n<\/ul>\n<p>&nbsp;<\/p>\n<h3><strong>Respeito \u00e0 privacidade do usu\u00e1rio<\/strong><\/h3>\n<p>Na <strong>Crypto Recovers<\/strong>, entendemos a natureza altamente sens\u00edvel dos dados com os quais lidamos. A privacidade do usu\u00e1rio \u00e9 uma de nossas maiores prioridades e tomamos todas as medidas necess\u00e1rias para proteger as informa\u00e7\u00f5es pessoais durante todo o processo de recupera\u00e7\u00e3o. Nossas diretrizes \u00e9ticas incluem <strong>medidas<\/strong> rigorosas <strong>de prote\u00e7\u00e3o de dados<\/strong>, garantindo que todas as informa\u00e7\u00f5es compartilhadas conosco permane\u00e7am <strong>privadas e seguras<\/strong>.  <\/p>\n<p>&nbsp;<\/p>\n<ul>\n<li>Temos o compromisso de <strong>coletar apenas as informa\u00e7\u00f5es necess\u00e1rias<\/strong> para fins de recupera\u00e7\u00e3o de carteira e seguimos rigorosamente as leis e os regulamentos de prote\u00e7\u00e3o de dados.<\/li>\n<li><strong>A transpar\u00eancia no tratamento de dados<\/strong> \u00e9 fundamental: Nunca compartilhamos, vendemos ou usamos indevidamente nenhum dado pessoal. Somente compartilhamos dados de usu\u00e1rios com terceiros se isso for explicitamente autorizado pelo usu\u00e1rio ou necess\u00e1rio para o processo de recupera\u00e7\u00e3o e feito de acordo com nossa <a href=\"https:\/\/cryptorecovers.com\/pt-br\/politica-de-privacidade\/\"><strong>Pol\u00edtica de privacidade<\/strong><\/a>. <\/li>\n<\/ul>\n<p>&nbsp;<\/p>\n<h3><strong>Equidade nas pr\u00e1ticas de recupera\u00e7\u00e3o<\/strong><\/h3>\n<p>Na <strong>Crypto Recovers<\/strong>, temos o compromisso de fornecer <strong>servi\u00e7os justos e equitativos<\/strong> a todos os nossos clientes. Independentemente de voc\u00ea ser um usu\u00e1rio de primeira viagem ou um cliente antigo, garantimos que todas as consultas sejam tratadas com profissionalismo, respeito e justi\u00e7a. <\/p>\n<p>&nbsp;<\/p>\n<ul>\n<li><strong>Tratamento igualit\u00e1rio<\/strong>: Nossa pol\u00edtica de \u00e9tica garante que voc\u00ea ofere\u00e7a servi\u00e7os de recupera\u00e7\u00e3o de carteira imparciais e independentes. Cada usu\u00e1rio, independentemente de seu hist\u00f3rico ou experi\u00eancia, recebe a melhor solu\u00e7\u00e3o poss\u00edvel com base em suas necessidades espec\u00edficas e na situa\u00e7\u00e3o em quest\u00e3o. <\/li>\n<li><strong>Abordagem centrada no cliente<\/strong>: Tomamos cuidado extra para entender as circunst\u00e2ncias exclusivas de cada usu\u00e1rio, garantindo que cada tentativa de recupera\u00e7\u00e3o seja adaptada \u00e0s necessidades do usu\u00e1rio e \u00e0 condi\u00e7\u00e3o da carteira.<\/li>\n<\/ul>\n<p>&nbsp;<\/p>\n<h3><strong>Presta\u00e7\u00e3o de contas e transpar\u00eancia<\/strong><\/h3>\n<p>Acreditamos na <strong>responsabilidade<\/strong> e mantemos uma cultura de transpar\u00eancia em todas as nossas opera\u00e7\u00f5es. Garantimos que nossos clientes tenham acesso a informa\u00e7\u00f5es claras e compreens\u00edveis sobre nossos servi\u00e7os, pre\u00e7os e o processo de recupera\u00e7\u00e3o. Se surgirem problemas, n\u00f3s os tratamos com rapidez e profissionalismo, garantindo a satisfa\u00e7\u00e3o do cliente e resolvendo quaisquer problemas que possam ocorrer durante o processo de recupera\u00e7\u00e3o.  <\/p>\n<p>&nbsp;<\/p>\n<ul>\n<li><strong>Termos claros<\/strong>: Fornecemos aos nossos clientes informa\u00e7\u00f5es detalhadas sobre os termos de servi\u00e7o, pre\u00e7os e expectativas desde o in\u00edcio, garantindo que n\u00e3o haja surpresas. Isso ajuda a criar um relacionamento baseado na confian\u00e7a e no respeito m\u00fatuos. <\/li>\n<\/ul>\n<p>&nbsp;<\/p>\n<h3><strong>Melhoria cont\u00ednua<\/strong><\/h3>\n<p>Buscamos a excel\u00eancia em tudo o que fazemos, e isso inclui nossas pr\u00e1ticas \u00e9ticas. Revisamos e atualizamos regularmente nossa <strong>Pol\u00edtica de \u00c9tica<\/strong> para refletir a evolu\u00e7\u00e3o das necessidades de nossos usu\u00e1rios, as mudan\u00e7as no setor de criptomoedas e os avan\u00e7os em tecnologia e prote\u00e7\u00e3o de dados. <\/p>\n<p>&nbsp;<\/p>\n<ul>\n<li>Nosso compromisso com o <strong>aprimoramento cont\u00ednuo<\/strong> garante que nos mantenhamos alinhados com os mais altos padr\u00f5es de pr\u00e1ticas comerciais \u00e9ticas.<\/li>\n<\/ul>\n<p>&nbsp;<\/p>\n<h3><strong>Conclus\u00e3o<\/strong><\/h3>\n<p>Na <strong>Crypto Recovers<\/strong>, nossos valores fundamentais de <strong>honestidade<\/strong>, <strong>integridade<\/strong> e <strong>respeito<\/strong> moldam a maneira como operamos. Temos o compromisso de manter os mais altos padr\u00f5es \u00e9ticos em todos os aspectos de nossos neg\u00f3cios. Nossa Pol\u00edtica de \u00c9tica ajuda a orientar a maneira como conduzimos os servi\u00e7os de recupera\u00e7\u00e3o de carteiras, mantemos a privacidade do usu\u00e1rio e garantimos pr\u00e1ticas justas e equitativas para todos os clientes.  <\/p>\n<p>Entendemos a import\u00e2ncia de manter a confian\u00e7a do usu\u00e1rio e nos esfor\u00e7amos continuamente para sermos transparentes, respons\u00e1veis e honestos em nossas intera\u00e7\u00f5es. Obrigado por voc\u00ea ter escolhido <strong>o Crypto Recovers<\/strong> para atender \u00e0s suas necessidades de recupera\u00e7\u00e3o de carteiras. <\/p>\n<p>[\/et_pb_fullwidth_header][\/et_pb_section]<\/p>\n","protected":false},"excerpt":{"rendered":"<p>Na Crypto Recovers, estamos profundamente comprometidos em conduzir nossos neg\u00f3cios com os mais altos padr\u00f5es \u00e9ticos. Nossa Pol\u00edtica de \u00c9tica reflete nossa dedica\u00e7\u00e3o \u00e0 honestidade, integridade e responsabilidade em todos os aspectos de nossos servi\u00e7os. Acreditamos que, ao aderir a princ\u00edpios \u00e9ticos s\u00f3lidos, podemos oferecer n\u00e3o apenas servi\u00e7os eficazes de recupera\u00e7\u00e3o de carteiras, mas tamb\u00e9m [&hellip;]<\/p>\n","protected":false},"author":1,"featured_media":0,"parent":0,"menu_order":0,"comment_status":"closed","ping_status":"closed","template":"","meta":{"_et_pb_use_builder":"on","_et_pb_old_content":"","_et_gb_content_width":"","footnotes":""},"class_list":["post-241827","page","type-page","status-publish","hentry"],"yoast_head":"<!-- This site is optimized with the Yoast SEO Premium plugin v27.4 (Yoast SEO v27.4) - https:\/\/yoast.com\/product\/yoast-seo-premium-wordpress\/ -->\n<title>Pol\u00edtica de \u00e9tica - Cryptorecovers.com<\/title>\n<meta name=\"description\" content=\"Explore a pol\u00edtica de \u00e9tica da Cryptorecovers, onde enfatizamos a integridade, a honestidade e a responsabilidade em todos os nossos servi\u00e7os de recupera\u00e7\u00e3o de carteiras.\" \/>\n<meta name=\"robots\" content=\"index, follow, max-snippet:-1, max-image-preview:large, max-video-preview:-1\" \/>\n<link rel=\"canonical\" href=\"https:\/\/cryptorecovers.com\/pt-br\/politica-de-etica\/\" \/>\n<meta property=\"og:locale\" content=\"pt_BR\" \/>\n<meta property=\"og:type\" content=\"article\" \/>\n<meta property=\"og:title\" content=\"Pol\u00edtica de \u00e9tica\" \/>\n<meta property=\"og:description\" content=\"Explore a pol\u00edtica de \u00e9tica da Cryptorecovers, onde enfatizamos a integridade, a honestidade e a responsabilidade em todos os nossos servi\u00e7os de recupera\u00e7\u00e3o de carteiras.\" \/>\n<meta property=\"og:url\" content=\"https:\/\/cryptorecovers.com\/pt-br\/politica-de-etica\/\" \/>\n<meta property=\"og:site_name\" content=\"Crypto Recovers\" \/>\n<meta property=\"article:publisher\" content=\"https:\/\/www.facebook.com\/profile.php?id=61555829150179\" \/>\n<meta property=\"article:modified_time\" content=\"2024-12-19T01:04:15+00:00\" \/>\n<meta property=\"og:image\" content=\"https:\/\/cryptorecovers.com\/wp-content\/uploads\/2023\/12\/Cryptorecovers-Wallet-recovery-thumbnail.jpg\" \/>\n\t<meta property=\"og:image:width\" content=\"1200\" \/>\n\t<meta property=\"og:image:height\" content=\"628\" \/>\n\t<meta property=\"og:image:type\" content=\"image\/jpeg\" \/>\n<meta name=\"twitter:card\" content=\"summary_large_image\" \/>\n<meta name=\"twitter:site\" content=\"@xcryptorecovers\" \/>\n<meta name=\"twitter:label1\" content=\"Est. tempo de leitura\" \/>\n\t<meta name=\"twitter:data1\" content=\"8 minutos\" \/>\n<script type=\"application\/ld+json\" class=\"yoast-schema-graph\">{\"@context\":\"https:\\\/\\\/schema.org\",\"@graph\":[{\"@type\":\"WebPage\",\"@id\":\"https:\\\/\\\/cryptorecovers.com\\\/pt-br\\\/politica-de-etica\\\/\",\"url\":\"https:\\\/\\\/cryptorecovers.com\\\/pt-br\\\/politica-de-etica\\\/\",\"name\":\"Pol\u00edtica de \u00e9tica - Cryptorecovers.com\",\"isPartOf\":{\"@id\":\"https:\\\/\\\/cryptorecovers.com\\\/pt-br\\\/#website\"},\"datePublished\":\"2024-12-19T01:04:06+00:00\",\"dateModified\":\"2024-12-19T01:04:15+00:00\",\"description\":\"Explore a pol\u00edtica de \u00e9tica da Cryptorecovers, onde enfatizamos a integridade, a honestidade e a responsabilidade em todos os nossos servi\u00e7os de recupera\u00e7\u00e3o de carteiras.\",\"inLanguage\":\"pt-BR\",\"potentialAction\":[{\"@type\":\"ReadAction\",\"target\":[\"https:\\\/\\\/cryptorecovers.com\\\/pt-br\\\/politica-de-etica\\\/\"]}]},{\"@type\":\"WebSite\",\"@id\":\"https:\\\/\\\/cryptorecovers.com\\\/pt-br\\\/#website\",\"url\":\"https:\\\/\\\/cryptorecovers.com\\\/pt-br\\\/\",\"name\":\"Crypto Recovers\",\"description\":\"Crypto Wallet Recovery Services\",\"publisher\":{\"@id\":\"https:\\\/\\\/cryptorecovers.com\\\/pt-br\\\/#organization\"},\"potentialAction\":[{\"@type\":\"SearchAction\",\"target\":{\"@type\":\"EntryPoint\",\"urlTemplate\":\"https:\\\/\\\/cryptorecovers.com\\\/pt-br\\\/?s={search_term_string}\"},\"query-input\":{\"@type\":\"PropertyValueSpecification\",\"valueRequired\":true,\"valueName\":\"search_term_string\"}}],\"inLanguage\":\"pt-BR\"},{\"@type\":[\"Organization\",\"Place\"],\"@id\":\"https:\\\/\\\/cryptorecovers.com\\\/pt-br\\\/#organization\",\"name\":\"Crypto Recovers\",\"alternateName\":\"Crypto Recovers \u2013 Crypto Wallet Recovery Services\",\"url\":\"https:\\\/\\\/cryptorecovers.com\\\/pt-br\\\/\",\"logo\":{\"@id\":\"https:\\\/\\\/cryptorecovers.com\\\/pt-br\\\/politica-de-etica\\\/#local-main-organization-logo\"},\"image\":{\"@id\":\"https:\\\/\\\/cryptorecovers.com\\\/pt-br\\\/politica-de-etica\\\/#local-main-organization-logo\"},\"sameAs\":[\"https:\\\/\\\/www.facebook.com\\\/profile.php?id=61555829150179\",\"https:\\\/\\\/x.com\\\/xcryptorecovers\",\"https:\\\/\\\/www.linkedin.com\\\/company\\\/101478432\\\/\",\"https:\\\/\\\/www.youtube.com\\\/@cryptorecovers\"],\"description\":\"Crypto Recovers is a specialized cryptocurrency wallet recovery service that helps individuals and businesses regain access to lost or inaccessible crypto wallets, including cases involving forgotten passwords, incomplete recovery phrases, and corrupted wallet data.\",\"legalName\":\"Crypto Recovers\",\"foundingDate\":\"2019-05-27\",\"numberOfEmployees\":{\"@type\":\"QuantitativeValue\",\"minValue\":\"1\",\"maxValue\":\"10\"},\"address\":{\"@id\":\"https:\\\/\\\/cryptorecovers.com\\\/pt-br\\\/politica-de-etica\\\/#local-main-place-address\"},\"telephone\":[\"+31851091211\"],\"contactPoint\":{\"@type\":\"ContactPoint\",\"telephone\":\"+31851091211\",\"email\":\"support@cryptorecovers.com\"},\"openingHoursSpecification\":{\"@type\":\"OpeningHoursSpecification\",\"dayOfWeek\":[\"Monday\",\"Tuesday\",\"Wednesday\",\"Thursday\",\"Friday\",\"Saturday\",\"Sunday\"],\"opens\":\"00:00\",\"closes\":\"23:59\"},\"email\":\"support@cryptorecovers.com\",\"areaServed\":\"Worldwide\",\"vatID\":\"NL003031083B24\"},{\"@type\":\"PostalAddress\",\"@id\":\"https:\\\/\\\/cryptorecovers.com\\\/pt-br\\\/politica-de-etica\\\/#local-main-place-address\",\"streetAddress\":\"Louis Braillelaan 80\",\"addressLocality\":\"Zoetermeer\",\"postalCode\":\"2719 EK\",\"addressRegion\":\"Zuid-Holland\",\"addressCountry\":\"NL\"},{\"@type\":\"ImageObject\",\"inLanguage\":\"pt-BR\",\"@id\":\"https:\\\/\\\/cryptorecovers.com\\\/pt-br\\\/politica-de-etica\\\/#local-main-organization-logo\",\"url\":\"https:\\\/\\\/cryptorecovers.com\\\/wp-content\\\/uploads\\\/2025\\\/09\\\/favicon_website_cr.png\",\"contentUrl\":\"https:\\\/\\\/cryptorecovers.com\\\/wp-content\\\/uploads\\\/2025\\\/09\\\/favicon_website_cr.png\",\"width\":500,\"height\":500,\"caption\":\"Crypto Recovers\"}]}<\/script>\n<meta name=\"geo.placename\" content=\"Zoetermeer\" \/>\n<meta name=\"geo.region\" content=\"Pa\u00edses Baixos\" \/>\n<!-- \/ Yoast SEO Premium plugin. -->","yoast_head_json":{"title":"Pol\u00edtica de \u00e9tica - Cryptorecovers.com","description":"Explore a pol\u00edtica de \u00e9tica da Cryptorecovers, onde enfatizamos a integridade, a honestidade e a responsabilidade em todos os nossos servi\u00e7os de recupera\u00e7\u00e3o de carteiras.","robots":{"index":"index","follow":"follow","max-snippet":"max-snippet:-1","max-image-preview":"max-image-preview:large","max-video-preview":"max-video-preview:-1"},"canonical":"https:\/\/cryptorecovers.com\/pt-br\/politica-de-etica\/","og_locale":"pt_BR","og_type":"article","og_title":"Pol\u00edtica de \u00e9tica","og_description":"Explore a pol\u00edtica de \u00e9tica da Cryptorecovers, onde enfatizamos a integridade, a honestidade e a responsabilidade em todos os nossos servi\u00e7os de recupera\u00e7\u00e3o de carteiras.","og_url":"https:\/\/cryptorecovers.com\/pt-br\/politica-de-etica\/","og_site_name":"Crypto Recovers","article_publisher":"https:\/\/www.facebook.com\/profile.php?id=61555829150179","article_modified_time":"2024-12-19T01:04:15+00:00","og_image":[{"width":1200,"height":628,"url":"https:\/\/cryptorecovers.com\/wp-content\/uploads\/2023\/12\/Cryptorecovers-Wallet-recovery-thumbnail.jpg","type":"image\/jpeg"}],"twitter_card":"summary_large_image","twitter_site":"@xcryptorecovers","twitter_misc":{"Est. tempo de leitura":"8 minutos"},"schema":{"@context":"https:\/\/schema.org","@graph":[{"@type":"WebPage","@id":"https:\/\/cryptorecovers.com\/pt-br\/politica-de-etica\/","url":"https:\/\/cryptorecovers.com\/pt-br\/politica-de-etica\/","name":"Pol\u00edtica de \u00e9tica - Cryptorecovers.com","isPartOf":{"@id":"https:\/\/cryptorecovers.com\/pt-br\/#website"},"datePublished":"2024-12-19T01:04:06+00:00","dateModified":"2024-12-19T01:04:15+00:00","description":"Explore a pol\u00edtica de \u00e9tica da Cryptorecovers, onde enfatizamos a integridade, a honestidade e a responsabilidade em todos os nossos servi\u00e7os de recupera\u00e7\u00e3o de carteiras.","inLanguage":"pt-BR","potentialAction":[{"@type":"ReadAction","target":["https:\/\/cryptorecovers.com\/pt-br\/politica-de-etica\/"]}]},{"@type":"WebSite","@id":"https:\/\/cryptorecovers.com\/pt-br\/#website","url":"https:\/\/cryptorecovers.com\/pt-br\/","name":"Crypto Recovers","description":"Crypto Wallet Recovery Services","publisher":{"@id":"https:\/\/cryptorecovers.com\/pt-br\/#organization"},"potentialAction":[{"@type":"SearchAction","target":{"@type":"EntryPoint","urlTemplate":"https:\/\/cryptorecovers.com\/pt-br\/?s={search_term_string}"},"query-input":{"@type":"PropertyValueSpecification","valueRequired":true,"valueName":"search_term_string"}}],"inLanguage":"pt-BR"},{"@type":["Organization","Place"],"@id":"https:\/\/cryptorecovers.com\/pt-br\/#organization","name":"Crypto Recovers","alternateName":"Crypto Recovers \u2013 Crypto Wallet Recovery Services","url":"https:\/\/cryptorecovers.com\/pt-br\/","logo":{"@id":"https:\/\/cryptorecovers.com\/pt-br\/politica-de-etica\/#local-main-organization-logo"},"image":{"@id":"https:\/\/cryptorecovers.com\/pt-br\/politica-de-etica\/#local-main-organization-logo"},"sameAs":["https:\/\/www.facebook.com\/profile.php?id=61555829150179","https:\/\/x.com\/xcryptorecovers","https:\/\/www.linkedin.com\/company\/101478432\/","https:\/\/www.youtube.com\/@cryptorecovers"],"description":"Crypto Recovers is a specialized cryptocurrency wallet recovery service that helps individuals and businesses regain access to lost or inaccessible crypto wallets, including cases involving forgotten passwords, incomplete recovery phrases, and corrupted wallet data.","legalName":"Crypto Recovers","foundingDate":"2019-05-27","numberOfEmployees":{"@type":"QuantitativeValue","minValue":"1","maxValue":"10"},"address":{"@id":"https:\/\/cryptorecovers.com\/pt-br\/politica-de-etica\/#local-main-place-address"},"telephone":["+31851091211"],"contactPoint":{"@type":"ContactPoint","telephone":"+31851091211","email":"support@cryptorecovers.com"},"openingHoursSpecification":{"@type":"OpeningHoursSpecification","dayOfWeek":["Monday","Tuesday","Wednesday","Thursday","Friday","Saturday","Sunday"],"opens":"00:00","closes":"23:59"},"email":"support@cryptorecovers.com","areaServed":"Worldwide","vatID":"NL003031083B24"},{"@type":"PostalAddress","@id":"https:\/\/cryptorecovers.com\/pt-br\/politica-de-etica\/#local-main-place-address","streetAddress":"Louis Braillelaan 80","addressLocality":"Zoetermeer","postalCode":"2719 EK","addressRegion":"Zuid-Holland","addressCountry":"NL"},{"@type":"ImageObject","inLanguage":"pt-BR","@id":"https:\/\/cryptorecovers.com\/pt-br\/politica-de-etica\/#local-main-organization-logo","url":"https:\/\/cryptorecovers.com\/wp-content\/uploads\/2025\/09\/favicon_website_cr.png","contentUrl":"https:\/\/cryptorecovers.com\/wp-content\/uploads\/2025\/09\/favicon_website_cr.png","width":500,"height":500,"caption":"Crypto Recovers"}]},"geo.placename":"Zoetermeer","geo.region":"Pa\u00edses Baixos"},"_links":{"self":[{"href":"https:\/\/cryptorecovers.com\/pt-br\/wp-json\/wp\/v2\/pages\/241827","targetHints":{"allow":["GET"]}}],"collection":[{"href":"https:\/\/cryptorecovers.com\/pt-br\/wp-json\/wp\/v2\/pages"}],"about":[{"href":"https:\/\/cryptorecovers.com\/pt-br\/wp-json\/wp\/v2\/types\/page"}],"author":[{"embeddable":true,"href":"https:\/\/cryptorecovers.com\/pt-br\/wp-json\/wp\/v2\/users\/1"}],"replies":[{"embeddable":true,"href":"https:\/\/cryptorecovers.com\/pt-br\/wp-json\/wp\/v2\/comments?post=241827"}],"version-history":[{"count":6,"href":"https:\/\/cryptorecovers.com\/pt-br\/wp-json\/wp\/v2\/pages\/241827\/revisions"}],"predecessor-version":[{"id":241839,"href":"https:\/\/cryptorecovers.com\/pt-br\/wp-json\/wp\/v2\/pages\/241827\/revisions\/241839"}],"wp:attachment":[{"href":"https:\/\/cryptorecovers.com\/pt-br\/wp-json\/wp\/v2\/media?parent=241827"}],"curies":[{"name":"wp","href":"https:\/\/api.w.org\/{rel}","templated":true}]}}