{"id":241754,"date":"2024-12-19T00:49:53","date_gmt":"2024-12-19T00:49:53","guid":{"rendered":"https:\/\/cryptorecovers.com\/principios-de-publicacao\/"},"modified":"2024-12-19T00:49:55","modified_gmt":"2024-12-19T00:49:55","slug":"principios-de-publicacao","status":"publish","type":"page","link":"https:\/\/cryptorecovers.com\/pt-br\/principios-de-publicacao\/","title":{"rendered":"Princ\u00edpios de publica\u00e7\u00e3o"},"content":{"rendered":"<p>[et_pb_section fb_built=&#8221;1&#8243; fullwidth=&#8221;on&#8221; admin_label=&#8221;Hero Section&#8221; _builder_version=&#8221;4.16&#8243; background_color=&#8221;#101535&#8243; background_image=&#8221;https:\/\/cryptorecovers.com\/wp-content\/uploads\/2023\/02\/crypto-bg-02.png&#8221; parallax=&#8221;on&#8221; custom_margin=&#8221;|||&#8221; custom_padding=&#8221;|||&#8221; locked=&#8221;off&#8221; global_colors_info=&#8221;{}&#8221; theme_builder_area=&#8221;post_content&#8221;][et_pb_fullwidth_header title=&#8221;Princ\u00edpios de publica\u00e7\u00e3o&#8221; text_orientation=&#8221;center&#8221; _builder_version=&#8221;4.27.0&#8243; title_font=&#8221;Poppins||||||||&#8221; title_font_size=&#8221;66px&#8221; title_line_height=&#8221;1.5em&#8221; content_font=&#8221;||||||||&#8221; content_font_size=&#8221;18px&#8221; content_line_height=&#8221;2em&#8221; background_enable_color=&#8221;off&#8221; background_position=&#8221;bottom_center&#8221; custom_button_one=&#8221;on&#8221; button_one_text_size=&#8221;13px&#8221; button_one_bg_color=&#8221;#4328b7&#8243; button_one_border_width=&#8221;10px&#8221; button_one_border_color=&#8221;#4328b7&#8243; button_one_border_radius=&#8221;0px&#8221; button_one_letter_spacing=&#8221;2px&#8221; button_one_font=&#8221;Titillium Web|700||on|||||&#8221; custom_button_two=&#8221;on&#8221; button_two_text_size=&#8221;13px&#8221; button_two_text_color=&#8221;#4328b7&#8243; button_two_bg_color=&#8221;#ffffff&#8221; button_two_border_width=&#8221;10px&#8221; button_two_border_color=&#8221;#ffffff&#8221; button_two_border_radius=&#8221;0px&#8221; button_two_letter_spacing=&#8221;2px&#8221; button_two_font=&#8221;Titillium Web|700||on|||||&#8221; custom_margin=&#8221;|||&#8221; custom_padding=&#8221;140px||4vw||false|false&#8221; custom_padding_tablet=&#8221;100px||||false|false&#8221; custom_padding_phone=&#8221;110px||||false|false&#8221; custom_padding_last_edited=&#8221;on|desktop&#8221; animation_direction=&#8221;bottom&#8221; title_font_size_tablet=&#8221;40px&#8221; title_font_size_phone=&#8221;&#8221; title_font_size_last_edited=&#8221;on|phone&#8221; content_font_size_tablet=&#8221;&#8221; content_font_size_phone=&#8221;15px&#8221; content_font_size_last_edited=&#8221;on|phone&#8221; button_one_letter_spacing_hover=&#8221;2px&#8221; button_two_letter_spacing_hover=&#8221;2px&#8221; global_colors_info=&#8221;{}&#8221; button_one_text_size__hover_enabled=&#8221;off&#8221; button_two_text_size__hover_enabled=&#8221;off&#8221; button_one_text_color__hover_enabled=&#8221;off&#8221; button_two_text_color__hover_enabled=&#8221;off&#8221; button_one_border_width__hover_enabled=&#8221;off&#8221; button_two_border_width__hover_enabled=&#8221;off&#8221; button_one_border_color__hover_enabled=&#8221;off&#8221; button_two_border_color__hover_enabled=&#8221;off&#8221; button_one_border_radius__hover_enabled=&#8221;off&#8221; button_two_border_radius__hover_enabled=&#8221;off&#8221; button_one_letter_spacing__hover_enabled=&#8221;on&#8221; button_one_letter_spacing__hover=&#8221;2px&#8221; button_two_letter_spacing__hover_enabled=&#8221;on&#8221; button_two_letter_spacing__hover=&#8221;2px&#8221; button_one_bg_color__hover_enabled=&#8221;off&#8221; button_two_bg_color__hover_enabled=&#8221;off&#8221; theme_builder_area=&#8221;post_content&#8221;][\/et_pb_fullwidth_header][\/et_pb_section][et_pb_section fb_built=&#8221;1&#8243; fullwidth=&#8221;on&#8221; admin_label=&#8221;Hero Section&#8221; _builder_version=&#8221;4.27.0&#8243; background_enable_color=&#8221;off&#8221; background_enable_image=&#8221;off&#8221; parallax=&#8221;on&#8221; custom_margin=&#8221;|||&#8221; custom_padding=&#8221;|||&#8221; global_colors_info=&#8221;{}&#8221; theme_builder_area=&#8221;post_content&#8221;][et_pb_fullwidth_header _builder_version=&#8221;4.27.3&#8243; title_font=&#8221;Poppins|600|||||||&#8221; title_text_color=&#8221;#000000&#8243; title_font_size=&#8221;39px&#8221; title_line_height=&#8221;1.5em&#8221; content_font=&#8221;||||||||&#8221; content_text_color=&#8221;#000000&#8243; content_font_size=&#8221;17px&#8221; content_line_height=&#8221;2em&#8221; background_color=&#8221;rgba(0,0,0,0)&#8221; background_enable_image=&#8221;off&#8221; background_position=&#8221;bottom_center&#8221; custom_button_one=&#8221;on&#8221; button_one_text_size=&#8221;13px&#8221; button_one_bg_color=&#8221;#4328b7&#8243; button_one_border_width=&#8221;10px&#8221; button_one_border_color=&#8221;#4328b7&#8243; button_one_border_radius=&#8221;0px&#8221; button_one_letter_spacing=&#8221;2px&#8221; button_one_font=&#8221;Titillium Web|700||on|||||&#8221; custom_button_two=&#8221;on&#8221; button_two_text_size=&#8221;13px&#8221; button_two_text_color=&#8221;#4328b7&#8243; button_two_bg_color=&#8221;#ffffff&#8221; button_two_border_width=&#8221;10px&#8221; button_two_border_color=&#8221;#ffffff&#8221; button_two_border_radius=&#8221;0px&#8221; button_two_letter_spacing=&#8221;2px&#8221; button_two_font=&#8221;Titillium Web|700||on|||||&#8221; width_phone=&#8221;100%&#8221; width_last_edited=&#8221;off|phone&#8221; max_width_phone=&#8221;100%&#8221; max_width_last_edited=&#8221;off|phone&#8221; custom_margin=&#8221;|||&#8221; custom_padding=&#8221;6vw||8vw||false|&#8221; animation_direction=&#8221;bottom&#8221; title_font_size_tablet=&#8221;34px&#8221; title_font_size_phone=&#8221;26px&#8221; title_font_size_last_edited=&#8221;on|phone&#8221; content_font_size_tablet=&#8221;16px&#8221; content_font_size_phone=&#8221;15px&#8221; content_font_size_last_edited=&#8221;on|phone&#8221; button_one_letter_spacing_hover=&#8221;2px&#8221; button_two_letter_spacing_hover=&#8221;2px&#8221; global_colors_info=&#8221;{}&#8221; button_one_text_size__hover_enabled=&#8221;off&#8221; button_two_text_size__hover_enabled=&#8221;off&#8221; button_one_text_color__hover_enabled=&#8221;off&#8221; button_two_text_color__hover_enabled=&#8221;off&#8221; button_one_border_width__hover_enabled=&#8221;off&#8221; button_two_border_width__hover_enabled=&#8221;off&#8221; button_one_border_color__hover_enabled=&#8221;off&#8221; button_two_border_color__hover_enabled=&#8221;off&#8221; button_one_border_radius__hover_enabled=&#8221;off&#8221; button_two_border_radius__hover_enabled=&#8221;off&#8221; button_one_letter_spacing__hover_enabled=&#8221;on&#8221; button_one_letter_spacing__hover=&#8221;2px&#8221; button_two_letter_spacing__hover_enabled=&#8221;on&#8221; button_two_letter_spacing__hover=&#8221;2px&#8221; button_one_bg_color__hover_enabled=&#8221;off&#8221; button_two_bg_color__hover_enabled=&#8221;off&#8221; theme_builder_area=&#8221;post_content&#8221;]<\/p>\n<p>Na <strong>Crypto Recovers<\/strong>, temos orgulho de fornecer aos nossos usu\u00e1rios conte\u00fado preciso, transparente e confi\u00e1vel. Nossos <strong>Princ\u00edpios de Publica\u00e7\u00e3o<\/strong> foram criados para garantir que tudo o que publicamos, seja um guia, uma postagem de blog ou uma atualiza\u00e7\u00e3o, siga os mais altos padr\u00f5es de integridade e precis\u00e3o. Esse compromisso permite que nossos usu\u00e1rios confiem nas informa\u00e7\u00f5es fornecidas quando precisarem de ajuda para recuperar seus ativos digitais.  <\/p>\n<p>&nbsp;<\/p>\n<p><strong>Nossa abordagem \u00e0 transpar\u00eancia:<\/strong><\/p>\n<p>A transpar\u00eancia est\u00e1 no centro de nossos princ\u00edpios de publica\u00e7\u00e3o. Nosso objetivo \u00e9 apresentar claramente os m\u00e9todos e as estrat\u00e9gias por tr\u00e1s de nossos servi\u00e7os de recupera\u00e7\u00e3o de carteiras. Cada guia e artigo \u00e9 minuciosamente pesquisado, garantindo que nossos usu\u00e1rios entendam todo o processo de recupera\u00e7\u00e3o de carteiras, do in\u00edcio ao fim. Inclu\u00edmos apenas informa\u00e7\u00f5es de fontes confi\u00e1veis e procuramos evitar jarg\u00f5es, tornando t\u00f3picos complexos mais acess\u00edveis.   <\/p>\n<p>&nbsp;<\/p>\n<p><strong>Precis\u00e3o dos fatos:<\/strong><\/p>\n<p>Entendemos que, quando se trata de carteiras digitais, a precis\u00e3o \u00e9 fundamental. A desinforma\u00e7\u00e3o pode custar aos usu\u00e1rios seus ativos. Portanto, verificamos todos os fatos e estat\u00edsticas antes de publicar qualquer conte\u00fado. Nossa equipe se dedica a verificar e fazer refer\u00eancia cruzada de cada detalhe para garantir que todas as informa\u00e7\u00f5es estejam atualizadas e sejam relevantes.   <\/p>\n<p>&nbsp;<\/p>\n<p><strong>Atualiza\u00e7\u00f5es regulares:<\/strong><\/p>\n<p>As tecnologias de recupera\u00e7\u00e3o de criptomoedas e carteiras est\u00e3o em constante evolu\u00e7\u00e3o. Para manter nossos usu\u00e1rios informados sobre as \u00faltimas altera\u00e7\u00f5es, comprometemo-nos a atualizar regularmente nosso conte\u00fado. Quer se trate de novos m\u00e9todos de recupera\u00e7\u00e3o, dicas de seguran\u00e7a ou plataformas de carteira, garantimos que cada artigo reflita as informa\u00e7\u00f5es mais atuais dispon\u00edveis.  <\/p>\n<p>Tamb\u00e9m somos transparentes quanto \u00e0s limita\u00e7\u00f5es de nossos servi\u00e7os e informamos os usu\u00e1rios sobre os poss\u00edveis riscos associados a determinados m\u00e9todos de recupera\u00e7\u00e3o. Essa honestidade garante que definamos expectativas realistas para nossos usu\u00e1rios e os orientemos de forma eficaz durante o processo de recupera\u00e7\u00e3o. <\/p>\n<p>[\/et_pb_fullwidth_header][\/et_pb_section]<\/p>\n","protected":false},"excerpt":{"rendered":"<p>Na Crypto Recovers, temos orgulho de fornecer aos nossos usu\u00e1rios conte\u00fado preciso, transparente e confi\u00e1vel. Nossos Princ\u00edpios de Publica\u00e7\u00e3o foram criados para garantir que tudo o que publicamos, seja um guia, uma postagem de blog ou uma atualiza\u00e7\u00e3o, siga os mais altos padr\u00f5es de integridade e precis\u00e3o. Esse compromisso permite que nossos usu\u00e1rios confiem nas [&hellip;]<\/p>\n","protected":false},"author":1,"featured_media":0,"parent":0,"menu_order":0,"comment_status":"closed","ping_status":"closed","template":"","meta":{"_et_pb_use_builder":"on","_et_pb_old_content":"","_et_gb_content_width":"","footnotes":""},"class_list":["post-241754","page","type-page","status-publish","hentry"],"yoast_head":"<!-- This site is optimized with the Yoast SEO Premium plugin v27.1 (Yoast SEO v27.1.1) - https:\/\/yoast.com\/product\/yoast-seo-premium-wordpress\/ -->\n<title>Princ\u00edpios de publica\u00e7\u00e3o - Cryptorecovers.com<\/title>\n<meta name=\"description\" content=\"Descubra os princ\u00edpios de publica\u00e7\u00e3o que orientam a Cryptorecovers no fornecimento de conte\u00fado transparente e confi\u00e1vel para servi\u00e7os de recupera\u00e7\u00e3o de carteiras.\" \/>\n<meta name=\"robots\" content=\"index, follow, max-snippet:-1, max-image-preview:large, max-video-preview:-1\" \/>\n<link rel=\"canonical\" href=\"https:\/\/cryptorecovers.com\/pt-br\/principios-de-publicacao\/\" \/>\n<meta property=\"og:locale\" content=\"pt_BR\" \/>\n<meta property=\"og:type\" content=\"article\" \/>\n<meta property=\"og:title\" content=\"Princ\u00edpios de publica\u00e7\u00e3o\" \/>\n<meta property=\"og:description\" content=\"Descubra os princ\u00edpios de publica\u00e7\u00e3o que orientam a Cryptorecovers no fornecimento de conte\u00fado transparente e confi\u00e1vel para servi\u00e7os de recupera\u00e7\u00e3o de carteiras.\" \/>\n<meta property=\"og:url\" content=\"https:\/\/cryptorecovers.com\/pt-br\/principios-de-publicacao\/\" \/>\n<meta property=\"og:site_name\" content=\"Crypto Recovers\" \/>\n<meta property=\"article:publisher\" content=\"https:\/\/www.facebook.com\/profile.php?id=61555829150179\" \/>\n<meta property=\"article:modified_time\" content=\"2024-12-19T00:49:55+00:00\" \/>\n<meta property=\"og:image\" content=\"https:\/\/cryptorecovers.com\/wp-content\/uploads\/2023\/12\/Cryptorecovers-Wallet-recovery-thumbnail.jpg\" \/>\n\t<meta property=\"og:image:width\" content=\"1200\" \/>\n\t<meta property=\"og:image:height\" content=\"628\" \/>\n\t<meta property=\"og:image:type\" content=\"image\/jpeg\" \/>\n<meta name=\"twitter:card\" content=\"summary_large_image\" \/>\n<meta name=\"twitter:site\" content=\"@xcryptorecovers\" \/>\n<meta name=\"twitter:label1\" content=\"Est. tempo de leitura\" \/>\n\t<meta name=\"twitter:data1\" content=\"5 minutos\" \/>\n<script type=\"application\/ld+json\" class=\"yoast-schema-graph\">{\"@context\":\"https:\/\/schema.org\",\"@graph\":[{\"@type\":\"WebPage\",\"@id\":\"https:\/\/cryptorecovers.com\/pt-br\/principios-de-publicacao\/\",\"url\":\"https:\/\/cryptorecovers.com\/pt-br\/principios-de-publicacao\/\",\"name\":\"Princ\u00edpios de publica\u00e7\u00e3o - Cryptorecovers.com\",\"isPartOf\":{\"@id\":\"https:\/\/cryptorecovers.com\/pt-br\/#website\"},\"datePublished\":\"2024-12-19T00:49:53+00:00\",\"dateModified\":\"2024-12-19T00:49:55+00:00\",\"description\":\"Descubra os princ\u00edpios de publica\u00e7\u00e3o que orientam a Cryptorecovers no fornecimento de conte\u00fado transparente e confi\u00e1vel para servi\u00e7os de recupera\u00e7\u00e3o de carteiras.\",\"inLanguage\":\"pt-BR\",\"potentialAction\":[{\"@type\":\"ReadAction\",\"target\":[\"https:\/\/cryptorecovers.com\/pt-br\/principios-de-publicacao\/\"]}]},{\"@type\":\"WebSite\",\"@id\":\"https:\/\/cryptorecovers.com\/pt-br\/#website\",\"url\":\"https:\/\/cryptorecovers.com\/pt-br\/\",\"name\":\"Crypto Recovers\",\"description\":\"Crypto Wallet Recovery Services\",\"publisher\":{\"@id\":\"https:\/\/cryptorecovers.com\/pt-br\/#organization\"},\"potentialAction\":[{\"@type\":\"SearchAction\",\"target\":{\"@type\":\"EntryPoint\",\"urlTemplate\":\"https:\/\/cryptorecovers.com\/pt-br\/?s={search_term_string}\"},\"query-input\":{\"@type\":\"PropertyValueSpecification\",\"valueRequired\":true,\"valueName\":\"search_term_string\"}}],\"inLanguage\":\"pt-BR\"},{\"@type\":[\"Organization\",\"Place\"],\"@id\":\"https:\/\/cryptorecovers.com\/pt-br\/#organization\",\"name\":\"Crypto Recovers\",\"alternateName\":\"Crypto Recovers \u2013 Crypto Wallet Recovery Services\",\"url\":\"https:\/\/cryptorecovers.com\/pt-br\/\",\"logo\":{\"@id\":\"https:\/\/cryptorecovers.com\/pt-br\/principios-de-publicacao\/#local-main-organization-logo\"},\"image\":{\"@id\":\"https:\/\/cryptorecovers.com\/pt-br\/principios-de-publicacao\/#local-main-organization-logo\"},\"sameAs\":[\"https:\/\/www.facebook.com\/profile.php?id=61555829150179\",\"https:\/\/x.com\/xcryptorecovers\",\"https:\/\/www.linkedin.com\/company\/101478432\/\",\"https:\/\/www.youtube.com\/@cryptorecovers\"],\"description\":\"Crypto Recovers is a specialized cryptocurrency wallet recovery service that helps individuals and businesses regain access to lost or inaccessible crypto wallets, including cases involving forgotten passwords, incomplete recovery phrases, and corrupted wallet data.\",\"legalName\":\"Crypto Recovers\",\"foundingDate\":\"2019-05-27\",\"numberOfEmployees\":{\"@type\":\"QuantitativeValue\",\"minValue\":\"1\",\"maxValue\":\"10\"},\"address\":{\"@id\":\"https:\/\/cryptorecovers.com\/pt-br\/principios-de-publicacao\/#local-main-place-address\"},\"telephone\":[\"+31851091211\"],\"contactPoint\":{\"@type\":\"ContactPoint\",\"telephone\":\"+31851091211\",\"email\":\"support@cryptorecovers.com\"},\"openingHoursSpecification\":{\"@type\":\"OpeningHoursSpecification\",\"dayOfWeek\":[\"Monday\",\"Tuesday\",\"Wednesday\",\"Thursday\",\"Friday\",\"Saturday\",\"Sunday\"],\"opens\":\"00:00\",\"closes\":\"23:59\"},\"email\":\"support@cryptorecovers.com\",\"areaServed\":\"Worldwide\",\"vatID\":\"NL003031083B24\"},{\"@type\":\"PostalAddress\",\"@id\":\"https:\/\/cryptorecovers.com\/pt-br\/principios-de-publicacao\/#local-main-place-address\",\"streetAddress\":\"Louis Braillelaan 80\",\"addressLocality\":\"Zoetermeer\",\"postalCode\":\"2719 EK\",\"addressRegion\":\"Zuid-Holland\",\"addressCountry\":\"NL\"},{\"@type\":\"ImageObject\",\"inLanguage\":\"pt-BR\",\"@id\":\"https:\/\/cryptorecovers.com\/pt-br\/principios-de-publicacao\/#local-main-organization-logo\",\"url\":\"https:\/\/cryptorecovers.com\/wp-content\/uploads\/2025\/09\/favicon_website_cr.png\",\"contentUrl\":\"https:\/\/cryptorecovers.com\/wp-content\/uploads\/2025\/09\/favicon_website_cr.png\",\"width\":500,\"height\":500,\"caption\":\"Crypto Recovers\"}]}<\/script>\n<meta name=\"geo.placename\" content=\"Zoetermeer\" \/>\n<meta name=\"geo.region\" content=\"Pa\u00edses Baixos\" \/>\n<!-- \/ Yoast SEO Premium plugin. -->","yoast_head_json":{"title":"Princ\u00edpios de publica\u00e7\u00e3o - Cryptorecovers.com","description":"Descubra os princ\u00edpios de publica\u00e7\u00e3o que orientam a Cryptorecovers no fornecimento de conte\u00fado transparente e confi\u00e1vel para servi\u00e7os de recupera\u00e7\u00e3o de carteiras.","robots":{"index":"index","follow":"follow","max-snippet":"max-snippet:-1","max-image-preview":"max-image-preview:large","max-video-preview":"max-video-preview:-1"},"canonical":"https:\/\/cryptorecovers.com\/pt-br\/principios-de-publicacao\/","og_locale":"pt_BR","og_type":"article","og_title":"Princ\u00edpios de publica\u00e7\u00e3o","og_description":"Descubra os princ\u00edpios de publica\u00e7\u00e3o que orientam a Cryptorecovers no fornecimento de conte\u00fado transparente e confi\u00e1vel para servi\u00e7os de recupera\u00e7\u00e3o de carteiras.","og_url":"https:\/\/cryptorecovers.com\/pt-br\/principios-de-publicacao\/","og_site_name":"Crypto Recovers","article_publisher":"https:\/\/www.facebook.com\/profile.php?id=61555829150179","article_modified_time":"2024-12-19T00:49:55+00:00","og_image":[{"width":1200,"height":628,"url":"https:\/\/cryptorecovers.com\/wp-content\/uploads\/2023\/12\/Cryptorecovers-Wallet-recovery-thumbnail.jpg","type":"image\/jpeg"}],"twitter_card":"summary_large_image","twitter_site":"@xcryptorecovers","twitter_misc":{"Est. tempo de leitura":"5 minutos"},"schema":{"@context":"https:\/\/schema.org","@graph":[{"@type":"WebPage","@id":"https:\/\/cryptorecovers.com\/pt-br\/principios-de-publicacao\/","url":"https:\/\/cryptorecovers.com\/pt-br\/principios-de-publicacao\/","name":"Princ\u00edpios de publica\u00e7\u00e3o - Cryptorecovers.com","isPartOf":{"@id":"https:\/\/cryptorecovers.com\/pt-br\/#website"},"datePublished":"2024-12-19T00:49:53+00:00","dateModified":"2024-12-19T00:49:55+00:00","description":"Descubra os princ\u00edpios de publica\u00e7\u00e3o que orientam a Cryptorecovers no fornecimento de conte\u00fado transparente e confi\u00e1vel para servi\u00e7os de recupera\u00e7\u00e3o de carteiras.","inLanguage":"pt-BR","potentialAction":[{"@type":"ReadAction","target":["https:\/\/cryptorecovers.com\/pt-br\/principios-de-publicacao\/"]}]},{"@type":"WebSite","@id":"https:\/\/cryptorecovers.com\/pt-br\/#website","url":"https:\/\/cryptorecovers.com\/pt-br\/","name":"Crypto Recovers","description":"Crypto Wallet Recovery Services","publisher":{"@id":"https:\/\/cryptorecovers.com\/pt-br\/#organization"},"potentialAction":[{"@type":"SearchAction","target":{"@type":"EntryPoint","urlTemplate":"https:\/\/cryptorecovers.com\/pt-br\/?s={search_term_string}"},"query-input":{"@type":"PropertyValueSpecification","valueRequired":true,"valueName":"search_term_string"}}],"inLanguage":"pt-BR"},{"@type":["Organization","Place"],"@id":"https:\/\/cryptorecovers.com\/pt-br\/#organization","name":"Crypto Recovers","alternateName":"Crypto Recovers \u2013 Crypto Wallet Recovery Services","url":"https:\/\/cryptorecovers.com\/pt-br\/","logo":{"@id":"https:\/\/cryptorecovers.com\/pt-br\/principios-de-publicacao\/#local-main-organization-logo"},"image":{"@id":"https:\/\/cryptorecovers.com\/pt-br\/principios-de-publicacao\/#local-main-organization-logo"},"sameAs":["https:\/\/www.facebook.com\/profile.php?id=61555829150179","https:\/\/x.com\/xcryptorecovers","https:\/\/www.linkedin.com\/company\/101478432\/","https:\/\/www.youtube.com\/@cryptorecovers"],"description":"Crypto Recovers is a specialized cryptocurrency wallet recovery service that helps individuals and businesses regain access to lost or inaccessible crypto wallets, including cases involving forgotten passwords, incomplete recovery phrases, and corrupted wallet data.","legalName":"Crypto Recovers","foundingDate":"2019-05-27","numberOfEmployees":{"@type":"QuantitativeValue","minValue":"1","maxValue":"10"},"address":{"@id":"https:\/\/cryptorecovers.com\/pt-br\/principios-de-publicacao\/#local-main-place-address"},"telephone":["+31851091211"],"contactPoint":{"@type":"ContactPoint","telephone":"+31851091211","email":"support@cryptorecovers.com"},"openingHoursSpecification":{"@type":"OpeningHoursSpecification","dayOfWeek":["Monday","Tuesday","Wednesday","Thursday","Friday","Saturday","Sunday"],"opens":"00:00","closes":"23:59"},"email":"support@cryptorecovers.com","areaServed":"Worldwide","vatID":"NL003031083B24"},{"@type":"PostalAddress","@id":"https:\/\/cryptorecovers.com\/pt-br\/principios-de-publicacao\/#local-main-place-address","streetAddress":"Louis Braillelaan 80","addressLocality":"Zoetermeer","postalCode":"2719 EK","addressRegion":"Zuid-Holland","addressCountry":"NL"},{"@type":"ImageObject","inLanguage":"pt-BR","@id":"https:\/\/cryptorecovers.com\/pt-br\/principios-de-publicacao\/#local-main-organization-logo","url":"https:\/\/cryptorecovers.com\/wp-content\/uploads\/2025\/09\/favicon_website_cr.png","contentUrl":"https:\/\/cryptorecovers.com\/wp-content\/uploads\/2025\/09\/favicon_website_cr.png","width":500,"height":500,"caption":"Crypto Recovers"}]},"geo.placename":"Zoetermeer","geo.region":"Pa\u00edses Baixos"},"_links":{"self":[{"href":"https:\/\/cryptorecovers.com\/pt-br\/wp-json\/wp\/v2\/pages\/241754","targetHints":{"allow":["GET"]}}],"collection":[{"href":"https:\/\/cryptorecovers.com\/pt-br\/wp-json\/wp\/v2\/pages"}],"about":[{"href":"https:\/\/cryptorecovers.com\/pt-br\/wp-json\/wp\/v2\/types\/page"}],"author":[{"embeddable":true,"href":"https:\/\/cryptorecovers.com\/pt-br\/wp-json\/wp\/v2\/users\/1"}],"replies":[{"embeddable":true,"href":"https:\/\/cryptorecovers.com\/pt-br\/wp-json\/wp\/v2\/comments?post=241754"}],"version-history":[{"count":2,"href":"https:\/\/cryptorecovers.com\/pt-br\/wp-json\/wp\/v2\/pages\/241754\/revisions"}],"predecessor-version":[{"id":241758,"href":"https:\/\/cryptorecovers.com\/pt-br\/wp-json\/wp\/v2\/pages\/241754\/revisions\/241758"}],"wp:attachment":[{"href":"https:\/\/cryptorecovers.com\/pt-br\/wp-json\/wp\/v2\/media?parent=241754"}],"curies":[{"name":"wp","href":"https:\/\/api.w.org\/{rel}","templated":true}]}}