{"id":241720,"date":"2024-12-19T00:46:56","date_gmt":"2024-12-19T00:46:56","guid":{"rendered":"https:\/\/cryptorecovers.com\/isencao-de-responsabilidade\/"},"modified":"2024-12-19T00:46:58","modified_gmt":"2024-12-19T00:46:58","slug":"isencao-de-responsabilidade","status":"publish","type":"page","link":"https:\/\/cryptorecovers.com\/pt-br\/isencao-de-responsabilidade\/","title":{"rendered":"Isen\u00e7\u00e3o de responsabilidade"},"content":{"rendered":"<p>[et_pb_section fb_built=&#8221;1&#8243; fullwidth=&#8221;on&#8221; admin_label=&#8221;Hero Section&#8221; _builder_version=&#8221;4.16&#8243; background_color=&#8221;#101535&#8243; background_image=&#8221;https:\/\/cryptorecovers.com\/wp-content\/uploads\/2023\/02\/crypto-bg-02.png&#8221; parallax=&#8221;on&#8221; custom_margin=&#8221;|||&#8221; custom_padding=&#8221;|||&#8221; locked=&#8221;off&#8221; global_colors_info=&#8221;{}&#8221; theme_builder_area=&#8221;post_content&#8221;][et_pb_fullwidth_header title=&#8221;Isen\u00e7\u00e3o de responsabilidade&#8221; text_orientation=&#8221;center&#8221; _builder_version=&#8221;4.27.0&#8243; title_font=&#8221;Poppins||||||||&#8221; title_font_size=&#8221;66px&#8221; title_line_height=&#8221;1.5em&#8221; content_font=&#8221;||||||||&#8221; content_font_size=&#8221;18px&#8221; content_line_height=&#8221;2em&#8221; background_enable_color=&#8221;off&#8221; background_position=&#8221;bottom_center&#8221; custom_button_one=&#8221;on&#8221; button_one_text_size=&#8221;13px&#8221; button_one_bg_color=&#8221;#4328b7&#8243; button_one_border_width=&#8221;10px&#8221; button_one_border_color=&#8221;#4328b7&#8243; button_one_border_radius=&#8221;0px&#8221; button_one_letter_spacing=&#8221;2px&#8221; button_one_font=&#8221;Titillium Web|700||on|||||&#8221; custom_button_two=&#8221;on&#8221; button_two_text_size=&#8221;13px&#8221; button_two_text_color=&#8221;#4328b7&#8243; button_two_bg_color=&#8221;#ffffff&#8221; button_two_border_width=&#8221;10px&#8221; button_two_border_color=&#8221;#ffffff&#8221; button_two_border_radius=&#8221;0px&#8221; button_two_letter_spacing=&#8221;2px&#8221; button_two_font=&#8221;Titillium Web|700||on|||||&#8221; custom_margin=&#8221;|||&#8221; custom_padding=&#8221;140px||4vw||false|false&#8221; custom_padding_tablet=&#8221;100px||||false|false&#8221; custom_padding_phone=&#8221;110px||||false|false&#8221; custom_padding_last_edited=&#8221;on|desktop&#8221; animation_direction=&#8221;bottom&#8221; title_font_size_tablet=&#8221;40px&#8221; title_font_size_phone=&#8221;&#8221; title_font_size_last_edited=&#8221;on|phone&#8221; content_font_size_tablet=&#8221;&#8221; content_font_size_phone=&#8221;15px&#8221; content_font_size_last_edited=&#8221;on|phone&#8221; button_one_letter_spacing_hover=&#8221;2px&#8221; button_two_letter_spacing_hover=&#8221;2px&#8221; global_colors_info=&#8221;{}&#8221; button_one_text_size__hover_enabled=&#8221;off&#8221; button_two_text_size__hover_enabled=&#8221;off&#8221; button_one_text_color__hover_enabled=&#8221;off&#8221; button_two_text_color__hover_enabled=&#8221;off&#8221; button_one_border_width__hover_enabled=&#8221;off&#8221; button_two_border_width__hover_enabled=&#8221;off&#8221; button_one_border_color__hover_enabled=&#8221;off&#8221; button_two_border_color__hover_enabled=&#8221;off&#8221; button_one_border_radius__hover_enabled=&#8221;off&#8221; button_two_border_radius__hover_enabled=&#8221;off&#8221; button_one_letter_spacing__hover_enabled=&#8221;on&#8221; button_one_letter_spacing__hover=&#8221;2px&#8221; button_two_letter_spacing__hover_enabled=&#8221;on&#8221; button_two_letter_spacing__hover=&#8221;2px&#8221; button_one_bg_color__hover_enabled=&#8221;off&#8221; button_two_bg_color__hover_enabled=&#8221;off&#8221; theme_builder_area=&#8221;post_content&#8221;][\/et_pb_fullwidth_header][\/et_pb_section][et_pb_section fb_built=&#8221;1&#8243; fullwidth=&#8221;on&#8221; admin_label=&#8221;Hero Section&#8221; _builder_version=&#8221;4.27.0&#8243; background_enable_color=&#8221;off&#8221; background_enable_image=&#8221;off&#8221; parallax=&#8221;on&#8221; custom_margin=&#8221;|||&#8221; custom_padding=&#8221;|||&#8221; global_colors_info=&#8221;{}&#8221; theme_builder_area=&#8221;post_content&#8221;][et_pb_fullwidth_header _builder_version=&#8221;4.27.3&#8243; title_font=&#8221;Poppins|600|||||||&#8221; title_text_color=&#8221;#000000&#8243; title_font_size=&#8221;39px&#8221; title_line_height=&#8221;1.5em&#8221; content_font=&#8221;||||||||&#8221; content_text_color=&#8221;#000000&#8243; content_font_size=&#8221;17px&#8221; content_line_height=&#8221;2em&#8221; background_color=&#8221;rgba(0,0,0,0)&#8221; background_enable_image=&#8221;off&#8221; background_position=&#8221;bottom_center&#8221; custom_button_one=&#8221;on&#8221; button_one_text_size=&#8221;13px&#8221; button_one_bg_color=&#8221;#4328b7&#8243; button_one_border_width=&#8221;10px&#8221; button_one_border_color=&#8221;#4328b7&#8243; button_one_border_radius=&#8221;0px&#8221; button_one_letter_spacing=&#8221;2px&#8221; button_one_font=&#8221;Titillium Web|700||on|||||&#8221; custom_button_two=&#8221;on&#8221; button_two_text_size=&#8221;13px&#8221; button_two_text_color=&#8221;#4328b7&#8243; button_two_bg_color=&#8221;#ffffff&#8221; button_two_border_width=&#8221;10px&#8221; button_two_border_color=&#8221;#ffffff&#8221; button_two_border_radius=&#8221;0px&#8221; button_two_letter_spacing=&#8221;2px&#8221; button_two_font=&#8221;Titillium Web|700||on|||||&#8221; width_phone=&#8221;100%&#8221; width_last_edited=&#8221;off|phone&#8221; max_width_phone=&#8221;100%&#8221; max_width_last_edited=&#8221;off|phone&#8221; custom_margin=&#8221;|||&#8221; custom_padding=&#8221;6vw||8vw||false|&#8221; animation_direction=&#8221;bottom&#8221; title_font_size_tablet=&#8221;34px&#8221; title_font_size_phone=&#8221;26px&#8221; title_font_size_last_edited=&#8221;on|phone&#8221; content_font_size_tablet=&#8221;16px&#8221; content_font_size_phone=&#8221;15px&#8221; content_font_size_last_edited=&#8221;on|phone&#8221; button_one_letter_spacing_hover=&#8221;2px&#8221; button_two_letter_spacing_hover=&#8221;2px&#8221; global_colors_info=&#8221;{}&#8221; button_one_text_size__hover_enabled=&#8221;off&#8221; button_two_text_size__hover_enabled=&#8221;off&#8221; button_one_text_color__hover_enabled=&#8221;off&#8221; button_two_text_color__hover_enabled=&#8221;off&#8221; button_one_border_width__hover_enabled=&#8221;off&#8221; button_two_border_width__hover_enabled=&#8221;off&#8221; button_one_border_color__hover_enabled=&#8221;off&#8221; button_two_border_color__hover_enabled=&#8221;off&#8221; button_one_border_radius__hover_enabled=&#8221;off&#8221; button_two_border_radius__hover_enabled=&#8221;off&#8221; button_one_letter_spacing__hover_enabled=&#8221;on&#8221; button_one_letter_spacing__hover=&#8221;2px&#8221; button_two_letter_spacing__hover_enabled=&#8221;on&#8221; button_two_letter_spacing__hover=&#8221;2px&#8221; button_one_bg_color__hover_enabled=&#8221;off&#8221; button_two_bg_color__hover_enabled=&#8221;off&#8221; theme_builder_area=&#8221;post_content&#8221;]<\/p>\n<p><strong>\u00daltima atualiza\u00e7\u00e3o<\/strong>: 19-12-2024<\/p>\n<p>Bem-vindo ao <strong>Cryptorecovers.com<\/strong> (tamb\u00e9m chamado de &#8220;Crypto Recovers&#8221;, &#8220;Cryptorecovers&#8221;, &#8220;n\u00f3s&#8221;, &#8220;nos&#8221; ou &#8220;nosso&#8221;). Ao usar nosso site e servi\u00e7os, voc\u00ea reconhece e concorda com os termos descritos neste <strong>Aviso Legal<\/strong>. Leia-o com aten\u00e7\u00e3o antes de prosseguir com quaisquer servi\u00e7os ou intera\u00e7\u00f5es em nosso site.  <\/p>\n<h3><strong>1. N\u00e3o h\u00e1 garantia de sucesso<\/strong><\/h3>\n<p>Embora nos esforcemos para oferecer os melhores servi\u00e7os poss\u00edveis de recupera\u00e7\u00e3o de carteiras, n\u00e3o podemos garantir a recupera\u00e7\u00e3o bem-sucedida de carteiras, senhas ou ativos de criptomoeda perdidos, inacess\u00edveis ou comprometidos. O sucesso da recupera\u00e7\u00e3o de carteiras depende de v\u00e1rios fatores, incluindo os detalhes espec\u00edficos da carteira, o n\u00edvel de criptografia e a quantidade de informa\u00e7\u00f5es dispon\u00edveis para recupera\u00e7\u00e3o. O Cryptorecovers.com n\u00e3o oferece nenhuma garantia ou declara\u00e7\u00e3o com rela\u00e7\u00e3o ao sucesso de qualquer tentativa de recupera\u00e7\u00e3o de carteira.  <\/p>\n<h3><strong>2. Riscos das criptomoedas<\/strong><\/h3>\n<p>A criptomoeda \u00e9 inerentemente arriscada e vol\u00e1til. A recupera\u00e7\u00e3o de carteiras e a restaura\u00e7\u00e3o do acesso a ativos de criptomoeda podem n\u00e3o resultar na devolu\u00e7\u00e3o dos fundos perdidos. O Cryptorecovers.com n\u00e3o \u00e9 respons\u00e1vel por quaisquer perdas, danos ou falha na recupera\u00e7\u00e3o de qualquer criptomoeda ou ativo digital.  <\/p>\n<h3><strong>3. Limita\u00e7\u00f5es do servi\u00e7o<\/strong><\/h3>\n<p>Nossos servi\u00e7os se limitam \u00e0 assist\u00eancia na recupera\u00e7\u00e3o de carteiras e n\u00e3o fornecemos consultoria de investimento, servi\u00e7os financeiros ou garantias relacionadas ao valor ou \u00e0 disponibilidade de qualquer criptomoeda. N\u00e3o nos responsabilizamos por quaisquer consequ\u00eancias t\u00e9cnicas ou financeiras resultantes do uso de nossos servi\u00e7os, inclusive qualquer perda de ativos durante o processo de recupera\u00e7\u00e3o. <\/p>\n<h3><strong>4. Responsabilidade do usu\u00e1rio<\/strong><\/h3>\n<p>Voc\u00ea \u00e9 respons\u00e1vel por garantir que as informa\u00e7\u00f5es que nos fornece para a recupera\u00e7\u00e3o de carteiras sejam precisas e completas. Quaisquer erros ou omiss\u00f5es nas informa\u00e7\u00f5es fornecidas podem afetar o processo de recupera\u00e7\u00e3o. Al\u00e9m disso, voc\u00ea \u00e9 respons\u00e1vel por proteger suas chaves privadas, senhas e quaisquer dados confidenciais relacionados \u00e0 sua carteira.  <\/p>\n<h3><strong>5. Servi\u00e7os de terceiros<\/strong><\/h3>\n<p>O Cryptorecovers.com pode usar servi\u00e7os e ferramentas de terceiros no processo de recupera\u00e7\u00e3o de carteiras. Esses servi\u00e7os de terceiros n\u00e3o est\u00e3o sob nosso controle e n\u00e3o somos respons\u00e1veis por suas a\u00e7\u00f5es, seguran\u00e7a ou desempenho. Qualquer servi\u00e7o de terceiros \u00e9 usado por sua pr\u00f3pria conta e risco.  <\/p>\n<h3><strong>6. N\u00e3o h\u00e1 aconselhamento financeiro ou de investimento<\/strong><\/h3>\n<p>O Cryptorecovers.com n\u00e3o fornece nenhuma consultoria financeira, de investimento ou jur\u00eddica. Qualquer informa\u00e7\u00e3o fornecida em nosso site ou durante o processo de recupera\u00e7\u00e3o de carteiras n\u00e3o deve ser considerada como conselho de investimento ou recomenda\u00e7\u00e3o com rela\u00e7\u00e3o \u00e0 compra ou venda de qualquer criptomoeda. <\/p>\n<h3><strong>7. Limita\u00e7\u00e3o de responsabilidade<\/strong><\/h3>\n<p>O Cryptorecovers.com e suas afiliadas, agentes ou funcion\u00e1rios n\u00e3o s\u00e3o respons\u00e1veis por quaisquer danos diretos, indiretos, incidentais, especiais, consequenciais ou punitivos, incluindo, mas n\u00e3o se limitando a, perda de fundos, perda de dados ou qualquer outro dano decorrente do uso de nossos servi\u00e7os. Ao usar nossos servi\u00e7os, voc\u00ea concorda em isentar o Cryptorecovers.com de toda e qualquer reivindica\u00e7\u00e3o ou perda. <\/p>\n<h3><strong>8. Conformidade com as leis<\/strong><\/h3>\n<p>\u00c9 sua responsabilidade garantir que o uso de nossos servi\u00e7os de recupera\u00e7\u00e3o de carteiras esteja em conformidade com as leis e os regulamentos de sua jurisdi\u00e7\u00e3o. O Cryptorecovers.com n\u00e3o se envolve nem endossa nenhuma atividade ilegal relacionada \u00e0 recupera\u00e7\u00e3o ou \u00e0s transa\u00e7\u00f5es de criptomoedas. <\/p>\n<h3><strong>9. Altera\u00e7\u00f5es nos servi\u00e7os e na isen\u00e7\u00e3o de responsabilidade<\/strong><\/h3>\n<p>O Cryptorecovers.com reserva-se o direito de modificar, suspender ou descontinuar nossos servi\u00e7os a qualquer momento, sem aviso pr\u00e9vio. Tamb\u00e9m nos reservamos o direito de atualizar este Aviso Legal periodicamente. Quaisquer altera\u00e7\u00f5es no Aviso Legal ser\u00e3o refletidas nesta p\u00e1gina com uma data atualizada de &#8220;\u00daltima atualiza\u00e7\u00e3o&#8221;.  <\/p>\n<h3><strong>10. Sem afilia\u00e7\u00e3o com provedores de criptomoedas<\/strong><\/h3>\n<p>O Cryptorecovers.com \u00e9 um provedor de servi\u00e7os independente e n\u00e3o \u00e9 afiliado a nenhuma plataforma espec\u00edfica de criptomoeda, provedor de carteira ou bolsa. Nossos servi\u00e7os n\u00e3o s\u00e3o endossados ou apoiados por nenhuma empresa de criptomoeda. <\/p>\n<h3><strong>11. Consentimento<\/strong><\/h3>\n<p>Ao usar nossos servi\u00e7os, voc\u00ea concorda com os termos e condi\u00e7\u00f5es deste <strong>Aviso Legal<\/strong>. Se n\u00e3o concordar com qualquer parte deste Aviso Legal, voc\u00ea deve parar imediatamente de usar nosso site e nossos servi\u00e7os. <\/p>\n<hr>\n<p><strong>Entre em contato conosco<\/strong><br \/>Se voc\u00ea tiver alguma d\u00favida sobre este Aviso de isen\u00e7\u00e3o de responsabilidade ou sobre o uso de nossos servi\u00e7os, entre em contato conosco pelo e-mail:<br \/><a href=\"mailto:support@cryptorecovers.com\">support@cryptorecovers.com<\/a><br \/> +3185<a href=\"tel:+3185%20109%201211\"> 109 1211<\/a><br \/>Ou clique <a href=\"https:\/\/cryptorecovers.com\/pt-br\/contato\/\">aqui<\/a> para usar o formul\u00e1rio de contato.<\/p>\n<p>[\/et_pb_fullwidth_header][\/et_pb_section]<\/p>\n","protected":false},"excerpt":{"rendered":"<p>\u00daltima atualiza\u00e7\u00e3o: 19-12-2024 Bem-vindo ao Cryptorecovers.com (tamb\u00e9m chamado de &#8220;Crypto Recovers&#8221;, &#8220;Cryptorecovers&#8221;, &#8220;n\u00f3s&#8221;, &#8220;nos&#8221; ou &#8220;nosso&#8221;). Ao usar nosso site e servi\u00e7os, voc\u00ea reconhece e concorda com os termos descritos neste Aviso Legal. Leia-o com aten\u00e7\u00e3o antes de prosseguir com quaisquer servi\u00e7os ou intera\u00e7\u00f5es em nosso site. 1. N\u00e3o h\u00e1 garantia de sucesso Embora nos [&hellip;]<\/p>\n","protected":false},"author":1,"featured_media":0,"parent":0,"menu_order":0,"comment_status":"closed","ping_status":"closed","template":"","meta":{"_et_pb_use_builder":"on","_et_pb_old_content":"","_et_gb_content_width":"","footnotes":""},"class_list":["post-241720","page","type-page","status-publish","hentry"],"yoast_head":"<!-- This site is optimized with the Yoast SEO Premium plugin v27.1 (Yoast SEO v27.1.1) - https:\/\/yoast.com\/product\/yoast-seo-premium-wordpress\/ -->\n<title>Isen\u00e7\u00e3o de responsabilidade - Cryptorecovers.com<\/title>\n<meta name=\"description\" content=\"Leia o aviso de isen\u00e7\u00e3o de responsabilidade do Cryptorecovers.com com rela\u00e7\u00e3o aos servi\u00e7os de recupera\u00e7\u00e3o de carteira, riscos e limita\u00e7\u00f5es.\" \/>\n<meta name=\"robots\" content=\"index, follow, max-snippet:-1, max-image-preview:large, max-video-preview:-1\" \/>\n<link rel=\"canonical\" href=\"https:\/\/cryptorecovers.com\/pt-br\/isencao-de-responsabilidade\/\" \/>\n<meta property=\"og:locale\" content=\"pt_BR\" \/>\n<meta property=\"og:type\" content=\"article\" \/>\n<meta property=\"og:title\" content=\"Isen\u00e7\u00e3o de responsabilidade\" \/>\n<meta property=\"og:description\" content=\"Leia o aviso de isen\u00e7\u00e3o de responsabilidade do Cryptorecovers.com com rela\u00e7\u00e3o aos servi\u00e7os de recupera\u00e7\u00e3o de carteira, riscos e limita\u00e7\u00f5es.\" \/>\n<meta property=\"og:url\" content=\"https:\/\/cryptorecovers.com\/pt-br\/isencao-de-responsabilidade\/\" \/>\n<meta property=\"og:site_name\" content=\"Crypto Recovers\" \/>\n<meta property=\"article:publisher\" content=\"https:\/\/www.facebook.com\/profile.php?id=61555829150179\" \/>\n<meta property=\"article:modified_time\" content=\"2024-12-19T00:46:58+00:00\" \/>\n<meta property=\"og:image\" content=\"https:\/\/cryptorecovers.com\/wp-content\/uploads\/2023\/12\/Cryptorecovers-Wallet-recovery-thumbnail.jpg\" \/>\n\t<meta property=\"og:image:width\" content=\"1200\" \/>\n\t<meta property=\"og:image:height\" content=\"628\" \/>\n\t<meta property=\"og:image:type\" content=\"image\/jpeg\" \/>\n<meta name=\"twitter:card\" content=\"summary_large_image\" \/>\n<meta name=\"twitter:site\" content=\"@xcryptorecovers\" \/>\n<meta name=\"twitter:label1\" content=\"Est. tempo de leitura\" \/>\n\t<meta name=\"twitter:data1\" content=\"8 minutos\" \/>\n<script type=\"application\/ld+json\" class=\"yoast-schema-graph\">{\"@context\":\"https:\/\/schema.org\",\"@graph\":[{\"@type\":\"WebPage\",\"@id\":\"https:\/\/cryptorecovers.com\/pt-br\/isencao-de-responsabilidade\/\",\"url\":\"https:\/\/cryptorecovers.com\/pt-br\/isencao-de-responsabilidade\/\",\"name\":\"Isen\u00e7\u00e3o de responsabilidade - Cryptorecovers.com\",\"isPartOf\":{\"@id\":\"https:\/\/cryptorecovers.com\/pt-br\/#website\"},\"datePublished\":\"2024-12-19T00:46:56+00:00\",\"dateModified\":\"2024-12-19T00:46:58+00:00\",\"description\":\"Leia o aviso de isen\u00e7\u00e3o de responsabilidade do Cryptorecovers.com com rela\u00e7\u00e3o aos servi\u00e7os de recupera\u00e7\u00e3o de carteira, riscos e limita\u00e7\u00f5es.\",\"inLanguage\":\"pt-BR\",\"potentialAction\":[{\"@type\":\"ReadAction\",\"target\":[\"https:\/\/cryptorecovers.com\/pt-br\/isencao-de-responsabilidade\/\"]}]},{\"@type\":\"WebSite\",\"@id\":\"https:\/\/cryptorecovers.com\/pt-br\/#website\",\"url\":\"https:\/\/cryptorecovers.com\/pt-br\/\",\"name\":\"Crypto Recovers\",\"description\":\"Crypto Wallet Recovery Services\",\"publisher\":{\"@id\":\"https:\/\/cryptorecovers.com\/pt-br\/#organization\"},\"potentialAction\":[{\"@type\":\"SearchAction\",\"target\":{\"@type\":\"EntryPoint\",\"urlTemplate\":\"https:\/\/cryptorecovers.com\/pt-br\/?s={search_term_string}\"},\"query-input\":{\"@type\":\"PropertyValueSpecification\",\"valueRequired\":true,\"valueName\":\"search_term_string\"}}],\"inLanguage\":\"pt-BR\"},{\"@type\":[\"Organization\",\"Place\"],\"@id\":\"https:\/\/cryptorecovers.com\/pt-br\/#organization\",\"name\":\"Crypto Recovers\",\"alternateName\":\"Crypto Recovers \u2013 Crypto Wallet Recovery Services\",\"url\":\"https:\/\/cryptorecovers.com\/pt-br\/\",\"logo\":{\"@id\":\"https:\/\/cryptorecovers.com\/pt-br\/isencao-de-responsabilidade\/#local-main-organization-logo\"},\"image\":{\"@id\":\"https:\/\/cryptorecovers.com\/pt-br\/isencao-de-responsabilidade\/#local-main-organization-logo\"},\"sameAs\":[\"https:\/\/www.facebook.com\/profile.php?id=61555829150179\",\"https:\/\/x.com\/xcryptorecovers\",\"https:\/\/www.linkedin.com\/company\/101478432\/\",\"https:\/\/www.youtube.com\/@cryptorecovers\"],\"description\":\"Crypto Recovers is a specialized cryptocurrency wallet recovery service that helps individuals and businesses regain access to lost or inaccessible crypto wallets, including cases involving forgotten passwords, incomplete recovery phrases, and corrupted wallet data.\",\"legalName\":\"Crypto Recovers\",\"foundingDate\":\"2019-05-27\",\"numberOfEmployees\":{\"@type\":\"QuantitativeValue\",\"minValue\":\"1\",\"maxValue\":\"10\"},\"address\":{\"@id\":\"https:\/\/cryptorecovers.com\/pt-br\/isencao-de-responsabilidade\/#local-main-place-address\"},\"telephone\":[\"+31851091211\"],\"contactPoint\":{\"@type\":\"ContactPoint\",\"telephone\":\"+31851091211\",\"email\":\"support@cryptorecovers.com\"},\"openingHoursSpecification\":{\"@type\":\"OpeningHoursSpecification\",\"dayOfWeek\":[\"Monday\",\"Tuesday\",\"Wednesday\",\"Thursday\",\"Friday\",\"Saturday\",\"Sunday\"],\"opens\":\"00:00\",\"closes\":\"23:59\"},\"email\":\"support@cryptorecovers.com\",\"areaServed\":\"Worldwide\",\"vatID\":\"NL003031083B24\"},{\"@type\":\"PostalAddress\",\"@id\":\"https:\/\/cryptorecovers.com\/pt-br\/isencao-de-responsabilidade\/#local-main-place-address\",\"streetAddress\":\"Louis Braillelaan 80\",\"addressLocality\":\"Zoetermeer\",\"postalCode\":\"2719 EK\",\"addressRegion\":\"Zuid-Holland\",\"addressCountry\":\"NL\"},{\"@type\":\"ImageObject\",\"inLanguage\":\"pt-BR\",\"@id\":\"https:\/\/cryptorecovers.com\/pt-br\/isencao-de-responsabilidade\/#local-main-organization-logo\",\"url\":\"https:\/\/cryptorecovers.com\/wp-content\/uploads\/2025\/09\/favicon_website_cr.png\",\"contentUrl\":\"https:\/\/cryptorecovers.com\/wp-content\/uploads\/2025\/09\/favicon_website_cr.png\",\"width\":500,\"height\":500,\"caption\":\"Crypto Recovers\"}]}<\/script>\n<meta name=\"geo.placename\" content=\"Zoetermeer\" \/>\n<meta name=\"geo.region\" content=\"Pa\u00edses Baixos\" \/>\n<!-- \/ Yoast SEO Premium plugin. -->","yoast_head_json":{"title":"Isen\u00e7\u00e3o de responsabilidade - Cryptorecovers.com","description":"Leia o aviso de isen\u00e7\u00e3o de responsabilidade do Cryptorecovers.com com rela\u00e7\u00e3o aos servi\u00e7os de recupera\u00e7\u00e3o de carteira, riscos e limita\u00e7\u00f5es.","robots":{"index":"index","follow":"follow","max-snippet":"max-snippet:-1","max-image-preview":"max-image-preview:large","max-video-preview":"max-video-preview:-1"},"canonical":"https:\/\/cryptorecovers.com\/pt-br\/isencao-de-responsabilidade\/","og_locale":"pt_BR","og_type":"article","og_title":"Isen\u00e7\u00e3o de responsabilidade","og_description":"Leia o aviso de isen\u00e7\u00e3o de responsabilidade do Cryptorecovers.com com rela\u00e7\u00e3o aos servi\u00e7os de recupera\u00e7\u00e3o de carteira, riscos e limita\u00e7\u00f5es.","og_url":"https:\/\/cryptorecovers.com\/pt-br\/isencao-de-responsabilidade\/","og_site_name":"Crypto Recovers","article_publisher":"https:\/\/www.facebook.com\/profile.php?id=61555829150179","article_modified_time":"2024-12-19T00:46:58+00:00","og_image":[{"width":1200,"height":628,"url":"https:\/\/cryptorecovers.com\/wp-content\/uploads\/2023\/12\/Cryptorecovers-Wallet-recovery-thumbnail.jpg","type":"image\/jpeg"}],"twitter_card":"summary_large_image","twitter_site":"@xcryptorecovers","twitter_misc":{"Est. tempo de leitura":"8 minutos"},"schema":{"@context":"https:\/\/schema.org","@graph":[{"@type":"WebPage","@id":"https:\/\/cryptorecovers.com\/pt-br\/isencao-de-responsabilidade\/","url":"https:\/\/cryptorecovers.com\/pt-br\/isencao-de-responsabilidade\/","name":"Isen\u00e7\u00e3o de responsabilidade - Cryptorecovers.com","isPartOf":{"@id":"https:\/\/cryptorecovers.com\/pt-br\/#website"},"datePublished":"2024-12-19T00:46:56+00:00","dateModified":"2024-12-19T00:46:58+00:00","description":"Leia o aviso de isen\u00e7\u00e3o de responsabilidade do Cryptorecovers.com com rela\u00e7\u00e3o aos servi\u00e7os de recupera\u00e7\u00e3o de carteira, riscos e limita\u00e7\u00f5es.","inLanguage":"pt-BR","potentialAction":[{"@type":"ReadAction","target":["https:\/\/cryptorecovers.com\/pt-br\/isencao-de-responsabilidade\/"]}]},{"@type":"WebSite","@id":"https:\/\/cryptorecovers.com\/pt-br\/#website","url":"https:\/\/cryptorecovers.com\/pt-br\/","name":"Crypto Recovers","description":"Crypto Wallet Recovery Services","publisher":{"@id":"https:\/\/cryptorecovers.com\/pt-br\/#organization"},"potentialAction":[{"@type":"SearchAction","target":{"@type":"EntryPoint","urlTemplate":"https:\/\/cryptorecovers.com\/pt-br\/?s={search_term_string}"},"query-input":{"@type":"PropertyValueSpecification","valueRequired":true,"valueName":"search_term_string"}}],"inLanguage":"pt-BR"},{"@type":["Organization","Place"],"@id":"https:\/\/cryptorecovers.com\/pt-br\/#organization","name":"Crypto Recovers","alternateName":"Crypto Recovers \u2013 Crypto Wallet Recovery Services","url":"https:\/\/cryptorecovers.com\/pt-br\/","logo":{"@id":"https:\/\/cryptorecovers.com\/pt-br\/isencao-de-responsabilidade\/#local-main-organization-logo"},"image":{"@id":"https:\/\/cryptorecovers.com\/pt-br\/isencao-de-responsabilidade\/#local-main-organization-logo"},"sameAs":["https:\/\/www.facebook.com\/profile.php?id=61555829150179","https:\/\/x.com\/xcryptorecovers","https:\/\/www.linkedin.com\/company\/101478432\/","https:\/\/www.youtube.com\/@cryptorecovers"],"description":"Crypto Recovers is a specialized cryptocurrency wallet recovery service that helps individuals and businesses regain access to lost or inaccessible crypto wallets, including cases involving forgotten passwords, incomplete recovery phrases, and corrupted wallet data.","legalName":"Crypto Recovers","foundingDate":"2019-05-27","numberOfEmployees":{"@type":"QuantitativeValue","minValue":"1","maxValue":"10"},"address":{"@id":"https:\/\/cryptorecovers.com\/pt-br\/isencao-de-responsabilidade\/#local-main-place-address"},"telephone":["+31851091211"],"contactPoint":{"@type":"ContactPoint","telephone":"+31851091211","email":"support@cryptorecovers.com"},"openingHoursSpecification":{"@type":"OpeningHoursSpecification","dayOfWeek":["Monday","Tuesday","Wednesday","Thursday","Friday","Saturday","Sunday"],"opens":"00:00","closes":"23:59"},"email":"support@cryptorecovers.com","areaServed":"Worldwide","vatID":"NL003031083B24"},{"@type":"PostalAddress","@id":"https:\/\/cryptorecovers.com\/pt-br\/isencao-de-responsabilidade\/#local-main-place-address","streetAddress":"Louis Braillelaan 80","addressLocality":"Zoetermeer","postalCode":"2719 EK","addressRegion":"Zuid-Holland","addressCountry":"NL"},{"@type":"ImageObject","inLanguage":"pt-BR","@id":"https:\/\/cryptorecovers.com\/pt-br\/isencao-de-responsabilidade\/#local-main-organization-logo","url":"https:\/\/cryptorecovers.com\/wp-content\/uploads\/2025\/09\/favicon_website_cr.png","contentUrl":"https:\/\/cryptorecovers.com\/wp-content\/uploads\/2025\/09\/favicon_website_cr.png","width":500,"height":500,"caption":"Crypto Recovers"}]},"geo.placename":"Zoetermeer","geo.region":"Pa\u00edses Baixos"},"_links":{"self":[{"href":"https:\/\/cryptorecovers.com\/pt-br\/wp-json\/wp\/v2\/pages\/241720","targetHints":{"allow":["GET"]}}],"collection":[{"href":"https:\/\/cryptorecovers.com\/pt-br\/wp-json\/wp\/v2\/pages"}],"about":[{"href":"https:\/\/cryptorecovers.com\/pt-br\/wp-json\/wp\/v2\/types\/page"}],"author":[{"embeddable":true,"href":"https:\/\/cryptorecovers.com\/pt-br\/wp-json\/wp\/v2\/users\/1"}],"replies":[{"embeddable":true,"href":"https:\/\/cryptorecovers.com\/pt-br\/wp-json\/wp\/v2\/comments?post=241720"}],"version-history":[{"count":2,"href":"https:\/\/cryptorecovers.com\/pt-br\/wp-json\/wp\/v2\/pages\/241720\/revisions"}],"predecessor-version":[{"id":241724,"href":"https:\/\/cryptorecovers.com\/pt-br\/wp-json\/wp\/v2\/pages\/241720\/revisions\/241724"}],"wp:attachment":[{"href":"https:\/\/cryptorecovers.com\/pt-br\/wp-json\/wp\/v2\/media?parent=241720"}],"curies":[{"name":"wp","href":"https:\/\/api.w.org\/{rel}","templated":true}]}}