{"id":246368,"date":"2025-03-21T21:53:38","date_gmt":"2025-03-21T21:53:38","guid":{"rendered":"https:\/\/cryptorecovers.com\/czesto-zadawane-pytania\/"},"modified":"2025-04-02T17:47:25","modified_gmt":"2025-04-02T17:47:25","slug":"czesto-zadawane-pytania","status":"publish","type":"page","link":"https:\/\/cryptorecovers.com\/pl\/czesto-zadawane-pytania\/","title":{"rendered":"Cz\u0119sto zadawane pytania"},"content":{"rendered":"<p>[et_pb_section fb_built=&#8221;1&#8243; fullwidth=&#8221;on&#8221; admin_label=&#8221;Hero Section&#8221; _builder_version=&#8221;4.16&#8243; background_color=&#8221;#101535&#8243; background_image=&#8221;https:\/\/cryptorecovers.com\/wp-content\/uploads\/2023\/02\/crypto-bg-02.png&#8221; parallax=&#8221;on&#8221; custom_margin=&#8221;|||&#8221; custom_padding=&#8221;|||&#8221; locked=&#8221;off&#8221; global_colors_info=&#8221;{}&#8221;][et_pb_fullwidth_header title=&#8221;Cz\u0119sto zadawane pytania&#8221; _builder_version=&#8221;4.27.4&#8243; title_font=&#8221;Poppins|600|||||||&#8221; title_font_size=&#8221;60px&#8221; title_line_height=&#8221;1.5em&#8221; content_font=&#8221;||||||||&#8221; content_font_size=&#8221;18px&#8221; content_line_height=&#8221;2em&#8221; background_enable_color=&#8221;off&#8221; background_position=&#8221;bottom_center&#8221; custom_button_one=&#8221;on&#8221; button_one_text_size=&#8221;13px&#8221; button_one_bg_color=&#8221;#4328b7&#8243; button_one_border_width=&#8221;10px&#8221; button_one_border_color=&#8221;#4328b7&#8243; button_one_border_radius=&#8221;0px&#8221; button_one_letter_spacing=&#8221;2px&#8221; button_one_font=&#8221;Titillium Web|700||on|||||&#8221; custom_button_two=&#8221;on&#8221; button_two_text_size=&#8221;13px&#8221; button_two_text_color=&#8221;#4328b7&#8243; button_two_bg_color=&#8221;#ffffff&#8221; button_two_border_width=&#8221;10px&#8221; button_two_border_color=&#8221;#ffffff&#8221; button_two_border_radius=&#8221;0px&#8221; button_two_letter_spacing=&#8221;2px&#8221; button_two_font=&#8221;Titillium Web|700||on|||||&#8221; custom_margin=&#8221;|||&#8221; custom_padding=&#8221;150px||4vw||false|false&#8221; custom_padding_tablet=&#8221;100px||||false|false&#8221; custom_padding_phone=&#8221;110px||||false|false&#8221; custom_padding_last_edited=&#8221;on|desktop&#8221; animation_direction=&#8221;bottom&#8221; title_font_size_tablet=&#8221;39px&#8221; title_font_size_phone=&#8221;30px&#8221; title_font_size_last_edited=&#8221;on|phone&#8221; content_font_size_tablet=&#8221;&#8221; content_font_size_phone=&#8221;15px&#8221; content_font_size_last_edited=&#8221;on|phone&#8221; button_one_letter_spacing_hover=&#8221;2px&#8221; button_two_letter_spacing_hover=&#8221;2px&#8221; global_colors_info=&#8221;{}&#8221; button_one_text_size__hover_enabled=&#8221;off&#8221; button_two_text_size__hover_enabled=&#8221;off&#8221; button_one_text_color__hover_enabled=&#8221;off&#8221; button_two_text_color__hover_enabled=&#8221;off&#8221; button_one_border_width__hover_enabled=&#8221;off&#8221; button_two_border_width__hover_enabled=&#8221;off&#8221; button_one_border_color__hover_enabled=&#8221;off&#8221; button_two_border_color__hover_enabled=&#8221;off&#8221; button_one_border_radius__hover_enabled=&#8221;off&#8221; button_two_border_radius__hover_enabled=&#8221;off&#8221; button_one_letter_spacing__hover_enabled=&#8221;on&#8221; button_one_letter_spacing__hover=&#8221;2px&#8221; button_two_letter_spacing__hover_enabled=&#8221;on&#8221; button_two_letter_spacing__hover=&#8221;2px&#8221; button_one_bg_color__hover_enabled=&#8221;off&#8221; button_two_bg_color__hover_enabled=&#8221;off&#8221;][\/et_pb_fullwidth_header][\/et_pb_section][et_pb_section fb_built=&#8221;1&#8243; _builder_version=&#8221;4.27.4&#8243; _module_preset=&#8221;default&#8221; global_colors_info=&#8221;{}&#8221;][et_pb_row _builder_version=&#8221;4.27.4&#8243; _module_preset=&#8221;default&#8221; custom_padding=&#8221;||21px|||&#8221; global_colors_info=&#8221;{}&#8221;][et_pb_column type=&#8221;4_4&#8243; _builder_version=&#8221;4.27.4&#8243; _module_preset=&#8221;default&#8221; global_colors_info=&#8221;{}&#8221;][et_pb_text _builder_version=&#8221;4.27.4&#8243; _module_preset=&#8221;default&#8221; text_text_color=&#8221;#000000&#8243; link_font=&#8221;||||on||||&#8221; link_text_color=&#8221;#000000&#8243; header_2_font=&#8221;Poppins|700|||||||&#8221; header_2_text_color=&#8221;#000000&#8243; header_2_font_size=&#8221;22px&#8221; header_2_line_height=&#8221;1.7em&#8221; header_2_font_size_tablet=&#8221;20px&#8221; header_2_font_size_phone=&#8221;20px&#8221; header_2_font_size_last_edited=&#8221;on|desktop&#8221; global_colors_info=&#8221;{}&#8221; link_text_color__hover_enabled=&#8221;on|hover&#8221; link_text_color__hover=&#8221;rgba(0,0,0,0.78)&#8221;]<\/p>\n<h2><\/h2>\n<h2>Jak wygl\u0105da proces odzyskiwania moich aktyw\u00f3w kryptograficznych?<\/h2>\n<p>Zaczynamy od zrozumienia konkretnej sytuacji i zebrania niezb\u0119dnych szczeg\u00f3\u0142\u00f3w, takich jak historia transakcji lub informacje o portfelu. Nasz zesp\u00f3\u0142 wykorzystuje zaawansowane narz\u0119dzia i techniki, aby odzyska\u0107 dost\u0119p do aktyw\u00f3w kryptograficznych, zapewniaj\u0105c bezpiecze\u0144stwo i prywatno\u015b\u0107 w trakcie ca\u0142ego procesu. <\/p>\n<h2>Ile wynosz\u0105 op\u0142aty za us\u0142ugi odzyskiwania danych?<\/h2>\n<p>Nasza standardowa op\u0142ata wynosi 20% odzyskanych aktyw\u00f3w, cho\u0107 w przypadku wi\u0119kszych odzysk\u00f3w op\u0142ata ta mo\u017ce zosta\u0107 obni\u017cona. Om\u00f3wimy z Tob\u0105 ceny w oparciu o Twoje konkretne potrzeby i z\u0142o\u017cono\u015b\u0107 odzyskiwania. Dowiedz si\u0119 wi\u0119cej o cenach odzyskiwania portfeli kryptowalutowych.  <\/p>\n<h2>Co zrobi\u0107, je\u015bli nie mam \u017cadnych informacji lub nie jestem pewien, czy mam prawid\u0142owe pliki\/dane?<\/h2>\n<p>Je\u015bli utraci\u0142e\u015b fraz\u0119 seed, plik kopii zapasowej lub wyrzuci\u0142e\u015b urz\u0105dzenie zawieraj\u0105ce klucz prywatny \/ kopi\u0119 zapasow\u0105, proces odzyskiwania staje si\u0119 niezwykle trudny. W niekt\u00f3rych przypadkach, na przyk\u0142ad w przypadku us\u0142ug takich jak Blockchain.com, mo\u017cemy pom\u00f3c w odzyskaniu plik\u00f3w kopii zapasowych. Ponadto czasami mo\u017cemy odzyska\u0107 usuni\u0119te pliki ze starych dysk\u00f3w twardych.  <\/p>\n<p>Je\u015bli jednak ca\u0142kowicie utraci\u0142e\u015b dost\u0119p do swoich prywatnych informacji lub kopii zapasowej, my lub jakakolwiek inna us\u0142uga odzyskiwania danych niewiele mo\u017ce pom\u00f3c w odzyskaniu dost\u0119pu do kryptowalut.<\/p>\n<p><strong>Uwaga:<\/strong> Niekt\u00f3re portfele wymagaj\u0105 lub oferuj\u0105 r\u00f3\u017cne metody tworzenia kopii zapasowych i odzyskiwania danych. Je\u015bli nie masz pewno\u015bci, czy posiadasz niezb\u0119dne informacje, mo\u017cemy pom\u00f3c Ci w ustaleniu, czy odzyskanie danych jest mo\u017cliwe.  Zapraszamy do <a href=\"https:\/\/cryptorecovers.com\/pl\/kontakt\/\">kontaktu z nami<\/a>.<\/p>\n<h2>Jak d\u0142ugo trwa odzyskiwanie moich aktyw\u00f3w kryptograficznych?<\/h2>\n<p>Czas rekonwalescencji zale\u017cy od specyfiki ka\u017cdego przypadku, ale zazwyczaj mo\u017ce wynosi\u0107 od kilku dni do kilku tygodni. B\u0119dziemy na bie\u017c\u0105co informowa\u0107 o post\u0119pach i podawa\u0107 szacowany harmonogram w trakcie ca\u0142ego procesu. <\/p>\n<h2>Jak mog\u0119 ci zaufa\u0107?<\/h2>\n<p>Jeste\u015bmy zarejestrowan\u0105 i w pe\u0142ni legaln\u0105 firm\u0105, kt\u00f3rej celem jest \u015bwiadczenie etycznych i przejrzystych us\u0142ug. Twoje \u015brodki s\u0105 u nas bezpieczne, poniewa\u017c przestrzegamy rygorystycznych protoko\u0142\u00f3w bezpiecze\u0144stwa, aby zapewni\u0107 bezpiecze\u0144stwo Twoich aktyw\u00f3w. <\/p>\n<p>Przed rozpocz\u0119ciem windykacji zar\u00f3wno klient, jak i Crypto Recovers podpisuj\u0105 szczeg\u00f3\u0142ow\u0105 umow\u0119 okre\u015blaj\u0105c\u0105 wszystkie warunki, w tym informacje o naszej firmie.<\/p>\n<p>Ponadto zapraszamy do odwiedzenia naszego biura po wcze\u015bniejszym um\u00f3wieniu si\u0119, co daje mo\u017cliwo\u015b\u0107 osobistego spotkania i om\u00f3wienia sprawy.<\/p>\n<h2>Jakie rodzaje kryptowalut odzyskujesz?<\/h2>\n<p>Specjalizujemy si\u0119 w odzyskiwaniu wi\u0119kszo\u015bci g\u0142\u00f3wnych kryptowalut, w tym Bitcoin, Ethereum, Dogecoin i innych altcoin\u00f3w. Je\u015bli potrzebujesz pomocy z konkretnym rodzajem kryptowaluty, skontaktuj si\u0119 z nami, aby uzyska\u0107 wi\u0119cej informacji. <\/p>\n<h2>Czy mo\u017cesz pom\u00f3c odzyska\u0107 aktywa skradzione lub utracone w wyniku oszustwa?<\/h2>\n<p>Tak, mamy do\u015bwiadczenie w prowadzeniu ludzi we w\u0142a\u015bciwym kierunku, aby rozpocz\u0105\u0107 odzyskiwanie aktyw\u00f3w utraconych w wyniku oszustwa lub kradzie\u017cy. Chocia\u017c sukces zale\u017cy od okoliczno\u015bci, zach\u0119camy do pozostawienia nam wiadomo\u015bci, a my rozpoczniemy Twoj\u0105 podr\u00f3\u017c do odzyskania. <\/p>\n<h2>Czy musz\u0119 poda\u0107 wszystkie moje has\u0142a, aby odzyska\u0107 moje kryptowaluty?<\/h2>\n<p>Nie, nie musisz podawa\u0107 wszystkich hase\u0142. Wymagamy tylko niezb\u0119dnych informacji zwi\u0105zanych z portfelem i priorytetowo traktujemy prywatno\u015b\u0107 i bezpiecze\u0144stwo w ca\u0142ym procesie odzyskiwania. <\/p>\n<p>NIE udost\u0119pniaj \u017cadnych prywatnych informacji ani hase\u0142 do czasu podpisania umowy.<\/p>\n<h2>Jak zapewni\u0107 bezpiecze\u0144stwo moich aktyw\u00f3w podczas odzyskiwania?<\/h2>\n<p>Priorytetowo traktujemy Twoje bezpiecze\u0144stwo, wykorzystuj\u0105c metody szyfrowania do obs\u0142ugi Twoich informacji i zasob\u00f3w. Nasz zesp\u00f3\u0142 przestrzega najlepszych praktyk bran\u017cowych, zapewniaj\u0105c ochron\u0119 danych i \u015brodk\u00f3w przez ca\u0142y proces odzyskiwania. Zanim zaczniemy, wszystkie warunki i umowy zostan\u0105 jasno okre\u015blone w umowie, kt\u00f3r\u0105 podpisz\u0105 obie strony.  <\/p>\n<p>[\/et_pb_text][et_pb_button button_url=&#8221;https:\/\/cryptorecovers.com\/pl\/kontakt\/&#8221; button_text=&#8221;Rozpocznij&#8221; button_alignment=&#8221;center&#8221; _builder_version=&#8221;4.27.4&#8243; custom_button=&#8221;on&#8221; button_text_size=&#8221;13px&#8221; button_text_color=&#8221;#ffffff&#8221; button_bg_color=&#8221;#1b1f50&#8243; button_border_width=&#8221;10px&#8221; button_border_color=&#8221;#1b1f50&#8243; button_border_radius=&#8221;5px&#8221; button_letter_spacing=&#8221;2px&#8221; button_font=&#8221;Titillium Web|700||on|||||&#8221; background_layout=&#8221;dark&#8221; custom_margin=&#8221;70px||13px||false|false&#8221; custom_padding=&#8221;||||false|false&#8221; box_shadow_style=&#8221;preset3&#8243; button_letter_spacing_hover=&#8221;2px&#8221; locked=&#8221;off&#8221; global_colors_info=&#8221;{}&#8221; button_text_size__hover_enabled=&#8221;off&#8221; button_one_text_size__hover_enabled=&#8221;off&#8221; button_two_text_size__hover_enabled=&#8221;off&#8221; button_text_color__hover_enabled=&#8221;off&#8221; button_one_text_color__hover_enabled=&#8221;off&#8221; button_two_text_color__hover_enabled=&#8221;off&#8221; button_border_width__hover_enabled=&#8221;off&#8221; button_one_border_width__hover_enabled=&#8221;off&#8221; button_two_border_width__hover_enabled=&#8221;off&#8221; button_border_color__hover_enabled=&#8221;off&#8221; button_one_border_color__hover_enabled=&#8221;off&#8221; button_two_border_color__hover_enabled=&#8221;off&#8221; button_border_radius__hover_enabled=&#8221;off&#8221; button_one_border_radius__hover_enabled=&#8221;off&#8221; button_two_border_radius__hover_enabled=&#8221;off&#8221; button_letter_spacing__hover_enabled=&#8221;on&#8221; button_letter_spacing__hover=&#8221;2px&#8221; button_one_letter_spacing__hover_enabled=&#8221;off&#8221; button_two_letter_spacing__hover_enabled=&#8221;off&#8221; button_bg_color__hover_enabled=&#8221;off&#8221; button_one_bg_color__hover_enabled=&#8221;off&#8221; button_two_bg_color__hover_enabled=&#8221;off&#8221;][\/et_pb_button][et_pb_button button_url=&#8221;https:\/\/cryptorecovers.com\/pl\/o-nas\/#team&#8221; button_text=&#8221;Poznaj nasz zesp\u00f3\u0142&#8221; button_alignment=&#8221;center&#8221; disabled_on=&#8221;off|off|off&#8221; _builder_version=&#8221;4.27.3&#8243; custom_button=&#8221;on&#8221; button_text_size=&#8221;13px&#8221; button_text_color=&#8221;#000000&#8243; button_border_width=&#8221;0px&#8221; button_border_color=&#8221;RGBA(255,255,255,0)&#8221; button_border_radius=&#8221;0px&#8221; button_letter_spacing=&#8221;2px&#8221; button_font=&#8221;Titillium Web|700||on|||||&#8221; button_on_hover=&#8221;off&#8221; background_layout=&#8221;dark&#8221; custom_margin=&#8221;10px||||false|false&#8221; button_letter_spacing_hover=&#8221;2px&#8221; locked=&#8221;off&#8221; global_colors_info=&#8221;{}&#8221; button_text_size__hover_enabled=&#8221;off&#8221; button_one_text_size__hover_enabled=&#8221;off&#8221; button_two_text_size__hover_enabled=&#8221;off&#8221; button_text_color__hover_enabled=&#8221;off&#8221; button_one_text_color__hover_enabled=&#8221;off&#8221; button_two_text_color__hover_enabled=&#8221;off&#8221; button_border_width__hover_enabled=&#8221;off&#8221; button_one_border_width__hover_enabled=&#8221;off&#8221; button_two_border_width__hover_enabled=&#8221;off&#8221; button_border_color__hover_enabled=&#8221;off&#8221; button_one_border_color__hover_enabled=&#8221;off&#8221; button_two_border_color__hover_enabled=&#8221;off&#8221; button_border_radius__hover_enabled=&#8221;off&#8221; button_one_border_radius__hover_enabled=&#8221;off&#8221; button_two_border_radius__hover_enabled=&#8221;off&#8221; button_letter_spacing__hover_enabled=&#8221;on|hover&#8221; button_letter_spacing__hover=&#8221;2.3px&#8221; button_one_letter_spacing__hover_enabled=&#8221;off&#8221; button_two_letter_spacing__hover_enabled=&#8221;off&#8221; button_bg_color__hover_enabled=&#8221;off&#8221; button_one_bg_color__hover_enabled=&#8221;off&#8221; button_two_bg_color__hover_enabled=&#8221;off&#8221;][\/et_pb_button][\/et_pb_column][\/et_pb_row][\/et_pb_section]<\/p>\n","protected":false},"excerpt":{"rendered":"<p>Jak wygl\u0105da proces odzyskiwania moich aktyw\u00f3w kryptograficznych? Zaczynamy od zrozumienia konkretnej sytuacji i zebrania niezb\u0119dnych szczeg\u00f3\u0142\u00f3w, takich jak historia transakcji lub informacje o portfelu. Nasz zesp\u00f3\u0142 wykorzystuje zaawansowane narz\u0119dzia i techniki, aby odzyska\u0107 dost\u0119p do aktyw\u00f3w kryptograficznych, zapewniaj\u0105c bezpiecze\u0144stwo i prywatno\u015b\u0107 w trakcie ca\u0142ego procesu. Ile wynosz\u0105 op\u0142aty za us\u0142ugi odzyskiwania danych? Nasza standardowa op\u0142ata [&hellip;]<\/p>\n","protected":false},"author":1,"featured_media":0,"parent":0,"menu_order":0,"comment_status":"closed","ping_status":"closed","template":"","meta":{"_et_pb_use_builder":"on","_et_pb_old_content":"","_et_gb_content_width":"","footnotes":""},"class_list":["post-246368","page","type-page","status-publish","hentry"],"yoast_head":"<!-- This site is optimized with the Yoast SEO Premium plugin v27.1 (Yoast SEO v27.1.1) - https:\/\/yoast.com\/product\/yoast-seo-premium-wordpress\/ -->\n<title>Cz\u0119sto zadawane pytania - Cryptorecovers.com<\/title>\n<meta name=\"robots\" content=\"index, follow, max-snippet:-1, max-image-preview:large, max-video-preview:-1\" \/>\n<link rel=\"canonical\" href=\"https:\/\/cryptorecovers.com\/pl\/czesto-zadawane-pytania\/\" \/>\n<meta property=\"og:locale\" content=\"pl_PL\" \/>\n<meta property=\"og:type\" content=\"article\" \/>\n<meta property=\"og:title\" content=\"Cz\u0119sto zadawane pytania\" \/>\n<meta property=\"og:description\" content=\"Jak wygl\u0105da proces odzyskiwania moich aktyw\u00f3w kryptograficznych? Zaczynamy od zrozumienia konkretnej sytuacji i zebrania niezb\u0119dnych szczeg\u00f3\u0142\u00f3w, takich jak historia transakcji lub informacje o portfelu. Nasz zesp\u00f3\u0142 wykorzystuje zaawansowane narz\u0119dzia i techniki, aby odzyska\u0107 dost\u0119p do aktyw\u00f3w kryptograficznych, zapewniaj\u0105c bezpiecze\u0144stwo i prywatno\u015b\u0107 w trakcie ca\u0142ego procesu. Ile wynosz\u0105 op\u0142aty za us\u0142ugi odzyskiwania danych? Nasza standardowa op\u0142ata [&hellip;]\" \/>\n<meta property=\"og:url\" content=\"https:\/\/cryptorecovers.com\/pl\/czesto-zadawane-pytania\/\" \/>\n<meta property=\"og:site_name\" content=\"Crypto Recovers\" \/>\n<meta property=\"article:publisher\" content=\"https:\/\/www.facebook.com\/profile.php?id=61555829150179\" \/>\n<meta property=\"article:modified_time\" content=\"2025-04-02T17:47:25+00:00\" \/>\n<meta property=\"og:image\" content=\"https:\/\/cryptorecovers.com\/wp-content\/uploads\/2023\/12\/Cryptorecovers-Wallet-recovery-thumbnail.jpg\" \/>\n\t<meta property=\"og:image:width\" content=\"1200\" \/>\n\t<meta property=\"og:image:height\" content=\"628\" \/>\n\t<meta property=\"og:image:type\" content=\"image\/jpeg\" \/>\n<meta name=\"twitter:card\" content=\"summary_large_image\" \/>\n<meta name=\"twitter:site\" content=\"@xcryptorecovers\" \/>\n<meta name=\"twitter:label1\" content=\"Szacowany czas czytania\" \/>\n\t<meta name=\"twitter:data1\" content=\"8 minut\" \/>\n<script type=\"application\/ld+json\" class=\"yoast-schema-graph\">{\"@context\":\"https:\/\/schema.org\",\"@graph\":[{\"@type\":\"WebPage\",\"@id\":\"https:\/\/cryptorecovers.com\/pl\/czesto-zadawane-pytania\/\",\"url\":\"https:\/\/cryptorecovers.com\/pl\/czesto-zadawane-pytania\/\",\"name\":\"Cz\u0119sto zadawane pytania - Cryptorecovers.com\",\"isPartOf\":{\"@id\":\"https:\/\/cryptorecovers.com\/pl\/#website\"},\"datePublished\":\"2025-03-21T21:53:38+00:00\",\"dateModified\":\"2025-04-02T17:47:25+00:00\",\"inLanguage\":\"pl-PL\",\"potentialAction\":[{\"@type\":\"ReadAction\",\"target\":[\"https:\/\/cryptorecovers.com\/pl\/czesto-zadawane-pytania\/\"]}]},{\"@type\":\"WebSite\",\"@id\":\"https:\/\/cryptorecovers.com\/pl\/#website\",\"url\":\"https:\/\/cryptorecovers.com\/pl\/\",\"name\":\"Crypto Recovers\",\"description\":\"Crypto Wallet Recovery Services\",\"publisher\":{\"@id\":\"https:\/\/cryptorecovers.com\/pl\/#organization\"},\"potentialAction\":[{\"@type\":\"SearchAction\",\"target\":{\"@type\":\"EntryPoint\",\"urlTemplate\":\"https:\/\/cryptorecovers.com\/pl\/?s={search_term_string}\"},\"query-input\":{\"@type\":\"PropertyValueSpecification\",\"valueRequired\":true,\"valueName\":\"search_term_string\"}}],\"inLanguage\":\"pl-PL\"},{\"@type\":[\"Organization\",\"Place\"],\"@id\":\"https:\/\/cryptorecovers.com\/pl\/#organization\",\"name\":\"Crypto Recovers\",\"alternateName\":\"Crypto Recovers \u2013 Crypto Wallet Recovery Services\",\"url\":\"https:\/\/cryptorecovers.com\/pl\/\",\"logo\":{\"@id\":\"https:\/\/cryptorecovers.com\/pl\/czesto-zadawane-pytania\/#local-main-organization-logo\"},\"image\":{\"@id\":\"https:\/\/cryptorecovers.com\/pl\/czesto-zadawane-pytania\/#local-main-organization-logo\"},\"sameAs\":[\"https:\/\/www.facebook.com\/profile.php?id=61555829150179\",\"https:\/\/x.com\/xcryptorecovers\",\"https:\/\/www.linkedin.com\/company\/101478432\/\",\"https:\/\/www.youtube.com\/@cryptorecovers\"],\"description\":\"Crypto Recovers is a specialized cryptocurrency wallet recovery service that helps individuals and businesses regain access to lost or inaccessible crypto wallets, including cases involving forgotten passwords, incomplete recovery phrases, and corrupted wallet data.\",\"legalName\":\"Crypto Recovers\",\"foundingDate\":\"2019-05-27\",\"numberOfEmployees\":{\"@type\":\"QuantitativeValue\",\"minValue\":\"1\",\"maxValue\":\"10\"},\"address\":{\"@id\":\"https:\/\/cryptorecovers.com\/pl\/czesto-zadawane-pytania\/#local-main-place-address\"},\"telephone\":[\"+31851091211\"],\"contactPoint\":{\"@type\":\"ContactPoint\",\"telephone\":\"+31851091211\",\"email\":\"support@cryptorecovers.com\"},\"openingHoursSpecification\":{\"@type\":\"OpeningHoursSpecification\",\"dayOfWeek\":[\"Monday\",\"Tuesday\",\"Wednesday\",\"Thursday\",\"Friday\",\"Saturday\",\"Sunday\"],\"opens\":\"00:00\",\"closes\":\"23:59\"},\"email\":\"support@cryptorecovers.com\",\"areaServed\":\"Worldwide\",\"vatID\":\"NL003031083B24\"},{\"@type\":\"PostalAddress\",\"@id\":\"https:\/\/cryptorecovers.com\/pl\/czesto-zadawane-pytania\/#local-main-place-address\",\"streetAddress\":\"Louis Braillelaan 80\",\"addressLocality\":\"Zoetermeer\",\"postalCode\":\"2719 EK\",\"addressRegion\":\"Zuid-Holland\",\"addressCountry\":\"NL\"},{\"@type\":\"ImageObject\",\"inLanguage\":\"pl-PL\",\"@id\":\"https:\/\/cryptorecovers.com\/pl\/czesto-zadawane-pytania\/#local-main-organization-logo\",\"url\":\"https:\/\/cryptorecovers.com\/wp-content\/uploads\/2025\/09\/favicon_website_cr.png\",\"contentUrl\":\"https:\/\/cryptorecovers.com\/wp-content\/uploads\/2025\/09\/favicon_website_cr.png\",\"width\":500,\"height\":500,\"caption\":\"Crypto Recovers\"}]}<\/script>\n<meta name=\"geo.placename\" content=\"Zoetermeer\" \/>\n<meta name=\"geo.region\" content=\"Holandia\" \/>\n<!-- \/ Yoast SEO Premium plugin. -->","yoast_head_json":{"title":"Cz\u0119sto zadawane pytania - Cryptorecovers.com","robots":{"index":"index","follow":"follow","max-snippet":"max-snippet:-1","max-image-preview":"max-image-preview:large","max-video-preview":"max-video-preview:-1"},"canonical":"https:\/\/cryptorecovers.com\/pl\/czesto-zadawane-pytania\/","og_locale":"pl_PL","og_type":"article","og_title":"Cz\u0119sto zadawane pytania","og_description":"Jak wygl\u0105da proces odzyskiwania moich aktyw\u00f3w kryptograficznych? Zaczynamy od zrozumienia konkretnej sytuacji i zebrania niezb\u0119dnych szczeg\u00f3\u0142\u00f3w, takich jak historia transakcji lub informacje o portfelu. Nasz zesp\u00f3\u0142 wykorzystuje zaawansowane narz\u0119dzia i techniki, aby odzyska\u0107 dost\u0119p do aktyw\u00f3w kryptograficznych, zapewniaj\u0105c bezpiecze\u0144stwo i prywatno\u015b\u0107 w trakcie ca\u0142ego procesu. Ile wynosz\u0105 op\u0142aty za us\u0142ugi odzyskiwania danych? Nasza standardowa op\u0142ata [&hellip;]","og_url":"https:\/\/cryptorecovers.com\/pl\/czesto-zadawane-pytania\/","og_site_name":"Crypto Recovers","article_publisher":"https:\/\/www.facebook.com\/profile.php?id=61555829150179","article_modified_time":"2025-04-02T17:47:25+00:00","og_image":[{"width":1200,"height":628,"url":"https:\/\/cryptorecovers.com\/wp-content\/uploads\/2023\/12\/Cryptorecovers-Wallet-recovery-thumbnail.jpg","type":"image\/jpeg"}],"twitter_card":"summary_large_image","twitter_site":"@xcryptorecovers","twitter_misc":{"Szacowany czas czytania":"8 minut"},"schema":{"@context":"https:\/\/schema.org","@graph":[{"@type":"WebPage","@id":"https:\/\/cryptorecovers.com\/pl\/czesto-zadawane-pytania\/","url":"https:\/\/cryptorecovers.com\/pl\/czesto-zadawane-pytania\/","name":"Cz\u0119sto zadawane pytania - Cryptorecovers.com","isPartOf":{"@id":"https:\/\/cryptorecovers.com\/pl\/#website"},"datePublished":"2025-03-21T21:53:38+00:00","dateModified":"2025-04-02T17:47:25+00:00","inLanguage":"pl-PL","potentialAction":[{"@type":"ReadAction","target":["https:\/\/cryptorecovers.com\/pl\/czesto-zadawane-pytania\/"]}]},{"@type":"WebSite","@id":"https:\/\/cryptorecovers.com\/pl\/#website","url":"https:\/\/cryptorecovers.com\/pl\/","name":"Crypto Recovers","description":"Crypto Wallet Recovery Services","publisher":{"@id":"https:\/\/cryptorecovers.com\/pl\/#organization"},"potentialAction":[{"@type":"SearchAction","target":{"@type":"EntryPoint","urlTemplate":"https:\/\/cryptorecovers.com\/pl\/?s={search_term_string}"},"query-input":{"@type":"PropertyValueSpecification","valueRequired":true,"valueName":"search_term_string"}}],"inLanguage":"pl-PL"},{"@type":["Organization","Place"],"@id":"https:\/\/cryptorecovers.com\/pl\/#organization","name":"Crypto Recovers","alternateName":"Crypto Recovers \u2013 Crypto Wallet Recovery Services","url":"https:\/\/cryptorecovers.com\/pl\/","logo":{"@id":"https:\/\/cryptorecovers.com\/pl\/czesto-zadawane-pytania\/#local-main-organization-logo"},"image":{"@id":"https:\/\/cryptorecovers.com\/pl\/czesto-zadawane-pytania\/#local-main-organization-logo"},"sameAs":["https:\/\/www.facebook.com\/profile.php?id=61555829150179","https:\/\/x.com\/xcryptorecovers","https:\/\/www.linkedin.com\/company\/101478432\/","https:\/\/www.youtube.com\/@cryptorecovers"],"description":"Crypto Recovers is a specialized cryptocurrency wallet recovery service that helps individuals and businesses regain access to lost or inaccessible crypto wallets, including cases involving forgotten passwords, incomplete recovery phrases, and corrupted wallet data.","legalName":"Crypto Recovers","foundingDate":"2019-05-27","numberOfEmployees":{"@type":"QuantitativeValue","minValue":"1","maxValue":"10"},"address":{"@id":"https:\/\/cryptorecovers.com\/pl\/czesto-zadawane-pytania\/#local-main-place-address"},"telephone":["+31851091211"],"contactPoint":{"@type":"ContactPoint","telephone":"+31851091211","email":"support@cryptorecovers.com"},"openingHoursSpecification":{"@type":"OpeningHoursSpecification","dayOfWeek":["Monday","Tuesday","Wednesday","Thursday","Friday","Saturday","Sunday"],"opens":"00:00","closes":"23:59"},"email":"support@cryptorecovers.com","areaServed":"Worldwide","vatID":"NL003031083B24"},{"@type":"PostalAddress","@id":"https:\/\/cryptorecovers.com\/pl\/czesto-zadawane-pytania\/#local-main-place-address","streetAddress":"Louis Braillelaan 80","addressLocality":"Zoetermeer","postalCode":"2719 EK","addressRegion":"Zuid-Holland","addressCountry":"NL"},{"@type":"ImageObject","inLanguage":"pl-PL","@id":"https:\/\/cryptorecovers.com\/pl\/czesto-zadawane-pytania\/#local-main-organization-logo","url":"https:\/\/cryptorecovers.com\/wp-content\/uploads\/2025\/09\/favicon_website_cr.png","contentUrl":"https:\/\/cryptorecovers.com\/wp-content\/uploads\/2025\/09\/favicon_website_cr.png","width":500,"height":500,"caption":"Crypto Recovers"}]},"geo.placename":"Zoetermeer","geo.region":"Holandia"},"_links":{"self":[{"href":"https:\/\/cryptorecovers.com\/pl\/wp-json\/wp\/v2\/pages\/246368","targetHints":{"allow":["GET"]}}],"collection":[{"href":"https:\/\/cryptorecovers.com\/pl\/wp-json\/wp\/v2\/pages"}],"about":[{"href":"https:\/\/cryptorecovers.com\/pl\/wp-json\/wp\/v2\/types\/page"}],"author":[{"embeddable":true,"href":"https:\/\/cryptorecovers.com\/pl\/wp-json\/wp\/v2\/users\/1"}],"replies":[{"embeddable":true,"href":"https:\/\/cryptorecovers.com\/pl\/wp-json\/wp\/v2\/comments?post=246368"}],"version-history":[{"count":20,"href":"https:\/\/cryptorecovers.com\/pl\/wp-json\/wp\/v2\/pages\/246368\/revisions"}],"predecessor-version":[{"id":250148,"href":"https:\/\/cryptorecovers.com\/pl\/wp-json\/wp\/v2\/pages\/246368\/revisions\/250148"}],"wp:attachment":[{"href":"https:\/\/cryptorecovers.com\/pl\/wp-json\/wp\/v2\/media?parent=246368"}],"curies":[{"name":"wp","href":"https:\/\/api.w.org\/{rel}","templated":true}]}}