{"id":241818,"date":"2024-12-19T00:59:24","date_gmt":"2024-12-19T00:59:24","guid":{"rendered":"https:\/\/cryptorecovers.com\/polityka-etyczna\/"},"modified":"2024-12-19T00:59:25","modified_gmt":"2024-12-19T00:59:25","slug":"polityka-etyczna","status":"publish","type":"page","link":"https:\/\/cryptorecovers.com\/pl\/polityka-etyczna\/","title":{"rendered":"Polityka etyczna"},"content":{"rendered":"<p>[et_pb_section fb_built=&#8221;1&#8243; fullwidth=&#8221;on&#8221; admin_label=&#8221;Hero Section&#8221; _builder_version=&#8221;4.16&#8243; background_color=&#8221;#101535&#8243; background_image=&#8221;https:\/\/cryptorecovers.com\/wp-content\/uploads\/2023\/02\/crypto-bg-02.png&#8221; parallax=&#8221;on&#8221; custom_margin=&#8221;|||&#8221; custom_padding=&#8221;|||&#8221; locked=&#8221;off&#8221; global_colors_info=&#8221;{}&#8221; theme_builder_area=&#8221;post_content&#8221;][et_pb_fullwidth_header title=&#8221;Polityka etyczna&#8221; text_orientation=&#8221;center&#8221; _builder_version=&#8221;4.27.0&#8243; title_font=&#8221;Poppins||||||||&#8221; title_font_size=&#8221;66px&#8221; title_line_height=&#8221;1.5em&#8221; content_font=&#8221;||||||||&#8221; content_font_size=&#8221;18px&#8221; content_line_height=&#8221;2em&#8221; background_enable_color=&#8221;off&#8221; background_position=&#8221;bottom_center&#8221; custom_button_one=&#8221;on&#8221; button_one_text_size=&#8221;13px&#8221; button_one_bg_color=&#8221;#4328b7&#8243; button_one_border_width=&#8221;10px&#8221; button_one_border_color=&#8221;#4328b7&#8243; button_one_border_radius=&#8221;0px&#8221; button_one_letter_spacing=&#8221;2px&#8221; button_one_font=&#8221;Titillium Web|700||on|||||&#8221; custom_button_two=&#8221;on&#8221; button_two_text_size=&#8221;13px&#8221; button_two_text_color=&#8221;#4328b7&#8243; button_two_bg_color=&#8221;#ffffff&#8221; button_two_border_width=&#8221;10px&#8221; button_two_border_color=&#8221;#ffffff&#8221; button_two_border_radius=&#8221;0px&#8221; button_two_letter_spacing=&#8221;2px&#8221; button_two_font=&#8221;Titillium Web|700||on|||||&#8221; custom_margin=&#8221;|||&#8221; custom_padding=&#8221;140px||4vw||false|false&#8221; custom_padding_tablet=&#8221;100px||||false|false&#8221; custom_padding_phone=&#8221;110px||||false|false&#8221; custom_padding_last_edited=&#8221;on|desktop&#8221; animation_direction=&#8221;bottom&#8221; title_font_size_tablet=&#8221;40px&#8221; title_font_size_phone=&#8221;&#8221; title_font_size_last_edited=&#8221;on|phone&#8221; content_font_size_tablet=&#8221;&#8221; content_font_size_phone=&#8221;15px&#8221; content_font_size_last_edited=&#8221;on|phone&#8221; button_one_letter_spacing_hover=&#8221;2px&#8221; button_two_letter_spacing_hover=&#8221;2px&#8221; global_colors_info=&#8221;{}&#8221; button_one_text_size__hover_enabled=&#8221;off&#8221; button_two_text_size__hover_enabled=&#8221;off&#8221; button_one_text_color__hover_enabled=&#8221;off&#8221; button_two_text_color__hover_enabled=&#8221;off&#8221; button_one_border_width__hover_enabled=&#8221;off&#8221; button_two_border_width__hover_enabled=&#8221;off&#8221; button_one_border_color__hover_enabled=&#8221;off&#8221; button_two_border_color__hover_enabled=&#8221;off&#8221; button_one_border_radius__hover_enabled=&#8221;off&#8221; button_two_border_radius__hover_enabled=&#8221;off&#8221; button_one_letter_spacing__hover_enabled=&#8221;on&#8221; button_one_letter_spacing__hover=&#8221;2px&#8221; button_two_letter_spacing__hover_enabled=&#8221;on&#8221; button_two_letter_spacing__hover=&#8221;2px&#8221; button_one_bg_color__hover_enabled=&#8221;off&#8221; button_two_bg_color__hover_enabled=&#8221;off&#8221; theme_builder_area=&#8221;post_content&#8221;][\/et_pb_fullwidth_header][\/et_pb_section][et_pb_section fb_built=&#8221;1&#8243; fullwidth=&#8221;on&#8221; admin_label=&#8221;Hero Section&#8221; _builder_version=&#8221;4.27.0&#8243; background_enable_color=&#8221;off&#8221; background_enable_image=&#8221;off&#8221; parallax=&#8221;on&#8221; custom_margin=&#8221;|||&#8221; custom_padding=&#8221;|||&#8221; global_colors_info=&#8221;{}&#8221; theme_builder_area=&#8221;post_content&#8221;][et_pb_fullwidth_header _builder_version=&#8221;4.27.4&#8243; title_font=&#8221;Poppins|600|||||||&#8221; title_text_color=&#8221;#000000&#8243; title_font_size=&#8221;39px&#8221; title_line_height=&#8221;1.5em&#8221; content_font=&#8221;||||||||&#8221; content_text_color=&#8221;#000000&#8243; content_font_size=&#8221;17px&#8221; content_line_height=&#8221;2em&#8221; background_color=&#8221;rgba(0,0,0,0)&#8221; background_enable_image=&#8221;off&#8221; background_position=&#8221;bottom_center&#8221; custom_button_one=&#8221;on&#8221; button_one_text_size=&#8221;13px&#8221; button_one_bg_color=&#8221;#4328b7&#8243; button_one_border_width=&#8221;10px&#8221; button_one_border_color=&#8221;#4328b7&#8243; button_one_border_radius=&#8221;0px&#8221; button_one_letter_spacing=&#8221;2px&#8221; button_one_font=&#8221;Titillium Web|700||on|||||&#8221; custom_button_two=&#8221;on&#8221; button_two_text_size=&#8221;13px&#8221; button_two_text_color=&#8221;#4328b7&#8243; button_two_bg_color=&#8221;#ffffff&#8221; button_two_border_width=&#8221;10px&#8221; button_two_border_color=&#8221;#ffffff&#8221; button_two_border_radius=&#8221;0px&#8221; button_two_letter_spacing=&#8221;2px&#8221; button_two_font=&#8221;Titillium Web|700||on|||||&#8221; width_phone=&#8221;100%&#8221; width_last_edited=&#8221;off|phone&#8221; max_width_phone=&#8221;100%&#8221; max_width_last_edited=&#8221;off|phone&#8221; custom_margin=&#8221;|||&#8221; custom_padding=&#8221;6vw||8vw||false|&#8221; animation_direction=&#8221;bottom&#8221; hover_enabled=&#8221;0&#8243; title_font_size_tablet=&#8221;34px&#8221; title_font_size_phone=&#8221;26px&#8221; title_font_size_last_edited=&#8221;on|phone&#8221; content_font_size_tablet=&#8221;16px&#8221; content_font_size_phone=&#8221;15px&#8221; content_font_size_last_edited=&#8221;on|phone&#8221; button_one_letter_spacing_hover=&#8221;2px&#8221; button_two_letter_spacing_hover=&#8221;2px&#8221; global_colors_info=&#8221;{}&#8221; button_one_text_size__hover_enabled=&#8221;off&#8221; button_two_text_size__hover_enabled=&#8221;off&#8221; button_one_text_color__hover_enabled=&#8221;off&#8221; button_two_text_color__hover_enabled=&#8221;off&#8221; button_one_border_width__hover_enabled=&#8221;off&#8221; button_two_border_width__hover_enabled=&#8221;off&#8221; button_one_border_color__hover_enabled=&#8221;off&#8221; button_two_border_color__hover_enabled=&#8221;off&#8221; button_one_border_radius__hover_enabled=&#8221;off&#8221; button_two_border_radius__hover_enabled=&#8221;off&#8221; button_one_letter_spacing__hover_enabled=&#8221;on&#8221; button_one_letter_spacing__hover=&#8221;2px&#8221; button_two_letter_spacing__hover_enabled=&#8221;on&#8221; button_two_letter_spacing__hover=&#8221;2px&#8221; button_one_bg_color__hover_enabled=&#8221;off&#8221; button_two_bg_color__hover_enabled=&#8221;off&#8221; theme_builder_area=&#8221;post_content&#8221; sticky_enabled=&#8221;0&#8243; title_level=&#8221;h4&#8243; background_layout=&#8221;light&#8221;]<\/p>\n<p>W <strong>Crypto Recovers<\/strong> jeste\u015bmy g\u0142\u0119boko zaanga\u017cowani w prowadzenie naszej dzia\u0142alno\u015bci z zachowaniem najwy\u017cszych standard\u00f3w etycznych. Nasza <strong>polityka etyczna<\/strong> odzwierciedla nasze zaanga\u017cowanie w uczciwo\u015b\u0107, rzetelno\u015b\u0107 i odpowiedzialno\u015b\u0107 w ka\u017cdym aspekcie naszych us\u0142ug. Wierzymy, \u017ce przestrzegaj\u0105c silnych zasad etycznych, mo\u017cemy oferowa\u0107 nie tylko skuteczne us\u0142ugi odzyskiwania portfeli, ale tak\u017ce budowa\u0107 trwa\u0142e zaufanie i pewno\u015b\u0107 w\u015br\u00f3d naszych u\u017cytkownik\u00f3w.  <\/p>\n<p>&nbsp;<\/p>\n<h3><strong>Zobowi\u0105zanie do uczciwo\u015bci<\/strong><\/h3>\n<p>Uczciwo\u015b\u0107 jest kamieniem w\u0119gielnym wszystkiego, co robimy w <strong>Crypto Recovers<\/strong>. Staramy si\u0119 \u015bwiadczy\u0107 uczciwe i przejrzyste us\u0142ugi odzyskiwania portfeli, pomagaj\u0105c u\u017cytkownikom w odzyskaniu ich cennych zasob\u00f3w cyfrowych. Niezale\u017cnie od tego, czy chodzi o odzyskiwanie portfela <strong>Ethereum<\/strong> czy <strong>Bitcoin<\/strong>, gwarantujemy, \u017ce ka\u017cde podejmowane przez nas dzia\u0142anie opiera si\u0119 na naszych podstawowych warto\u015bciach, takich jak uczciwo\u015b\u0107, prawdom\u00f3wno\u015b\u0107 i niezawodno\u015b\u0107.  <\/p>\n<p>&nbsp;<\/p>\n<ul>\n<li><strong>Nigdy nie obiecujemy gwarantowanego odzyskania<\/strong> \u015brodk\u00f3w, chyba \u017ce le\u017cy to w zakresie naszych mo\u017cliwo\u015bci, zapewniaj\u0105c pe\u0142n\u0105 przejrzysto\u015b\u0107 we wszystkich naszych interakcjach. Je\u015bli odzyskanie portfela jest ma\u0142o prawdopodobne lub niemo\u017cliwe, zapewniamy klientowi uczciw\u0105 informacj\u0119 zwrotn\u0105 na temat mo\u017cliwych szans powodzenia, daj\u0105c mu informacje potrzebne do podj\u0119cia \u015bwiadomej decyzji. <\/li>\n<\/ul>\n<ul>\n<li>Wierzymy w <strong>jasn\u0105 i przejrzyst\u0105 komunikacj\u0119<\/strong> z u\u017cytkownikami, zw\u0142aszcza podczas omawiania mo\u017cliwo\u015bci odzyskania danych. Pomaga to ustali\u0107 realistyczne oczekiwania i zapobiega wszelkim nieporozumieniom lub rozczarowaniom podczas procesu odzyskiwania. <\/li>\n<\/ul>\n<p>&nbsp;<\/p>\n<h3><strong>Poszanowanie prywatno\u015bci u\u017cytkownika<\/strong><\/h3>\n<p>W <strong>Crypto Recovers<\/strong> rozumiemy wysoce wra\u017cliwy charakter danych, kt\u00f3rymi si\u0119 zajmujemy. Prywatno\u015b\u0107 u\u017cytkownik\u00f3w jest jednym z naszych najwy\u017cszych priorytet\u00f3w i podejmujemy wszelkie niezb\u0119dne kroki w celu ochrony danych osobowych w ca\u0142ym procesie odzyskiwania. Nasze wytyczne etyczne obejmuj\u0105 \u015bcis\u0142e <strong>\u015brodki ochrony danych<\/strong>, zapewniaj\u0105c, \u017ce wszelkie udost\u0119pnione nam informacje pozostan\u0105 <strong>prywatne i bezpieczne<\/strong>.  <\/p>\n<p>&nbsp;<\/p>\n<ul>\n<li>Zobowi\u0105zujemy si\u0119 do <strong>gromadzenia wy\u0142\u0105cznie niezb\u0119dnych informacji<\/strong> do cel\u00f3w odzyskiwania portfela i \u015bci\u015ble przestrzegamy przepis\u00f3w i regulacji dotycz\u0105cych ochrony danych.<\/li>\n<li><strong>Przejrzysto\u015b\u0107 w przetwarzaniu danych<\/strong> jest kluczowa: Nigdy nie udost\u0119pniamy, nie sprzedajemy ani nie wykorzystujemy w niew\u0142a\u015bciwy spos\u00f3b \u017cadnych danych osobowych. Udost\u0119pniamy dane u\u017cytkownik\u00f3w stronom trzecim tylko wtedy, gdy jest to wyra\u017anie autoryzowane przez u\u017cytkownika lub wymagane do procesu odzyskiwania i odbywa si\u0119 zgodnie z nasz\u0105 <a href=\"https:\/\/cryptorecovers.com\/pl\/polityka-prywatnosci\/\"><strong>Polityk\u0105 prywatno\u015bci<\/strong><\/a>. <\/li>\n<\/ul>\n<p>&nbsp;<\/p>\n<h3><strong>Uczciwo\u015b\u0107 w praktykach odzyskiwania nale\u017cno\u015bci<\/strong><\/h3>\n<p>W <strong>Crypto Recovers<\/strong> dok\u0142adamy wszelkich stara\u0144, aby zapewni\u0107 <strong>uczciwe i sprawiedliwe us\u0142ugi<\/strong> wszystkim naszym klientom. Niezale\u017cnie od tego, czy jeste\u015b u\u017cytkownikiem po raz pierwszy, czy powracaj\u0105cym klientem, zapewniamy, \u017ce wszystkie zapytania s\u0105 traktowane z profesjonalizmem, szacunkiem i uczciwo\u015bci\u0105. <\/p>\n<p>&nbsp;<\/p>\n<ul>\n<li><strong>R\u00f3wne traktowanie<\/strong>: Nasza polityka etyczna gwarantuje, \u017ce oferujemy bezstronne i obiektywne us\u0142ugi odzyskiwania portfela. Ka\u017cdy u\u017cytkownik, niezale\u017cnie od jego pochodzenia lub do\u015bwiadczenia, otrzymuje najlepsze mo\u017cliwe rozwi\u0105zanie w oparciu o jego konkretne potrzeby i sytuacj\u0119. <\/li>\n<li><strong>Podej\u015bcie zorientowane na klienta<\/strong>: Dok\u0142adamy wszelkich stara\u0144, aby zrozumie\u0107 wyj\u0105tkowe okoliczno\u015bci ka\u017cdego u\u017cytkownika, zapewniaj\u0105c, \u017ce ka\u017cda pr\u00f3ba odzyskania jest dostosowana do potrzeb u\u017cytkownika i stanu portfela.<\/li>\n<\/ul>\n<p>&nbsp;<\/p>\n<h3><strong>Odpowiedzialno\u015b\u0107 i przejrzysto\u015b\u0107<\/strong><\/h3>\n<p>Wierzymy w <strong>odpowiedzialno\u015b\u0107<\/strong> i utrzymujemy kultur\u0119 przejrzysto\u015bci we wszystkich naszych dzia\u0142aniach. Zapewniamy naszym klientom dost\u0119p do jasnych i zrozumia\u0142ych informacji na temat naszych us\u0142ug, cen i procesu odzyskiwania nale\u017cno\u015bci. Je\u015bli pojawi\u0105 si\u0119 problemy, zajmujemy si\u0119 nimi szybko i profesjonalnie, zapewniaj\u0105c satysfakcj\u0119 klienta i rozwi\u0105zuj\u0105c wszelkie problemy, kt\u00f3re mog\u0105 wyst\u0105pi\u0107 podczas procesu odzyskiwania danych.  <\/p>\n<p>&nbsp;<\/p>\n<ul>\n<li><strong>Jasne warunki<\/strong>: Zapewniamy naszym klientom szczeg\u00f3\u0142owe informacje na temat warunk\u00f3w \u015bwiadczenia us\u0142ug, cen i oczekiwa\u0144 na samym pocz\u0105tku, zapewniaj\u0105c brak niespodzianek. Pomaga to stworzy\u0107 relacj\u0119 opart\u0105 na wzajemnym zaufaniu i szacunku. <\/li>\n<\/ul>\n<p>&nbsp;<\/p>\n<h3><strong>Ci\u0105g\u0142e doskonalenie<\/strong><\/h3>\n<p>D\u0105\u017cymy do doskona\u0142o\u015bci we wszystkim, co robimy, w tym w naszych praktykach etycznych. Regularnie przegl\u0105damy i aktualizujemy nasz\u0105 <strong>Polityk\u0119 Etyki<\/strong>, aby odzwierciedli\u0107 zmieniaj\u0105ce si\u0119 potrzeby naszych u\u017cytkownik\u00f3w, zmiany w bran\u017cy kryptowalut oraz post\u0119py w zakresie ochrony danych i technologii. <\/p>\n<p>&nbsp;<\/p>\n<ul>\n<li>Nasze zaanga\u017cowanie w <strong>ci\u0105g\u0142e doskonalenie<\/strong> zapewnia zgodno\u015b\u0107 z najwy\u017cszymi standardami etycznych praktyk biznesowych.<\/li>\n<\/ul>\n<p>&nbsp;<\/p>\n<h3><strong>Wnioski<\/strong><\/h3>\n<p>W <strong>Crypto Recovers<\/strong> nasze podstawowe warto\u015bci, takie jak <strong>uczciwo\u015b\u0107<\/strong>, <strong>prawo\u015b\u0107<\/strong> i <strong>szacunek<\/strong>, kszta\u0142tuj\u0105 spos\u00f3b, w jaki dzia\u0142amy. Zobowi\u0105zujemy si\u0119 do przestrzegania najwy\u017cszych standard\u00f3w etycznych w ka\u017cdym aspekcie naszej dzia\u0142alno\u015bci. Nasza Polityka Etyki pomaga kierowa\u0107 sposobem, w jaki prowadzimy us\u0142ugi odzyskiwania portfeli, utrzymujemy prywatno\u015b\u0107 u\u017cytkownik\u00f3w i zapewniamy uczciwe i sprawiedliwe praktyki dla ka\u017cdego klienta.  <\/p>\n<p>Rozumiemy, jak wa\u017cne jest utrzymanie zaufania u\u017cytkownik\u00f3w i nieustannie staramy si\u0119 by\u0107 transparentni, odpowiedzialni i uczciwi w naszych interakcjach. Dzi\u0119kujemy za wybranie <strong>Crypto Recovers<\/strong> do odzyskiwania portfela. <\/p>\n<p>[\/et_pb_fullwidth_header][\/et_pb_section]<\/p>\n","protected":false},"excerpt":{"rendered":"<p>W Crypto Recovers jeste\u015bmy g\u0142\u0119boko zaanga\u017cowani w prowadzenie naszej dzia\u0142alno\u015bci z zachowaniem najwy\u017cszych standard\u00f3w etycznych. Nasza polityka etyczna odzwierciedla nasze zaanga\u017cowanie w uczciwo\u015b\u0107, rzetelno\u015b\u0107 i odpowiedzialno\u015b\u0107 w ka\u017cdym aspekcie naszych us\u0142ug. Wierzymy, \u017ce przestrzegaj\u0105c silnych zasad etycznych, mo\u017cemy oferowa\u0107 nie tylko skuteczne us\u0142ugi odzyskiwania portfeli, ale tak\u017ce budowa\u0107 trwa\u0142e zaufanie i pewno\u015b\u0107 w\u015br\u00f3d naszych u\u017cytkownik\u00f3w. [&hellip;]<\/p>\n","protected":false},"author":1,"featured_media":0,"parent":0,"menu_order":0,"comment_status":"closed","ping_status":"closed","template":"","meta":{"_et_pb_use_builder":"on","_et_pb_old_content":"","_et_gb_content_width":"","footnotes":""},"class_list":["post-241818","page","type-page","status-publish","hentry"],"yoast_head":"<!-- This site is optimized with the Yoast SEO Premium plugin v27.1 (Yoast SEO v27.1.1) - https:\/\/yoast.com\/product\/yoast-seo-premium-wordpress\/ -->\n<title>Polityka etyczna - Cryptorecovers.com<\/title>\n<meta name=\"description\" content=\"Zapoznaj si\u0119 z polityk\u0105 etyczn\u0105 Cryptorecovers, w kt\u00f3rej k\u0142adziemy nacisk na uczciwo\u015b\u0107, szczero\u015b\u0107 i odpowiedzialno\u015b\u0107 we wszystkich naszych us\u0142ugach odzyskiwania portfeli.\" \/>\n<meta name=\"robots\" content=\"index, follow, max-snippet:-1, max-image-preview:large, max-video-preview:-1\" \/>\n<link rel=\"canonical\" href=\"https:\/\/cryptorecovers.com\/pl\/polityka-etyczna\/\" \/>\n<meta property=\"og:locale\" content=\"pl_PL\" \/>\n<meta property=\"og:type\" content=\"article\" \/>\n<meta property=\"og:title\" content=\"Polityka etyczna\" \/>\n<meta property=\"og:description\" content=\"Zapoznaj si\u0119 z polityk\u0105 etyczn\u0105 Cryptorecovers, w kt\u00f3rej k\u0142adziemy nacisk na uczciwo\u015b\u0107, szczero\u015b\u0107 i odpowiedzialno\u015b\u0107 we wszystkich naszych us\u0142ugach odzyskiwania portfeli.\" \/>\n<meta property=\"og:url\" content=\"https:\/\/cryptorecovers.com\/pl\/polityka-etyczna\/\" \/>\n<meta property=\"og:site_name\" content=\"Crypto Recovers\" \/>\n<meta property=\"article:publisher\" content=\"https:\/\/www.facebook.com\/profile.php?id=61555829150179\" \/>\n<meta property=\"article:modified_time\" content=\"2024-12-19T00:59:25+00:00\" \/>\n<meta property=\"og:image\" content=\"https:\/\/cryptorecovers.com\/wp-content\/uploads\/2023\/12\/Cryptorecovers-Wallet-recovery-thumbnail.jpg\" \/>\n\t<meta property=\"og:image:width\" content=\"1200\" \/>\n\t<meta property=\"og:image:height\" content=\"628\" \/>\n\t<meta property=\"og:image:type\" content=\"image\/jpeg\" \/>\n<meta name=\"twitter:card\" content=\"summary_large_image\" \/>\n<meta name=\"twitter:site\" content=\"@xcryptorecovers\" \/>\n<meta name=\"twitter:label1\" content=\"Szacowany czas czytania\" \/>\n\t<meta name=\"twitter:data1\" content=\"8 minut\" \/>\n<script type=\"application\/ld+json\" class=\"yoast-schema-graph\">{\"@context\":\"https:\/\/schema.org\",\"@graph\":[{\"@type\":\"WebPage\",\"@id\":\"https:\/\/cryptorecovers.com\/pl\/polityka-etyczna\/\",\"url\":\"https:\/\/cryptorecovers.com\/pl\/polityka-etyczna\/\",\"name\":\"Polityka etyczna - Cryptorecovers.com\",\"isPartOf\":{\"@id\":\"https:\/\/cryptorecovers.com\/pl\/#website\"},\"datePublished\":\"2024-12-19T00:59:24+00:00\",\"dateModified\":\"2024-12-19T00:59:25+00:00\",\"description\":\"Zapoznaj si\u0119 z polityk\u0105 etyczn\u0105 Cryptorecovers, w kt\u00f3rej k\u0142adziemy nacisk na uczciwo\u015b\u0107, szczero\u015b\u0107 i odpowiedzialno\u015b\u0107 we wszystkich naszych us\u0142ugach odzyskiwania portfeli.\",\"inLanguage\":\"pl-PL\",\"potentialAction\":[{\"@type\":\"ReadAction\",\"target\":[\"https:\/\/cryptorecovers.com\/pl\/polityka-etyczna\/\"]}]},{\"@type\":\"WebSite\",\"@id\":\"https:\/\/cryptorecovers.com\/pl\/#website\",\"url\":\"https:\/\/cryptorecovers.com\/pl\/\",\"name\":\"Crypto Recovers\",\"description\":\"Crypto Wallet Recovery Services\",\"publisher\":{\"@id\":\"https:\/\/cryptorecovers.com\/pl\/#organization\"},\"potentialAction\":[{\"@type\":\"SearchAction\",\"target\":{\"@type\":\"EntryPoint\",\"urlTemplate\":\"https:\/\/cryptorecovers.com\/pl\/?s={search_term_string}\"},\"query-input\":{\"@type\":\"PropertyValueSpecification\",\"valueRequired\":true,\"valueName\":\"search_term_string\"}}],\"inLanguage\":\"pl-PL\"},{\"@type\":[\"Organization\",\"Place\"],\"@id\":\"https:\/\/cryptorecovers.com\/pl\/#organization\",\"name\":\"Crypto Recovers\",\"alternateName\":\"Crypto Recovers \u2013 Crypto Wallet Recovery Services\",\"url\":\"https:\/\/cryptorecovers.com\/pl\/\",\"logo\":{\"@id\":\"https:\/\/cryptorecovers.com\/pl\/polityka-etyczna\/#local-main-organization-logo\"},\"image\":{\"@id\":\"https:\/\/cryptorecovers.com\/pl\/polityka-etyczna\/#local-main-organization-logo\"},\"sameAs\":[\"https:\/\/www.facebook.com\/profile.php?id=61555829150179\",\"https:\/\/x.com\/xcryptorecovers\",\"https:\/\/www.linkedin.com\/company\/101478432\/\",\"https:\/\/www.youtube.com\/@cryptorecovers\"],\"description\":\"Crypto Recovers is a specialized cryptocurrency wallet recovery service that helps individuals and businesses regain access to lost or inaccessible crypto wallets, including cases involving forgotten passwords, incomplete recovery phrases, and corrupted wallet data.\",\"legalName\":\"Crypto Recovers\",\"foundingDate\":\"2019-05-27\",\"numberOfEmployees\":{\"@type\":\"QuantitativeValue\",\"minValue\":\"1\",\"maxValue\":\"10\"},\"address\":{\"@id\":\"https:\/\/cryptorecovers.com\/pl\/polityka-etyczna\/#local-main-place-address\"},\"telephone\":[\"+31851091211\"],\"contactPoint\":{\"@type\":\"ContactPoint\",\"telephone\":\"+31851091211\",\"email\":\"support@cryptorecovers.com\"},\"openingHoursSpecification\":{\"@type\":\"OpeningHoursSpecification\",\"dayOfWeek\":[\"Monday\",\"Tuesday\",\"Wednesday\",\"Thursday\",\"Friday\",\"Saturday\",\"Sunday\"],\"opens\":\"00:00\",\"closes\":\"23:59\"},\"email\":\"support@cryptorecovers.com\",\"areaServed\":\"Worldwide\",\"vatID\":\"NL003031083B24\"},{\"@type\":\"PostalAddress\",\"@id\":\"https:\/\/cryptorecovers.com\/pl\/polityka-etyczna\/#local-main-place-address\",\"streetAddress\":\"Louis Braillelaan 80\",\"addressLocality\":\"Zoetermeer\",\"postalCode\":\"2719 EK\",\"addressRegion\":\"Zuid-Holland\",\"addressCountry\":\"NL\"},{\"@type\":\"ImageObject\",\"inLanguage\":\"pl-PL\",\"@id\":\"https:\/\/cryptorecovers.com\/pl\/polityka-etyczna\/#local-main-organization-logo\",\"url\":\"https:\/\/cryptorecovers.com\/wp-content\/uploads\/2025\/09\/favicon_website_cr.png\",\"contentUrl\":\"https:\/\/cryptorecovers.com\/wp-content\/uploads\/2025\/09\/favicon_website_cr.png\",\"width\":500,\"height\":500,\"caption\":\"Crypto Recovers\"}]}<\/script>\n<meta name=\"geo.placename\" content=\"Zoetermeer\" \/>\n<meta name=\"geo.region\" content=\"Holandia\" \/>\n<!-- \/ Yoast SEO Premium plugin. -->","yoast_head_json":{"title":"Polityka etyczna - Cryptorecovers.com","description":"Zapoznaj si\u0119 z polityk\u0105 etyczn\u0105 Cryptorecovers, w kt\u00f3rej k\u0142adziemy nacisk na uczciwo\u015b\u0107, szczero\u015b\u0107 i odpowiedzialno\u015b\u0107 we wszystkich naszych us\u0142ugach odzyskiwania portfeli.","robots":{"index":"index","follow":"follow","max-snippet":"max-snippet:-1","max-image-preview":"max-image-preview:large","max-video-preview":"max-video-preview:-1"},"canonical":"https:\/\/cryptorecovers.com\/pl\/polityka-etyczna\/","og_locale":"pl_PL","og_type":"article","og_title":"Polityka etyczna","og_description":"Zapoznaj si\u0119 z polityk\u0105 etyczn\u0105 Cryptorecovers, w kt\u00f3rej k\u0142adziemy nacisk na uczciwo\u015b\u0107, szczero\u015b\u0107 i odpowiedzialno\u015b\u0107 we wszystkich naszych us\u0142ugach odzyskiwania portfeli.","og_url":"https:\/\/cryptorecovers.com\/pl\/polityka-etyczna\/","og_site_name":"Crypto Recovers","article_publisher":"https:\/\/www.facebook.com\/profile.php?id=61555829150179","article_modified_time":"2024-12-19T00:59:25+00:00","og_image":[{"width":1200,"height":628,"url":"https:\/\/cryptorecovers.com\/wp-content\/uploads\/2023\/12\/Cryptorecovers-Wallet-recovery-thumbnail.jpg","type":"image\/jpeg"}],"twitter_card":"summary_large_image","twitter_site":"@xcryptorecovers","twitter_misc":{"Szacowany czas czytania":"8 minut"},"schema":{"@context":"https:\/\/schema.org","@graph":[{"@type":"WebPage","@id":"https:\/\/cryptorecovers.com\/pl\/polityka-etyczna\/","url":"https:\/\/cryptorecovers.com\/pl\/polityka-etyczna\/","name":"Polityka etyczna - Cryptorecovers.com","isPartOf":{"@id":"https:\/\/cryptorecovers.com\/pl\/#website"},"datePublished":"2024-12-19T00:59:24+00:00","dateModified":"2024-12-19T00:59:25+00:00","description":"Zapoznaj si\u0119 z polityk\u0105 etyczn\u0105 Cryptorecovers, w kt\u00f3rej k\u0142adziemy nacisk na uczciwo\u015b\u0107, szczero\u015b\u0107 i odpowiedzialno\u015b\u0107 we wszystkich naszych us\u0142ugach odzyskiwania portfeli.","inLanguage":"pl-PL","potentialAction":[{"@type":"ReadAction","target":["https:\/\/cryptorecovers.com\/pl\/polityka-etyczna\/"]}]},{"@type":"WebSite","@id":"https:\/\/cryptorecovers.com\/pl\/#website","url":"https:\/\/cryptorecovers.com\/pl\/","name":"Crypto Recovers","description":"Crypto Wallet Recovery Services","publisher":{"@id":"https:\/\/cryptorecovers.com\/pl\/#organization"},"potentialAction":[{"@type":"SearchAction","target":{"@type":"EntryPoint","urlTemplate":"https:\/\/cryptorecovers.com\/pl\/?s={search_term_string}"},"query-input":{"@type":"PropertyValueSpecification","valueRequired":true,"valueName":"search_term_string"}}],"inLanguage":"pl-PL"},{"@type":["Organization","Place"],"@id":"https:\/\/cryptorecovers.com\/pl\/#organization","name":"Crypto Recovers","alternateName":"Crypto Recovers \u2013 Crypto Wallet Recovery Services","url":"https:\/\/cryptorecovers.com\/pl\/","logo":{"@id":"https:\/\/cryptorecovers.com\/pl\/polityka-etyczna\/#local-main-organization-logo"},"image":{"@id":"https:\/\/cryptorecovers.com\/pl\/polityka-etyczna\/#local-main-organization-logo"},"sameAs":["https:\/\/www.facebook.com\/profile.php?id=61555829150179","https:\/\/x.com\/xcryptorecovers","https:\/\/www.linkedin.com\/company\/101478432\/","https:\/\/www.youtube.com\/@cryptorecovers"],"description":"Crypto Recovers is a specialized cryptocurrency wallet recovery service that helps individuals and businesses regain access to lost or inaccessible crypto wallets, including cases involving forgotten passwords, incomplete recovery phrases, and corrupted wallet data.","legalName":"Crypto Recovers","foundingDate":"2019-05-27","numberOfEmployees":{"@type":"QuantitativeValue","minValue":"1","maxValue":"10"},"address":{"@id":"https:\/\/cryptorecovers.com\/pl\/polityka-etyczna\/#local-main-place-address"},"telephone":["+31851091211"],"contactPoint":{"@type":"ContactPoint","telephone":"+31851091211","email":"support@cryptorecovers.com"},"openingHoursSpecification":{"@type":"OpeningHoursSpecification","dayOfWeek":["Monday","Tuesday","Wednesday","Thursday","Friday","Saturday","Sunday"],"opens":"00:00","closes":"23:59"},"email":"support@cryptorecovers.com","areaServed":"Worldwide","vatID":"NL003031083B24"},{"@type":"PostalAddress","@id":"https:\/\/cryptorecovers.com\/pl\/polityka-etyczna\/#local-main-place-address","streetAddress":"Louis Braillelaan 80","addressLocality":"Zoetermeer","postalCode":"2719 EK","addressRegion":"Zuid-Holland","addressCountry":"NL"},{"@type":"ImageObject","inLanguage":"pl-PL","@id":"https:\/\/cryptorecovers.com\/pl\/polityka-etyczna\/#local-main-organization-logo","url":"https:\/\/cryptorecovers.com\/wp-content\/uploads\/2025\/09\/favicon_website_cr.png","contentUrl":"https:\/\/cryptorecovers.com\/wp-content\/uploads\/2025\/09\/favicon_website_cr.png","width":500,"height":500,"caption":"Crypto Recovers"}]},"geo.placename":"Zoetermeer","geo.region":"Holandia"},"_links":{"self":[{"href":"https:\/\/cryptorecovers.com\/pl\/wp-json\/wp\/v2\/pages\/241818","targetHints":{"allow":["GET"]}}],"collection":[{"href":"https:\/\/cryptorecovers.com\/pl\/wp-json\/wp\/v2\/pages"}],"about":[{"href":"https:\/\/cryptorecovers.com\/pl\/wp-json\/wp\/v2\/types\/page"}],"author":[{"embeddable":true,"href":"https:\/\/cryptorecovers.com\/pl\/wp-json\/wp\/v2\/users\/1"}],"replies":[{"embeddable":true,"href":"https:\/\/cryptorecovers.com\/pl\/wp-json\/wp\/v2\/comments?post=241818"}],"version-history":[{"count":2,"href":"https:\/\/cryptorecovers.com\/pl\/wp-json\/wp\/v2\/pages\/241818\/revisions"}],"predecessor-version":[{"id":241820,"href":"https:\/\/cryptorecovers.com\/pl\/wp-json\/wp\/v2\/pages\/241818\/revisions\/241820"}],"wp:attachment":[{"href":"https:\/\/cryptorecovers.com\/pl\/wp-json\/wp\/v2\/media?parent=241818"}],"curies":[{"name":"wp","href":"https:\/\/api.w.org\/{rel}","templated":true}]}}