{"id":241789,"date":"2024-12-19T00:54:26","date_gmt":"2024-12-19T00:54:26","guid":{"rendered":"https:\/\/cryptorecovers.com\/polityka-ciasteczek\/"},"modified":"2024-12-19T00:54:27","modified_gmt":"2024-12-19T00:54:27","slug":"polityka-ciasteczek","status":"publish","type":"page","link":"https:\/\/cryptorecovers.com\/pl\/polityka-ciasteczek\/","title":{"rendered":"Polityka dotycz\u0105ca plik\u00f3w cookie"},"content":{"rendered":"<p>[et_pb_section fb_built=&#8221;1&#8243; fullwidth=&#8221;on&#8221; admin_label=&#8221;Hero Section&#8221; _builder_version=&#8221;4.16&#8243; background_color=&#8221;#101535&#8243; background_image=&#8221;https:\/\/cryptorecovers.com\/wp-content\/uploads\/2023\/02\/crypto-bg-02.png&#8221; parallax=&#8221;on&#8221; custom_margin=&#8221;|||&#8221; custom_padding=&#8221;|||&#8221; locked=&#8221;off&#8221; global_colors_info=&#8221;{}&#8221; theme_builder_area=&#8221;post_content&#8221;][et_pb_fullwidth_header title=&#8221;Polityka dotycz\u0105ca plik\u00f3w cookie&#8221; text_orientation=&#8221;center&#8221; _builder_version=&#8221;4.27.0&#8243; title_font=&#8221;Poppins||||||||&#8221; title_font_size=&#8221;66px&#8221; title_line_height=&#8221;1.5em&#8221; content_font=&#8221;||||||||&#8221; content_font_size=&#8221;18px&#8221; content_line_height=&#8221;2em&#8221; background_enable_color=&#8221;off&#8221; background_position=&#8221;bottom_center&#8221; custom_button_one=&#8221;on&#8221; button_one_text_size=&#8221;13px&#8221; button_one_bg_color=&#8221;#4328b7&#8243; button_one_border_width=&#8221;10px&#8221; button_one_border_color=&#8221;#4328b7&#8243; button_one_border_radius=&#8221;0px&#8221; button_one_letter_spacing=&#8221;2px&#8221; button_one_font=&#8221;Titillium Web|700||on|||||&#8221; custom_button_two=&#8221;on&#8221; button_two_text_size=&#8221;13px&#8221; button_two_text_color=&#8221;#4328b7&#8243; button_two_bg_color=&#8221;#ffffff&#8221; button_two_border_width=&#8221;10px&#8221; button_two_border_color=&#8221;#ffffff&#8221; button_two_border_radius=&#8221;0px&#8221; button_two_letter_spacing=&#8221;2px&#8221; button_two_font=&#8221;Titillium Web|700||on|||||&#8221; custom_margin=&#8221;|||&#8221; custom_padding=&#8221;140px||4vw||false|false&#8221; custom_padding_tablet=&#8221;100px||||false|false&#8221; custom_padding_phone=&#8221;110px||||false|false&#8221; custom_padding_last_edited=&#8221;on|desktop&#8221; animation_direction=&#8221;bottom&#8221; title_font_size_tablet=&#8221;40px&#8221; title_font_size_phone=&#8221;&#8221; title_font_size_last_edited=&#8221;on|phone&#8221; content_font_size_tablet=&#8221;&#8221; content_font_size_phone=&#8221;15px&#8221; content_font_size_last_edited=&#8221;on|phone&#8221; button_one_letter_spacing_hover=&#8221;2px&#8221; button_two_letter_spacing_hover=&#8221;2px&#8221; global_colors_info=&#8221;{}&#8221; button_one_text_size__hover_enabled=&#8221;off&#8221; button_two_text_size__hover_enabled=&#8221;off&#8221; button_one_text_color__hover_enabled=&#8221;off&#8221; button_two_text_color__hover_enabled=&#8221;off&#8221; button_one_border_width__hover_enabled=&#8221;off&#8221; button_two_border_width__hover_enabled=&#8221;off&#8221; button_one_border_color__hover_enabled=&#8221;off&#8221; button_two_border_color__hover_enabled=&#8221;off&#8221; button_one_border_radius__hover_enabled=&#8221;off&#8221; button_two_border_radius__hover_enabled=&#8221;off&#8221; button_one_letter_spacing__hover_enabled=&#8221;on&#8221; button_one_letter_spacing__hover=&#8221;2px&#8221; button_two_letter_spacing__hover_enabled=&#8221;on&#8221; button_two_letter_spacing__hover=&#8221;2px&#8221; button_one_bg_color__hover_enabled=&#8221;off&#8221; button_two_bg_color__hover_enabled=&#8221;off&#8221; theme_builder_area=&#8221;post_content&#8221;][\/et_pb_fullwidth_header][\/et_pb_section][et_pb_section fb_built=&#8221;1&#8243; fullwidth=&#8221;on&#8221; admin_label=&#8221;Hero Section&#8221; _builder_version=&#8221;4.27.0&#8243; background_enable_color=&#8221;off&#8221; background_enable_image=&#8221;off&#8221; parallax=&#8221;on&#8221; custom_margin=&#8221;|||&#8221; custom_padding=&#8221;|||&#8221; global_colors_info=&#8221;{}&#8221; theme_builder_area=&#8221;post_content&#8221;][et_pb_fullwidth_header _builder_version=&#8221;4.27.3&#8243; title_font=&#8221;Poppins|600|||||||&#8221; title_text_color=&#8221;#000000&#8243; title_font_size=&#8221;39px&#8221; title_line_height=&#8221;1.5em&#8221; content_font=&#8221;||||||||&#8221; content_text_color=&#8221;#000000&#8243; content_font_size=&#8221;17px&#8221; content_line_height=&#8221;2em&#8221; background_color=&#8221;rgba(0,0,0,0)&#8221; background_enable_image=&#8221;off&#8221; background_position=&#8221;bottom_center&#8221; custom_button_one=&#8221;on&#8221; button_one_text_size=&#8221;13px&#8221; button_one_bg_color=&#8221;#4328b7&#8243; button_one_border_width=&#8221;10px&#8221; button_one_border_color=&#8221;#4328b7&#8243; button_one_border_radius=&#8221;0px&#8221; button_one_letter_spacing=&#8221;2px&#8221; button_one_font=&#8221;Titillium Web|700||on|||||&#8221; custom_button_two=&#8221;on&#8221; button_two_text_size=&#8221;13px&#8221; button_two_text_color=&#8221;#4328b7&#8243; button_two_bg_color=&#8221;#ffffff&#8221; button_two_border_width=&#8221;10px&#8221; button_two_border_color=&#8221;#ffffff&#8221; button_two_border_radius=&#8221;0px&#8221; button_two_letter_spacing=&#8221;2px&#8221; button_two_font=&#8221;Titillium Web|700||on|||||&#8221; width_phone=&#8221;100%&#8221; width_last_edited=&#8221;off|phone&#8221; max_width_phone=&#8221;100%&#8221; max_width_last_edited=&#8221;off|phone&#8221; custom_margin=&#8221;|||&#8221; custom_padding=&#8221;6vw||8vw||false|&#8221; animation_direction=&#8221;bottom&#8221; title_font_size_tablet=&#8221;34px&#8221; title_font_size_phone=&#8221;26px&#8221; title_font_size_last_edited=&#8221;on|phone&#8221; content_font_size_tablet=&#8221;16px&#8221; content_font_size_phone=&#8221;15px&#8221; content_font_size_last_edited=&#8221;on|phone&#8221; button_one_letter_spacing_hover=&#8221;2px&#8221; button_two_letter_spacing_hover=&#8221;2px&#8221; global_colors_info=&#8221;{}&#8221; button_one_text_size__hover_enabled=&#8221;off&#8221; button_two_text_size__hover_enabled=&#8221;off&#8221; button_one_text_color__hover_enabled=&#8221;off&#8221; button_two_text_color__hover_enabled=&#8221;off&#8221; button_one_border_width__hover_enabled=&#8221;off&#8221; button_two_border_width__hover_enabled=&#8221;off&#8221; button_one_border_color__hover_enabled=&#8221;off&#8221; button_two_border_color__hover_enabled=&#8221;off&#8221; button_one_border_radius__hover_enabled=&#8221;off&#8221; button_two_border_radius__hover_enabled=&#8221;off&#8221; button_one_letter_spacing__hover_enabled=&#8221;on&#8221; button_one_letter_spacing__hover=&#8221;2px&#8221; button_two_letter_spacing__hover_enabled=&#8221;on&#8221; button_two_letter_spacing__hover=&#8221;2px&#8221; button_one_bg_color__hover_enabled=&#8221;off&#8221; button_two_bg_color__hover_enabled=&#8221;off&#8221; theme_builder_area=&#8221;post_content&#8221;]<\/p>\n<p>Niniejsza <strong>Polityka dotycz\u0105ca plik\u00f3w cookie<\/strong> wyja\u015bnia, w jaki spos\u00f3b <strong>Cryptorecovers<\/strong> wykorzystuje pliki cookie na naszej stronie internetowej i jak mo\u017cna zarz\u0105dza\u0107 preferencjami dotycz\u0105cymi plik\u00f3w cookie. Korzystaj\u0105c z naszej strony internetowej, u\u017cytkownik wyra\u017ca zgod\u0119 na u\u017cywanie przez nas plik\u00f3w cookie w spos\u00f3b opisany poni\u017cej. <\/p>\n<p>&nbsp;<\/p>\n<ol>\n<li><strong>  Czym s\u0105 pliki cookie?<\/strong><\/li>\n<\/ol>\n<p>Pliki cookie to ma\u0142e pliki tekstowe przechowywane na urz\u0105dzeniu u\u017cytkownika podczas odwiedzania strony internetowej. S\u0142u\u017c\u0105 one do zapami\u0119tywania preferencji, dzia\u0142a\u0144 i ustawie\u0144 u\u017cytkownika w celu zwi\u0119kszenia wydajno\u015bci i personalizacji jego do\u015bwiadcze\u0144 online. <\/p>\n<p>&nbsp;<\/p>\n<ol start=\"2\">\n<li><strong>  Rodzaje u\u017cywanych przez nas plik\u00f3w cookie<\/strong><\/li>\n<\/ol>\n<ul>\n<li><strong>Niezb\u0119dne pliki cookie<\/strong>: Te pliki cookie s\u0105 niezb\u0119dne do funkcjonowania naszej witryny internetowej. Umo\u017cliwiaj\u0105 one podstawowe funkcje, takie jak nawigacja po stronie i dost\u0119p do bezpiecznych obszar\u00f3w witryny. Bez tych plik\u00f3w cookie witryna nie mo\u017ce dzia\u0142a\u0107 prawid\u0142owo.  <\/li>\n<li><strong>Wydajno\u015bciowe pliki cookie<\/strong>: Te pliki cookie zbieraj\u0105 informacje o tym, w jaki spos\u00f3b odwiedzaj\u0105cy wchodz\u0105 w interakcj\u0119 z nasz\u0105 witryn\u0105, np. kt\u00f3re strony s\u0105 odwiedzane najcz\u0119\u015bciej i czy u\u017cytkownicy napotykaj\u0105 jakie\u015b b\u0142\u0119dy. Te pliki cookie pomagaj\u0105 nam poprawi\u0107 wydajno\u015b\u0107 naszej witryny. <\/li>\n<li><strong>Funkcjonalne pliki cookie<\/strong>: Te pliki cookie zapami\u0119tuj\u0105 preferencje u\u017cytkownika (takie jak ustawienia j\u0119zyka) i pomagaj\u0105 zapewni\u0107 bardziej spersonalizowane wra\u017cenia. Pozwalaj\u0105 nam oferowa\u0107 ulepszone funkcje w oparciu o wybory dokonane przez u\u017cytkownika. <\/li>\n<li><strong>Pliki cookie do targetowania\/reklamy<\/strong>: Te pliki cookie s\u0142u\u017c\u0105 do dostarczania reklam odpowiednich dla u\u017cytkownika i jego zainteresowa\u0144. Pomagaj\u0105 r\u00f3wnie\u017c \u015bledzi\u0107 skuteczno\u015b\u0107 kampanii reklamowych. Obecnie nie korzystamy z \u017cadnych reklamowych plik\u00f3w cookie stron trzecich, ale zastrzegamy sobie prawo do korzystania z nich w przysz\u0142o\u015bci.  <\/li>\n<\/ul>\n<ol start=\"3\">\n<li><strong>  Jak wykorzystujemy pliki cookie<\/strong><\/li>\n<\/ol>\n<p>U\u017cywamy plik\u00f3w cookie, aby poprawi\u0107 komfort korzystania z naszej witryny, na przyk\u0142ad poprzez:<\/p>\n<ul>\n<li>Zapami\u0119tywanie danych logowania, dzi\u0119ki czemu nie trzeba si\u0119 logowa\u0107 za ka\u017cdym razem.<\/li>\n<li>Analizowanie ruchu na stronie internetowej i zachowa\u0144 u\u017cytkownik\u00f3w w celu ulepszania naszych tre\u015bci i us\u0142ug.<\/li>\n<li>Personalizacja tre\u015bci i reklam w celu lepszego dopasowania do preferencji u\u017cytkownika.<\/li>\n<\/ul>\n<ol start=\"4\">\n<li><strong>  Zarz\u0105dzanie preferencjami plik\u00f3w cookie<\/strong><\/li>\n<\/ol>\n<p>Wi\u0119kszo\u015b\u0107 przegl\u0105darek automatycznie akceptuje pliki cookie, ale mo\u017cna zmieni\u0107 ustawienia, aby odrzuca\u0107 pliki cookie lub ostrzega\u0107 o ich wysy\u0142aniu. Preferencjami dotycz\u0105cymi plik\u00f3w cookie mo\u017cna zarz\u0105dza\u0107 za pomoc\u0105 ustawie\u0144 przegl\u0105darki, ale nale\u017cy pami\u0119ta\u0107, \u017ce zablokowanie niekt\u00f3rych plik\u00f3w cookie mo\u017ce wp\u0142yn\u0105\u0107 na funkcjonalno\u015b\u0107 witryny. <\/p>\n<p>&nbsp;<\/p>\n<ul>\n<li><strong>Dla Google Chrome<\/strong>: Przejd\u017a do menu w prawym g\u00f3rnym rogu przegl\u0105darki i wybierz <strong>Ustawienia<\/strong> &gt; <strong>Prywatno\u015b\u0107 i bezpiecze\u0144stwo<\/strong> &gt; <strong>Pliki cookie i inne dane witryn<\/strong>.<\/li>\n<li><strong>Dla przegl\u0105darki Mozilla Firefox<\/strong>: Otw\u00f3rz menu i wybierz <strong>Opcje<\/strong> &gt; <strong>Prywatno\u015b\u0107 i bezpiecze\u0144stwo<\/strong> &gt; <strong>Pliki cookie i dane witryn<\/strong>.<\/li>\n<li><strong>Dla Safari<\/strong>: Przejd\u017a do <strong>Safari<\/strong> &gt; <strong>Preferencje<\/strong> &gt; <strong>Prywatno\u015b\u0107<\/strong> &gt; <strong>Pliki cookie i dane witryn<\/strong>.<\/li>\n<\/ul>\n<ol start=\"5\">\n<li><strong>  Pliki cookie stron trzecich<\/strong><\/li>\n<\/ol>\n<p>Mo\u017cemy r\u00f3wnie\u017c korzysta\u0107 z us\u0142ug stron trzecich (np. Google Analytics) w celu analizowania ruchu na stronie internetowej i poprawy komfortu u\u017cytkowania. Te strony trzecie mog\u0105 umieszcza\u0107 pliki cookie na urz\u0105dzeniu u\u017cytkownika. Nie mamy kontroli nad plikami cookie ustawionymi przez te strony trzecie.  <\/p>\n<ol start=\"6\">\n<li><strong>  Zmiany niniejszej polityki dotycz\u0105cej plik\u00f3w cookie<\/strong><\/li>\n<\/ol>\n<p>Od czasu do czasu mo\u017cemy aktualizowa\u0107 niniejsz\u0105 Polityk\u0119 dotycz\u0105c\u0105 plik\u00f3w cookie. Wszelkie zmiany b\u0119d\u0105 publikowane na tej stronie wraz z dat\u0105 ostatniej aktualizacji. Zach\u0119camy do okresowego przegl\u0105dania tej strony, aby by\u0107 na bie\u017c\u0105co z naszymi praktykami dotycz\u0105cymi plik\u00f3w cookie.  <\/p>\n<ol start=\"7\">\n<li><strong>  Informacje kontaktowe<\/strong><\/li>\n<\/ol>\n<p>Je\u015bli masz jakiekolwiek pytania dotycz\u0105ce korzystania przez nas z plik\u00f3w cookie lub niniejszej polityki, skontaktuj si\u0119 z nami, korzystaj\u0105c z informacji podanych na naszej stronie internetowej. <a href=\"https:\/\/cryptorecovers.com\/pl\/kontakt\/\"><strong>kontakt<\/strong><\/a> strona.<\/p>\n<p>[\/et_pb_fullwidth_header][\/et_pb_section]<\/p>\n","protected":false},"excerpt":{"rendered":"<p>Niniejsza Polityka dotycz\u0105ca plik\u00f3w cookie wyja\u015bnia, w jaki spos\u00f3b Cryptorecovers wykorzystuje pliki cookie na naszej stronie internetowej i jak mo\u017cna zarz\u0105dza\u0107 preferencjami dotycz\u0105cymi plik\u00f3w cookie. Korzystaj\u0105c z naszej strony internetowej, u\u017cytkownik wyra\u017ca zgod\u0119 na u\u017cywanie przez nas plik\u00f3w cookie w spos\u00f3b opisany poni\u017cej. &nbsp; Czym s\u0105 pliki cookie? Pliki cookie to ma\u0142e pliki tekstowe przechowywane [&hellip;]<\/p>\n","protected":false},"author":1,"featured_media":0,"parent":0,"menu_order":0,"comment_status":"closed","ping_status":"closed","template":"","meta":{"_et_pb_use_builder":"on","_et_pb_old_content":"","_et_gb_content_width":"","footnotes":""},"class_list":["post-241789","page","type-page","status-publish","hentry"],"yoast_head":"<!-- This site is optimized with the Yoast SEO Premium plugin v27.4 (Yoast SEO v27.4) - https:\/\/yoast.com\/product\/yoast-seo-premium-wordpress\/ -->\n<title>Polityka plik\u00f3w cookie - Cryptorecovers.com<\/title>\n<meta name=\"description\" content=\"Dowiedz si\u0119, w jaki spos\u00f3b Cryptorecovers wykorzystuje pliki cookie, aby poprawi\u0107 komfort korzystania z naszej witryny i jak mo\u017cesz zarz\u0105dza\u0107 swoimi preferencjami dotycz\u0105cymi plik\u00f3w cookie.\" \/>\n<meta name=\"robots\" content=\"index, follow, max-snippet:-1, max-image-preview:large, max-video-preview:-1\" \/>\n<link rel=\"canonical\" href=\"https:\/\/cryptorecovers.com\/pl\/polityka-ciasteczek\/\" \/>\n<meta property=\"og:locale\" content=\"pl_PL\" \/>\n<meta property=\"og:type\" content=\"article\" \/>\n<meta property=\"og:title\" content=\"Polityka dotycz\u0105ca plik\u00f3w cookie\" \/>\n<meta property=\"og:description\" content=\"Dowiedz si\u0119, w jaki spos\u00f3b Cryptorecovers wykorzystuje pliki cookie, aby poprawi\u0107 komfort korzystania z naszej witryny i jak mo\u017cesz zarz\u0105dza\u0107 swoimi preferencjami dotycz\u0105cymi plik\u00f3w cookie.\" \/>\n<meta property=\"og:url\" content=\"https:\/\/cryptorecovers.com\/pl\/polityka-ciasteczek\/\" \/>\n<meta property=\"og:site_name\" content=\"Crypto Recovers\" \/>\n<meta property=\"article:publisher\" content=\"https:\/\/www.facebook.com\/profile.php?id=61555829150179\" \/>\n<meta property=\"article:modified_time\" content=\"2024-12-19T00:54:27+00:00\" \/>\n<meta property=\"og:image\" content=\"https:\/\/cryptorecovers.com\/wp-content\/uploads\/2023\/12\/Cryptorecovers-Wallet-recovery-thumbnail.jpg\" \/>\n\t<meta property=\"og:image:width\" content=\"1200\" \/>\n\t<meta property=\"og:image:height\" content=\"628\" \/>\n\t<meta property=\"og:image:type\" content=\"image\/jpeg\" \/>\n<meta name=\"twitter:card\" content=\"summary_large_image\" \/>\n<meta name=\"twitter:site\" content=\"@xcryptorecovers\" \/>\n<meta name=\"twitter:label1\" content=\"Szacowany czas czytania\" \/>\n\t<meta name=\"twitter:data1\" content=\"7 minut\" \/>\n<script type=\"application\/ld+json\" class=\"yoast-schema-graph\">{\"@context\":\"https:\\\/\\\/schema.org\",\"@graph\":[{\"@type\":\"WebPage\",\"@id\":\"https:\\\/\\\/cryptorecovers.com\\\/pl\\\/polityka-ciasteczek\\\/\",\"url\":\"https:\\\/\\\/cryptorecovers.com\\\/pl\\\/polityka-ciasteczek\\\/\",\"name\":\"Polityka plik\u00f3w cookie - Cryptorecovers.com\",\"isPartOf\":{\"@id\":\"https:\\\/\\\/cryptorecovers.com\\\/pl\\\/#website\"},\"datePublished\":\"2024-12-19T00:54:26+00:00\",\"dateModified\":\"2024-12-19T00:54:27+00:00\",\"description\":\"Dowiedz si\u0119, w jaki spos\u00f3b Cryptorecovers wykorzystuje pliki cookie, aby poprawi\u0107 komfort korzystania z naszej witryny i jak mo\u017cesz zarz\u0105dza\u0107 swoimi preferencjami dotycz\u0105cymi plik\u00f3w cookie.\",\"inLanguage\":\"pl-PL\",\"potentialAction\":[{\"@type\":\"ReadAction\",\"target\":[\"https:\\\/\\\/cryptorecovers.com\\\/pl\\\/polityka-ciasteczek\\\/\"]}]},{\"@type\":\"WebSite\",\"@id\":\"https:\\\/\\\/cryptorecovers.com\\\/pl\\\/#website\",\"url\":\"https:\\\/\\\/cryptorecovers.com\\\/pl\\\/\",\"name\":\"Crypto Recovers\",\"description\":\"Crypto Wallet Recovery Services\",\"publisher\":{\"@id\":\"https:\\\/\\\/cryptorecovers.com\\\/pl\\\/#organization\"},\"potentialAction\":[{\"@type\":\"SearchAction\",\"target\":{\"@type\":\"EntryPoint\",\"urlTemplate\":\"https:\\\/\\\/cryptorecovers.com\\\/pl\\\/?s={search_term_string}\"},\"query-input\":{\"@type\":\"PropertyValueSpecification\",\"valueRequired\":true,\"valueName\":\"search_term_string\"}}],\"inLanguage\":\"pl-PL\"},{\"@type\":[\"Organization\",\"Place\"],\"@id\":\"https:\\\/\\\/cryptorecovers.com\\\/pl\\\/#organization\",\"name\":\"Crypto Recovers\",\"alternateName\":\"Crypto Recovers \u2013 Crypto Wallet Recovery Services\",\"url\":\"https:\\\/\\\/cryptorecovers.com\\\/pl\\\/\",\"logo\":{\"@id\":\"https:\\\/\\\/cryptorecovers.com\\\/pl\\\/polityka-ciasteczek\\\/#local-main-organization-logo\"},\"image\":{\"@id\":\"https:\\\/\\\/cryptorecovers.com\\\/pl\\\/polityka-ciasteczek\\\/#local-main-organization-logo\"},\"sameAs\":[\"https:\\\/\\\/www.facebook.com\\\/profile.php?id=61555829150179\",\"https:\\\/\\\/x.com\\\/xcryptorecovers\",\"https:\\\/\\\/www.linkedin.com\\\/company\\\/101478432\\\/\",\"https:\\\/\\\/www.youtube.com\\\/@cryptorecovers\"],\"description\":\"Crypto Recovers is a specialized cryptocurrency wallet recovery service that helps individuals and businesses regain access to lost or inaccessible crypto wallets, including cases involving forgotten passwords, incomplete recovery phrases, and corrupted wallet data.\",\"legalName\":\"Crypto Recovers\",\"foundingDate\":\"2019-05-27\",\"numberOfEmployees\":{\"@type\":\"QuantitativeValue\",\"minValue\":\"1\",\"maxValue\":\"10\"},\"address\":{\"@id\":\"https:\\\/\\\/cryptorecovers.com\\\/pl\\\/polityka-ciasteczek\\\/#local-main-place-address\"},\"telephone\":[\"+31851091211\"],\"contactPoint\":{\"@type\":\"ContactPoint\",\"telephone\":\"+31851091211\",\"email\":\"support@cryptorecovers.com\"},\"openingHoursSpecification\":{\"@type\":\"OpeningHoursSpecification\",\"dayOfWeek\":[\"Monday\",\"Tuesday\",\"Wednesday\",\"Thursday\",\"Friday\",\"Saturday\",\"Sunday\"],\"opens\":\"00:00\",\"closes\":\"23:59\"},\"email\":\"support@cryptorecovers.com\",\"areaServed\":\"Worldwide\",\"vatID\":\"NL003031083B24\"},{\"@type\":\"PostalAddress\",\"@id\":\"https:\\\/\\\/cryptorecovers.com\\\/pl\\\/polityka-ciasteczek\\\/#local-main-place-address\",\"streetAddress\":\"Louis Braillelaan 80\",\"addressLocality\":\"Zoetermeer\",\"postalCode\":\"2719 EK\",\"addressRegion\":\"Zuid-Holland\",\"addressCountry\":\"NL\"},{\"@type\":\"ImageObject\",\"inLanguage\":\"pl-PL\",\"@id\":\"https:\\\/\\\/cryptorecovers.com\\\/pl\\\/polityka-ciasteczek\\\/#local-main-organization-logo\",\"url\":\"https:\\\/\\\/cryptorecovers.com\\\/wp-content\\\/uploads\\\/2025\\\/09\\\/favicon_website_cr.png\",\"contentUrl\":\"https:\\\/\\\/cryptorecovers.com\\\/wp-content\\\/uploads\\\/2025\\\/09\\\/favicon_website_cr.png\",\"width\":500,\"height\":500,\"caption\":\"Crypto Recovers\"}]}<\/script>\n<meta name=\"geo.placename\" content=\"Zoetermeer\" \/>\n<meta name=\"geo.region\" content=\"Holandia\" \/>\n<!-- \/ Yoast SEO Premium plugin. -->","yoast_head_json":{"title":"Polityka plik\u00f3w cookie - Cryptorecovers.com","description":"Dowiedz si\u0119, w jaki spos\u00f3b Cryptorecovers wykorzystuje pliki cookie, aby poprawi\u0107 komfort korzystania z naszej witryny i jak mo\u017cesz zarz\u0105dza\u0107 swoimi preferencjami dotycz\u0105cymi plik\u00f3w cookie.","robots":{"index":"index","follow":"follow","max-snippet":"max-snippet:-1","max-image-preview":"max-image-preview:large","max-video-preview":"max-video-preview:-1"},"canonical":"https:\/\/cryptorecovers.com\/pl\/polityka-ciasteczek\/","og_locale":"pl_PL","og_type":"article","og_title":"Polityka dotycz\u0105ca plik\u00f3w cookie","og_description":"Dowiedz si\u0119, w jaki spos\u00f3b Cryptorecovers wykorzystuje pliki cookie, aby poprawi\u0107 komfort korzystania z naszej witryny i jak mo\u017cesz zarz\u0105dza\u0107 swoimi preferencjami dotycz\u0105cymi plik\u00f3w cookie.","og_url":"https:\/\/cryptorecovers.com\/pl\/polityka-ciasteczek\/","og_site_name":"Crypto Recovers","article_publisher":"https:\/\/www.facebook.com\/profile.php?id=61555829150179","article_modified_time":"2024-12-19T00:54:27+00:00","og_image":[{"width":1200,"height":628,"url":"https:\/\/cryptorecovers.com\/wp-content\/uploads\/2023\/12\/Cryptorecovers-Wallet-recovery-thumbnail.jpg","type":"image\/jpeg"}],"twitter_card":"summary_large_image","twitter_site":"@xcryptorecovers","twitter_misc":{"Szacowany czas czytania":"7 minut"},"schema":{"@context":"https:\/\/schema.org","@graph":[{"@type":"WebPage","@id":"https:\/\/cryptorecovers.com\/pl\/polityka-ciasteczek\/","url":"https:\/\/cryptorecovers.com\/pl\/polityka-ciasteczek\/","name":"Polityka plik\u00f3w cookie - Cryptorecovers.com","isPartOf":{"@id":"https:\/\/cryptorecovers.com\/pl\/#website"},"datePublished":"2024-12-19T00:54:26+00:00","dateModified":"2024-12-19T00:54:27+00:00","description":"Dowiedz si\u0119, w jaki spos\u00f3b Cryptorecovers wykorzystuje pliki cookie, aby poprawi\u0107 komfort korzystania z naszej witryny i jak mo\u017cesz zarz\u0105dza\u0107 swoimi preferencjami dotycz\u0105cymi plik\u00f3w cookie.","inLanguage":"pl-PL","potentialAction":[{"@type":"ReadAction","target":["https:\/\/cryptorecovers.com\/pl\/polityka-ciasteczek\/"]}]},{"@type":"WebSite","@id":"https:\/\/cryptorecovers.com\/pl\/#website","url":"https:\/\/cryptorecovers.com\/pl\/","name":"Crypto Recovers","description":"Crypto Wallet Recovery Services","publisher":{"@id":"https:\/\/cryptorecovers.com\/pl\/#organization"},"potentialAction":[{"@type":"SearchAction","target":{"@type":"EntryPoint","urlTemplate":"https:\/\/cryptorecovers.com\/pl\/?s={search_term_string}"},"query-input":{"@type":"PropertyValueSpecification","valueRequired":true,"valueName":"search_term_string"}}],"inLanguage":"pl-PL"},{"@type":["Organization","Place"],"@id":"https:\/\/cryptorecovers.com\/pl\/#organization","name":"Crypto Recovers","alternateName":"Crypto Recovers \u2013 Crypto Wallet Recovery Services","url":"https:\/\/cryptorecovers.com\/pl\/","logo":{"@id":"https:\/\/cryptorecovers.com\/pl\/polityka-ciasteczek\/#local-main-organization-logo"},"image":{"@id":"https:\/\/cryptorecovers.com\/pl\/polityka-ciasteczek\/#local-main-organization-logo"},"sameAs":["https:\/\/www.facebook.com\/profile.php?id=61555829150179","https:\/\/x.com\/xcryptorecovers","https:\/\/www.linkedin.com\/company\/101478432\/","https:\/\/www.youtube.com\/@cryptorecovers"],"description":"Crypto Recovers is a specialized cryptocurrency wallet recovery service that helps individuals and businesses regain access to lost or inaccessible crypto wallets, including cases involving forgotten passwords, incomplete recovery phrases, and corrupted wallet data.","legalName":"Crypto Recovers","foundingDate":"2019-05-27","numberOfEmployees":{"@type":"QuantitativeValue","minValue":"1","maxValue":"10"},"address":{"@id":"https:\/\/cryptorecovers.com\/pl\/polityka-ciasteczek\/#local-main-place-address"},"telephone":["+31851091211"],"contactPoint":{"@type":"ContactPoint","telephone":"+31851091211","email":"support@cryptorecovers.com"},"openingHoursSpecification":{"@type":"OpeningHoursSpecification","dayOfWeek":["Monday","Tuesday","Wednesday","Thursday","Friday","Saturday","Sunday"],"opens":"00:00","closes":"23:59"},"email":"support@cryptorecovers.com","areaServed":"Worldwide","vatID":"NL003031083B24"},{"@type":"PostalAddress","@id":"https:\/\/cryptorecovers.com\/pl\/polityka-ciasteczek\/#local-main-place-address","streetAddress":"Louis Braillelaan 80","addressLocality":"Zoetermeer","postalCode":"2719 EK","addressRegion":"Zuid-Holland","addressCountry":"NL"},{"@type":"ImageObject","inLanguage":"pl-PL","@id":"https:\/\/cryptorecovers.com\/pl\/polityka-ciasteczek\/#local-main-organization-logo","url":"https:\/\/cryptorecovers.com\/wp-content\/uploads\/2025\/09\/favicon_website_cr.png","contentUrl":"https:\/\/cryptorecovers.com\/wp-content\/uploads\/2025\/09\/favicon_website_cr.png","width":500,"height":500,"caption":"Crypto Recovers"}]},"geo.placename":"Zoetermeer","geo.region":"Holandia"},"_links":{"self":[{"href":"https:\/\/cryptorecovers.com\/pl\/wp-json\/wp\/v2\/pages\/241789","targetHints":{"allow":["GET"]}}],"collection":[{"href":"https:\/\/cryptorecovers.com\/pl\/wp-json\/wp\/v2\/pages"}],"about":[{"href":"https:\/\/cryptorecovers.com\/pl\/wp-json\/wp\/v2\/types\/page"}],"author":[{"embeddable":true,"href":"https:\/\/cryptorecovers.com\/pl\/wp-json\/wp\/v2\/users\/1"}],"replies":[{"embeddable":true,"href":"https:\/\/cryptorecovers.com\/pl\/wp-json\/wp\/v2\/comments?post=241789"}],"version-history":[{"count":2,"href":"https:\/\/cryptorecovers.com\/pl\/wp-json\/wp\/v2\/pages\/241789\/revisions"}],"predecessor-version":[{"id":241791,"href":"https:\/\/cryptorecovers.com\/pl\/wp-json\/wp\/v2\/pages\/241789\/revisions\/241791"}],"wp:attachment":[{"href":"https:\/\/cryptorecovers.com\/pl\/wp-json\/wp\/v2\/media?parent=241789"}],"curies":[{"name":"wp","href":"https:\/\/api.w.org\/{rel}","templated":true}]}}