{"id":241751,"date":"2024-12-19T00:49:51","date_gmt":"2024-12-19T00:49:51","guid":{"rendered":"https:\/\/cryptorecovers.com\/zasady-publikowania\/"},"modified":"2024-12-19T00:49:54","modified_gmt":"2024-12-19T00:49:54","slug":"zasady-publikowania","status":"publish","type":"page","link":"https:\/\/cryptorecovers.com\/pl\/zasady-publikowania\/","title":{"rendered":"Zasady publikowania"},"content":{"rendered":"<p>[et_pb_section fb_built=&#8221;1&#8243; fullwidth=&#8221;on&#8221; admin_label=&#8221;Hero Section&#8221; _builder_version=&#8221;4.16&#8243; background_color=&#8221;#101535&#8243; background_image=&#8221;https:\/\/cryptorecovers.com\/wp-content\/uploads\/2023\/02\/crypto-bg-02.png&#8221; parallax=&#8221;on&#8221; custom_margin=&#8221;|||&#8221; custom_padding=&#8221;|||&#8221; locked=&#8221;off&#8221; global_colors_info=&#8221;{}&#8221; theme_builder_area=&#8221;post_content&#8221;][et_pb_fullwidth_header title=&#8221;Zasady publikowania&#8221; text_orientation=&#8221;center&#8221; _builder_version=&#8221;4.27.0&#8243; title_font=&#8221;Poppins||||||||&#8221; title_font_size=&#8221;66px&#8221; title_line_height=&#8221;1.5em&#8221; content_font=&#8221;||||||||&#8221; content_font_size=&#8221;18px&#8221; content_line_height=&#8221;2em&#8221; background_enable_color=&#8221;off&#8221; background_position=&#8221;bottom_center&#8221; custom_button_one=&#8221;on&#8221; button_one_text_size=&#8221;13px&#8221; button_one_bg_color=&#8221;#4328b7&#8243; button_one_border_width=&#8221;10px&#8221; button_one_border_color=&#8221;#4328b7&#8243; button_one_border_radius=&#8221;0px&#8221; button_one_letter_spacing=&#8221;2px&#8221; button_one_font=&#8221;Titillium Web|700||on|||||&#8221; custom_button_two=&#8221;on&#8221; button_two_text_size=&#8221;13px&#8221; button_two_text_color=&#8221;#4328b7&#8243; button_two_bg_color=&#8221;#ffffff&#8221; button_two_border_width=&#8221;10px&#8221; button_two_border_color=&#8221;#ffffff&#8221; button_two_border_radius=&#8221;0px&#8221; button_two_letter_spacing=&#8221;2px&#8221; button_two_font=&#8221;Titillium Web|700||on|||||&#8221; custom_margin=&#8221;|||&#8221; custom_padding=&#8221;140px||4vw||false|false&#8221; custom_padding_tablet=&#8221;100px||||false|false&#8221; custom_padding_phone=&#8221;110px||||false|false&#8221; custom_padding_last_edited=&#8221;on|desktop&#8221; animation_direction=&#8221;bottom&#8221; title_font_size_tablet=&#8221;40px&#8221; title_font_size_phone=&#8221;&#8221; title_font_size_last_edited=&#8221;on|phone&#8221; content_font_size_tablet=&#8221;&#8221; content_font_size_phone=&#8221;15px&#8221; content_font_size_last_edited=&#8221;on|phone&#8221; button_one_letter_spacing_hover=&#8221;2px&#8221; button_two_letter_spacing_hover=&#8221;2px&#8221; global_colors_info=&#8221;{}&#8221; button_one_text_size__hover_enabled=&#8221;off&#8221; button_two_text_size__hover_enabled=&#8221;off&#8221; button_one_text_color__hover_enabled=&#8221;off&#8221; button_two_text_color__hover_enabled=&#8221;off&#8221; button_one_border_width__hover_enabled=&#8221;off&#8221; button_two_border_width__hover_enabled=&#8221;off&#8221; button_one_border_color__hover_enabled=&#8221;off&#8221; button_two_border_color__hover_enabled=&#8221;off&#8221; button_one_border_radius__hover_enabled=&#8221;off&#8221; button_two_border_radius__hover_enabled=&#8221;off&#8221; button_one_letter_spacing__hover_enabled=&#8221;on&#8221; button_one_letter_spacing__hover=&#8221;2px&#8221; button_two_letter_spacing__hover_enabled=&#8221;on&#8221; button_two_letter_spacing__hover=&#8221;2px&#8221; button_one_bg_color__hover_enabled=&#8221;off&#8221; button_two_bg_color__hover_enabled=&#8221;off&#8221; theme_builder_area=&#8221;post_content&#8221;][\/et_pb_fullwidth_header][\/et_pb_section][et_pb_section fb_built=&#8221;1&#8243; fullwidth=&#8221;on&#8221; admin_label=&#8221;Hero Section&#8221; _builder_version=&#8221;4.27.0&#8243; background_enable_color=&#8221;off&#8221; background_enable_image=&#8221;off&#8221; parallax=&#8221;on&#8221; custom_margin=&#8221;|||&#8221; custom_padding=&#8221;|||&#8221; global_colors_info=&#8221;{}&#8221; theme_builder_area=&#8221;post_content&#8221;][et_pb_fullwidth_header _builder_version=&#8221;4.27.3&#8243; title_font=&#8221;Poppins|600|||||||&#8221; title_text_color=&#8221;#000000&#8243; title_font_size=&#8221;39px&#8221; title_line_height=&#8221;1.5em&#8221; content_font=&#8221;||||||||&#8221; content_text_color=&#8221;#000000&#8243; content_font_size=&#8221;17px&#8221; content_line_height=&#8221;2em&#8221; background_color=&#8221;rgba(0,0,0,0)&#8221; background_enable_image=&#8221;off&#8221; background_position=&#8221;bottom_center&#8221; custom_button_one=&#8221;on&#8221; button_one_text_size=&#8221;13px&#8221; button_one_bg_color=&#8221;#4328b7&#8243; button_one_border_width=&#8221;10px&#8221; button_one_border_color=&#8221;#4328b7&#8243; button_one_border_radius=&#8221;0px&#8221; button_one_letter_spacing=&#8221;2px&#8221; button_one_font=&#8221;Titillium Web|700||on|||||&#8221; custom_button_two=&#8221;on&#8221; button_two_text_size=&#8221;13px&#8221; button_two_text_color=&#8221;#4328b7&#8243; button_two_bg_color=&#8221;#ffffff&#8221; button_two_border_width=&#8221;10px&#8221; button_two_border_color=&#8221;#ffffff&#8221; button_two_border_radius=&#8221;0px&#8221; button_two_letter_spacing=&#8221;2px&#8221; button_two_font=&#8221;Titillium Web|700||on|||||&#8221; width_phone=&#8221;100%&#8221; width_last_edited=&#8221;off|phone&#8221; max_width_phone=&#8221;100%&#8221; max_width_last_edited=&#8221;off|phone&#8221; custom_margin=&#8221;|||&#8221; custom_padding=&#8221;6vw||8vw||false|&#8221; animation_direction=&#8221;bottom&#8221; title_font_size_tablet=&#8221;34px&#8221; title_font_size_phone=&#8221;26px&#8221; title_font_size_last_edited=&#8221;on|phone&#8221; content_font_size_tablet=&#8221;16px&#8221; content_font_size_phone=&#8221;15px&#8221; content_font_size_last_edited=&#8221;on|phone&#8221; button_one_letter_spacing_hover=&#8221;2px&#8221; button_two_letter_spacing_hover=&#8221;2px&#8221; global_colors_info=&#8221;{}&#8221; button_one_text_size__hover_enabled=&#8221;off&#8221; button_two_text_size__hover_enabled=&#8221;off&#8221; button_one_text_color__hover_enabled=&#8221;off&#8221; button_two_text_color__hover_enabled=&#8221;off&#8221; button_one_border_width__hover_enabled=&#8221;off&#8221; button_two_border_width__hover_enabled=&#8221;off&#8221; button_one_border_color__hover_enabled=&#8221;off&#8221; button_two_border_color__hover_enabled=&#8221;off&#8221; button_one_border_radius__hover_enabled=&#8221;off&#8221; button_two_border_radius__hover_enabled=&#8221;off&#8221; button_one_letter_spacing__hover_enabled=&#8221;on&#8221; button_one_letter_spacing__hover=&#8221;2px&#8221; button_two_letter_spacing__hover_enabled=&#8221;on&#8221; button_two_letter_spacing__hover=&#8221;2px&#8221; button_one_bg_color__hover_enabled=&#8221;off&#8221; button_two_bg_color__hover_enabled=&#8221;off&#8221; theme_builder_area=&#8221;post_content&#8221;]<\/p>\n<p>W <strong>Crypto Recovers<\/strong> jeste\u015bmy dumni z dostarczania naszym u\u017cytkownikom dok\u0142adnych, przejrzystych i wiarygodnych tre\u015bci. Nasze <strong>zasady publikowania<\/strong> maj\u0105 na celu zapewnienie, \u017ce wszystko, co publikujemy, niezale\u017cnie od tego, czy jest to przewodnik, wpis na blogu czy aktualizacja, jest zgodne z najwy\u017cszymi standardami uczciwo\u015bci i dok\u0142adno\u015bci. To zobowi\u0105zanie pozwala naszym u\u017cytkownikom zaufa\u0107 dostarczanym informacjom, gdy potrzebuj\u0105 pomocy w odzyskaniu swoich zasob\u00f3w cyfrowych.  <\/p>\n<p>&nbsp;<\/p>\n<p><strong>Nasze podej\u015bcie do przejrzysto\u015bci:<\/strong><\/p>\n<p>Przejrzysto\u015b\u0107 jest podstaw\u0105 naszych zasad publikacji. Naszym celem jest jasne przedstawienie metod i strategii stoj\u0105cych za naszymi us\u0142ugami odzyskiwania portfeli. Ka\u017cdy przewodnik i artyku\u0142 jest dok\u0142adnie badany, zapewniaj\u0105c, \u017ce nasi u\u017cytkownicy rozumiej\u0105 ca\u0142y proces odzyskiwania portfela, od pocz\u0105tku do ko\u0144ca. Zamieszczamy wy\u0142\u0105cznie informacje z wiarygodnych \u017ar\u00f3de\u0142 i staramy si\u0119 unika\u0107 \u017cargonu, dzi\u0119ki czemu z\u0142o\u017cone tematy staj\u0105 si\u0119 bardziej przyst\u0119pne.   <\/p>\n<p>&nbsp;<\/p>\n<p><strong>Dok\u0142adno\u015b\u0107 fakt\u00f3w:<\/strong><\/p>\n<p>Rozumiemy, \u017ce je\u015bli chodzi o portfele cyfrowe, dok\u0142adno\u015b\u0107 jest najwa\u017cniejsza. B\u0142\u0119dne informacje mog\u0105 kosztowa\u0107 u\u017cytkownik\u00f3w ich aktywa. Dlatego weryfikujemy ka\u017cdy fakt i statystyk\u0119 przed opublikowaniem jakiejkolwiek tre\u015bci. Nasz zesp\u00f3\u0142 jest zaanga\u017cowany w sprawdzanie i por\u00f3wnywanie ka\u017cdego szczeg\u00f3\u0142u, aby upewni\u0107 si\u0119, \u017ce wszystkie informacje s\u0105 aktualne i istotne.   <\/p>\n<p>&nbsp;<\/p>\n<p><strong>Regularne aktualizacje:<\/strong><\/p>\n<p>Technologie odzyskiwania kryptowalut i portfeli stale ewoluuj\u0105. Aby informowa\u0107 naszych u\u017cytkownik\u00f3w o najnowszych zmianach, zobowi\u0105zujemy si\u0119 do regularnego aktualizowania naszych tre\u015bci. Niezale\u017cnie od tego, czy chodzi o nowe metody odzyskiwania, wskaz\u00f3wki dotycz\u0105ce bezpiecze\u0144stwa czy platformy portfeli, zapewniamy, \u017ce ka\u017cdy artyku\u0142 odzwierciedla najbardziej aktualne dost\u0119pne informacje.  <\/p>\n<p>Zachowujemy r\u00f3wnie\u017c przejrzysto\u015b\u0107 w zakresie ogranicze\u0144 naszych us\u0142ug i informujemy u\u017cytkownik\u00f3w o wszelkich potencjalnych zagro\u017ceniach zwi\u0105zanych z niekt\u00f3rymi metodami odzyskiwania danych. Ta uczciwo\u015b\u0107 gwarantuje, \u017ce ustalamy realistyczne oczekiwania dla naszych u\u017cytkownik\u00f3w i skutecznie prowadzimy ich przez proces odzyskiwania danych. <\/p>\n<p>[\/et_pb_fullwidth_header][\/et_pb_section]<\/p>\n","protected":false},"excerpt":{"rendered":"<p>W Crypto Recovers jeste\u015bmy dumni z dostarczania naszym u\u017cytkownikom dok\u0142adnych, przejrzystych i wiarygodnych tre\u015bci. Nasze zasady publikowania maj\u0105 na celu zapewnienie, \u017ce wszystko, co publikujemy, niezale\u017cnie od tego, czy jest to przewodnik, wpis na blogu czy aktualizacja, jest zgodne z najwy\u017cszymi standardami uczciwo\u015bci i dok\u0142adno\u015bci. To zobowi\u0105zanie pozwala naszym u\u017cytkownikom zaufa\u0107 dostarczanym informacjom, gdy potrzebuj\u0105 [&hellip;]<\/p>\n","protected":false},"author":1,"featured_media":0,"parent":0,"menu_order":0,"comment_status":"closed","ping_status":"closed","template":"","meta":{"_et_pb_use_builder":"on","_et_pb_old_content":"","_et_gb_content_width":"","footnotes":""},"class_list":["post-241751","page","type-page","status-publish","hentry"],"yoast_head":"<!-- This site is optimized with the Yoast SEO Premium plugin v27.1 (Yoast SEO v27.1.1) - https:\/\/yoast.com\/product\/yoast-seo-premium-wordpress\/ -->\n<title>Zasady publikacji - Cryptorecovers.com<\/title>\n<meta name=\"description\" content=\"Odkryj zasady publikowania, kt\u00f3re kieruj\u0105 Cryptorecovers w dostarczaniu przejrzystych i wiarygodnych tre\u015bci dla us\u0142ug odzyskiwania portfela.\" \/>\n<meta name=\"robots\" content=\"index, follow, max-snippet:-1, max-image-preview:large, max-video-preview:-1\" \/>\n<link rel=\"canonical\" href=\"https:\/\/cryptorecovers.com\/pl\/zasady-publikowania\/\" \/>\n<meta property=\"og:locale\" content=\"pl_PL\" \/>\n<meta property=\"og:type\" content=\"article\" \/>\n<meta property=\"og:title\" content=\"Zasady publikowania\" \/>\n<meta property=\"og:description\" content=\"Odkryj zasady publikowania, kt\u00f3re kieruj\u0105 Cryptorecovers w dostarczaniu przejrzystych i wiarygodnych tre\u015bci dla us\u0142ug odzyskiwania portfela.\" \/>\n<meta property=\"og:url\" content=\"https:\/\/cryptorecovers.com\/pl\/zasady-publikowania\/\" \/>\n<meta property=\"og:site_name\" content=\"Crypto Recovers\" \/>\n<meta property=\"article:publisher\" content=\"https:\/\/www.facebook.com\/profile.php?id=61555829150179\" \/>\n<meta property=\"article:modified_time\" content=\"2024-12-19T00:49:54+00:00\" \/>\n<meta property=\"og:image\" content=\"https:\/\/cryptorecovers.com\/wp-content\/uploads\/2023\/12\/Cryptorecovers-Wallet-recovery-thumbnail.jpg\" \/>\n\t<meta property=\"og:image:width\" content=\"1200\" \/>\n\t<meta property=\"og:image:height\" content=\"628\" \/>\n\t<meta property=\"og:image:type\" content=\"image\/jpeg\" \/>\n<meta name=\"twitter:card\" content=\"summary_large_image\" \/>\n<meta name=\"twitter:site\" content=\"@xcryptorecovers\" \/>\n<meta name=\"twitter:label1\" content=\"Szacowany czas czytania\" \/>\n\t<meta name=\"twitter:data1\" content=\"5 minut\" \/>\n<script type=\"application\/ld+json\" class=\"yoast-schema-graph\">{\"@context\":\"https:\/\/schema.org\",\"@graph\":[{\"@type\":\"WebPage\",\"@id\":\"https:\/\/cryptorecovers.com\/pl\/zasady-publikowania\/\",\"url\":\"https:\/\/cryptorecovers.com\/pl\/zasady-publikowania\/\",\"name\":\"Zasady publikacji - Cryptorecovers.com\",\"isPartOf\":{\"@id\":\"https:\/\/cryptorecovers.com\/pl\/#website\"},\"datePublished\":\"2024-12-19T00:49:51+00:00\",\"dateModified\":\"2024-12-19T00:49:54+00:00\",\"description\":\"Odkryj zasady publikowania, kt\u00f3re kieruj\u0105 Cryptorecovers w dostarczaniu przejrzystych i wiarygodnych tre\u015bci dla us\u0142ug odzyskiwania portfela.\",\"inLanguage\":\"pl-PL\",\"potentialAction\":[{\"@type\":\"ReadAction\",\"target\":[\"https:\/\/cryptorecovers.com\/pl\/zasady-publikowania\/\"]}]},{\"@type\":\"WebSite\",\"@id\":\"https:\/\/cryptorecovers.com\/pl\/#website\",\"url\":\"https:\/\/cryptorecovers.com\/pl\/\",\"name\":\"Crypto Recovers\",\"description\":\"Crypto Wallet Recovery Services\",\"publisher\":{\"@id\":\"https:\/\/cryptorecovers.com\/pl\/#organization\"},\"potentialAction\":[{\"@type\":\"SearchAction\",\"target\":{\"@type\":\"EntryPoint\",\"urlTemplate\":\"https:\/\/cryptorecovers.com\/pl\/?s={search_term_string}\"},\"query-input\":{\"@type\":\"PropertyValueSpecification\",\"valueRequired\":true,\"valueName\":\"search_term_string\"}}],\"inLanguage\":\"pl-PL\"},{\"@type\":[\"Organization\",\"Place\"],\"@id\":\"https:\/\/cryptorecovers.com\/pl\/#organization\",\"name\":\"Crypto Recovers\",\"alternateName\":\"Crypto Recovers \u2013 Crypto Wallet Recovery Services\",\"url\":\"https:\/\/cryptorecovers.com\/pl\/\",\"logo\":{\"@id\":\"https:\/\/cryptorecovers.com\/pl\/zasady-publikowania\/#local-main-organization-logo\"},\"image\":{\"@id\":\"https:\/\/cryptorecovers.com\/pl\/zasady-publikowania\/#local-main-organization-logo\"},\"sameAs\":[\"https:\/\/www.facebook.com\/profile.php?id=61555829150179\",\"https:\/\/x.com\/xcryptorecovers\",\"https:\/\/www.linkedin.com\/company\/101478432\/\",\"https:\/\/www.youtube.com\/@cryptorecovers\"],\"description\":\"Crypto Recovers is a specialized cryptocurrency wallet recovery service that helps individuals and businesses regain access to lost or inaccessible crypto wallets, including cases involving forgotten passwords, incomplete recovery phrases, and corrupted wallet data.\",\"legalName\":\"Crypto Recovers\",\"foundingDate\":\"2019-05-27\",\"numberOfEmployees\":{\"@type\":\"QuantitativeValue\",\"minValue\":\"1\",\"maxValue\":\"10\"},\"address\":{\"@id\":\"https:\/\/cryptorecovers.com\/pl\/zasady-publikowania\/#local-main-place-address\"},\"telephone\":[\"+31851091211\"],\"contactPoint\":{\"@type\":\"ContactPoint\",\"telephone\":\"+31851091211\",\"email\":\"support@cryptorecovers.com\"},\"openingHoursSpecification\":{\"@type\":\"OpeningHoursSpecification\",\"dayOfWeek\":[\"Monday\",\"Tuesday\",\"Wednesday\",\"Thursday\",\"Friday\",\"Saturday\",\"Sunday\"],\"opens\":\"00:00\",\"closes\":\"23:59\"},\"email\":\"support@cryptorecovers.com\",\"areaServed\":\"Worldwide\",\"vatID\":\"NL003031083B24\"},{\"@type\":\"PostalAddress\",\"@id\":\"https:\/\/cryptorecovers.com\/pl\/zasady-publikowania\/#local-main-place-address\",\"streetAddress\":\"Louis Braillelaan 80\",\"addressLocality\":\"Zoetermeer\",\"postalCode\":\"2719 EK\",\"addressRegion\":\"Zuid-Holland\",\"addressCountry\":\"NL\"},{\"@type\":\"ImageObject\",\"inLanguage\":\"pl-PL\",\"@id\":\"https:\/\/cryptorecovers.com\/pl\/zasady-publikowania\/#local-main-organization-logo\",\"url\":\"https:\/\/cryptorecovers.com\/wp-content\/uploads\/2025\/09\/favicon_website_cr.png\",\"contentUrl\":\"https:\/\/cryptorecovers.com\/wp-content\/uploads\/2025\/09\/favicon_website_cr.png\",\"width\":500,\"height\":500,\"caption\":\"Crypto Recovers\"}]}<\/script>\n<meta name=\"geo.placename\" content=\"Zoetermeer\" \/>\n<meta name=\"geo.region\" content=\"Holandia\" \/>\n<!-- \/ Yoast SEO Premium plugin. -->","yoast_head_json":{"title":"Zasady publikacji - Cryptorecovers.com","description":"Odkryj zasady publikowania, kt\u00f3re kieruj\u0105 Cryptorecovers w dostarczaniu przejrzystych i wiarygodnych tre\u015bci dla us\u0142ug odzyskiwania portfela.","robots":{"index":"index","follow":"follow","max-snippet":"max-snippet:-1","max-image-preview":"max-image-preview:large","max-video-preview":"max-video-preview:-1"},"canonical":"https:\/\/cryptorecovers.com\/pl\/zasady-publikowania\/","og_locale":"pl_PL","og_type":"article","og_title":"Zasady publikowania","og_description":"Odkryj zasady publikowania, kt\u00f3re kieruj\u0105 Cryptorecovers w dostarczaniu przejrzystych i wiarygodnych tre\u015bci dla us\u0142ug odzyskiwania portfela.","og_url":"https:\/\/cryptorecovers.com\/pl\/zasady-publikowania\/","og_site_name":"Crypto Recovers","article_publisher":"https:\/\/www.facebook.com\/profile.php?id=61555829150179","article_modified_time":"2024-12-19T00:49:54+00:00","og_image":[{"width":1200,"height":628,"url":"https:\/\/cryptorecovers.com\/wp-content\/uploads\/2023\/12\/Cryptorecovers-Wallet-recovery-thumbnail.jpg","type":"image\/jpeg"}],"twitter_card":"summary_large_image","twitter_site":"@xcryptorecovers","twitter_misc":{"Szacowany czas czytania":"5 minut"},"schema":{"@context":"https:\/\/schema.org","@graph":[{"@type":"WebPage","@id":"https:\/\/cryptorecovers.com\/pl\/zasady-publikowania\/","url":"https:\/\/cryptorecovers.com\/pl\/zasady-publikowania\/","name":"Zasady publikacji - Cryptorecovers.com","isPartOf":{"@id":"https:\/\/cryptorecovers.com\/pl\/#website"},"datePublished":"2024-12-19T00:49:51+00:00","dateModified":"2024-12-19T00:49:54+00:00","description":"Odkryj zasady publikowania, kt\u00f3re kieruj\u0105 Cryptorecovers w dostarczaniu przejrzystych i wiarygodnych tre\u015bci dla us\u0142ug odzyskiwania portfela.","inLanguage":"pl-PL","potentialAction":[{"@type":"ReadAction","target":["https:\/\/cryptorecovers.com\/pl\/zasady-publikowania\/"]}]},{"@type":"WebSite","@id":"https:\/\/cryptorecovers.com\/pl\/#website","url":"https:\/\/cryptorecovers.com\/pl\/","name":"Crypto Recovers","description":"Crypto Wallet Recovery Services","publisher":{"@id":"https:\/\/cryptorecovers.com\/pl\/#organization"},"potentialAction":[{"@type":"SearchAction","target":{"@type":"EntryPoint","urlTemplate":"https:\/\/cryptorecovers.com\/pl\/?s={search_term_string}"},"query-input":{"@type":"PropertyValueSpecification","valueRequired":true,"valueName":"search_term_string"}}],"inLanguage":"pl-PL"},{"@type":["Organization","Place"],"@id":"https:\/\/cryptorecovers.com\/pl\/#organization","name":"Crypto Recovers","alternateName":"Crypto Recovers \u2013 Crypto Wallet Recovery Services","url":"https:\/\/cryptorecovers.com\/pl\/","logo":{"@id":"https:\/\/cryptorecovers.com\/pl\/zasady-publikowania\/#local-main-organization-logo"},"image":{"@id":"https:\/\/cryptorecovers.com\/pl\/zasady-publikowania\/#local-main-organization-logo"},"sameAs":["https:\/\/www.facebook.com\/profile.php?id=61555829150179","https:\/\/x.com\/xcryptorecovers","https:\/\/www.linkedin.com\/company\/101478432\/","https:\/\/www.youtube.com\/@cryptorecovers"],"description":"Crypto Recovers is a specialized cryptocurrency wallet recovery service that helps individuals and businesses regain access to lost or inaccessible crypto wallets, including cases involving forgotten passwords, incomplete recovery phrases, and corrupted wallet data.","legalName":"Crypto Recovers","foundingDate":"2019-05-27","numberOfEmployees":{"@type":"QuantitativeValue","minValue":"1","maxValue":"10"},"address":{"@id":"https:\/\/cryptorecovers.com\/pl\/zasady-publikowania\/#local-main-place-address"},"telephone":["+31851091211"],"contactPoint":{"@type":"ContactPoint","telephone":"+31851091211","email":"support@cryptorecovers.com"},"openingHoursSpecification":{"@type":"OpeningHoursSpecification","dayOfWeek":["Monday","Tuesday","Wednesday","Thursday","Friday","Saturday","Sunday"],"opens":"00:00","closes":"23:59"},"email":"support@cryptorecovers.com","areaServed":"Worldwide","vatID":"NL003031083B24"},{"@type":"PostalAddress","@id":"https:\/\/cryptorecovers.com\/pl\/zasady-publikowania\/#local-main-place-address","streetAddress":"Louis Braillelaan 80","addressLocality":"Zoetermeer","postalCode":"2719 EK","addressRegion":"Zuid-Holland","addressCountry":"NL"},{"@type":"ImageObject","inLanguage":"pl-PL","@id":"https:\/\/cryptorecovers.com\/pl\/zasady-publikowania\/#local-main-organization-logo","url":"https:\/\/cryptorecovers.com\/wp-content\/uploads\/2025\/09\/favicon_website_cr.png","contentUrl":"https:\/\/cryptorecovers.com\/wp-content\/uploads\/2025\/09\/favicon_website_cr.png","width":500,"height":500,"caption":"Crypto Recovers"}]},"geo.placename":"Zoetermeer","geo.region":"Holandia"},"_links":{"self":[{"href":"https:\/\/cryptorecovers.com\/pl\/wp-json\/wp\/v2\/pages\/241751","targetHints":{"allow":["GET"]}}],"collection":[{"href":"https:\/\/cryptorecovers.com\/pl\/wp-json\/wp\/v2\/pages"}],"about":[{"href":"https:\/\/cryptorecovers.com\/pl\/wp-json\/wp\/v2\/types\/page"}],"author":[{"embeddable":true,"href":"https:\/\/cryptorecovers.com\/pl\/wp-json\/wp\/v2\/users\/1"}],"replies":[{"embeddable":true,"href":"https:\/\/cryptorecovers.com\/pl\/wp-json\/wp\/v2\/comments?post=241751"}],"version-history":[{"count":4,"href":"https:\/\/cryptorecovers.com\/pl\/wp-json\/wp\/v2\/pages\/241751\/revisions"}],"predecessor-version":[{"id":241757,"href":"https:\/\/cryptorecovers.com\/pl\/wp-json\/wp\/v2\/pages\/241751\/revisions\/241757"}],"wp:attachment":[{"href":"https:\/\/cryptorecovers.com\/pl\/wp-json\/wp\/v2\/media?parent=241751"}],"curies":[{"name":"wp","href":"https:\/\/api.w.org\/{rel}","templated":true}]}}