{"id":241717,"date":"2024-12-19T00:46:54","date_gmt":"2024-12-19T00:46:54","guid":{"rendered":"https:\/\/cryptorecovers.com\/wylaczenie-odpowiedzialnosci\/"},"modified":"2024-12-19T00:46:57","modified_gmt":"2024-12-19T00:46:57","slug":"wylaczenie-odpowiedzialnosci","status":"publish","type":"page","link":"https:\/\/cryptorecovers.com\/pl\/wylaczenie-odpowiedzialnosci\/","title":{"rendered":"Zastrze\u017cenie"},"content":{"rendered":"<p>[et_pb_section fb_built=&#8221;1&#8243; fullwidth=&#8221;on&#8221; admin_label=&#8221;Hero Section&#8221; _builder_version=&#8221;4.16&#8243; background_color=&#8221;#101535&#8243; background_image=&#8221;https:\/\/cryptorecovers.com\/wp-content\/uploads\/2023\/02\/crypto-bg-02.png&#8221; parallax=&#8221;on&#8221; custom_margin=&#8221;|||&#8221; custom_padding=&#8221;|||&#8221; locked=&#8221;off&#8221; global_colors_info=&#8221;{}&#8221; theme_builder_area=&#8221;post_content&#8221;][et_pb_fullwidth_header title=&#8221;Zastrze\u017cenie&#8221; text_orientation=&#8221;center&#8221; _builder_version=&#8221;4.27.0&#8243; title_font=&#8221;Poppins||||||||&#8221; title_font_size=&#8221;66px&#8221; title_line_height=&#8221;1.5em&#8221; content_font=&#8221;||||||||&#8221; content_font_size=&#8221;18px&#8221; content_line_height=&#8221;2em&#8221; background_enable_color=&#8221;off&#8221; background_position=&#8221;bottom_center&#8221; custom_button_one=&#8221;on&#8221; button_one_text_size=&#8221;13px&#8221; button_one_bg_color=&#8221;#4328b7&#8243; button_one_border_width=&#8221;10px&#8221; button_one_border_color=&#8221;#4328b7&#8243; button_one_border_radius=&#8221;0px&#8221; button_one_letter_spacing=&#8221;2px&#8221; button_one_font=&#8221;Titillium Web|700||on|||||&#8221; custom_button_two=&#8221;on&#8221; button_two_text_size=&#8221;13px&#8221; button_two_text_color=&#8221;#4328b7&#8243; button_two_bg_color=&#8221;#ffffff&#8221; button_two_border_width=&#8221;10px&#8221; button_two_border_color=&#8221;#ffffff&#8221; button_two_border_radius=&#8221;0px&#8221; button_two_letter_spacing=&#8221;2px&#8221; button_two_font=&#8221;Titillium Web|700||on|||||&#8221; custom_margin=&#8221;|||&#8221; custom_padding=&#8221;140px||4vw||false|false&#8221; custom_padding_tablet=&#8221;100px||||false|false&#8221; custom_padding_phone=&#8221;110px||||false|false&#8221; custom_padding_last_edited=&#8221;on|desktop&#8221; animation_direction=&#8221;bottom&#8221; title_font_size_tablet=&#8221;40px&#8221; title_font_size_phone=&#8221;&#8221; title_font_size_last_edited=&#8221;on|phone&#8221; content_font_size_tablet=&#8221;&#8221; content_font_size_phone=&#8221;15px&#8221; content_font_size_last_edited=&#8221;on|phone&#8221; button_one_letter_spacing_hover=&#8221;2px&#8221; button_two_letter_spacing_hover=&#8221;2px&#8221; global_colors_info=&#8221;{}&#8221; button_one_text_size__hover_enabled=&#8221;off&#8221; button_two_text_size__hover_enabled=&#8221;off&#8221; button_one_text_color__hover_enabled=&#8221;off&#8221; button_two_text_color__hover_enabled=&#8221;off&#8221; button_one_border_width__hover_enabled=&#8221;off&#8221; button_two_border_width__hover_enabled=&#8221;off&#8221; button_one_border_color__hover_enabled=&#8221;off&#8221; button_two_border_color__hover_enabled=&#8221;off&#8221; button_one_border_radius__hover_enabled=&#8221;off&#8221; button_two_border_radius__hover_enabled=&#8221;off&#8221; button_one_letter_spacing__hover_enabled=&#8221;on&#8221; button_one_letter_spacing__hover=&#8221;2px&#8221; button_two_letter_spacing__hover_enabled=&#8221;on&#8221; button_two_letter_spacing__hover=&#8221;2px&#8221; button_one_bg_color__hover_enabled=&#8221;off&#8221; button_two_bg_color__hover_enabled=&#8221;off&#8221; theme_builder_area=&#8221;post_content&#8221;][\/et_pb_fullwidth_header][\/et_pb_section][et_pb_section fb_built=&#8221;1&#8243; fullwidth=&#8221;on&#8221; admin_label=&#8221;Hero Section&#8221; _builder_version=&#8221;4.27.0&#8243; background_enable_color=&#8221;off&#8221; background_enable_image=&#8221;off&#8221; parallax=&#8221;on&#8221; custom_margin=&#8221;|||&#8221; custom_padding=&#8221;|||&#8221; global_colors_info=&#8221;{}&#8221; theme_builder_area=&#8221;post_content&#8221;][et_pb_fullwidth_header _builder_version=&#8221;4.27.3&#8243; title_font=&#8221;Poppins|600|||||||&#8221; title_text_color=&#8221;#000000&#8243; title_font_size=&#8221;39px&#8221; title_line_height=&#8221;1.5em&#8221; content_font=&#8221;||||||||&#8221; content_text_color=&#8221;#000000&#8243; content_font_size=&#8221;17px&#8221; content_line_height=&#8221;2em&#8221; background_color=&#8221;rgba(0,0,0,0)&#8221; background_enable_image=&#8221;off&#8221; background_position=&#8221;bottom_center&#8221; custom_button_one=&#8221;on&#8221; button_one_text_size=&#8221;13px&#8221; button_one_bg_color=&#8221;#4328b7&#8243; button_one_border_width=&#8221;10px&#8221; button_one_border_color=&#8221;#4328b7&#8243; button_one_border_radius=&#8221;0px&#8221; button_one_letter_spacing=&#8221;2px&#8221; button_one_font=&#8221;Titillium Web|700||on|||||&#8221; custom_button_two=&#8221;on&#8221; button_two_text_size=&#8221;13px&#8221; button_two_text_color=&#8221;#4328b7&#8243; button_two_bg_color=&#8221;#ffffff&#8221; button_two_border_width=&#8221;10px&#8221; button_two_border_color=&#8221;#ffffff&#8221; button_two_border_radius=&#8221;0px&#8221; button_two_letter_spacing=&#8221;2px&#8221; button_two_font=&#8221;Titillium Web|700||on|||||&#8221; width_phone=&#8221;100%&#8221; width_last_edited=&#8221;off|phone&#8221; max_width_phone=&#8221;100%&#8221; max_width_last_edited=&#8221;off|phone&#8221; custom_margin=&#8221;|||&#8221; custom_padding=&#8221;6vw||8vw||false|&#8221; animation_direction=&#8221;bottom&#8221; title_font_size_tablet=&#8221;34px&#8221; title_font_size_phone=&#8221;26px&#8221; title_font_size_last_edited=&#8221;on|phone&#8221; content_font_size_tablet=&#8221;16px&#8221; content_font_size_phone=&#8221;15px&#8221; content_font_size_last_edited=&#8221;on|phone&#8221; button_one_letter_spacing_hover=&#8221;2px&#8221; button_two_letter_spacing_hover=&#8221;2px&#8221; global_colors_info=&#8221;{}&#8221; button_one_text_size__hover_enabled=&#8221;off&#8221; button_two_text_size__hover_enabled=&#8221;off&#8221; button_one_text_color__hover_enabled=&#8221;off&#8221; button_two_text_color__hover_enabled=&#8221;off&#8221; button_one_border_width__hover_enabled=&#8221;off&#8221; button_two_border_width__hover_enabled=&#8221;off&#8221; button_one_border_color__hover_enabled=&#8221;off&#8221; button_two_border_color__hover_enabled=&#8221;off&#8221; button_one_border_radius__hover_enabled=&#8221;off&#8221; button_two_border_radius__hover_enabled=&#8221;off&#8221; button_one_letter_spacing__hover_enabled=&#8221;on&#8221; button_one_letter_spacing__hover=&#8221;2px&#8221; button_two_letter_spacing__hover_enabled=&#8221;on&#8221; button_two_letter_spacing__hover=&#8221;2px&#8221; button_one_bg_color__hover_enabled=&#8221;off&#8221; button_two_bg_color__hover_enabled=&#8221;off&#8221; theme_builder_area=&#8221;post_content&#8221;]<\/p>\n<p><strong>Ostatnia aktualizacja<\/strong>: 19-12-2024<\/p>\n<p>Witamy na stronie <strong>Cryptorecovers.com<\/strong> (zwanej r\u00f3wnie\u017c &#8222;Crypto Recovers&#8221;, &#8222;Cryptorecovers&#8221;, &#8222;my&#8221;, &#8222;nas&#8221; lub &#8222;nasz&#8221;). Korzystaj\u0105c z naszej strony internetowej i us\u0142ug, u\u017cytkownik przyjmuje do wiadomo\u015bci i akceptuje warunki okre\u015blone w niniejszym <strong>Zastrze\u017ceniu<\/strong>. Prosimy o uwa\u017cne zapoznanie si\u0119 z nim przed przyst\u0105pieniem do korzystania z jakichkolwiek us\u0142ug lub interakcji na naszej stronie internetowej.  <\/p>\n<h3><strong>1. Brak gwarancji sukcesu<\/strong><\/h3>\n<p>Chocia\u017c staramy si\u0119 \u015bwiadczy\u0107 najlepsze mo\u017cliwe us\u0142ugi odzyskiwania portfeli, nie mo\u017cemy zagwarantowa\u0107 pomy\u015blnego odzyskania utraconych, niedost\u0119pnych lub naruszonych portfeli, hase\u0142 lub aktyw\u00f3w kryptowalutowych. Sukces odzyskiwania portfela zale\u017cy od wielu czynnik\u00f3w, w tym od konkretnych szczeg\u00f3\u0142\u00f3w portfela, poziomu szyfrowania i ilo\u015bci informacji dost\u0119pnych do odzyskania. Cryptorecovers.com nie udziela \u017cadnych gwarancji ani o\u015bwiadcze\u0144 dotycz\u0105cych powodzenia jakiejkolwiek pr\u00f3by odzyskania portfela.  <\/p>\n<h3><strong>2. Ryzyko zwi\u0105zane z kryptowalutami<\/strong><\/h3>\n<p>Kryptowaluty s\u0105 z natury ryzykowne i niestabilne. Odzyskiwanie portfeli i przywracanie dost\u0119pu do aktyw\u00f3w kryptowalutowych mo\u017ce nie skutkowa\u0107 zwrotem utraconych \u015brodk\u00f3w. Cryptorecovers.com nie ponosi odpowiedzialno\u015bci za jakiekolwiek straty, szkody lub niepowodzenie w odzyskaniu jakiejkolwiek kryptowaluty lub zasob\u00f3w cyfrowych.  <\/p>\n<h3><strong>3. Ograniczenia us\u0142ug<\/strong><\/h3>\n<p>Nasze us\u0142ugi ograniczaj\u0105 si\u0119 do pomocy w odzyskiwaniu portfela i nie zapewniamy porad inwestycyjnych, us\u0142ug finansowych ani gwarancji zwi\u0105zanych z warto\u015bci\u0105 lub dost\u0119pno\u015bci\u0105 jakiejkolwiek kryptowaluty. Nie ponosimy odpowiedzialno\u015bci za jakiekolwiek konsekwencje techniczne lub finansowe wynikaj\u0105ce z korzystania z naszych us\u0142ug, w tym za utrat\u0119 aktyw\u00f3w podczas procesu odzyskiwania. <\/p>\n<h3><strong>4. Odpowiedzialno\u015b\u0107 u\u017cytkownika<\/strong><\/h3>\n<p>U\u017cytkownik jest odpowiedzialny za zapewnienie, \u017ce informacje przekazane nam w celu odzyskania portfela s\u0105 dok\u0142adne i kompletne. Wszelkie b\u0142\u0119dy lub pomini\u0119cia w dostarczonych informacjach mog\u0105 mie\u0107 wp\u0142yw na proces odzyskiwania. Ponadto u\u017cytkownik jest odpowiedzialny za ochron\u0119 swoich kluczy prywatnych, hase\u0142 i wszelkich poufnych danych zwi\u0105zanych z portfelem.  <\/p>\n<h3><strong>5. Us\u0142ugi stron trzecich<\/strong><\/h3>\n<p>Cryptorecovers.com mo\u017ce korzysta\u0107 z us\u0142ug i narz\u0119dzi stron trzecich w procesie odzyskiwania portfela. Te us\u0142ugi stron trzecich nie s\u0105 pod nasz\u0105 kontrol\u0105 i nie ponosimy odpowiedzialno\u015bci za ich dzia\u0142ania, bezpiecze\u0144stwo lub wydajno\u015b\u0107. Wszelkie us\u0142ugi stron trzecich s\u0105 u\u017cywane na w\u0142asne ryzyko.  <\/p>\n<h3><strong>6. Brak doradztwa finansowego lub inwestycyjnego<\/strong><\/h3>\n<p>Cryptorecovers.com nie udziela \u017cadnych porad finansowych, inwestycyjnych ani prawnych. Wszelkie informacje podane na naszej stronie internetowej lub podczas procesu odzyskiwania portfela nie powinny by\u0107 traktowane jako porady inwestycyjne lub rekomendacje dotycz\u0105ce zakupu lub sprzeda\u017cy jakiejkolwiek kryptowaluty. <\/p>\n<h3><strong>7. Ograniczenie odpowiedzialno\u015bci<\/strong><\/h3>\n<p>Cryptorecovers.com i jego podmioty stowarzyszone, agenci lub pracownicy nie ponosz\u0105 odpowiedzialno\u015bci za jakiekolwiek bezpo\u015brednie, po\u015brednie, przypadkowe, specjalne, wynikowe lub karne szkody, w tym mi\u0119dzy innymi utrat\u0119 \u015brodk\u00f3w, utrat\u0119 danych lub jakiekolwiek inne szkody wynikaj\u0105ce z korzystania z naszych us\u0142ug. Korzystaj\u0105c z naszych us\u0142ug, u\u017cytkownik zgadza si\u0119 chroni\u0107 Cryptorecovers.com przed wszelkimi roszczeniami lub stratami. <\/p>\n<h3><strong>8. Zgodno\u015b\u0107 z przepisami prawa<\/strong><\/h3>\n<p>Obowi\u0105zkiem u\u017cytkownika jest upewnienie si\u0119, \u017ce korzystanie z naszych us\u0142ug odzyskiwania portfela jest zgodne z prawem i przepisami obowi\u0105zuj\u0105cymi w jego jurysdykcji. Cryptorecovers.com nie anga\u017cuje si\u0119 ani nie popiera \u017cadnych nielegalnych dzia\u0142a\u0144 zwi\u0105zanych z odzyskiwaniem kryptowalut lub transakcjami. <\/p>\n<h3><strong>9. Zmiany w us\u0142ugach i wy\u0142\u0105czenie odpowiedzialno\u015bci<\/strong><\/h3>\n<p>Cryptorecovers.com zastrzega sobie prawo do modyfikacji, zawieszenia lub zaprzestania \u015bwiadczenia naszych us\u0142ug w dowolnym momencie, bez wcze\u015bniejszego powiadomienia. Zastrzegamy sobie r\u00f3wnie\u017c prawo do okresowej aktualizacji niniejszego Zastrze\u017cenia. Wszelkie zmiany w Zastrze\u017ceniu zostan\u0105 odzwierciedlone na tej stronie z zaktualizowan\u0105 dat\u0105 &#8222;Ostatnia aktualizacja&#8221;.  <\/p>\n<h3><strong>10. Brak powi\u0105za\u0144 z dostawcami kryptowalut<\/strong><\/h3>\n<p>Cryptorecovers.com jest niezale\u017cnym dostawc\u0105 us\u0142ug i nie jest powi\u0105zany z \u017cadn\u0105 konkretn\u0105 platform\u0105 kryptowalutow\u0105, dostawc\u0105 portfela ani gie\u0142d\u0105. Nasze us\u0142ugi nie s\u0105 promowane ani wspierane przez \u017cadne firmy kryptowalutowe. <\/p>\n<h3><strong>11. Zgoda<\/strong><\/h3>\n<p>Korzystaj\u0105c z naszych us\u0142ug, u\u017cytkownik wyra\u017ca zgod\u0119 na warunki niniejszego <strong>Zastrze\u017cenia<\/strong>. Je\u015bli u\u017cytkownik nie zgadza si\u0119 z jak\u0105kolwiek cz\u0119\u015bci\u0105 niniejszego Zastrze\u017cenia, musi natychmiast zaprzesta\u0107 korzystania z naszej witryny internetowej i us\u0142ug. <\/p>\n<hr>\n<p><strong>Skontaktuj si\u0119 z nami<\/strong><br \/>Je\u015bli masz jakiekolwiek pytania dotycz\u0105ce niniejszego Zastrze\u017cenia lub korzystania z naszych us\u0142ug, skontaktuj si\u0119 z nami pod adresem:<br \/><a href=\"mailto:support@cryptorecovers.com\">support@cryptorecovers.com<\/a><br \/><a href=\"tel:+3185%20109%201211\">+3185 109 1211<\/a><br \/>Lub kliknij <a href=\"https:\/\/cryptorecovers.com\/pl\/kontakt\/\">tutaj<\/a>, aby skorzysta\u0107 z formularza kontaktowego.<\/p>\n<p>[\/et_pb_fullwidth_header][\/et_pb_section]<\/p>\n","protected":false},"excerpt":{"rendered":"<p>Ostatnia aktualizacja: 19-12-2024 Witamy na stronie Cryptorecovers.com (zwanej r\u00f3wnie\u017c &#8222;Crypto Recovers&#8221;, &#8222;Cryptorecovers&#8221;, &#8222;my&#8221;, &#8222;nas&#8221; lub &#8222;nasz&#8221;). Korzystaj\u0105c z naszej strony internetowej i us\u0142ug, u\u017cytkownik przyjmuje do wiadomo\u015bci i akceptuje warunki okre\u015blone w niniejszym Zastrze\u017ceniu. Prosimy o uwa\u017cne zapoznanie si\u0119 z nim przed przyst\u0105pieniem do korzystania z jakichkolwiek us\u0142ug lub interakcji na naszej stronie internetowej. 1. [&hellip;]<\/p>\n","protected":false},"author":1,"featured_media":0,"parent":0,"menu_order":0,"comment_status":"closed","ping_status":"closed","template":"","meta":{"_et_pb_use_builder":"on","_et_pb_old_content":"","_et_gb_content_width":"","footnotes":""},"class_list":["post-241717","page","type-page","status-publish","hentry"],"yoast_head":"<!-- This site is optimized with the Yoast SEO Premium plugin v27.4 (Yoast SEO v27.4) - https:\/\/yoast.com\/product\/yoast-seo-premium-wordpress\/ -->\n<title>Wy\u0142\u0105czenie odpowiedzialno\u015bci - Cryptorecovers.com<\/title>\n<meta name=\"description\" content=\"Przeczytaj wy\u0142\u0105czenie odpowiedzialno\u015bci Cryptorecovers.com dotycz\u0105ce us\u0142ug odzyskiwania portfela, ryzyka i ogranicze\u0144.\" \/>\n<meta name=\"robots\" content=\"index, follow, max-snippet:-1, max-image-preview:large, max-video-preview:-1\" \/>\n<link rel=\"canonical\" href=\"https:\/\/cryptorecovers.com\/pl\/wylaczenie-odpowiedzialnosci\/\" \/>\n<meta property=\"og:locale\" content=\"pl_PL\" \/>\n<meta property=\"og:type\" content=\"article\" \/>\n<meta property=\"og:title\" content=\"Zastrze\u017cenie\" \/>\n<meta property=\"og:description\" content=\"Przeczytaj wy\u0142\u0105czenie odpowiedzialno\u015bci Cryptorecovers.com dotycz\u0105ce us\u0142ug odzyskiwania portfela, ryzyka i ogranicze\u0144.\" \/>\n<meta property=\"og:url\" content=\"https:\/\/cryptorecovers.com\/pl\/wylaczenie-odpowiedzialnosci\/\" \/>\n<meta property=\"og:site_name\" content=\"Crypto Recovers\" \/>\n<meta property=\"article:publisher\" content=\"https:\/\/www.facebook.com\/profile.php?id=61555829150179\" \/>\n<meta property=\"article:modified_time\" content=\"2024-12-19T00:46:57+00:00\" \/>\n<meta property=\"og:image\" content=\"https:\/\/cryptorecovers.com\/wp-content\/uploads\/2023\/12\/Cryptorecovers-Wallet-recovery-thumbnail.jpg\" \/>\n\t<meta property=\"og:image:width\" content=\"1200\" \/>\n\t<meta property=\"og:image:height\" content=\"628\" \/>\n\t<meta property=\"og:image:type\" content=\"image\/jpeg\" \/>\n<meta name=\"twitter:card\" content=\"summary_large_image\" \/>\n<meta name=\"twitter:site\" content=\"@xcryptorecovers\" \/>\n<meta name=\"twitter:label1\" content=\"Szacowany czas czytania\" \/>\n\t<meta name=\"twitter:data1\" content=\"7 minut\" \/>\n<script type=\"application\/ld+json\" class=\"yoast-schema-graph\">{\"@context\":\"https:\\\/\\\/schema.org\",\"@graph\":[{\"@type\":\"WebPage\",\"@id\":\"https:\\\/\\\/cryptorecovers.com\\\/pl\\\/wylaczenie-odpowiedzialnosci\\\/\",\"url\":\"https:\\\/\\\/cryptorecovers.com\\\/pl\\\/wylaczenie-odpowiedzialnosci\\\/\",\"name\":\"Wy\u0142\u0105czenie odpowiedzialno\u015bci - Cryptorecovers.com\",\"isPartOf\":{\"@id\":\"https:\\\/\\\/cryptorecovers.com\\\/pl\\\/#website\"},\"datePublished\":\"2024-12-19T00:46:54+00:00\",\"dateModified\":\"2024-12-19T00:46:57+00:00\",\"description\":\"Przeczytaj wy\u0142\u0105czenie odpowiedzialno\u015bci Cryptorecovers.com dotycz\u0105ce us\u0142ug odzyskiwania portfela, ryzyka i ogranicze\u0144.\",\"inLanguage\":\"pl-PL\",\"potentialAction\":[{\"@type\":\"ReadAction\",\"target\":[\"https:\\\/\\\/cryptorecovers.com\\\/pl\\\/wylaczenie-odpowiedzialnosci\\\/\"]}]},{\"@type\":\"WebSite\",\"@id\":\"https:\\\/\\\/cryptorecovers.com\\\/pl\\\/#website\",\"url\":\"https:\\\/\\\/cryptorecovers.com\\\/pl\\\/\",\"name\":\"Crypto Recovers\",\"description\":\"Crypto Wallet Recovery Services\",\"publisher\":{\"@id\":\"https:\\\/\\\/cryptorecovers.com\\\/pl\\\/#organization\"},\"potentialAction\":[{\"@type\":\"SearchAction\",\"target\":{\"@type\":\"EntryPoint\",\"urlTemplate\":\"https:\\\/\\\/cryptorecovers.com\\\/pl\\\/?s={search_term_string}\"},\"query-input\":{\"@type\":\"PropertyValueSpecification\",\"valueRequired\":true,\"valueName\":\"search_term_string\"}}],\"inLanguage\":\"pl-PL\"},{\"@type\":[\"Organization\",\"Place\"],\"@id\":\"https:\\\/\\\/cryptorecovers.com\\\/pl\\\/#organization\",\"name\":\"Crypto Recovers\",\"alternateName\":\"Crypto Recovers \u2013 Crypto Wallet Recovery Services\",\"url\":\"https:\\\/\\\/cryptorecovers.com\\\/pl\\\/\",\"logo\":{\"@id\":\"https:\\\/\\\/cryptorecovers.com\\\/pl\\\/wylaczenie-odpowiedzialnosci\\\/#local-main-organization-logo\"},\"image\":{\"@id\":\"https:\\\/\\\/cryptorecovers.com\\\/pl\\\/wylaczenie-odpowiedzialnosci\\\/#local-main-organization-logo\"},\"sameAs\":[\"https:\\\/\\\/www.facebook.com\\\/profile.php?id=61555829150179\",\"https:\\\/\\\/x.com\\\/xcryptorecovers\",\"https:\\\/\\\/www.linkedin.com\\\/company\\\/101478432\\\/\",\"https:\\\/\\\/www.youtube.com\\\/@cryptorecovers\"],\"description\":\"Crypto Recovers is a specialized cryptocurrency wallet recovery service that helps individuals and businesses regain access to lost or inaccessible crypto wallets, including cases involving forgotten passwords, incomplete recovery phrases, and corrupted wallet data.\",\"legalName\":\"Crypto Recovers\",\"foundingDate\":\"2019-05-27\",\"numberOfEmployees\":{\"@type\":\"QuantitativeValue\",\"minValue\":\"1\",\"maxValue\":\"10\"},\"address\":{\"@id\":\"https:\\\/\\\/cryptorecovers.com\\\/pl\\\/wylaczenie-odpowiedzialnosci\\\/#local-main-place-address\"},\"telephone\":[\"+31851091211\"],\"contactPoint\":{\"@type\":\"ContactPoint\",\"telephone\":\"+31851091211\",\"email\":\"support@cryptorecovers.com\"},\"openingHoursSpecification\":{\"@type\":\"OpeningHoursSpecification\",\"dayOfWeek\":[\"Monday\",\"Tuesday\",\"Wednesday\",\"Thursday\",\"Friday\",\"Saturday\",\"Sunday\"],\"opens\":\"00:00\",\"closes\":\"23:59\"},\"email\":\"support@cryptorecovers.com\",\"areaServed\":\"Worldwide\",\"vatID\":\"NL003031083B24\"},{\"@type\":\"PostalAddress\",\"@id\":\"https:\\\/\\\/cryptorecovers.com\\\/pl\\\/wylaczenie-odpowiedzialnosci\\\/#local-main-place-address\",\"streetAddress\":\"Louis Braillelaan 80\",\"addressLocality\":\"Zoetermeer\",\"postalCode\":\"2719 EK\",\"addressRegion\":\"Zuid-Holland\",\"addressCountry\":\"NL\"},{\"@type\":\"ImageObject\",\"inLanguage\":\"pl-PL\",\"@id\":\"https:\\\/\\\/cryptorecovers.com\\\/pl\\\/wylaczenie-odpowiedzialnosci\\\/#local-main-organization-logo\",\"url\":\"https:\\\/\\\/cryptorecovers.com\\\/wp-content\\\/uploads\\\/2025\\\/09\\\/favicon_website_cr.png\",\"contentUrl\":\"https:\\\/\\\/cryptorecovers.com\\\/wp-content\\\/uploads\\\/2025\\\/09\\\/favicon_website_cr.png\",\"width\":500,\"height\":500,\"caption\":\"Crypto Recovers\"}]}<\/script>\n<meta name=\"geo.placename\" content=\"Zoetermeer\" \/>\n<meta name=\"geo.region\" content=\"Holandia\" \/>\n<!-- \/ Yoast SEO Premium plugin. -->","yoast_head_json":{"title":"Wy\u0142\u0105czenie odpowiedzialno\u015bci - Cryptorecovers.com","description":"Przeczytaj wy\u0142\u0105czenie odpowiedzialno\u015bci Cryptorecovers.com dotycz\u0105ce us\u0142ug odzyskiwania portfela, ryzyka i ogranicze\u0144.","robots":{"index":"index","follow":"follow","max-snippet":"max-snippet:-1","max-image-preview":"max-image-preview:large","max-video-preview":"max-video-preview:-1"},"canonical":"https:\/\/cryptorecovers.com\/pl\/wylaczenie-odpowiedzialnosci\/","og_locale":"pl_PL","og_type":"article","og_title":"Zastrze\u017cenie","og_description":"Przeczytaj wy\u0142\u0105czenie odpowiedzialno\u015bci Cryptorecovers.com dotycz\u0105ce us\u0142ug odzyskiwania portfela, ryzyka i ogranicze\u0144.","og_url":"https:\/\/cryptorecovers.com\/pl\/wylaczenie-odpowiedzialnosci\/","og_site_name":"Crypto Recovers","article_publisher":"https:\/\/www.facebook.com\/profile.php?id=61555829150179","article_modified_time":"2024-12-19T00:46:57+00:00","og_image":[{"width":1200,"height":628,"url":"https:\/\/cryptorecovers.com\/wp-content\/uploads\/2023\/12\/Cryptorecovers-Wallet-recovery-thumbnail.jpg","type":"image\/jpeg"}],"twitter_card":"summary_large_image","twitter_site":"@xcryptorecovers","twitter_misc":{"Szacowany czas czytania":"7 minut"},"schema":{"@context":"https:\/\/schema.org","@graph":[{"@type":"WebPage","@id":"https:\/\/cryptorecovers.com\/pl\/wylaczenie-odpowiedzialnosci\/","url":"https:\/\/cryptorecovers.com\/pl\/wylaczenie-odpowiedzialnosci\/","name":"Wy\u0142\u0105czenie odpowiedzialno\u015bci - Cryptorecovers.com","isPartOf":{"@id":"https:\/\/cryptorecovers.com\/pl\/#website"},"datePublished":"2024-12-19T00:46:54+00:00","dateModified":"2024-12-19T00:46:57+00:00","description":"Przeczytaj wy\u0142\u0105czenie odpowiedzialno\u015bci Cryptorecovers.com dotycz\u0105ce us\u0142ug odzyskiwania portfela, ryzyka i ogranicze\u0144.","inLanguage":"pl-PL","potentialAction":[{"@type":"ReadAction","target":["https:\/\/cryptorecovers.com\/pl\/wylaczenie-odpowiedzialnosci\/"]}]},{"@type":"WebSite","@id":"https:\/\/cryptorecovers.com\/pl\/#website","url":"https:\/\/cryptorecovers.com\/pl\/","name":"Crypto Recovers","description":"Crypto Wallet Recovery Services","publisher":{"@id":"https:\/\/cryptorecovers.com\/pl\/#organization"},"potentialAction":[{"@type":"SearchAction","target":{"@type":"EntryPoint","urlTemplate":"https:\/\/cryptorecovers.com\/pl\/?s={search_term_string}"},"query-input":{"@type":"PropertyValueSpecification","valueRequired":true,"valueName":"search_term_string"}}],"inLanguage":"pl-PL"},{"@type":["Organization","Place"],"@id":"https:\/\/cryptorecovers.com\/pl\/#organization","name":"Crypto Recovers","alternateName":"Crypto Recovers \u2013 Crypto Wallet Recovery Services","url":"https:\/\/cryptorecovers.com\/pl\/","logo":{"@id":"https:\/\/cryptorecovers.com\/pl\/wylaczenie-odpowiedzialnosci\/#local-main-organization-logo"},"image":{"@id":"https:\/\/cryptorecovers.com\/pl\/wylaczenie-odpowiedzialnosci\/#local-main-organization-logo"},"sameAs":["https:\/\/www.facebook.com\/profile.php?id=61555829150179","https:\/\/x.com\/xcryptorecovers","https:\/\/www.linkedin.com\/company\/101478432\/","https:\/\/www.youtube.com\/@cryptorecovers"],"description":"Crypto Recovers is a specialized cryptocurrency wallet recovery service that helps individuals and businesses regain access to lost or inaccessible crypto wallets, including cases involving forgotten passwords, incomplete recovery phrases, and corrupted wallet data.","legalName":"Crypto Recovers","foundingDate":"2019-05-27","numberOfEmployees":{"@type":"QuantitativeValue","minValue":"1","maxValue":"10"},"address":{"@id":"https:\/\/cryptorecovers.com\/pl\/wylaczenie-odpowiedzialnosci\/#local-main-place-address"},"telephone":["+31851091211"],"contactPoint":{"@type":"ContactPoint","telephone":"+31851091211","email":"support@cryptorecovers.com"},"openingHoursSpecification":{"@type":"OpeningHoursSpecification","dayOfWeek":["Monday","Tuesday","Wednesday","Thursday","Friday","Saturday","Sunday"],"opens":"00:00","closes":"23:59"},"email":"support@cryptorecovers.com","areaServed":"Worldwide","vatID":"NL003031083B24"},{"@type":"PostalAddress","@id":"https:\/\/cryptorecovers.com\/pl\/wylaczenie-odpowiedzialnosci\/#local-main-place-address","streetAddress":"Louis Braillelaan 80","addressLocality":"Zoetermeer","postalCode":"2719 EK","addressRegion":"Zuid-Holland","addressCountry":"NL"},{"@type":"ImageObject","inLanguage":"pl-PL","@id":"https:\/\/cryptorecovers.com\/pl\/wylaczenie-odpowiedzialnosci\/#local-main-organization-logo","url":"https:\/\/cryptorecovers.com\/wp-content\/uploads\/2025\/09\/favicon_website_cr.png","contentUrl":"https:\/\/cryptorecovers.com\/wp-content\/uploads\/2025\/09\/favicon_website_cr.png","width":500,"height":500,"caption":"Crypto Recovers"}]},"geo.placename":"Zoetermeer","geo.region":"Holandia"},"_links":{"self":[{"href":"https:\/\/cryptorecovers.com\/pl\/wp-json\/wp\/v2\/pages\/241717","targetHints":{"allow":["GET"]}}],"collection":[{"href":"https:\/\/cryptorecovers.com\/pl\/wp-json\/wp\/v2\/pages"}],"about":[{"href":"https:\/\/cryptorecovers.com\/pl\/wp-json\/wp\/v2\/types\/page"}],"author":[{"embeddable":true,"href":"https:\/\/cryptorecovers.com\/pl\/wp-json\/wp\/v2\/users\/1"}],"replies":[{"embeddable":true,"href":"https:\/\/cryptorecovers.com\/pl\/wp-json\/wp\/v2\/comments?post=241717"}],"version-history":[{"count":4,"href":"https:\/\/cryptorecovers.com\/pl\/wp-json\/wp\/v2\/pages\/241717\/revisions"}],"predecessor-version":[{"id":241723,"href":"https:\/\/cryptorecovers.com\/pl\/wp-json\/wp\/v2\/pages\/241717\/revisions\/241723"}],"wp:attachment":[{"href":"https:\/\/cryptorecovers.com\/pl\/wp-json\/wp\/v2\/media?parent=241717"}],"curies":[{"name":"wp","href":"https:\/\/api.w.org\/{rel}","templated":true}]}}