{"id":246362,"date":"2025-03-21T21:52:16","date_gmt":"2025-03-21T21:52:16","guid":{"rendered":"https:\/\/cryptorecovers.com\/domande-frequenti\/"},"modified":"2025-04-02T17:47:25","modified_gmt":"2025-04-02T17:47:25","slug":"domande-frequenti","status":"publish","type":"page","link":"https:\/\/cryptorecovers.com\/it\/domande-frequenti\/","title":{"rendered":"Domande frequenti"},"content":{"rendered":"<p>[et_pb_section fb_built=&#8221;1&#8243; fullwidth=&#8221;on&#8221; admin_label=&#8221;Hero Section&#8221; _builder_version=&#8221;4.16&#8243; background_color=&#8221;#101535&#8243; background_image=&#8221;https:\/\/cryptorecovers.com\/wp-content\/uploads\/2023\/02\/crypto-bg-02.png&#8221; parallax=&#8221;on&#8221; custom_margin=&#8221;|||&#8221; custom_padding=&#8221;|||&#8221; locked=&#8221;off&#8221; global_colors_info=&#8221;{}&#8221;][et_pb_fullwidth_header title=&#8221;Domande frequenti&#8221; _builder_version=&#8221;4.27.4&#8243; title_font=&#8221;Poppins|600|||||||&#8221; title_font_size=&#8221;60px&#8221; title_line_height=&#8221;1.5em&#8221; content_font=&#8221;||||||||&#8221; content_font_size=&#8221;18px&#8221; content_line_height=&#8221;2em&#8221; background_enable_color=&#8221;off&#8221; background_position=&#8221;bottom_center&#8221; custom_button_one=&#8221;on&#8221; button_one_text_size=&#8221;13px&#8221; button_one_bg_color=&#8221;#4328b7&#8243; button_one_border_width=&#8221;10px&#8221; button_one_border_color=&#8221;#4328b7&#8243; button_one_border_radius=&#8221;0px&#8221; button_one_letter_spacing=&#8221;2px&#8221; button_one_font=&#8221;Titillium Web|700||on|||||&#8221; custom_button_two=&#8221;on&#8221; button_two_text_size=&#8221;13px&#8221; button_two_text_color=&#8221;#4328b7&#8243; button_two_bg_color=&#8221;#ffffff&#8221; button_two_border_width=&#8221;10px&#8221; button_two_border_color=&#8221;#ffffff&#8221; button_two_border_radius=&#8221;0px&#8221; button_two_letter_spacing=&#8221;2px&#8221; button_two_font=&#8221;Titillium Web|700||on|||||&#8221; custom_margin=&#8221;|||&#8221; custom_padding=&#8221;150px||4vw||false|false&#8221; custom_padding_tablet=&#8221;100px||||false|false&#8221; custom_padding_phone=&#8221;110px||||false|false&#8221; custom_padding_last_edited=&#8221;on|desktop&#8221; animation_direction=&#8221;bottom&#8221; title_font_size_tablet=&#8221;39px&#8221; title_font_size_phone=&#8221;30px&#8221; title_font_size_last_edited=&#8221;on|phone&#8221; content_font_size_tablet=&#8221;&#8221; content_font_size_phone=&#8221;15px&#8221; content_font_size_last_edited=&#8221;on|phone&#8221; button_one_letter_spacing_hover=&#8221;2px&#8221; button_two_letter_spacing_hover=&#8221;2px&#8221; global_colors_info=&#8221;{}&#8221; button_one_text_size__hover_enabled=&#8221;off&#8221; button_two_text_size__hover_enabled=&#8221;off&#8221; button_one_text_color__hover_enabled=&#8221;off&#8221; button_two_text_color__hover_enabled=&#8221;off&#8221; button_one_border_width__hover_enabled=&#8221;off&#8221; button_two_border_width__hover_enabled=&#8221;off&#8221; button_one_border_color__hover_enabled=&#8221;off&#8221; button_two_border_color__hover_enabled=&#8221;off&#8221; button_one_border_radius__hover_enabled=&#8221;off&#8221; button_two_border_radius__hover_enabled=&#8221;off&#8221; button_one_letter_spacing__hover_enabled=&#8221;on&#8221; button_one_letter_spacing__hover=&#8221;2px&#8221; button_two_letter_spacing__hover_enabled=&#8221;on&#8221; button_two_letter_spacing__hover=&#8221;2px&#8221; button_one_bg_color__hover_enabled=&#8221;off&#8221; button_two_bg_color__hover_enabled=&#8221;off&#8221;][\/et_pb_fullwidth_header][\/et_pb_section][et_pb_section fb_built=&#8221;1&#8243; _builder_version=&#8221;4.27.4&#8243; _module_preset=&#8221;default&#8221; global_colors_info=&#8221;{}&#8221;][et_pb_row _builder_version=&#8221;4.27.4&#8243; _module_preset=&#8221;default&#8221; custom_padding=&#8221;||21px|||&#8221; global_colors_info=&#8221;{}&#8221;][et_pb_column type=&#8221;4_4&#8243; _builder_version=&#8221;4.27.4&#8243; _module_preset=&#8221;default&#8221; global_colors_info=&#8221;{}&#8221;][et_pb_text _builder_version=&#8221;4.27.4&#8243; _module_preset=&#8221;default&#8221; text_text_color=&#8221;#000000&#8243; link_font=&#8221;||||on||||&#8221; link_text_color=&#8221;#000000&#8243; header_2_font=&#8221;Poppins|700|||||||&#8221; header_2_text_color=&#8221;#000000&#8243; header_2_font_size=&#8221;22px&#8221; header_2_line_height=&#8221;1.7em&#8221; header_2_font_size_tablet=&#8221;20px&#8221; header_2_font_size_phone=&#8221;20px&#8221; header_2_font_size_last_edited=&#8221;on|desktop&#8221; global_colors_info=&#8221;{}&#8221; link_text_color__hover_enabled=&#8221;on|hover&#8221; link_text_color__hover=&#8221;rgba(0,0,0,0.78)&#8221;]<\/p>\n<h2><\/h2>\n<h2>Qual \u00e8 la procedura per recuperare i miei beni in criptovaluta?<\/h2>\n<p>Iniziamo comprendendo la tua situazione specifica e raccogliendo i dettagli necessari, come la cronologia delle transazioni o le informazioni sul portafoglio. Il nostro team utilizza strumenti e tecniche avanzate per recuperare l&#8217;accesso ai tuoi beni in criptovaluta, garantendoti sicurezza e privacy durante tutto il processo. <\/p>\n<h2>Quanto costa il servizio di recupero?<\/h2>\n<p>Il nostro onorario standard \u00e8 pari al 20% dei beni recuperati, anche se per i recuperi pi\u00f9 consistenti l&#8217;onorario pu\u00f2 essere ridotto. Discuteremo con te il prezzo in base alle tue esigenze specifiche e alla complessit\u00e0 del recupero. Scopri di pi\u00f9 sui prezzi per il recupero dei portafogli di criptovalute.  <\/p>\n<h2>Cosa succede se non ho informazioni o non sono sicuro di avere i file\/dati corretti?<\/h2>\n<p>Se hai perso la frase iniziale, il file di backup o hai gettato un dispositivo contenente la tua chiave privata o il backup, il processo di recupero diventa estremamente difficile. In alcuni casi, ad esempio con servizi come Blockchain.com, possiamo aiutarti a recuperare i file di backup. Inoltre, a volte possiamo recuperare i file cancellati da vecchi hard disk.  <\/p>\n<p>Tuttavia, se hai perso completamente l&#8217;accesso alle tue informazioni private o al tuo backup, noi o qualsiasi altro servizio di recupero pu\u00f2 fare ben poco per aiutarti a recuperare l&#8217;accesso alle tue criptovalute.<\/p>\n<p><strong>Nota bene:<\/strong> alcuni portafogli richiedono o offrono metodi di backup e ripristino diversi. Se non sei sicuro di avere le informazioni necessarie, possiamo aiutarti a determinare se \u00e8 possibile un recupero.  Non esitare a <a href=\"https:\/\/cryptorecovers.com\/it\/contatto\/\">contattarci<\/a>.<\/p>\n<h2>Quanto tempo ci vuole per recuperare i miei beni in criptovaluta?<\/h2>\n<p>I tempi di recupero dipendono dalle specificit\u00e0 di ogni caso, ma in genere possono variare da pochi giorni a diverse settimane. Ti terremo aggiornato sui progressi e ti forniremo una stima delle tempistiche durante il processo. <\/p>\n<h2>Come posso fidarmi di te?<\/h2>\n<p>Siamo un&#8217;azienda registrata e pienamente legittima, impegnata a fornire servizi etici e trasparenti. I tuoi fondi sono al sicuro con noi, in quanto aderiamo a rigidi protocolli di sicurezza per garantire che i tuoi beni rimangano al sicuro. <\/p>\n<p>Prima di avviare qualsiasi caso di recupero, sia il cliente che Crypto Recovers firmano un contratto dettagliato in cui sono indicati tutti i termini, comprese le informazioni sulla nostra societ\u00e0.<\/p>\n<p>Inoltre, ti invitiamo a visitare il nostro studio su appuntamento, per avere l&#8217;opportunit\u00e0 di incontrarci di persona e discutere del tuo caso.<\/p>\n<h2>Quali tipi di criptovalute recuperate?<\/h2>\n<p>Siamo specializzati nel recupero delle principali criptovalute, tra cui Bitcoin, Ethereum, Dogecoin e altre altcoin. Se hai bisogno di aiuto per un tipo specifico di criptovaluta, non esitare a contattarci per maggiori dettagli. <\/p>\n<h2>Puoi aiutarci a recuperare i beni che sono stati rubati o persi a causa di una truffa?<\/h2>\n<p>S\u00ec, abbiamo esperienza nel guidare le persone nella giusta direzione per iniziare a recuperare i beni persi a causa di truffe o furti. Anche se il successo dipende dalle circostanze, non esitare a lasciarci un messaggio e inizieremo il tuo percorso di recupero. <\/p>\n<h2>Devo fornire tutte le mie password per recuperare il mio crypto?<\/h2>\n<p>Non \u00e8 necessario fornire tutte le tue password. Richiediamo solo le informazioni essenziali relative al portafoglio e diamo priorit\u00e0 alla tua privacy e alla tua sicurezza durante il processo di recupero. <\/p>\n<p>Ti preghiamo di NON condividere informazioni private o password fino alla firma del contratto.<\/p>\n<h2>Come garantite la sicurezza dei miei beni durante il recupero?<\/h2>\n<p>Diamo priorit\u00e0 alla tua sicurezza utilizzando metodi criptati per gestire le tue informazioni e i tuoi beni. Il nostro team aderisce alle migliori pratiche del settore, assicurando che i tuoi dati e i tuoi fondi rimangano protetti durante tutto il processo di recupero. Prima di iniziare, tutti i termini e gli accordi saranno chiaramente delineati in un contratto che entrambe le parti firmeranno.  <\/p>\n<p>[\/et_pb_text][et_pb_button button_url=&#8221;https:\/\/cryptorecovers.com\/it\/contatto\/&#8221; button_text=&#8221;Iniziare&#8221; button_alignment=&#8221;center&#8221; _builder_version=&#8221;4.27.4&#8243; custom_button=&#8221;on&#8221; button_text_size=&#8221;13px&#8221; button_text_color=&#8221;#ffffff&#8221; button_bg_color=&#8221;#1b1f50&#8243; button_border_width=&#8221;10px&#8221; button_border_color=&#8221;#1b1f50&#8243; button_border_radius=&#8221;5px&#8221; button_letter_spacing=&#8221;2px&#8221; button_font=&#8221;Titillium Web|700||on|||||&#8221; background_layout=&#8221;dark&#8221; custom_margin=&#8221;70px||13px||false|false&#8221; custom_padding=&#8221;||||false|false&#8221; box_shadow_style=&#8221;preset3&#8243; button_letter_spacing_hover=&#8221;2px&#8221; locked=&#8221;off&#8221; global_colors_info=&#8221;{}&#8221; button_text_size__hover_enabled=&#8221;off&#8221; button_one_text_size__hover_enabled=&#8221;off&#8221; button_two_text_size__hover_enabled=&#8221;off&#8221; button_text_color__hover_enabled=&#8221;off&#8221; button_one_text_color__hover_enabled=&#8221;off&#8221; button_two_text_color__hover_enabled=&#8221;off&#8221; button_border_width__hover_enabled=&#8221;off&#8221; button_one_border_width__hover_enabled=&#8221;off&#8221; button_two_border_width__hover_enabled=&#8221;off&#8221; button_border_color__hover_enabled=&#8221;off&#8221; button_one_border_color__hover_enabled=&#8221;off&#8221; button_two_border_color__hover_enabled=&#8221;off&#8221; button_border_radius__hover_enabled=&#8221;off&#8221; button_one_border_radius__hover_enabled=&#8221;off&#8221; button_two_border_radius__hover_enabled=&#8221;off&#8221; button_letter_spacing__hover_enabled=&#8221;on&#8221; button_letter_spacing__hover=&#8221;2px&#8221; button_one_letter_spacing__hover_enabled=&#8221;off&#8221; button_two_letter_spacing__hover_enabled=&#8221;off&#8221; button_bg_color__hover_enabled=&#8221;off&#8221; button_one_bg_color__hover_enabled=&#8221;off&#8221; button_two_bg_color__hover_enabled=&#8221;off&#8221;][\/et_pb_button][et_pb_button button_url=&#8221;https:\/\/cryptorecovers.com\/it\/su-di-noi\/#team&#8221; button_text=&#8221;Incontra il nostro team&#8221; button_alignment=&#8221;center&#8221; disabled_on=&#8221;off|off|off&#8221; _builder_version=&#8221;4.27.3&#8243; custom_button=&#8221;on&#8221; button_text_size=&#8221;13px&#8221; button_text_color=&#8221;#000000&#8243; button_border_width=&#8221;0px&#8221; button_border_color=&#8221;RGBA(255,255,255,0)&#8221; button_border_radius=&#8221;0px&#8221; button_letter_spacing=&#8221;2px&#8221; button_font=&#8221;Titillium Web|700||on|||||&#8221; button_on_hover=&#8221;off&#8221; background_layout=&#8221;dark&#8221; custom_margin=&#8221;10px||||false|false&#8221; button_letter_spacing_hover=&#8221;2px&#8221; locked=&#8221;off&#8221; global_colors_info=&#8221;{}&#8221; button_text_size__hover_enabled=&#8221;off&#8221; button_one_text_size__hover_enabled=&#8221;off&#8221; button_two_text_size__hover_enabled=&#8221;off&#8221; button_text_color__hover_enabled=&#8221;off&#8221; button_one_text_color__hover_enabled=&#8221;off&#8221; button_two_text_color__hover_enabled=&#8221;off&#8221; button_border_width__hover_enabled=&#8221;off&#8221; button_one_border_width__hover_enabled=&#8221;off&#8221; button_two_border_width__hover_enabled=&#8221;off&#8221; button_border_color__hover_enabled=&#8221;off&#8221; button_one_border_color__hover_enabled=&#8221;off&#8221; button_two_border_color__hover_enabled=&#8221;off&#8221; button_border_radius__hover_enabled=&#8221;off&#8221; button_one_border_radius__hover_enabled=&#8221;off&#8221; button_two_border_radius__hover_enabled=&#8221;off&#8221; button_letter_spacing__hover_enabled=&#8221;on|hover&#8221; button_letter_spacing__hover=&#8221;2.3px&#8221; button_one_letter_spacing__hover_enabled=&#8221;off&#8221; button_two_letter_spacing__hover_enabled=&#8221;off&#8221; button_bg_color__hover_enabled=&#8221;off&#8221; button_one_bg_color__hover_enabled=&#8221;off&#8221; button_two_bg_color__hover_enabled=&#8221;off&#8221;][\/et_pb_button][\/et_pb_column][\/et_pb_row][\/et_pb_section]<\/p>\n","protected":false},"excerpt":{"rendered":"<p>Qual \u00e8 la procedura per recuperare i miei beni in criptovaluta? Iniziamo comprendendo la tua situazione specifica e raccogliendo i dettagli necessari, come la cronologia delle transazioni o le informazioni sul portafoglio. Il nostro team utilizza strumenti e tecniche avanzate per recuperare l&#8217;accesso ai tuoi beni in criptovaluta, garantendoti sicurezza e privacy durante tutto il [&hellip;]<\/p>\n","protected":false},"author":1,"featured_media":0,"parent":0,"menu_order":0,"comment_status":"closed","ping_status":"closed","template":"","meta":{"_et_pb_use_builder":"on","_et_pb_old_content":"","_et_gb_content_width":"","footnotes":""},"class_list":["post-246362","page","type-page","status-publish","hentry"],"yoast_head":"<!-- This site is optimized with the Yoast SEO Premium plugin v27.4 (Yoast SEO v27.4) - https:\/\/yoast.com\/product\/yoast-seo-premium-wordpress\/ -->\n<title>Domande frequenti - Cryptorecovers.com<\/title>\n<meta name=\"robots\" content=\"index, follow, max-snippet:-1, max-image-preview:large, max-video-preview:-1\" \/>\n<link rel=\"canonical\" href=\"https:\/\/cryptorecovers.com\/it\/domande-frequenti\/\" \/>\n<meta property=\"og:locale\" content=\"it_IT\" \/>\n<meta property=\"og:type\" content=\"article\" \/>\n<meta property=\"og:title\" content=\"Domande frequenti\" \/>\n<meta property=\"og:description\" content=\"Qual \u00e8 la procedura per recuperare i miei beni in criptovaluta? Iniziamo comprendendo la tua situazione specifica e raccogliendo i dettagli necessari, come la cronologia delle transazioni o le informazioni sul portafoglio. Il nostro team utilizza strumenti e tecniche avanzate per recuperare l&#039;accesso ai tuoi beni in criptovaluta, garantendoti sicurezza e privacy durante tutto il [&hellip;]\" \/>\n<meta property=\"og:url\" content=\"https:\/\/cryptorecovers.com\/it\/domande-frequenti\/\" \/>\n<meta property=\"og:site_name\" content=\"Crypto Recovers\" \/>\n<meta property=\"article:publisher\" content=\"https:\/\/www.facebook.com\/profile.php?id=61555829150179\" \/>\n<meta property=\"article:modified_time\" content=\"2025-04-02T17:47:25+00:00\" \/>\n<meta property=\"og:image\" content=\"https:\/\/cryptorecovers.com\/wp-content\/uploads\/2023\/12\/Cryptorecovers-Wallet-recovery-thumbnail.jpg\" \/>\n\t<meta property=\"og:image:width\" content=\"1200\" \/>\n\t<meta property=\"og:image:height\" content=\"628\" \/>\n\t<meta property=\"og:image:type\" content=\"image\/jpeg\" \/>\n<meta name=\"twitter:card\" content=\"summary_large_image\" \/>\n<meta name=\"twitter:site\" content=\"@xcryptorecovers\" \/>\n<meta name=\"twitter:label1\" content=\"Tempo di lettura stimato\" \/>\n\t<meta name=\"twitter:data1\" content=\"8 minuti\" \/>\n<script type=\"application\/ld+json\" class=\"yoast-schema-graph\">{\"@context\":\"https:\\\/\\\/schema.org\",\"@graph\":[{\"@type\":\"WebPage\",\"@id\":\"https:\\\/\\\/cryptorecovers.com\\\/it\\\/domande-frequenti\\\/\",\"url\":\"https:\\\/\\\/cryptorecovers.com\\\/it\\\/domande-frequenti\\\/\",\"name\":\"Domande frequenti - Cryptorecovers.com\",\"isPartOf\":{\"@id\":\"https:\\\/\\\/cryptorecovers.com\\\/it\\\/#website\"},\"datePublished\":\"2025-03-21T21:52:16+00:00\",\"dateModified\":\"2025-04-02T17:47:25+00:00\",\"inLanguage\":\"it-IT\",\"potentialAction\":[{\"@type\":\"ReadAction\",\"target\":[\"https:\\\/\\\/cryptorecovers.com\\\/it\\\/domande-frequenti\\\/\"]}]},{\"@type\":\"WebSite\",\"@id\":\"https:\\\/\\\/cryptorecovers.com\\\/it\\\/#website\",\"url\":\"https:\\\/\\\/cryptorecovers.com\\\/it\\\/\",\"name\":\"Crypto Recovers\",\"description\":\"Crypto Wallet Recovery Services\",\"publisher\":{\"@id\":\"https:\\\/\\\/cryptorecovers.com\\\/it\\\/#organization\"},\"potentialAction\":[{\"@type\":\"SearchAction\",\"target\":{\"@type\":\"EntryPoint\",\"urlTemplate\":\"https:\\\/\\\/cryptorecovers.com\\\/it\\\/?s={search_term_string}\"},\"query-input\":{\"@type\":\"PropertyValueSpecification\",\"valueRequired\":true,\"valueName\":\"search_term_string\"}}],\"inLanguage\":\"it-IT\"},{\"@type\":[\"Organization\",\"Place\"],\"@id\":\"https:\\\/\\\/cryptorecovers.com\\\/it\\\/#organization\",\"name\":\"Crypto Recovers\",\"alternateName\":\"Crypto Recovers \u2013 Crypto Wallet Recovery Services\",\"url\":\"https:\\\/\\\/cryptorecovers.com\\\/it\\\/\",\"logo\":{\"@id\":\"https:\\\/\\\/cryptorecovers.com\\\/it\\\/domande-frequenti\\\/#local-main-organization-logo\"},\"image\":{\"@id\":\"https:\\\/\\\/cryptorecovers.com\\\/it\\\/domande-frequenti\\\/#local-main-organization-logo\"},\"sameAs\":[\"https:\\\/\\\/www.facebook.com\\\/profile.php?id=61555829150179\",\"https:\\\/\\\/x.com\\\/xcryptorecovers\",\"https:\\\/\\\/www.linkedin.com\\\/company\\\/101478432\\\/\",\"https:\\\/\\\/www.youtube.com\\\/@cryptorecovers\"],\"description\":\"Crypto Recovers is a specialized cryptocurrency wallet recovery service that helps individuals and businesses regain access to lost or inaccessible crypto wallets, including cases involving forgotten passwords, incomplete recovery phrases, and corrupted wallet data.\",\"legalName\":\"Crypto Recovers\",\"foundingDate\":\"2019-05-27\",\"numberOfEmployees\":{\"@type\":\"QuantitativeValue\",\"minValue\":\"1\",\"maxValue\":\"10\"},\"address\":{\"@id\":\"https:\\\/\\\/cryptorecovers.com\\\/it\\\/domande-frequenti\\\/#local-main-place-address\"},\"telephone\":[\"+31851091211\"],\"contactPoint\":{\"@type\":\"ContactPoint\",\"telephone\":\"+31851091211\",\"email\":\"support@cryptorecovers.com\"},\"openingHoursSpecification\":{\"@type\":\"OpeningHoursSpecification\",\"dayOfWeek\":[\"Monday\",\"Tuesday\",\"Wednesday\",\"Thursday\",\"Friday\",\"Saturday\",\"Sunday\"],\"opens\":\"00:00\",\"closes\":\"23:59\"},\"email\":\"support@cryptorecovers.com\",\"areaServed\":\"Worldwide\",\"vatID\":\"NL003031083B24\"},{\"@type\":\"PostalAddress\",\"@id\":\"https:\\\/\\\/cryptorecovers.com\\\/it\\\/domande-frequenti\\\/#local-main-place-address\",\"streetAddress\":\"Louis Braillelaan 80\",\"addressLocality\":\"Zoetermeer\",\"postalCode\":\"2719 EK\",\"addressRegion\":\"Zuid-Holland\",\"addressCountry\":\"NL\"},{\"@type\":\"ImageObject\",\"inLanguage\":\"it-IT\",\"@id\":\"https:\\\/\\\/cryptorecovers.com\\\/it\\\/domande-frequenti\\\/#local-main-organization-logo\",\"url\":\"https:\\\/\\\/cryptorecovers.com\\\/wp-content\\\/uploads\\\/2025\\\/09\\\/favicon_website_cr.png\",\"contentUrl\":\"https:\\\/\\\/cryptorecovers.com\\\/wp-content\\\/uploads\\\/2025\\\/09\\\/favicon_website_cr.png\",\"width\":500,\"height\":500,\"caption\":\"Crypto Recovers\"}]}<\/script>\n<meta name=\"geo.placename\" content=\"Zoetermeer\" \/>\n<meta name=\"geo.region\" content=\"Paesi Bassi\" \/>\n<!-- \/ Yoast SEO Premium plugin. -->","yoast_head_json":{"title":"Domande frequenti - Cryptorecovers.com","robots":{"index":"index","follow":"follow","max-snippet":"max-snippet:-1","max-image-preview":"max-image-preview:large","max-video-preview":"max-video-preview:-1"},"canonical":"https:\/\/cryptorecovers.com\/it\/domande-frequenti\/","og_locale":"it_IT","og_type":"article","og_title":"Domande frequenti","og_description":"Qual \u00e8 la procedura per recuperare i miei beni in criptovaluta? Iniziamo comprendendo la tua situazione specifica e raccogliendo i dettagli necessari, come la cronologia delle transazioni o le informazioni sul portafoglio. Il nostro team utilizza strumenti e tecniche avanzate per recuperare l'accesso ai tuoi beni in criptovaluta, garantendoti sicurezza e privacy durante tutto il [&hellip;]","og_url":"https:\/\/cryptorecovers.com\/it\/domande-frequenti\/","og_site_name":"Crypto Recovers","article_publisher":"https:\/\/www.facebook.com\/profile.php?id=61555829150179","article_modified_time":"2025-04-02T17:47:25+00:00","og_image":[{"width":1200,"height":628,"url":"https:\/\/cryptorecovers.com\/wp-content\/uploads\/2023\/12\/Cryptorecovers-Wallet-recovery-thumbnail.jpg","type":"image\/jpeg"}],"twitter_card":"summary_large_image","twitter_site":"@xcryptorecovers","twitter_misc":{"Tempo di lettura stimato":"8 minuti"},"schema":{"@context":"https:\/\/schema.org","@graph":[{"@type":"WebPage","@id":"https:\/\/cryptorecovers.com\/it\/domande-frequenti\/","url":"https:\/\/cryptorecovers.com\/it\/domande-frequenti\/","name":"Domande frequenti - Cryptorecovers.com","isPartOf":{"@id":"https:\/\/cryptorecovers.com\/it\/#website"},"datePublished":"2025-03-21T21:52:16+00:00","dateModified":"2025-04-02T17:47:25+00:00","inLanguage":"it-IT","potentialAction":[{"@type":"ReadAction","target":["https:\/\/cryptorecovers.com\/it\/domande-frequenti\/"]}]},{"@type":"WebSite","@id":"https:\/\/cryptorecovers.com\/it\/#website","url":"https:\/\/cryptorecovers.com\/it\/","name":"Crypto Recovers","description":"Crypto Wallet Recovery Services","publisher":{"@id":"https:\/\/cryptorecovers.com\/it\/#organization"},"potentialAction":[{"@type":"SearchAction","target":{"@type":"EntryPoint","urlTemplate":"https:\/\/cryptorecovers.com\/it\/?s={search_term_string}"},"query-input":{"@type":"PropertyValueSpecification","valueRequired":true,"valueName":"search_term_string"}}],"inLanguage":"it-IT"},{"@type":["Organization","Place"],"@id":"https:\/\/cryptorecovers.com\/it\/#organization","name":"Crypto Recovers","alternateName":"Crypto Recovers \u2013 Crypto Wallet Recovery Services","url":"https:\/\/cryptorecovers.com\/it\/","logo":{"@id":"https:\/\/cryptorecovers.com\/it\/domande-frequenti\/#local-main-organization-logo"},"image":{"@id":"https:\/\/cryptorecovers.com\/it\/domande-frequenti\/#local-main-organization-logo"},"sameAs":["https:\/\/www.facebook.com\/profile.php?id=61555829150179","https:\/\/x.com\/xcryptorecovers","https:\/\/www.linkedin.com\/company\/101478432\/","https:\/\/www.youtube.com\/@cryptorecovers"],"description":"Crypto Recovers is a specialized cryptocurrency wallet recovery service that helps individuals and businesses regain access to lost or inaccessible crypto wallets, including cases involving forgotten passwords, incomplete recovery phrases, and corrupted wallet data.","legalName":"Crypto Recovers","foundingDate":"2019-05-27","numberOfEmployees":{"@type":"QuantitativeValue","minValue":"1","maxValue":"10"},"address":{"@id":"https:\/\/cryptorecovers.com\/it\/domande-frequenti\/#local-main-place-address"},"telephone":["+31851091211"],"contactPoint":{"@type":"ContactPoint","telephone":"+31851091211","email":"support@cryptorecovers.com"},"openingHoursSpecification":{"@type":"OpeningHoursSpecification","dayOfWeek":["Monday","Tuesday","Wednesday","Thursday","Friday","Saturday","Sunday"],"opens":"00:00","closes":"23:59"},"email":"support@cryptorecovers.com","areaServed":"Worldwide","vatID":"NL003031083B24"},{"@type":"PostalAddress","@id":"https:\/\/cryptorecovers.com\/it\/domande-frequenti\/#local-main-place-address","streetAddress":"Louis Braillelaan 80","addressLocality":"Zoetermeer","postalCode":"2719 EK","addressRegion":"Zuid-Holland","addressCountry":"NL"},{"@type":"ImageObject","inLanguage":"it-IT","@id":"https:\/\/cryptorecovers.com\/it\/domande-frequenti\/#local-main-organization-logo","url":"https:\/\/cryptorecovers.com\/wp-content\/uploads\/2025\/09\/favicon_website_cr.png","contentUrl":"https:\/\/cryptorecovers.com\/wp-content\/uploads\/2025\/09\/favicon_website_cr.png","width":500,"height":500,"caption":"Crypto Recovers"}]},"geo.placename":"Zoetermeer","geo.region":"Paesi Bassi"},"_links":{"self":[{"href":"https:\/\/cryptorecovers.com\/it\/wp-json\/wp\/v2\/pages\/246362","targetHints":{"allow":["GET"]}}],"collection":[{"href":"https:\/\/cryptorecovers.com\/it\/wp-json\/wp\/v2\/pages"}],"about":[{"href":"https:\/\/cryptorecovers.com\/it\/wp-json\/wp\/v2\/types\/page"}],"author":[{"embeddable":true,"href":"https:\/\/cryptorecovers.com\/it\/wp-json\/wp\/v2\/users\/1"}],"replies":[{"embeddable":true,"href":"https:\/\/cryptorecovers.com\/it\/wp-json\/wp\/v2\/comments?post=246362"}],"version-history":[{"count":18,"href":"https:\/\/cryptorecovers.com\/it\/wp-json\/wp\/v2\/pages\/246362\/revisions"}],"predecessor-version":[{"id":250145,"href":"https:\/\/cryptorecovers.com\/it\/wp-json\/wp\/v2\/pages\/246362\/revisions\/250145"}],"wp:attachment":[{"href":"https:\/\/cryptorecovers.com\/it\/wp-json\/wp\/v2\/media?parent=246362"}],"curies":[{"name":"wp","href":"https:\/\/api.w.org\/{rel}","templated":true}]}}