{"id":241848,"date":"2024-12-19T01:05:19","date_gmt":"2024-12-19T01:05:19","guid":{"rendered":"https:\/\/cryptorecovers.com\/impronta\/"},"modified":"2025-02-03T14:00:16","modified_gmt":"2025-02-03T14:00:16","slug":"impronta","status":"publish","type":"page","link":"https:\/\/cryptorecovers.com\/it\/impronta\/","title":{"rendered":"Impronta"},"content":{"rendered":"<p>[et_pb_section fb_built=&#8221;1&#8243; fullwidth=&#8221;on&#8221; admin_label=&#8221;Hero Section&#8221; _builder_version=&#8221;4.16&#8243; background_color=&#8221;#101535&#8243; background_image=&#8221;https:\/\/cryptorecovers.com\/wp-content\/uploads\/2023\/02\/crypto-bg-02.png&#8221; parallax=&#8221;on&#8221; custom_margin=&#8221;|||&#8221; custom_padding=&#8221;|||&#8221; locked=&#8221;off&#8221; global_colors_info=&#8221;{}&#8221;][et_pb_fullwidth_header title=&#8221;Impronta&#8221; text_orientation=&#8221;center&#8221; _builder_version=&#8221;4.27.0&#8243; title_font=&#8221;Poppins||||||||&#8221; title_font_size=&#8221;66px&#8221; title_line_height=&#8221;1.5em&#8221; content_font=&#8221;||||||||&#8221; content_font_size=&#8221;18px&#8221; content_line_height=&#8221;2em&#8221; background_enable_color=&#8221;off&#8221; background_position=&#8221;bottom_center&#8221; custom_button_one=&#8221;on&#8221; button_one_text_size=&#8221;13px&#8221; button_one_bg_color=&#8221;#4328b7&#8243; button_one_border_width=&#8221;10px&#8221; button_one_border_color=&#8221;#4328b7&#8243; button_one_border_radius=&#8221;0px&#8221; button_one_letter_spacing=&#8221;2px&#8221; button_one_font=&#8221;Titillium Web|700||on|||||&#8221; custom_button_two=&#8221;on&#8221; button_two_text_size=&#8221;13px&#8221; button_two_text_color=&#8221;#4328b7&#8243; button_two_bg_color=&#8221;#ffffff&#8221; button_two_border_width=&#8221;10px&#8221; button_two_border_color=&#8221;#ffffff&#8221; button_two_border_radius=&#8221;0px&#8221; button_two_letter_spacing=&#8221;2px&#8221; button_two_font=&#8221;Titillium Web|700||on|||||&#8221; custom_margin=&#8221;|||&#8221; custom_padding=&#8221;140px||4vw||false|false&#8221; custom_padding_tablet=&#8221;100px||||false|false&#8221; custom_padding_phone=&#8221;110px||||false|false&#8221; custom_padding_last_edited=&#8221;on|desktop&#8221; animation_direction=&#8221;bottom&#8221; title_font_size_tablet=&#8221;40px&#8221; title_font_size_phone=&#8221;&#8221; title_font_size_last_edited=&#8221;on|phone&#8221; content_font_size_tablet=&#8221;&#8221; content_font_size_phone=&#8221;15px&#8221; content_font_size_last_edited=&#8221;on|phone&#8221; button_one_letter_spacing_hover=&#8221;2px&#8221; button_two_letter_spacing_hover=&#8221;2px&#8221; global_colors_info=&#8221;{}&#8221; button_one_text_size__hover_enabled=&#8221;off&#8221; button_two_text_size__hover_enabled=&#8221;off&#8221; button_one_text_color__hover_enabled=&#8221;off&#8221; button_two_text_color__hover_enabled=&#8221;off&#8221; button_one_border_width__hover_enabled=&#8221;off&#8221; button_two_border_width__hover_enabled=&#8221;off&#8221; button_one_border_color__hover_enabled=&#8221;off&#8221; button_two_border_color__hover_enabled=&#8221;off&#8221; button_one_border_radius__hover_enabled=&#8221;off&#8221; button_two_border_radius__hover_enabled=&#8221;off&#8221; button_one_letter_spacing__hover_enabled=&#8221;on&#8221; button_one_letter_spacing__hover=&#8221;2px&#8221; button_two_letter_spacing__hover_enabled=&#8221;on&#8221; button_two_letter_spacing__hover=&#8221;2px&#8221; button_one_bg_color__hover_enabled=&#8221;off&#8221; button_two_bg_color__hover_enabled=&#8221;off&#8221;][\/et_pb_fullwidth_header][\/et_pb_section][et_pb_section fb_built=&#8221;1&#8243; fullwidth=&#8221;on&#8221; admin_label=&#8221;Hero Section&#8221; _builder_version=&#8221;4.27.0&#8243; background_enable_color=&#8221;off&#8221; background_enable_image=&#8221;off&#8221; parallax=&#8221;on&#8221; custom_margin=&#8221;|||&#8221; custom_padding=&#8221;|||&#8221; global_colors_info=&#8221;{}&#8221;][et_pb_fullwidth_header _builder_version=&#8221;4.27.4&#8243; title_level=&#8221;h4&#8243; title_font=&#8221;Poppins|600|||||||&#8221; title_text_color=&#8221;#000000&#8243; title_font_size=&#8221;39px&#8221; title_line_height=&#8221;1.5em&#8221; content_font=&#8221;||||||||&#8221; content_text_color=&#8221;#000000&#8243; content_font_size=&#8221;17px&#8221; content_line_height=&#8221;2em&#8221; background_color=&#8221;rgba(0,0,0,0)&#8221; background_enable_image=&#8221;off&#8221; background_position=&#8221;bottom_center&#8221; custom_button_one=&#8221;on&#8221; button_one_text_size=&#8221;13px&#8221; button_one_bg_color=&#8221;#4328b7&#8243; button_one_border_width=&#8221;10px&#8221; button_one_border_color=&#8221;#4328b7&#8243; button_one_border_radius=&#8221;0px&#8221; button_one_letter_spacing=&#8221;2px&#8221; button_one_font=&#8221;Titillium Web|700||on|||||&#8221; custom_button_two=&#8221;on&#8221; button_two_text_size=&#8221;13px&#8221; button_two_text_color=&#8221;#4328b7&#8243; button_two_bg_color=&#8221;#ffffff&#8221; button_two_border_width=&#8221;10px&#8221; button_two_border_color=&#8221;#ffffff&#8221; button_two_border_radius=&#8221;0px&#8221; button_two_letter_spacing=&#8221;2px&#8221; button_two_font=&#8221;Titillium Web|700||on|||||&#8221; background_layout=&#8221;light&#8221; width_phone=&#8221;100%&#8221; width_last_edited=&#8221;off|phone&#8221; max_width_phone=&#8221;100%&#8221; max_width_last_edited=&#8221;off|phone&#8221; custom_margin=&#8221;|||&#8221; custom_padding=&#8221;6vw||8vw||false|&#8221; animation_direction=&#8221;bottom&#8221; title_font_size_tablet=&#8221;34px&#8221; title_font_size_phone=&#8221;26px&#8221; title_font_size_last_edited=&#8221;on|phone&#8221; content_font_size_tablet=&#8221;16px&#8221; content_font_size_phone=&#8221;15px&#8221; content_font_size_last_edited=&#8221;on|phone&#8221; button_one_letter_spacing_hover=&#8221;2px&#8221; button_two_letter_spacing_hover=&#8221;2px&#8221; global_colors_info=&#8221;{}&#8221; button_one_text_size__hover_enabled=&#8221;off&#8221; button_two_text_size__hover_enabled=&#8221;off&#8221; button_one_text_color__hover_enabled=&#8221;off&#8221; button_two_text_color__hover_enabled=&#8221;off&#8221; button_one_border_width__hover_enabled=&#8221;off&#8221; button_two_border_width__hover_enabled=&#8221;off&#8221; button_one_border_color__hover_enabled=&#8221;off&#8221; button_two_border_color__hover_enabled=&#8221;off&#8221; button_one_border_radius__hover_enabled=&#8221;off&#8221; button_two_border_radius__hover_enabled=&#8221;off&#8221; button_one_letter_spacing__hover_enabled=&#8221;on&#8221; button_one_letter_spacing__hover=&#8221;2px&#8221; button_two_letter_spacing__hover_enabled=&#8221;on&#8221; button_two_letter_spacing__hover=&#8221;2px&#8221; button_one_bg_color__hover_enabled=&#8221;off&#8221; button_two_bg_color__hover_enabled=&#8221;off&#8221;]<\/p>\n<p><strong>Nome dell&#8217;azienda:<\/strong> Crypto Recovers<br \/><strong>Nome della societ\u00e0 Legal Tax:<\/strong> Bink Online (Crypto Recovers \u00e8 una sotto-impresa di Bink Online)<br \/><strong>Numero di registrazione della societ\u00e0:<\/strong> 75927276<\/p>\n<p>&nbsp;<\/p>\n<p><strong>Indirizzo commerciale:<\/strong><br \/>Louis Braillelaan 80 (Unit 1125)<br \/>2719 EK Zoetermeer<br \/>Olanda<\/p>\n<p>&nbsp;<\/p>\n<p><strong>Informazioni di contatto:<\/strong><br \/>Email: support@cryptorecovers.com<br \/>Telefono: +31851091211<br \/>WhatsApp: +31851091211<\/p>\n<p>&nbsp;<\/p>\n<p><strong>Responsabile dei contenuti ai sensi del \u00a7 5 TMG (Telemedia Act, Germania) e del \u00a7 55 Abs. 2 RStV (Accordo Interstatale di Radiodiffusione, Germania) &amp; I <\/strong><strong>n conformit\u00e0 all&#8217;articolo 6 del Codice Civile olandese e ai regolamenti dell&#8217;UE:<br \/><\/strong>Robbert Bink<br \/>Fondatore e CEO<\/p>\n<p>&nbsp;<\/p>\n<p>[\/et_pb_fullwidth_header][\/et_pb_section]<\/p>\n","protected":false},"excerpt":{"rendered":"<p>Nome dell&#8217;azienda: Crypto RecoversNome della societ\u00e0 Legal Tax: Bink Online (Crypto Recovers \u00e8 una sotto-impresa di Bink Online)Numero di registrazione della societ\u00e0: 75927276 &nbsp; Indirizzo commerciale:Louis Braillelaan 80 (Unit 1125)2719 EK ZoetermeerOlanda &nbsp; Informazioni di contatto:Email: support@cryptorecovers.comTelefono: +31851091211WhatsApp: +31851091211 &nbsp; Responsabile dei contenuti ai sensi del \u00a7 5 TMG (Telemedia Act, Germania) e del \u00a7 [&hellip;]<\/p>\n","protected":false},"author":1,"featured_media":0,"parent":0,"menu_order":0,"comment_status":"closed","ping_status":"closed","template":"","meta":{"_et_pb_use_builder":"on","_et_pb_old_content":"","_et_gb_content_width":"","footnotes":""},"class_list":["post-241848","page","type-page","status-publish","hentry"],"yoast_head":"<!-- This site is optimized with the Yoast SEO Premium plugin v27.1 (Yoast SEO v27.1.1) - https:\/\/yoast.com\/product\/yoast-seo-premium-wordpress\/ -->\n<title>Impronta - Cryptorecovers.com<\/title>\n<meta name=\"robots\" content=\"index, follow, max-snippet:-1, max-image-preview:large, max-video-preview:-1\" \/>\n<link rel=\"canonical\" href=\"https:\/\/cryptorecovers.com\/it\/impronta\/\" \/>\n<meta property=\"og:locale\" content=\"it_IT\" \/>\n<meta property=\"og:type\" content=\"article\" \/>\n<meta property=\"og:title\" content=\"Impronta\" \/>\n<meta property=\"og:description\" content=\"Nome dell&#039;azienda: Crypto RecoversNome della societ\u00e0 Legal Tax: Bink Online (Crypto Recovers \u00e8 una sotto-impresa di Bink Online)Numero di registrazione della societ\u00e0: 75927276 &nbsp; Indirizzo commerciale:Louis Braillelaan 80 (Unit 1125)2719 EK ZoetermeerOlanda &nbsp; Informazioni di contatto:Email: support@cryptorecovers.comTelefono: +31851091211WhatsApp: +31851091211 &nbsp; Responsabile dei contenuti ai sensi del \u00a7 5 TMG (Telemedia Act, Germania) e del \u00a7 [&hellip;]\" \/>\n<meta property=\"og:url\" content=\"https:\/\/cryptorecovers.com\/it\/impronta\/\" \/>\n<meta property=\"og:site_name\" content=\"Crypto Recovers\" \/>\n<meta property=\"article:publisher\" content=\"https:\/\/www.facebook.com\/profile.php?id=61555829150179\" \/>\n<meta property=\"article:modified_time\" content=\"2025-02-03T14:00:16+00:00\" \/>\n<meta property=\"og:image\" content=\"https:\/\/cryptorecovers.com\/wp-content\/uploads\/2023\/12\/Cryptorecovers-Wallet-recovery-thumbnail.jpg\" \/>\n\t<meta property=\"og:image:width\" content=\"1200\" \/>\n\t<meta property=\"og:image:height\" content=\"628\" \/>\n\t<meta property=\"og:image:type\" content=\"image\/jpeg\" \/>\n<meta name=\"twitter:card\" content=\"summary_large_image\" \/>\n<meta name=\"twitter:site\" content=\"@xcryptorecovers\" \/>\n<meta name=\"twitter:label1\" content=\"Tempo di lettura stimato\" \/>\n\t<meta name=\"twitter:data1\" content=\"4 minuti\" \/>\n<script type=\"application\/ld+json\" class=\"yoast-schema-graph\">{\"@context\":\"https:\/\/schema.org\",\"@graph\":[{\"@type\":\"WebPage\",\"@id\":\"https:\/\/cryptorecovers.com\/it\/impronta\/\",\"url\":\"https:\/\/cryptorecovers.com\/it\/impronta\/\",\"name\":\"Impronta - Cryptorecovers.com\",\"isPartOf\":{\"@id\":\"https:\/\/cryptorecovers.com\/it\/#website\"},\"datePublished\":\"2024-12-19T01:05:19+00:00\",\"dateModified\":\"2025-02-03T14:00:16+00:00\",\"inLanguage\":\"it-IT\",\"potentialAction\":[{\"@type\":\"ReadAction\",\"target\":[\"https:\/\/cryptorecovers.com\/it\/impronta\/\"]}]},{\"@type\":\"WebSite\",\"@id\":\"https:\/\/cryptorecovers.com\/it\/#website\",\"url\":\"https:\/\/cryptorecovers.com\/it\/\",\"name\":\"Crypto Recovers\",\"description\":\"Crypto Wallet Recovery Services\",\"publisher\":{\"@id\":\"https:\/\/cryptorecovers.com\/it\/#organization\"},\"potentialAction\":[{\"@type\":\"SearchAction\",\"target\":{\"@type\":\"EntryPoint\",\"urlTemplate\":\"https:\/\/cryptorecovers.com\/it\/?s={search_term_string}\"},\"query-input\":{\"@type\":\"PropertyValueSpecification\",\"valueRequired\":true,\"valueName\":\"search_term_string\"}}],\"inLanguage\":\"it-IT\"},{\"@type\":[\"Organization\",\"Place\"],\"@id\":\"https:\/\/cryptorecovers.com\/it\/#organization\",\"name\":\"Crypto Recovers\",\"alternateName\":\"Crypto Recovers \u2013 Crypto Wallet Recovery Services\",\"url\":\"https:\/\/cryptorecovers.com\/it\/\",\"logo\":{\"@id\":\"https:\/\/cryptorecovers.com\/it\/impronta\/#local-main-organization-logo\"},\"image\":{\"@id\":\"https:\/\/cryptorecovers.com\/it\/impronta\/#local-main-organization-logo\"},\"sameAs\":[\"https:\/\/www.facebook.com\/profile.php?id=61555829150179\",\"https:\/\/x.com\/xcryptorecovers\",\"https:\/\/www.linkedin.com\/company\/101478432\/\",\"https:\/\/www.youtube.com\/@cryptorecovers\"],\"description\":\"Crypto Recovers is a specialized cryptocurrency wallet recovery service that helps individuals and businesses regain access to lost or inaccessible crypto wallets, including cases involving forgotten passwords, incomplete recovery phrases, and corrupted wallet data.\",\"legalName\":\"Crypto Recovers\",\"foundingDate\":\"2019-05-27\",\"numberOfEmployees\":{\"@type\":\"QuantitativeValue\",\"minValue\":\"1\",\"maxValue\":\"10\"},\"address\":{\"@id\":\"https:\/\/cryptorecovers.com\/it\/impronta\/#local-main-place-address\"},\"telephone\":[\"+31851091211\"],\"contactPoint\":{\"@type\":\"ContactPoint\",\"telephone\":\"+31851091211\",\"email\":\"support@cryptorecovers.com\"},\"openingHoursSpecification\":{\"@type\":\"OpeningHoursSpecification\",\"dayOfWeek\":[\"Monday\",\"Tuesday\",\"Wednesday\",\"Thursday\",\"Friday\",\"Saturday\",\"Sunday\"],\"opens\":\"00:00\",\"closes\":\"23:59\"},\"email\":\"support@cryptorecovers.com\",\"areaServed\":\"Worldwide\",\"vatID\":\"NL003031083B24\"},{\"@type\":\"PostalAddress\",\"@id\":\"https:\/\/cryptorecovers.com\/it\/impronta\/#local-main-place-address\",\"streetAddress\":\"Louis Braillelaan 80\",\"addressLocality\":\"Zoetermeer\",\"postalCode\":\"2719 EK\",\"addressRegion\":\"Zuid-Holland\",\"addressCountry\":\"NL\"},{\"@type\":\"ImageObject\",\"inLanguage\":\"it-IT\",\"@id\":\"https:\/\/cryptorecovers.com\/it\/impronta\/#local-main-organization-logo\",\"url\":\"https:\/\/cryptorecovers.com\/wp-content\/uploads\/2025\/09\/favicon_website_cr.png\",\"contentUrl\":\"https:\/\/cryptorecovers.com\/wp-content\/uploads\/2025\/09\/favicon_website_cr.png\",\"width\":500,\"height\":500,\"caption\":\"Crypto Recovers\"}]}<\/script>\n<meta name=\"geo.placename\" content=\"Zoetermeer\" \/>\n<meta name=\"geo.region\" content=\"Paesi Bassi\" \/>\n<!-- \/ Yoast SEO Premium plugin. -->","yoast_head_json":{"title":"Impronta - Cryptorecovers.com","robots":{"index":"index","follow":"follow","max-snippet":"max-snippet:-1","max-image-preview":"max-image-preview:large","max-video-preview":"max-video-preview:-1"},"canonical":"https:\/\/cryptorecovers.com\/it\/impronta\/","og_locale":"it_IT","og_type":"article","og_title":"Impronta","og_description":"Nome dell'azienda: Crypto RecoversNome della societ\u00e0 Legal Tax: Bink Online (Crypto Recovers \u00e8 una sotto-impresa di Bink Online)Numero di registrazione della societ\u00e0: 75927276 &nbsp; Indirizzo commerciale:Louis Braillelaan 80 (Unit 1125)2719 EK ZoetermeerOlanda &nbsp; Informazioni di contatto:Email: support@cryptorecovers.comTelefono: +31851091211WhatsApp: +31851091211 &nbsp; Responsabile dei contenuti ai sensi del \u00a7 5 TMG (Telemedia Act, Germania) e del \u00a7 [&hellip;]","og_url":"https:\/\/cryptorecovers.com\/it\/impronta\/","og_site_name":"Crypto Recovers","article_publisher":"https:\/\/www.facebook.com\/profile.php?id=61555829150179","article_modified_time":"2025-02-03T14:00:16+00:00","og_image":[{"width":1200,"height":628,"url":"https:\/\/cryptorecovers.com\/wp-content\/uploads\/2023\/12\/Cryptorecovers-Wallet-recovery-thumbnail.jpg","type":"image\/jpeg"}],"twitter_card":"summary_large_image","twitter_site":"@xcryptorecovers","twitter_misc":{"Tempo di lettura stimato":"4 minuti"},"schema":{"@context":"https:\/\/schema.org","@graph":[{"@type":"WebPage","@id":"https:\/\/cryptorecovers.com\/it\/impronta\/","url":"https:\/\/cryptorecovers.com\/it\/impronta\/","name":"Impronta - Cryptorecovers.com","isPartOf":{"@id":"https:\/\/cryptorecovers.com\/it\/#website"},"datePublished":"2024-12-19T01:05:19+00:00","dateModified":"2025-02-03T14:00:16+00:00","inLanguage":"it-IT","potentialAction":[{"@type":"ReadAction","target":["https:\/\/cryptorecovers.com\/it\/impronta\/"]}]},{"@type":"WebSite","@id":"https:\/\/cryptorecovers.com\/it\/#website","url":"https:\/\/cryptorecovers.com\/it\/","name":"Crypto Recovers","description":"Crypto Wallet Recovery Services","publisher":{"@id":"https:\/\/cryptorecovers.com\/it\/#organization"},"potentialAction":[{"@type":"SearchAction","target":{"@type":"EntryPoint","urlTemplate":"https:\/\/cryptorecovers.com\/it\/?s={search_term_string}"},"query-input":{"@type":"PropertyValueSpecification","valueRequired":true,"valueName":"search_term_string"}}],"inLanguage":"it-IT"},{"@type":["Organization","Place"],"@id":"https:\/\/cryptorecovers.com\/it\/#organization","name":"Crypto Recovers","alternateName":"Crypto Recovers \u2013 Crypto Wallet Recovery Services","url":"https:\/\/cryptorecovers.com\/it\/","logo":{"@id":"https:\/\/cryptorecovers.com\/it\/impronta\/#local-main-organization-logo"},"image":{"@id":"https:\/\/cryptorecovers.com\/it\/impronta\/#local-main-organization-logo"},"sameAs":["https:\/\/www.facebook.com\/profile.php?id=61555829150179","https:\/\/x.com\/xcryptorecovers","https:\/\/www.linkedin.com\/company\/101478432\/","https:\/\/www.youtube.com\/@cryptorecovers"],"description":"Crypto Recovers is a specialized cryptocurrency wallet recovery service that helps individuals and businesses regain access to lost or inaccessible crypto wallets, including cases involving forgotten passwords, incomplete recovery phrases, and corrupted wallet data.","legalName":"Crypto Recovers","foundingDate":"2019-05-27","numberOfEmployees":{"@type":"QuantitativeValue","minValue":"1","maxValue":"10"},"address":{"@id":"https:\/\/cryptorecovers.com\/it\/impronta\/#local-main-place-address"},"telephone":["+31851091211"],"contactPoint":{"@type":"ContactPoint","telephone":"+31851091211","email":"support@cryptorecovers.com"},"openingHoursSpecification":{"@type":"OpeningHoursSpecification","dayOfWeek":["Monday","Tuesday","Wednesday","Thursday","Friday","Saturday","Sunday"],"opens":"00:00","closes":"23:59"},"email":"support@cryptorecovers.com","areaServed":"Worldwide","vatID":"NL003031083B24"},{"@type":"PostalAddress","@id":"https:\/\/cryptorecovers.com\/it\/impronta\/#local-main-place-address","streetAddress":"Louis Braillelaan 80","addressLocality":"Zoetermeer","postalCode":"2719 EK","addressRegion":"Zuid-Holland","addressCountry":"NL"},{"@type":"ImageObject","inLanguage":"it-IT","@id":"https:\/\/cryptorecovers.com\/it\/impronta\/#local-main-organization-logo","url":"https:\/\/cryptorecovers.com\/wp-content\/uploads\/2025\/09\/favicon_website_cr.png","contentUrl":"https:\/\/cryptorecovers.com\/wp-content\/uploads\/2025\/09\/favicon_website_cr.png","width":500,"height":500,"caption":"Crypto Recovers"}]},"geo.placename":"Zoetermeer","geo.region":"Paesi Bassi"},"_links":{"self":[{"href":"https:\/\/cryptorecovers.com\/it\/wp-json\/wp\/v2\/pages\/241848","targetHints":{"allow":["GET"]}}],"collection":[{"href":"https:\/\/cryptorecovers.com\/it\/wp-json\/wp\/v2\/pages"}],"about":[{"href":"https:\/\/cryptorecovers.com\/it\/wp-json\/wp\/v2\/types\/page"}],"author":[{"embeddable":true,"href":"https:\/\/cryptorecovers.com\/it\/wp-json\/wp\/v2\/users\/1"}],"replies":[{"embeddable":true,"href":"https:\/\/cryptorecovers.com\/it\/wp-json\/wp\/v2\/comments?post=241848"}],"version-history":[{"count":6,"href":"https:\/\/cryptorecovers.com\/it\/wp-json\/wp\/v2\/pages\/241848\/revisions"}],"predecessor-version":[{"id":244862,"href":"https:\/\/cryptorecovers.com\/it\/wp-json\/wp\/v2\/pages\/241848\/revisions\/244862"}],"wp:attachment":[{"href":"https:\/\/cryptorecovers.com\/it\/wp-json\/wp\/v2\/media?parent=241848"}],"curies":[{"name":"wp","href":"https:\/\/api.w.org\/{rel}","templated":true}]}}