{"id":241767,"date":"2024-12-19T00:52:33","date_gmt":"2024-12-19T00:52:33","guid":{"rendered":"https:\/\/cryptorecovers.com\/politique-en-matiere-de-cookies\/"},"modified":"2024-12-19T00:52:37","modified_gmt":"2024-12-19T00:52:37","slug":"politique-en-matiere-de-cookies","status":"publish","type":"page","link":"https:\/\/cryptorecovers.com\/fr\/politique-en-matiere-de-cookies\/","title":{"rendered":"Politique en mati\u00e8re de cookies"},"content":{"rendered":"<p>[et_pb_section fb_built=\u00a0\u00bb1&Prime; fullwidth=\u00a0\u00bbon\u00a0\u00bb admin_label=\u00a0\u00bbHero Section\u00a0\u00bb _builder_version=\u00a0\u00bb4.16&Prime; background_color=\u00a0\u00bb#101535&Prime; background_image=\u00a0\u00bbhttps:\/\/cryptorecovers.com\/wp-content\/uploads\/2023\/02\/crypto-bg-02.png\u00a0\u00bb parallax=\u00a0\u00bbon\u00a0\u00bb custom_margin=\u00a0\u00bb|||\u00a0\u00bb custom_padding=\u00a0\u00bb|||\u00a0\u00bb locked=\u00a0\u00bboff\u00a0\u00bb global_colors_info=\u00a0\u00bb{}\u00a0\u00bb theme_builder_area=\u00a0\u00bbpost_content\u00a0\u00bb][et_pb_fullwidth_header title=\u00a0\u00bbPolitique en mati\u00e8re de cookies\u00a0\u00bb text_orientation=\u00a0\u00bbcenter\u00a0\u00bb _builder_version=\u00a0\u00bb4.27.0&Prime; title_font=\u00a0\u00bbPoppins||||||||\u00a0\u00bb title_font_size=\u00a0\u00bb66px\u00a0\u00bb title_line_height=\u00a0\u00bb1.5em\u00a0\u00bb content_font=\u00a0\u00bb||||||||\u00a0\u00bb content_font_size=\u00a0\u00bb18px\u00a0\u00bb content_line_height=\u00a0\u00bb2em\u00a0\u00bb background_enable_color=\u00a0\u00bboff\u00a0\u00bb background_position=\u00a0\u00bbbottom_center\u00a0\u00bb custom_button_one=\u00a0\u00bbon\u00a0\u00bb button_one_text_size=\u00a0\u00bb13px\u00a0\u00bb button_one_bg_color=\u00a0\u00bb#4328b7&Prime; button_one_border_width=\u00a0\u00bb10px\u00a0\u00bb button_one_border_color=\u00a0\u00bb#4328b7&Prime; button_one_border_radius=\u00a0\u00bb0px\u00a0\u00bb button_one_letter_spacing=\u00a0\u00bb2px\u00a0\u00bb button_one_font=\u00a0\u00bbTitillium Web|700||on|||||\u00a0\u00bb custom_button_two=\u00a0\u00bbon\u00a0\u00bb button_two_text_size=\u00a0\u00bb13px\u00a0\u00bb button_two_text_color=\u00a0\u00bb#4328b7&Prime; button_two_bg_color=\u00a0\u00bb#ffffff\u00a0\u00bb button_two_border_width=\u00a0\u00bb10px\u00a0\u00bb button_two_border_color=\u00a0\u00bb#ffffff\u00a0\u00bb button_two_border_radius=\u00a0\u00bb0px\u00a0\u00bb button_two_letter_spacing=\u00a0\u00bb2px\u00a0\u00bb button_two_font=\u00a0\u00bbTitillium Web|700||on|||||\u00a0\u00bb custom_margin=\u00a0\u00bb|||\u00a0\u00bb custom_padding=\u00a0\u00bb140px||4vw||false|false\u00a0\u00bb custom_padding_tablet=\u00a0\u00bb100px||||false|false\u00a0\u00bb custom_padding_phone=\u00a0\u00bb110px||||false|false\u00a0\u00bb custom_padding_last_edited=\u00a0\u00bbon|desktop\u00a0\u00bb animation_direction=\u00a0\u00bbbottom\u00a0\u00bb title_font_size_tablet=\u00a0\u00bb40px\u00a0\u00bb title_font_size_phone=\u00a0\u00bb\u00a0\u00bb title_font_size_last_edited=\u00a0\u00bbon|phone\u00a0\u00bb content_font_size_tablet=\u00a0\u00bb\u00a0\u00bb content_font_size_phone=\u00a0\u00bb15px\u00a0\u00bb content_font_size_last_edited=\u00a0\u00bbon|phone\u00a0\u00bb button_one_letter_spacing_hover=\u00a0\u00bb2px\u00a0\u00bb button_two_letter_spacing_hover=\u00a0\u00bb2px\u00a0\u00bb global_colors_info=\u00a0\u00bb{}\u00a0\u00bb button_one_text_size__hover_enabled=\u00a0\u00bboff\u00a0\u00bb button_two_text_size__hover_enabled=\u00a0\u00bboff\u00a0\u00bb button_one_text_color__hover_enabled=\u00a0\u00bboff\u00a0\u00bb button_two_text_color__hover_enabled=\u00a0\u00bboff\u00a0\u00bb button_one_border_width__hover_enabled=\u00a0\u00bboff\u00a0\u00bb button_two_border_width__hover_enabled=\u00a0\u00bboff\u00a0\u00bb button_one_border_color__hover_enabled=\u00a0\u00bboff\u00a0\u00bb button_two_border_color__hover_enabled=\u00a0\u00bboff\u00a0\u00bb button_one_border_radius__hover_enabled=\u00a0\u00bboff\u00a0\u00bb button_two_border_radius__hover_enabled=\u00a0\u00bboff\u00a0\u00bb button_one_letter_spacing__hover_enabled=\u00a0\u00bbon\u00a0\u00bb button_one_letter_spacing__hover=\u00a0\u00bb2px\u00a0\u00bb button_two_letter_spacing__hover_enabled=\u00a0\u00bbon\u00a0\u00bb button_two_letter_spacing__hover=\u00a0\u00bb2px\u00a0\u00bb button_one_bg_color__hover_enabled=\u00a0\u00bboff\u00a0\u00bb button_two_bg_color__hover_enabled=\u00a0\u00bboff\u00a0\u00bb theme_builder_area=\u00a0\u00bbpost_content\u00a0\u00bb][\/et_pb_fullwidth_header][\/et_pb_section][et_pb_section fb_built=\u00a0\u00bb1&Prime; fullwidth=\u00a0\u00bbon\u00a0\u00bb admin_label=\u00a0\u00bbHero Section\u00a0\u00bb _builder_version=\u00a0\u00bb4.27.0&Prime; background_enable_color=\u00a0\u00bboff\u00a0\u00bb background_enable_image=\u00a0\u00bboff\u00a0\u00bb parallax=\u00a0\u00bbon\u00a0\u00bb custom_margin=\u00a0\u00bb|||\u00a0\u00bb custom_padding=\u00a0\u00bb|||\u00a0\u00bb global_colors_info=\u00a0\u00bb{}\u00a0\u00bb theme_builder_area=\u00a0\u00bbpost_content\u00a0\u00bb][et_pb_fullwidth_header _builder_version=\u00a0\u00bb4.27.3&Prime; title_font=\u00a0\u00bbPoppins|600|||||||\u00a0\u00bb title_text_color=\u00a0\u00bb#000000&Prime; title_font_size=\u00a0\u00bb39px\u00a0\u00bb title_line_height=\u00a0\u00bb1.5em\u00a0\u00bb content_font=\u00a0\u00bb||||||||\u00a0\u00bb content_text_color=\u00a0\u00bb#000000&Prime; content_font_size=\u00a0\u00bb17px\u00a0\u00bb content_line_height=\u00a0\u00bb2em\u00a0\u00bb background_color=\u00a0\u00bbrgba(0,0,0,0)\u00a0\u00bb background_enable_image=\u00a0\u00bboff\u00a0\u00bb background_position=\u00a0\u00bbbottom_center\u00a0\u00bb custom_button_one=\u00a0\u00bbon\u00a0\u00bb button_one_text_size=\u00a0\u00bb13px\u00a0\u00bb button_one_bg_color=\u00a0\u00bb#4328b7&Prime; button_one_border_width=\u00a0\u00bb10px\u00a0\u00bb button_one_border_color=\u00a0\u00bb#4328b7&Prime; button_one_border_radius=\u00a0\u00bb0px\u00a0\u00bb button_one_letter_spacing=\u00a0\u00bb2px\u00a0\u00bb button_one_font=\u00a0\u00bbTitillium Web|700||on|||||\u00a0\u00bb custom_button_two=\u00a0\u00bbon\u00a0\u00bb button_two_text_size=\u00a0\u00bb13px\u00a0\u00bb button_two_text_color=\u00a0\u00bb#4328b7&Prime; button_two_bg_color=\u00a0\u00bb#ffffff\u00a0\u00bb button_two_border_width=\u00a0\u00bb10px\u00a0\u00bb button_two_border_color=\u00a0\u00bb#ffffff\u00a0\u00bb button_two_border_radius=\u00a0\u00bb0px\u00a0\u00bb button_two_letter_spacing=\u00a0\u00bb2px\u00a0\u00bb button_two_font=\u00a0\u00bbTitillium Web|700||on|||||\u00a0\u00bb width_phone=\u00a0\u00bb100%\u00a0\u00bb width_last_edited=\u00a0\u00bboff|phone\u00a0\u00bb max_width_phone=\u00a0\u00bb100%\u00a0\u00bb max_width_last_edited=\u00a0\u00bboff|phone\u00a0\u00bb custom_margin=\u00a0\u00bb|||\u00a0\u00bb custom_padding=\u00a0\u00bb6vw||8vw||false|\u00a0\u00bb animation_direction=\u00a0\u00bbbottom\u00a0\u00bb title_font_size_tablet=\u00a0\u00bb34px\u00a0\u00bb title_font_size_phone=\u00a0\u00bb26px\u00a0\u00bb title_font_size_last_edited=\u00a0\u00bbon|phone\u00a0\u00bb content_font_size_tablet=\u00a0\u00bb16px\u00a0\u00bb content_font_size_phone=\u00a0\u00bb15px\u00a0\u00bb content_font_size_last_edited=\u00a0\u00bbon|phone\u00a0\u00bb button_one_letter_spacing_hover=\u00a0\u00bb2px\u00a0\u00bb button_two_letter_spacing_hover=\u00a0\u00bb2px\u00a0\u00bb global_colors_info=\u00a0\u00bb{}\u00a0\u00bb button_one_text_size__hover_enabled=\u00a0\u00bboff\u00a0\u00bb button_two_text_size__hover_enabled=\u00a0\u00bboff\u00a0\u00bb button_one_text_color__hover_enabled=\u00a0\u00bboff\u00a0\u00bb button_two_text_color__hover_enabled=\u00a0\u00bboff\u00a0\u00bb button_one_border_width__hover_enabled=\u00a0\u00bboff\u00a0\u00bb button_two_border_width__hover_enabled=\u00a0\u00bboff\u00a0\u00bb button_one_border_color__hover_enabled=\u00a0\u00bboff\u00a0\u00bb button_two_border_color__hover_enabled=\u00a0\u00bboff\u00a0\u00bb button_one_border_radius__hover_enabled=\u00a0\u00bboff\u00a0\u00bb button_two_border_radius__hover_enabled=\u00a0\u00bboff\u00a0\u00bb button_one_letter_spacing__hover_enabled=\u00a0\u00bbon\u00a0\u00bb button_one_letter_spacing__hover=\u00a0\u00bb2px\u00a0\u00bb button_two_letter_spacing__hover_enabled=\u00a0\u00bbon\u00a0\u00bb button_two_letter_spacing__hover=\u00a0\u00bb2px\u00a0\u00bb button_one_bg_color__hover_enabled=\u00a0\u00bboff\u00a0\u00bb button_two_bg_color__hover_enabled=\u00a0\u00bboff\u00a0\u00bb theme_builder_area=\u00a0\u00bbpost_content\u00a0\u00bb]<\/p>\n<p>Cette <strong>politique en mati\u00e8re de cookies<\/strong> explique comment <strong>Cryptorecovers<\/strong> utilise les cookies sur son site web et comment vous pouvez g\u00e9rer vos pr\u00e9f\u00e9rences en mati\u00e8re de cookies. En utilisant notre site web, vous acceptez notre utilisation des cookies telle que d\u00e9crite ci-dessous. <\/p>\n<p>&nbsp;<\/p>\n<ol>\n<li><strong>  Qu&rsquo;est-ce qu&rsquo;un cookie ?<\/strong><\/li>\n<\/ol>\n<p>Les cookies sont de petits fichiers texte stock\u00e9s sur votre appareil lorsque vous visitez un site web. Ils sont utilis\u00e9s pour m\u00e9moriser vos pr\u00e9f\u00e9rences, vos actions et vos param\u00e8tres afin de rendre votre exp\u00e9rience en ligne plus efficace et personnalis\u00e9e. <\/p>\n<p>&nbsp;<\/p>\n<ol start=\"2\">\n<li><strong>  Types de cookies que nous utilisons<\/strong><\/li>\n<\/ol>\n<ul>\n<li><strong>Cookies essentiels<\/strong>: Ces cookies sont n\u00e9cessaires au fonctionnement de notre site web. Ils permettent des fonctions de base telles que la navigation sur les pages et l&rsquo;acc\u00e8s aux zones s\u00e9curis\u00e9es du site. Sans ces cookies, le site web ne peut pas fonctionner correctement.  <\/li>\n<li><strong>Cookies de performance<\/strong>: Ces cookies collectent des informations sur la mani\u00e8re dont les visiteurs interagissent avec notre site web, par exemple les pages les plus visit\u00e9es et les erreurs \u00e9ventuelles rencontr\u00e9es par les utilisateurs. Ces cookies nous aident \u00e0 am\u00e9liorer les performances de notre site web. <\/li>\n<li><strong>Cookies fonctionnels<\/strong>: Ces cookies m\u00e9morisent vos pr\u00e9f\u00e9rences (telles que les param\u00e8tres linguistiques) et contribuent \u00e0 vous offrir une exp\u00e9rience plus personnalis\u00e9e. Ils nous permettent d&rsquo;offrir des fonctionnalit\u00e9s am\u00e9lior\u00e9es en fonction de vos choix. <\/li>\n<li><strong>Cookies de ciblage\/publicit\u00e9<\/strong>: Ces cookies sont utilis\u00e9s pour diffuser des publicit\u00e9s adapt\u00e9es \u00e0 vous et \u00e0 vos centres d&rsquo;int\u00e9r\u00eat. Ils permettent \u00e9galement d&rsquo;\u00e9valuer l&rsquo;efficacit\u00e9 des campagnes publicitaires. Nous n&rsquo;utilisons pas actuellement de cookies publicitaires de tiers, mais nous nous r\u00e9servons le droit de le faire \u00e0 l&rsquo;avenir.  <\/li>\n<\/ul>\n<ol start=\"3\">\n<li><strong>  Comment nous utilisons les cookies<\/strong><\/li>\n<\/ol>\n<p>Nous utilisons des cookies pour am\u00e9liorer votre exp\u00e9rience sur notre site :<\/p>\n<ul>\n<li>M\u00e9morisation de vos informations de connexion afin que vous n&rsquo;ayez pas \u00e0 vous connecter \u00e0 chaque fois.<\/li>\n<li>L&rsquo;analyse du trafic sur le site web et du comportement des utilisateurs afin d&rsquo;am\u00e9liorer notre contenu et nos services.<\/li>\n<li>Personnaliser le contenu et les publicit\u00e9s pour mieux r\u00e9pondre \u00e0 vos pr\u00e9f\u00e9rences.<\/li>\n<\/ul>\n<ol start=\"4\">\n<li><strong>  Gestion des pr\u00e9f\u00e9rences en mati\u00e8re de cookies<\/strong><\/li>\n<\/ol>\n<p>La plupart des navigateurs acceptent automatiquement les cookies, mais vous pouvez modifier vos param\u00e8tres pour refuser les cookies ou vous alerter lorsque des cookies sont envoy\u00e9s. Vous pouvez g\u00e9rer vos pr\u00e9f\u00e9rences en mati\u00e8re de cookies par le biais des param\u00e8tres de votre navigateur, mais veuillez noter que le blocage de certains cookies peut affecter la fonctionnalit\u00e9 du site web. <\/p>\n<p>&nbsp;<\/p>\n<ul>\n<li><strong>Pour Google Chrome<\/strong>: Allez dans le menu en haut \u00e0 droite du navigateur et s\u00e9lectionnez <strong>Param\u00e8tres<\/strong> &gt; <strong>Confidentialit\u00e9 et s\u00e9curit\u00e9<\/strong> &gt; <strong>Cookies et autres donn\u00e9es de site<\/strong>.<\/li>\n<li><strong>Pour Mozilla Firefox<\/strong>: Ouvrez le menu et s\u00e9lectionnez <strong>Options<\/strong> &gt; <strong>Privacy &amp; Security<\/strong> &gt; <strong>Cookies and Site Data<\/strong>.<\/li>\n<li><strong>Pour Safari<\/strong>: Allez sur <strong>Safari<\/strong> &gt; <strong>Preferences<\/strong> &gt; <strong>Privacy<\/strong> &gt; <strong>Cookies and Website Data.<\/strong><\/li>\n<\/ul>\n<ol start=\"5\">\n<li><strong>  Cookies de tiers<\/strong><\/li>\n<\/ol>\n<p>Nous pouvons \u00e9galement utiliser des services tiers (par exemple, Google Analytics) pour analyser le trafic sur le site web et am\u00e9liorer l&rsquo;exp\u00e9rience des utilisateurs. Ces tiers peuvent placer des cookies sur votre appareil. Nous n&rsquo;avons aucun contr\u00f4le sur les cookies plac\u00e9s par ces tiers.  <\/p>\n<ol start=\"6\">\n<li><strong>  Modifications de la pr\u00e9sente politique en mati\u00e8re de cookies<\/strong><\/li>\n<\/ol>\n<p>Nous pouvons mettre \u00e0 jour la pr\u00e9sente politique en mati\u00e8re de cookies de temps \u00e0 autre. Toute modification sera publi\u00e9e sur cette page avec une date de \u00ab\u00a0derni\u00e8re mise \u00e0 jour\u00a0\u00bb. Nous vous encourageons \u00e0 consulter r\u00e9guli\u00e8rement cette page pour vous tenir inform\u00e9 de nos pratiques en mati\u00e8re de cookies.  <\/p>\n<ol start=\"7\">\n<li><strong>  Informations sur le contact<\/strong><\/li>\n<\/ol>\n<p>Si vous avez des questions sur notre utilisation des cookies ou sur la pr\u00e9sente politique, veuillez nous contacter en utilisant les informations fournies sur notre site Web. <a href=\"https:\/\/cryptorecovers.com\/fr\/contact\/\"><strong>contact<\/strong><\/a> page de contact.<\/p>\n<p>[\/et_pb_fullwidth_header][\/et_pb_section]<\/p>\n","protected":false},"excerpt":{"rendered":"<p>Cette politique en mati\u00e8re de cookies explique comment Cryptorecovers utilise les cookies sur son site web et comment vous pouvez g\u00e9rer vos pr\u00e9f\u00e9rences en mati\u00e8re de cookies. En utilisant notre site web, vous acceptez notre utilisation des cookies telle que d\u00e9crite ci-dessous. &nbsp; Qu&rsquo;est-ce qu&rsquo;un cookie ? Les cookies sont de petits fichiers texte stock\u00e9s [&hellip;]<\/p>\n","protected":false},"author":1,"featured_media":0,"parent":0,"menu_order":0,"comment_status":"closed","ping_status":"closed","template":"","meta":{"_et_pb_use_builder":"on","_et_pb_old_content":"","_et_gb_content_width":"","footnotes":""},"class_list":["post-241767","page","type-page","status-publish","hentry"],"yoast_head":"<!-- This site is optimized with the Yoast SEO Premium plugin v27.1 (Yoast SEO v27.1.1) - https:\/\/yoast.com\/product\/yoast-seo-premium-wordpress\/ -->\n<title>Politique en mati\u00e8re de cookies - Cryptorecovers.com<\/title>\n<meta name=\"description\" content=\"D\u00e9couvrez comment Cryptorecovers utilise les cookies pour am\u00e9liorer votre exp\u00e9rience sur notre site web et comment vous pouvez g\u00e9rer vos pr\u00e9f\u00e9rences en mati\u00e8re de cookies.\" \/>\n<meta name=\"robots\" content=\"index, follow, max-snippet:-1, max-image-preview:large, max-video-preview:-1\" \/>\n<link rel=\"canonical\" href=\"https:\/\/cryptorecovers.com\/fr\/politique-en-matiere-de-cookies\/\" \/>\n<meta property=\"og:locale\" content=\"fr_FR\" \/>\n<meta property=\"og:type\" content=\"article\" \/>\n<meta property=\"og:title\" content=\"Politique en mati\u00e8re de cookies\" \/>\n<meta property=\"og:description\" content=\"D\u00e9couvrez comment Cryptorecovers utilise les cookies pour am\u00e9liorer votre exp\u00e9rience sur notre site web et comment vous pouvez g\u00e9rer vos pr\u00e9f\u00e9rences en mati\u00e8re de cookies.\" \/>\n<meta property=\"og:url\" content=\"https:\/\/cryptorecovers.com\/fr\/politique-en-matiere-de-cookies\/\" \/>\n<meta property=\"og:site_name\" content=\"Crypto Recovers\" \/>\n<meta property=\"article:publisher\" content=\"https:\/\/www.facebook.com\/profile.php?id=61555829150179\" \/>\n<meta property=\"article:modified_time\" content=\"2024-12-19T00:52:37+00:00\" \/>\n<meta property=\"og:image\" content=\"https:\/\/cryptorecovers.com\/wp-content\/uploads\/2023\/12\/Cryptorecovers-Wallet-recovery-thumbnail.jpg\" \/>\n\t<meta property=\"og:image:width\" content=\"1200\" \/>\n\t<meta property=\"og:image:height\" content=\"628\" \/>\n\t<meta property=\"og:image:type\" content=\"image\/jpeg\" \/>\n<meta name=\"twitter:card\" content=\"summary_large_image\" \/>\n<meta name=\"twitter:site\" content=\"@xcryptorecovers\" \/>\n<meta name=\"twitter:label1\" content=\"Dur\u00e9e de lecture estim\u00e9e\" \/>\n\t<meta name=\"twitter:data1\" content=\"7 minutes\" \/>\n<script type=\"application\/ld+json\" class=\"yoast-schema-graph\">{\"@context\":\"https:\/\/schema.org\",\"@graph\":[{\"@type\":\"WebPage\",\"@id\":\"https:\/\/cryptorecovers.com\/fr\/politique-en-matiere-de-cookies\/\",\"url\":\"https:\/\/cryptorecovers.com\/fr\/politique-en-matiere-de-cookies\/\",\"name\":\"Politique en mati\u00e8re de cookies - Cryptorecovers.com\",\"isPartOf\":{\"@id\":\"https:\/\/cryptorecovers.com\/fr\/#website\"},\"datePublished\":\"2024-12-19T00:52:33+00:00\",\"dateModified\":\"2024-12-19T00:52:37+00:00\",\"description\":\"D\u00e9couvrez comment Cryptorecovers utilise les cookies pour am\u00e9liorer votre exp\u00e9rience sur notre site web et comment vous pouvez g\u00e9rer vos pr\u00e9f\u00e9rences en mati\u00e8re de cookies.\",\"inLanguage\":\"fr-FR\",\"potentialAction\":[{\"@type\":\"ReadAction\",\"target\":[\"https:\/\/cryptorecovers.com\/fr\/politique-en-matiere-de-cookies\/\"]}]},{\"@type\":\"WebSite\",\"@id\":\"https:\/\/cryptorecovers.com\/fr\/#website\",\"url\":\"https:\/\/cryptorecovers.com\/fr\/\",\"name\":\"Crypto Recovers\",\"description\":\"Professional Crypto Wallet Recovery Service - Trusted Since 2019\",\"publisher\":{\"@id\":\"https:\/\/cryptorecovers.com\/fr\/#organization\"},\"potentialAction\":[{\"@type\":\"SearchAction\",\"target\":{\"@type\":\"EntryPoint\",\"urlTemplate\":\"https:\/\/cryptorecovers.com\/fr\/?s={search_term_string}\"},\"query-input\":{\"@type\":\"PropertyValueSpecification\",\"valueRequired\":true,\"valueName\":\"search_term_string\"}}],\"inLanguage\":\"fr-FR\"},{\"@type\":[\"Organization\",\"Place\"],\"@id\":\"https:\/\/cryptorecovers.com\/fr\/#organization\",\"name\":\"Crypto Recovers\",\"alternateName\":\"Crypto Recovers \u2013 Crypto Wallet Recovery Services\",\"url\":\"https:\/\/cryptorecovers.com\/fr\/\",\"logo\":{\"@id\":\"https:\/\/cryptorecovers.com\/fr\/politique-en-matiere-de-cookies\/#local-main-organization-logo\"},\"image\":{\"@id\":\"https:\/\/cryptorecovers.com\/fr\/politique-en-matiere-de-cookies\/#local-main-organization-logo\"},\"sameAs\":[\"https:\/\/www.facebook.com\/profile.php?id=61555829150179\",\"https:\/\/x.com\/xcryptorecovers\",\"https:\/\/www.linkedin.com\/company\/101478432\/\",\"https:\/\/www.youtube.com\/@cryptorecovers\"],\"description\":\"Crypto Recovers is a specialized cryptocurrency wallet recovery service that helps individuals and businesses regain access to lost or inaccessible crypto wallets, including cases involving forgotten passwords, incomplete recovery phrases, and corrupted wallet data.\",\"legalName\":\"Crypto Recovers\",\"foundingDate\":\"2019-05-27\",\"numberOfEmployees\":{\"@type\":\"QuantitativeValue\",\"minValue\":\"1\",\"maxValue\":\"10\"},\"address\":{\"@id\":\"https:\/\/cryptorecovers.com\/fr\/politique-en-matiere-de-cookies\/#local-main-place-address\"},\"telephone\":[\"+31851091211\"],\"contactPoint\":{\"@type\":\"ContactPoint\",\"telephone\":\"+31851091211\",\"email\":\"support@cryptorecovers.com\"},\"openingHoursSpecification\":{\"@type\":\"OpeningHoursSpecification\",\"dayOfWeek\":[\"Monday\",\"Tuesday\",\"Wednesday\",\"Thursday\",\"Friday\",\"Saturday\",\"Sunday\"],\"opens\":\"00:00\",\"closes\":\"23:59\"},\"email\":\"support@cryptorecovers.com\",\"areaServed\":\"Worldwide\",\"vatID\":\"NL003031083B24\"},{\"@type\":\"PostalAddress\",\"@id\":\"https:\/\/cryptorecovers.com\/fr\/politique-en-matiere-de-cookies\/#local-main-place-address\",\"streetAddress\":\"Louis Braillelaan 80\",\"addressLocality\":\"Zoetermeer\",\"postalCode\":\"2719 EK\",\"addressRegion\":\"Zuid-Holland\",\"addressCountry\":\"NL\"},{\"@type\":\"ImageObject\",\"inLanguage\":\"fr-FR\",\"@id\":\"https:\/\/cryptorecovers.com\/fr\/politique-en-matiere-de-cookies\/#local-main-organization-logo\",\"url\":\"https:\/\/cryptorecovers.com\/wp-content\/uploads\/2025\/09\/favicon_website_cr.png\",\"contentUrl\":\"https:\/\/cryptorecovers.com\/wp-content\/uploads\/2025\/09\/favicon_website_cr.png\",\"width\":500,\"height\":500,\"caption\":\"Crypto Recovers\"}]}<\/script>\n<meta name=\"geo.placename\" content=\"Zoetermeer\" \/>\n<meta name=\"geo.region\" content=\"Pays-Bas\" \/>\n<!-- \/ Yoast SEO Premium plugin. -->","yoast_head_json":{"title":"Politique en mati\u00e8re de cookies - Cryptorecovers.com","description":"D\u00e9couvrez comment Cryptorecovers utilise les cookies pour am\u00e9liorer votre exp\u00e9rience sur notre site web et comment vous pouvez g\u00e9rer vos pr\u00e9f\u00e9rences en mati\u00e8re de cookies.","robots":{"index":"index","follow":"follow","max-snippet":"max-snippet:-1","max-image-preview":"max-image-preview:large","max-video-preview":"max-video-preview:-1"},"canonical":"https:\/\/cryptorecovers.com\/fr\/politique-en-matiere-de-cookies\/","og_locale":"fr_FR","og_type":"article","og_title":"Politique en mati\u00e8re de cookies","og_description":"D\u00e9couvrez comment Cryptorecovers utilise les cookies pour am\u00e9liorer votre exp\u00e9rience sur notre site web et comment vous pouvez g\u00e9rer vos pr\u00e9f\u00e9rences en mati\u00e8re de cookies.","og_url":"https:\/\/cryptorecovers.com\/fr\/politique-en-matiere-de-cookies\/","og_site_name":"Crypto Recovers","article_publisher":"https:\/\/www.facebook.com\/profile.php?id=61555829150179","article_modified_time":"2024-12-19T00:52:37+00:00","og_image":[{"width":1200,"height":628,"url":"https:\/\/cryptorecovers.com\/wp-content\/uploads\/2023\/12\/Cryptorecovers-Wallet-recovery-thumbnail.jpg","type":"image\/jpeg"}],"twitter_card":"summary_large_image","twitter_site":"@xcryptorecovers","twitter_misc":{"Dur\u00e9e de lecture estim\u00e9e":"7 minutes"},"schema":{"@context":"https:\/\/schema.org","@graph":[{"@type":"WebPage","@id":"https:\/\/cryptorecovers.com\/fr\/politique-en-matiere-de-cookies\/","url":"https:\/\/cryptorecovers.com\/fr\/politique-en-matiere-de-cookies\/","name":"Politique en mati\u00e8re de cookies - Cryptorecovers.com","isPartOf":{"@id":"https:\/\/cryptorecovers.com\/fr\/#website"},"datePublished":"2024-12-19T00:52:33+00:00","dateModified":"2024-12-19T00:52:37+00:00","description":"D\u00e9couvrez comment Cryptorecovers utilise les cookies pour am\u00e9liorer votre exp\u00e9rience sur notre site web et comment vous pouvez g\u00e9rer vos pr\u00e9f\u00e9rences en mati\u00e8re de cookies.","inLanguage":"fr-FR","potentialAction":[{"@type":"ReadAction","target":["https:\/\/cryptorecovers.com\/fr\/politique-en-matiere-de-cookies\/"]}]},{"@type":"WebSite","@id":"https:\/\/cryptorecovers.com\/fr\/#website","url":"https:\/\/cryptorecovers.com\/fr\/","name":"Crypto Recovers","description":"Professional Crypto Wallet Recovery Service - Trusted Since 2019","publisher":{"@id":"https:\/\/cryptorecovers.com\/fr\/#organization"},"potentialAction":[{"@type":"SearchAction","target":{"@type":"EntryPoint","urlTemplate":"https:\/\/cryptorecovers.com\/fr\/?s={search_term_string}"},"query-input":{"@type":"PropertyValueSpecification","valueRequired":true,"valueName":"search_term_string"}}],"inLanguage":"fr-FR"},{"@type":["Organization","Place"],"@id":"https:\/\/cryptorecovers.com\/fr\/#organization","name":"Crypto Recovers","alternateName":"Crypto Recovers \u2013 Crypto Wallet Recovery Services","url":"https:\/\/cryptorecovers.com\/fr\/","logo":{"@id":"https:\/\/cryptorecovers.com\/fr\/politique-en-matiere-de-cookies\/#local-main-organization-logo"},"image":{"@id":"https:\/\/cryptorecovers.com\/fr\/politique-en-matiere-de-cookies\/#local-main-organization-logo"},"sameAs":["https:\/\/www.facebook.com\/profile.php?id=61555829150179","https:\/\/x.com\/xcryptorecovers","https:\/\/www.linkedin.com\/company\/101478432\/","https:\/\/www.youtube.com\/@cryptorecovers"],"description":"Crypto Recovers is a specialized cryptocurrency wallet recovery service that helps individuals and businesses regain access to lost or inaccessible crypto wallets, including cases involving forgotten passwords, incomplete recovery phrases, and corrupted wallet data.","legalName":"Crypto Recovers","foundingDate":"2019-05-27","numberOfEmployees":{"@type":"QuantitativeValue","minValue":"1","maxValue":"10"},"address":{"@id":"https:\/\/cryptorecovers.com\/fr\/politique-en-matiere-de-cookies\/#local-main-place-address"},"telephone":["+31851091211"],"contactPoint":{"@type":"ContactPoint","telephone":"+31851091211","email":"support@cryptorecovers.com"},"openingHoursSpecification":{"@type":"OpeningHoursSpecification","dayOfWeek":["Monday","Tuesday","Wednesday","Thursday","Friday","Saturday","Sunday"],"opens":"00:00","closes":"23:59"},"email":"support@cryptorecovers.com","areaServed":"Worldwide","vatID":"NL003031083B24"},{"@type":"PostalAddress","@id":"https:\/\/cryptorecovers.com\/fr\/politique-en-matiere-de-cookies\/#local-main-place-address","streetAddress":"Louis Braillelaan 80","addressLocality":"Zoetermeer","postalCode":"2719 EK","addressRegion":"Zuid-Holland","addressCountry":"NL"},{"@type":"ImageObject","inLanguage":"fr-FR","@id":"https:\/\/cryptorecovers.com\/fr\/politique-en-matiere-de-cookies\/#local-main-organization-logo","url":"https:\/\/cryptorecovers.com\/wp-content\/uploads\/2025\/09\/favicon_website_cr.png","contentUrl":"https:\/\/cryptorecovers.com\/wp-content\/uploads\/2025\/09\/favicon_website_cr.png","width":500,"height":500,"caption":"Crypto Recovers"}]},"geo.placename":"Zoetermeer","geo.region":"Pays-Bas"},"_links":{"self":[{"href":"https:\/\/cryptorecovers.com\/fr\/wp-json\/wp\/v2\/pages\/241767","targetHints":{"allow":["GET"]}}],"collection":[{"href":"https:\/\/cryptorecovers.com\/fr\/wp-json\/wp\/v2\/pages"}],"about":[{"href":"https:\/\/cryptorecovers.com\/fr\/wp-json\/wp\/v2\/types\/page"}],"author":[{"embeddable":true,"href":"https:\/\/cryptorecovers.com\/fr\/wp-json\/wp\/v2\/users\/1"}],"replies":[{"embeddable":true,"href":"https:\/\/cryptorecovers.com\/fr\/wp-json\/wp\/v2\/comments?post=241767"}],"version-history":[{"count":4,"href":"https:\/\/cryptorecovers.com\/fr\/wp-json\/wp\/v2\/pages\/241767\/revisions"}],"predecessor-version":[{"id":241773,"href":"https:\/\/cryptorecovers.com\/fr\/wp-json\/wp\/v2\/pages\/241767\/revisions\/241773"}],"wp:attachment":[{"href":"https:\/\/cryptorecovers.com\/fr\/wp-json\/wp\/v2\/media?parent=241767"}],"curies":[{"name":"wp","href":"https:\/\/api.w.org\/{rel}","templated":true}]}}