{"id":246379,"date":"2025-03-21T21:55:32","date_gmt":"2025-03-21T21:55:32","guid":{"rendered":"https:\/\/cryptorecovers.com\/preguntas-frecuentes\/"},"modified":"2025-04-02T17:47:27","modified_gmt":"2025-04-02T17:47:27","slug":"preguntas-frecuentes","status":"publish","type":"page","link":"https:\/\/cryptorecovers.com\/es\/preguntas-frecuentes\/","title":{"rendered":"Preguntas frecuentes"},"content":{"rendered":"<p>[et_pb_section fb_built=\u00bb1&#8243; fullwidth=\u00bbon\u00bb admin_label=\u00bbHero Section\u00bb _builder_version=\u00bb4.16&#8243; background_color=\u00bb#101535&#8243; background_image=\u00bbhttps:\/\/cryptorecovers.com\/wp-content\/uploads\/2023\/02\/crypto-bg-02.png\u00bb parallax=\u00bbon\u00bb custom_margin=\u00bb|||\u00bb custom_padding=\u00bb|||\u00bb locked=\u00bboff\u00bb global_colors_info=\u00bb{}\u00bb][et_pb_fullwidth_header title=\u00bbPreguntas frecuentes\u00bb _builder_version=\u00bb4.27.4&#8243; title_font=\u00bbPoppins|600|||||||\u00bb title_font_size=\u00bb60px\u00bb title_line_height=\u00bb1.5em\u00bb content_font=\u00bb||||||||\u00bb content_font_size=\u00bb18px\u00bb content_line_height=\u00bb2em\u00bb background_enable_color=\u00bboff\u00bb background_position=\u00bbbottom_center\u00bb custom_button_one=\u00bbon\u00bb button_one_text_size=\u00bb13px\u00bb button_one_bg_color=\u00bb#4328b7&#8243; button_one_border_width=\u00bb10px\u00bb button_one_border_color=\u00bb#4328b7&#8243; button_one_border_radius=\u00bb0px\u00bb button_one_letter_spacing=\u00bb2px\u00bb button_one_font=\u00bbTitillium Web|700||on|||||\u00bb custom_button_two=\u00bbon\u00bb button_two_text_size=\u00bb13px\u00bb button_two_text_color=\u00bb#4328b7&#8243; button_two_bg_color=\u00bb#ffffff\u00bb button_two_border_width=\u00bb10px\u00bb button_two_border_color=\u00bb#ffffff\u00bb button_two_border_radius=\u00bb0px\u00bb button_two_letter_spacing=\u00bb2px\u00bb button_two_font=\u00bbTitillium Web|700||on|||||\u00bb custom_margin=\u00bb|||\u00bb custom_padding=\u00bb150px||4vw||false|false\u00bb custom_padding_tablet=\u00bb100px||||false|false\u00bb custom_padding_phone=\u00bb110px||||false|false\u00bb custom_padding_last_edited=\u00bbon|desktop\u00bb animation_direction=\u00bbbottom\u00bb title_font_size_tablet=\u00bb39px\u00bb title_font_size_phone=\u00bb30px\u00bb title_font_size_last_edited=\u00bbon|phone\u00bb content_font_size_tablet=\u00bb\u00bb content_font_size_phone=\u00bb15px\u00bb content_font_size_last_edited=\u00bbon|phone\u00bb button_one_letter_spacing_hover=\u00bb2px\u00bb button_two_letter_spacing_hover=\u00bb2px\u00bb global_colors_info=\u00bb{}\u00bb button_one_text_size__hover_enabled=\u00bboff\u00bb button_two_text_size__hover_enabled=\u00bboff\u00bb button_one_text_color__hover_enabled=\u00bboff\u00bb button_two_text_color__hover_enabled=\u00bboff\u00bb button_one_border_width__hover_enabled=\u00bboff\u00bb button_two_border_width__hover_enabled=\u00bboff\u00bb button_one_border_color__hover_enabled=\u00bboff\u00bb button_two_border_color__hover_enabled=\u00bboff\u00bb button_one_border_radius__hover_enabled=\u00bboff\u00bb button_two_border_radius__hover_enabled=\u00bboff\u00bb button_one_letter_spacing__hover_enabled=\u00bbon\u00bb button_one_letter_spacing__hover=\u00bb2px\u00bb button_two_letter_spacing__hover_enabled=\u00bbon\u00bb button_two_letter_spacing__hover=\u00bb2px\u00bb button_one_bg_color__hover_enabled=\u00bboff\u00bb button_two_bg_color__hover_enabled=\u00bboff\u00bb][\/et_pb_fullwidth_header][\/et_pb_section][et_pb_section fb_built=\u00bb1&#8243; _builder_version=\u00bb4.27.4&#8243; _module_preset=\u00bbdefault\u00bb global_colors_info=\u00bb{}\u00bb][et_pb_row _builder_version=\u00bb4.27.4&#8243; _module_preset=\u00bbdefault\u00bb custom_padding=\u00bb||21px|||\u00bb global_colors_info=\u00bb{}\u00bb][et_pb_column type=\u00bb4_4&#8243; _builder_version=\u00bb4.27.4&#8243; _module_preset=\u00bbdefault\u00bb global_colors_info=\u00bb{}\u00bb][et_pb_text _builder_version=\u00bb4.27.4&#8243; _module_preset=\u00bbdefault\u00bb text_text_color=\u00bb#000000&#8243; link_font=\u00bb||||on||||\u00bb link_text_color=\u00bb#000000&#8243; header_2_font=\u00bbPoppins|700|||||||\u00bb header_2_text_color=\u00bb#000000&#8243; header_2_font_size=\u00bb22px\u00bb header_2_line_height=\u00bb1.7em\u00bb header_2_font_size_tablet=\u00bb20px\u00bb header_2_font_size_phone=\u00bb20px\u00bb header_2_font_size_last_edited=\u00bbon|desktop\u00bb global_colors_info=\u00bb{}\u00bb link_text_color__hover_enabled=\u00bbon|hover\u00bb link_text_color__hover=\u00bbrgba(0,0,0,0.78)\u00bb]<\/p>\n<h2><\/h2>\n<h2>\u00bfCu\u00e1l es el proceso para recuperar mis criptoactivos?<\/h2>\n<p>Empezamos por comprender tu situaci\u00f3n espec\u00edfica y recopilamos los detalles necesarios, como el historial de transacciones o la informaci\u00f3n de tu monedero. Nuestro equipo utiliza herramientas y t\u00e9cnicas avanzadas para recuperar el acceso a tus criptoactivos, garantizando tu seguridad y privacidad durante todo el proceso. <\/p>\n<h2>\u00bfCu\u00e1nto cobras por los servicios de recuperaci\u00f3n?<\/h2>\n<p>Nuestra tarifa est\u00e1ndar es el 20% de los activos recuperados, aunque para recuperaciones de mayor cuant\u00eda, esta tarifa puede reducirse. Discutiremos el precio contigo en funci\u00f3n de tus necesidades espec\u00edficas y de la complejidad de la recuperaci\u00f3n. M\u00e1s informaci\u00f3n sobre los precios de la recuperaci\u00f3n de carteras de criptomonedas.  <\/p>\n<h2>\u00bfQu\u00e9 pasa si no tengo informaci\u00f3n o no estoy seguro de tener los archivos\/datos correctos?<\/h2>\n<p>Si has perdido tu frase semilla, el archivo de copia de seguridad o has desechado un dispositivo que conten\u00eda tu clave privada \/ copia de seguridad, el proceso de recuperaci\u00f3n se vuelve extremadamente dif\u00edcil. En algunos casos, por ejemplo con servicios como Blockchain.com, podemos ayudarte a recuperar archivos de copia de seguridad. Adem\u00e1s, a veces podemos recuperar archivos borrados de discos duros antiguos.  <\/p>\n<p>Sin embargo, si has perdido completamente el acceso a tu informaci\u00f3n privada o a tu copia de seguridad, poco podemos hacer nosotros o cualquier otro servicio de recuperaci\u00f3n para ayudarte a recuperar el acceso a tu cripto.<\/p>\n<p><strong>Ten en cuenta:<\/strong> Algunas carteras requieren u ofrecen m\u00e9todos de copia de seguridad y recuperaci\u00f3n diferentes. Si no est\u00e1s seguro de tener la informaci\u00f3n necesaria, podemos ayudarte a determinar si es posible una recuperaci\u00f3n.  No dudes en <a href=\"https:\/\/cryptorecovers.com\/es\/pongase-en-contacto-con\/\">ponerte en contacto con nosotros<\/a>.<\/p>\n<h2>\u00bfCu\u00e1nto tiempo se tarda en recuperar mis criptoactivos?<\/h2>\n<p>El tiempo de recuperaci\u00f3n depende de las particularidades de cada caso, pero normalmente puede oscilar entre unos d\u00edas y varias semanas. Te mantendremos informado de los progresos y te daremos un plazo estimado a medida que avancemos en el proceso. <\/p>\n<h2>\u00bfC\u00f3mo puedo confiar en ti?<\/h2>\n<p>Somos una empresa registrada y totalmente leg\u00edtima, dedicada a prestar servicios \u00e9ticos y transparentes. Tus fondos est\u00e1n seguros con nosotros, ya que cumplimos estrictos protocolos de seguridad para garantizar que tus activos permanecen a salvo. <\/p>\n<p>Antes de iniciar cualquier caso de recuperaci\u00f3n, tanto el cliente como Crypto Recovers firman un contrato detallado en el que se exponen todas las condiciones, incluida la informaci\u00f3n sobre nuestra empresa.<\/p>\n<p>Adem\u00e1s, te invitamos a visitar nuestro despacho con cita previa, lo que te dar\u00e1 la oportunidad de conocerte en persona y hablar de tu caso.<\/p>\n<h2>\u00bfQu\u00e9 tipos de criptomonedas recuperas?<\/h2>\n<p>Estamos especializados en recuperar la mayor\u00eda de las principales criptomonedas, como Bitcoin, Ethereum, Dogecoin y otras altcoins. Si necesitas ayuda con un tipo espec\u00edfico de criptomoneda, no dudes en ponerte en contacto con nosotros para obtener m\u00e1s detalles. <\/p>\n<h2>\u00bfPuedes ayudar a recuperar bienes robados o perdidos a causa de una estafa?<\/h2>\n<p>S\u00ed, tenemos experiencia en guiar a la gente en la direcci\u00f3n correcta para empezar a recuperar bienes que se perdieron por estafas o robos. Aunque el \u00e9xito depende de las circunstancias, no dudes en dejarnos un mensaje y te pondremos en marcha en tu viaje de recuperaci\u00f3n. <\/p>\n<h2>\u00bfTengo que facilitar todas mis contrase\u00f1as para recuperar mi cripto?<\/h2>\n<p>No, no es necesario que facilites todas tus contrase\u00f1as. S\u00f3lo requerimos la informaci\u00f3n esencial relacionada con la cartera y damos prioridad a tu privacidad y seguridad durante todo el proceso de recuperaci\u00f3n. <\/p>\n<p>Por favor, NO compartas ninguna informaci\u00f3n privada ni contrase\u00f1as hasta que se firme un contrato.<\/p>\n<h2>\u00bfC\u00f3mo garantizan la seguridad de mis activos durante la recuperaci\u00f3n?<\/h2>\n<p>Damos prioridad a tu seguridad utilizando m\u00e9todos encriptados para manejar tu informaci\u00f3n y tus activos. Nuestro equipo se adhiere a las mejores pr\u00e1cticas del sector, garantizando que tus datos y fondos permanezcan protegidos durante todo el proceso de recuperaci\u00f3n. Antes de empezar, todas las condiciones y acuerdos se expondr\u00e1n claramente en un contrato que firmar\u00e1n ambas partes.  <\/p>\n<p>[\/et_pb_text][et_pb_button button_url=\u00bbhttps:\/\/cryptorecovers.com\/es\/pongase-en-contacto-con\/\u00bb button_text=\u00bbEmpieza\u00bb button_alignment=\u00bbcenter\u00bb _builder_version=\u00bb4.27.4&#8243; custom_button=\u00bbon\u00bb button_text_size=\u00bb13px\u00bb button_text_color=\u00bb#ffffff\u00bb button_bg_color=\u00bb#1b1f50&#8243; button_border_width=\u00bb10px\u00bb button_border_color=\u00bb#1b1f50&#8243; button_border_radius=\u00bb5px\u00bb button_letter_spacing=\u00bb2px\u00bb button_font=\u00bbTitillium Web|700||on|||||\u00bb background_layout=\u00bbdark\u00bb custom_margin=\u00bb70px||13px||false|false\u00bb custom_padding=\u00bb||||false|false\u00bb box_shadow_style=\u00bbpreset3&#8243; button_letter_spacing_hover=\u00bb2px\u00bb locked=\u00bboff\u00bb global_colors_info=\u00bb{}\u00bb button_text_size__hover_enabled=\u00bboff\u00bb button_one_text_size__hover_enabled=\u00bboff\u00bb button_two_text_size__hover_enabled=\u00bboff\u00bb button_text_color__hover_enabled=\u00bboff\u00bb button_one_text_color__hover_enabled=\u00bboff\u00bb button_two_text_color__hover_enabled=\u00bboff\u00bb button_border_width__hover_enabled=\u00bboff\u00bb button_one_border_width__hover_enabled=\u00bboff\u00bb button_two_border_width__hover_enabled=\u00bboff\u00bb button_border_color__hover_enabled=\u00bboff\u00bb button_one_border_color__hover_enabled=\u00bboff\u00bb button_two_border_color__hover_enabled=\u00bboff\u00bb button_border_radius__hover_enabled=\u00bboff\u00bb button_one_border_radius__hover_enabled=\u00bboff\u00bb button_two_border_radius__hover_enabled=\u00bboff\u00bb button_letter_spacing__hover_enabled=\u00bbon\u00bb button_letter_spacing__hover=\u00bb2px\u00bb button_one_letter_spacing__hover_enabled=\u00bboff\u00bb button_two_letter_spacing__hover_enabled=\u00bboff\u00bb button_bg_color__hover_enabled=\u00bboff\u00bb button_one_bg_color__hover_enabled=\u00bboff\u00bb button_two_bg_color__hover_enabled=\u00bboff\u00bb][\/et_pb_button][et_pb_button button_url=\u00bbhttps:\/\/cryptorecovers.com\/es\/quienes-somos\/#team\u00bb button_text=\u00bbConoce a nuestro equipo\u00bb button_alignment=\u00bbcenter\u00bb disabled_on=\u00bboff|off|off\u00bb _builder_version=\u00bb4.27.3&#8243; custom_button=\u00bbon\u00bb button_text_size=\u00bb13px\u00bb button_text_color=\u00bb#000000&#8243; button_border_width=\u00bb0px\u00bb button_border_color=\u00bbRGBA(255,255,255,0)\u00bb button_border_radius=\u00bb0px\u00bb button_letter_spacing=\u00bb2px\u00bb button_font=\u00bbTitillium Web|700||on|||||\u00bb button_on_hover=\u00bboff\u00bb background_layout=\u00bbdark\u00bb custom_margin=\u00bb10px||||false|false\u00bb button_letter_spacing_hover=\u00bb2px\u00bb locked=\u00bboff\u00bb global_colors_info=\u00bb{}\u00bb button_text_size__hover_enabled=\u00bboff\u00bb button_one_text_size__hover_enabled=\u00bboff\u00bb button_two_text_size__hover_enabled=\u00bboff\u00bb button_text_color__hover_enabled=\u00bboff\u00bb button_one_text_color__hover_enabled=\u00bboff\u00bb button_two_text_color__hover_enabled=\u00bboff\u00bb button_border_width__hover_enabled=\u00bboff\u00bb button_one_border_width__hover_enabled=\u00bboff\u00bb button_two_border_width__hover_enabled=\u00bboff\u00bb button_border_color__hover_enabled=\u00bboff\u00bb button_one_border_color__hover_enabled=\u00bboff\u00bb button_two_border_color__hover_enabled=\u00bboff\u00bb button_border_radius__hover_enabled=\u00bboff\u00bb button_one_border_radius__hover_enabled=\u00bboff\u00bb button_two_border_radius__hover_enabled=\u00bboff\u00bb button_letter_spacing__hover_enabled=\u00bbon|hover\u00bb button_letter_spacing__hover=\u00bb2.3px\u00bb button_one_letter_spacing__hover_enabled=\u00bboff\u00bb button_two_letter_spacing__hover_enabled=\u00bboff\u00bb button_bg_color__hover_enabled=\u00bboff\u00bb button_one_bg_color__hover_enabled=\u00bboff\u00bb button_two_bg_color__hover_enabled=\u00bboff\u00bb][\/et_pb_button][\/et_pb_column][\/et_pb_row][\/et_pb_section]<\/p>\n","protected":false},"excerpt":{"rendered":"<p>\u00bfCu\u00e1l es el proceso para recuperar mis criptoactivos? Empezamos por comprender tu situaci\u00f3n espec\u00edfica y recopilamos los detalles necesarios, como el historial de transacciones o la informaci\u00f3n de tu monedero. Nuestro equipo utiliza herramientas y t\u00e9cnicas avanzadas para recuperar el acceso a tus criptoactivos, garantizando tu seguridad y privacidad durante todo el proceso. \u00bfCu\u00e1nto cobras [&hellip;]<\/p>\n","protected":false},"author":1,"featured_media":0,"parent":0,"menu_order":0,"comment_status":"closed","ping_status":"closed","template":"","meta":{"_et_pb_use_builder":"on","_et_pb_old_content":"","_et_gb_content_width":"","footnotes":""},"class_list":["post-246379","page","type-page","status-publish","hentry"],"yoast_head":"<!-- This site is optimized with the Yoast SEO Premium plugin v27.1 (Yoast SEO v27.1.1) - https:\/\/yoast.com\/product\/yoast-seo-premium-wordpress\/ -->\n<title>Preguntas frecuentes - Criptorrecuperadores.com<\/title>\n<meta name=\"robots\" content=\"index, follow, max-snippet:-1, max-image-preview:large, max-video-preview:-1\" \/>\n<link rel=\"canonical\" href=\"https:\/\/cryptorecovers.com\/es\/preguntas-frecuentes\/\" \/>\n<meta property=\"og:locale\" content=\"es_ES\" \/>\n<meta property=\"og:type\" content=\"article\" \/>\n<meta property=\"og:title\" content=\"Preguntas frecuentes\" \/>\n<meta property=\"og:description\" content=\"\u00bfCu\u00e1l es el proceso para recuperar mis criptoactivos? Empezamos por comprender tu situaci\u00f3n espec\u00edfica y recopilamos los detalles necesarios, como el historial de transacciones o la informaci\u00f3n de tu monedero. Nuestro equipo utiliza herramientas y t\u00e9cnicas avanzadas para recuperar el acceso a tus criptoactivos, garantizando tu seguridad y privacidad durante todo el proceso. \u00bfCu\u00e1nto cobras [&hellip;]\" \/>\n<meta property=\"og:url\" content=\"https:\/\/cryptorecovers.com\/es\/preguntas-frecuentes\/\" \/>\n<meta property=\"og:site_name\" content=\"Crypto Recovers\" \/>\n<meta property=\"article:publisher\" content=\"https:\/\/www.facebook.com\/profile.php?id=61555829150179\" \/>\n<meta property=\"article:modified_time\" content=\"2025-04-02T17:47:27+00:00\" \/>\n<meta property=\"og:image\" content=\"https:\/\/cryptorecovers.com\/wp-content\/uploads\/2023\/12\/Cryptorecovers-Wallet-recovery-thumbnail.jpg\" \/>\n\t<meta property=\"og:image:width\" content=\"1200\" \/>\n\t<meta property=\"og:image:height\" content=\"628\" \/>\n\t<meta property=\"og:image:type\" content=\"image\/jpeg\" \/>\n<meta name=\"twitter:card\" content=\"summary_large_image\" \/>\n<meta name=\"twitter:site\" content=\"@xcryptorecovers\" \/>\n<meta name=\"twitter:label1\" content=\"Tiempo de lectura\" \/>\n\t<meta name=\"twitter:data1\" content=\"8 minutos\" \/>\n<script type=\"application\/ld+json\" class=\"yoast-schema-graph\">{\"@context\":\"https:\/\/schema.org\",\"@graph\":[{\"@type\":\"WebPage\",\"@id\":\"https:\/\/cryptorecovers.com\/es\/preguntas-frecuentes\/\",\"url\":\"https:\/\/cryptorecovers.com\/es\/preguntas-frecuentes\/\",\"name\":\"Preguntas frecuentes - Criptorrecuperadores.com\",\"isPartOf\":{\"@id\":\"https:\/\/cryptorecovers.com\/es\/#website\"},\"datePublished\":\"2025-03-21T21:55:32+00:00\",\"dateModified\":\"2025-04-02T17:47:27+00:00\",\"inLanguage\":\"es\",\"potentialAction\":[{\"@type\":\"ReadAction\",\"target\":[\"https:\/\/cryptorecovers.com\/es\/preguntas-frecuentes\/\"]}]},{\"@type\":\"WebSite\",\"@id\":\"https:\/\/cryptorecovers.com\/es\/#website\",\"url\":\"https:\/\/cryptorecovers.com\/es\/\",\"name\":\"Crypto Recovers\",\"description\":\"Crypto Wallet Recovery Services\",\"publisher\":{\"@id\":\"https:\/\/cryptorecovers.com\/es\/#organization\"},\"potentialAction\":[{\"@type\":\"SearchAction\",\"target\":{\"@type\":\"EntryPoint\",\"urlTemplate\":\"https:\/\/cryptorecovers.com\/es\/?s={search_term_string}\"},\"query-input\":{\"@type\":\"PropertyValueSpecification\",\"valueRequired\":true,\"valueName\":\"search_term_string\"}}],\"inLanguage\":\"es\"},{\"@type\":[\"Organization\",\"Place\"],\"@id\":\"https:\/\/cryptorecovers.com\/es\/#organization\",\"name\":\"Crypto Recovers\",\"alternateName\":\"Crypto Recovers \u2013 Crypto Wallet Recovery Services\",\"url\":\"https:\/\/cryptorecovers.com\/es\/\",\"logo\":{\"@id\":\"https:\/\/cryptorecovers.com\/es\/preguntas-frecuentes\/#local-main-organization-logo\"},\"image\":{\"@id\":\"https:\/\/cryptorecovers.com\/es\/preguntas-frecuentes\/#local-main-organization-logo\"},\"sameAs\":[\"https:\/\/www.facebook.com\/profile.php?id=61555829150179\",\"https:\/\/x.com\/xcryptorecovers\",\"https:\/\/www.linkedin.com\/company\/101478432\/\",\"https:\/\/www.youtube.com\/@cryptorecovers\"],\"description\":\"Crypto Recovers is a specialized cryptocurrency wallet recovery service that helps individuals and businesses regain access to lost or inaccessible crypto wallets, including cases involving forgotten passwords, incomplete recovery phrases, and corrupted wallet data.\",\"legalName\":\"Crypto Recovers\",\"foundingDate\":\"2019-05-27\",\"numberOfEmployees\":{\"@type\":\"QuantitativeValue\",\"minValue\":\"1\",\"maxValue\":\"10\"},\"address\":{\"@id\":\"https:\/\/cryptorecovers.com\/es\/preguntas-frecuentes\/#local-main-place-address\"},\"telephone\":[\"+31851091211\"],\"contactPoint\":{\"@type\":\"ContactPoint\",\"telephone\":\"+31851091211\",\"email\":\"support@cryptorecovers.com\"},\"openingHoursSpecification\":{\"@type\":\"OpeningHoursSpecification\",\"dayOfWeek\":[\"Monday\",\"Tuesday\",\"Wednesday\",\"Thursday\",\"Friday\",\"Saturday\",\"Sunday\"],\"opens\":\"00:00\",\"closes\":\"23:59\"},\"email\":\"support@cryptorecovers.com\",\"areaServed\":\"Worldwide\",\"vatID\":\"NL003031083B24\"},{\"@type\":\"PostalAddress\",\"@id\":\"https:\/\/cryptorecovers.com\/es\/preguntas-frecuentes\/#local-main-place-address\",\"streetAddress\":\"Louis Braillelaan 80\",\"addressLocality\":\"Zoetermeer\",\"postalCode\":\"2719 EK\",\"addressRegion\":\"Zuid-Holland\",\"addressCountry\":\"NL\"},{\"@type\":\"ImageObject\",\"inLanguage\":\"es\",\"@id\":\"https:\/\/cryptorecovers.com\/es\/preguntas-frecuentes\/#local-main-organization-logo\",\"url\":\"https:\/\/cryptorecovers.com\/wp-content\/uploads\/2025\/09\/favicon_website_cr.png\",\"contentUrl\":\"https:\/\/cryptorecovers.com\/wp-content\/uploads\/2025\/09\/favicon_website_cr.png\",\"width\":500,\"height\":500,\"caption\":\"Crypto Recovers\"}]}<\/script>\n<meta name=\"geo.placename\" content=\"Zoetermeer\" \/>\n<meta name=\"geo.region\" content=\"Holanda\" \/>\n<!-- \/ Yoast SEO Premium plugin. -->","yoast_head_json":{"title":"Preguntas frecuentes - Criptorrecuperadores.com","robots":{"index":"index","follow":"follow","max-snippet":"max-snippet:-1","max-image-preview":"max-image-preview:large","max-video-preview":"max-video-preview:-1"},"canonical":"https:\/\/cryptorecovers.com\/es\/preguntas-frecuentes\/","og_locale":"es_ES","og_type":"article","og_title":"Preguntas frecuentes","og_description":"\u00bfCu\u00e1l es el proceso para recuperar mis criptoactivos? Empezamos por comprender tu situaci\u00f3n espec\u00edfica y recopilamos los detalles necesarios, como el historial de transacciones o la informaci\u00f3n de tu monedero. Nuestro equipo utiliza herramientas y t\u00e9cnicas avanzadas para recuperar el acceso a tus criptoactivos, garantizando tu seguridad y privacidad durante todo el proceso. \u00bfCu\u00e1nto cobras [&hellip;]","og_url":"https:\/\/cryptorecovers.com\/es\/preguntas-frecuentes\/","og_site_name":"Crypto Recovers","article_publisher":"https:\/\/www.facebook.com\/profile.php?id=61555829150179","article_modified_time":"2025-04-02T17:47:27+00:00","og_image":[{"width":1200,"height":628,"url":"https:\/\/cryptorecovers.com\/wp-content\/uploads\/2023\/12\/Cryptorecovers-Wallet-recovery-thumbnail.jpg","type":"image\/jpeg"}],"twitter_card":"summary_large_image","twitter_site":"@xcryptorecovers","twitter_misc":{"Tiempo de lectura":"8 minutos"},"schema":{"@context":"https:\/\/schema.org","@graph":[{"@type":"WebPage","@id":"https:\/\/cryptorecovers.com\/es\/preguntas-frecuentes\/","url":"https:\/\/cryptorecovers.com\/es\/preguntas-frecuentes\/","name":"Preguntas frecuentes - Criptorrecuperadores.com","isPartOf":{"@id":"https:\/\/cryptorecovers.com\/es\/#website"},"datePublished":"2025-03-21T21:55:32+00:00","dateModified":"2025-04-02T17:47:27+00:00","inLanguage":"es","potentialAction":[{"@type":"ReadAction","target":["https:\/\/cryptorecovers.com\/es\/preguntas-frecuentes\/"]}]},{"@type":"WebSite","@id":"https:\/\/cryptorecovers.com\/es\/#website","url":"https:\/\/cryptorecovers.com\/es\/","name":"Crypto Recovers","description":"Crypto Wallet Recovery Services","publisher":{"@id":"https:\/\/cryptorecovers.com\/es\/#organization"},"potentialAction":[{"@type":"SearchAction","target":{"@type":"EntryPoint","urlTemplate":"https:\/\/cryptorecovers.com\/es\/?s={search_term_string}"},"query-input":{"@type":"PropertyValueSpecification","valueRequired":true,"valueName":"search_term_string"}}],"inLanguage":"es"},{"@type":["Organization","Place"],"@id":"https:\/\/cryptorecovers.com\/es\/#organization","name":"Crypto Recovers","alternateName":"Crypto Recovers \u2013 Crypto Wallet Recovery Services","url":"https:\/\/cryptorecovers.com\/es\/","logo":{"@id":"https:\/\/cryptorecovers.com\/es\/preguntas-frecuentes\/#local-main-organization-logo"},"image":{"@id":"https:\/\/cryptorecovers.com\/es\/preguntas-frecuentes\/#local-main-organization-logo"},"sameAs":["https:\/\/www.facebook.com\/profile.php?id=61555829150179","https:\/\/x.com\/xcryptorecovers","https:\/\/www.linkedin.com\/company\/101478432\/","https:\/\/www.youtube.com\/@cryptorecovers"],"description":"Crypto Recovers is a specialized cryptocurrency wallet recovery service that helps individuals and businesses regain access to lost or inaccessible crypto wallets, including cases involving forgotten passwords, incomplete recovery phrases, and corrupted wallet data.","legalName":"Crypto Recovers","foundingDate":"2019-05-27","numberOfEmployees":{"@type":"QuantitativeValue","minValue":"1","maxValue":"10"},"address":{"@id":"https:\/\/cryptorecovers.com\/es\/preguntas-frecuentes\/#local-main-place-address"},"telephone":["+31851091211"],"contactPoint":{"@type":"ContactPoint","telephone":"+31851091211","email":"support@cryptorecovers.com"},"openingHoursSpecification":{"@type":"OpeningHoursSpecification","dayOfWeek":["Monday","Tuesday","Wednesday","Thursday","Friday","Saturday","Sunday"],"opens":"00:00","closes":"23:59"},"email":"support@cryptorecovers.com","areaServed":"Worldwide","vatID":"NL003031083B24"},{"@type":"PostalAddress","@id":"https:\/\/cryptorecovers.com\/es\/preguntas-frecuentes\/#local-main-place-address","streetAddress":"Louis Braillelaan 80","addressLocality":"Zoetermeer","postalCode":"2719 EK","addressRegion":"Zuid-Holland","addressCountry":"NL"},{"@type":"ImageObject","inLanguage":"es","@id":"https:\/\/cryptorecovers.com\/es\/preguntas-frecuentes\/#local-main-organization-logo","url":"https:\/\/cryptorecovers.com\/wp-content\/uploads\/2025\/09\/favicon_website_cr.png","contentUrl":"https:\/\/cryptorecovers.com\/wp-content\/uploads\/2025\/09\/favicon_website_cr.png","width":500,"height":500,"caption":"Crypto Recovers"}]},"geo.placename":"Zoetermeer","geo.region":"Holanda"},"_links":{"self":[{"href":"https:\/\/cryptorecovers.com\/es\/wp-json\/wp\/v2\/pages\/246379","targetHints":{"allow":["GET"]}}],"collection":[{"href":"https:\/\/cryptorecovers.com\/es\/wp-json\/wp\/v2\/pages"}],"about":[{"href":"https:\/\/cryptorecovers.com\/es\/wp-json\/wp\/v2\/types\/page"}],"author":[{"embeddable":true,"href":"https:\/\/cryptorecovers.com\/es\/wp-json\/wp\/v2\/users\/1"}],"replies":[{"embeddable":true,"href":"https:\/\/cryptorecovers.com\/es\/wp-json\/wp\/v2\/comments?post=246379"}],"version-history":[{"count":16,"href":"https:\/\/cryptorecovers.com\/es\/wp-json\/wp\/v2\/pages\/246379\/revisions"}],"predecessor-version":[{"id":250153,"href":"https:\/\/cryptorecovers.com\/es\/wp-json\/wp\/v2\/pages\/246379\/revisions\/250153"}],"wp:attachment":[{"href":"https:\/\/cryptorecovers.com\/es\/wp-json\/wp\/v2\/media?parent=246379"}],"curies":[{"name":"wp","href":"https:\/\/api.w.org\/{rel}","templated":true}]}}