{"id":241821,"date":"2024-12-19T01:02:28","date_gmt":"2024-12-19T01:02:28","guid":{"rendered":"https:\/\/cryptorecovers.com\/etica-politica\/"},"modified":"2024-12-19T01:04:15","modified_gmt":"2024-12-19T01:04:15","slug":"etica-politica","status":"publish","type":"page","link":"https:\/\/cryptorecovers.com\/es\/etica-politica\/","title":{"rendered":"Pol\u00edtica \u00e9tica"},"content":{"rendered":"<p>[et_pb_section fb_built=\u00bb1&#8243; fullwidth=\u00bbon\u00bb admin_label=\u00bbHero Section\u00bb _builder_version=\u00bb4.16&#8243; background_color=\u00bb#101535&#8243; background_image=\u00bbhttps:\/\/cryptorecovers.com\/wp-content\/uploads\/2023\/02\/crypto-bg-02.png\u00bb parallax=\u00bbon\u00bb custom_margin=\u00bb|||\u00bb custom_padding=\u00bb|||\u00bb locked=\u00bboff\u00bb global_colors_info=\u00bb{}\u00bb theme_builder_area=\u00bbpost_content\u00bb][et_pb_fullwidth_header title=\u00bbPol\u00edtica \u00e9tica\u00bb text_orientation=\u00bbcenter\u00bb _builder_version=\u00bb4.27.0&#8243; title_font=\u00bbPoppins||||||||\u00bb title_font_size=\u00bb66px\u00bb title_line_height=\u00bb1.5em\u00bb content_font=\u00bb||||||||\u00bb content_font_size=\u00bb18px\u00bb content_line_height=\u00bb2em\u00bb background_enable_color=\u00bboff\u00bb background_position=\u00bbbottom_center\u00bb custom_button_one=\u00bbon\u00bb button_one_text_size=\u00bb13px\u00bb button_one_bg_color=\u00bb#4328b7&#8243; button_one_border_width=\u00bb10px\u00bb button_one_border_color=\u00bb#4328b7&#8243; button_one_border_radius=\u00bb0px\u00bb button_one_letter_spacing=\u00bb2px\u00bb button_one_font=\u00bbTitillium Web|700||on|||||\u00bb custom_button_two=\u00bbon\u00bb button_two_text_size=\u00bb13px\u00bb button_two_text_color=\u00bb#4328b7&#8243; button_two_bg_color=\u00bb#ffffff\u00bb button_two_border_width=\u00bb10px\u00bb button_two_border_color=\u00bb#ffffff\u00bb button_two_border_radius=\u00bb0px\u00bb button_two_letter_spacing=\u00bb2px\u00bb button_two_font=\u00bbTitillium Web|700||on|||||\u00bb custom_margin=\u00bb|||\u00bb custom_padding=\u00bb140px||4vw||false|false\u00bb custom_padding_tablet=\u00bb100px||||false|false\u00bb custom_padding_phone=\u00bb110px||||false|false\u00bb custom_padding_last_edited=\u00bbon|desktop\u00bb animation_direction=\u00bbbottom\u00bb title_font_size_tablet=\u00bb40px\u00bb title_font_size_phone=\u00bb\u00bb title_font_size_last_edited=\u00bbon|phone\u00bb content_font_size_tablet=\u00bb\u00bb content_font_size_phone=\u00bb15px\u00bb content_font_size_last_edited=\u00bbon|phone\u00bb button_one_letter_spacing_hover=\u00bb2px\u00bb button_two_letter_spacing_hover=\u00bb2px\u00bb global_colors_info=\u00bb{}\u00bb button_one_text_size__hover_enabled=\u00bboff\u00bb button_two_text_size__hover_enabled=\u00bboff\u00bb button_one_text_color__hover_enabled=\u00bboff\u00bb button_two_text_color__hover_enabled=\u00bboff\u00bb button_one_border_width__hover_enabled=\u00bboff\u00bb button_two_border_width__hover_enabled=\u00bboff\u00bb button_one_border_color__hover_enabled=\u00bboff\u00bb button_two_border_color__hover_enabled=\u00bboff\u00bb button_one_border_radius__hover_enabled=\u00bboff\u00bb button_two_border_radius__hover_enabled=\u00bboff\u00bb button_one_letter_spacing__hover_enabled=\u00bbon\u00bb button_one_letter_spacing__hover=\u00bb2px\u00bb button_two_letter_spacing__hover_enabled=\u00bbon\u00bb button_two_letter_spacing__hover=\u00bb2px\u00bb button_one_bg_color__hover_enabled=\u00bboff\u00bb button_two_bg_color__hover_enabled=\u00bboff\u00bb theme_builder_area=\u00bbpost_content\u00bb][\/et_pb_fullwidth_header][\/et_pb_section][et_pb_section fb_built=\u00bb1&#8243; fullwidth=\u00bbon\u00bb admin_label=\u00bbHero Section\u00bb _builder_version=\u00bb4.27.0&#8243; background_enable_color=\u00bboff\u00bb background_enable_image=\u00bboff\u00bb parallax=\u00bbon\u00bb custom_margin=\u00bb|||\u00bb custom_padding=\u00bb|||\u00bb global_colors_info=\u00bb{}\u00bb theme_builder_area=\u00bbpost_content\u00bb][et_pb_fullwidth_header _builder_version=\u00bb4.27.4&#8243; title_font=\u00bbPoppins|600|||||||\u00bb title_text_color=\u00bb#000000&#8243; title_font_size=\u00bb39px\u00bb title_line_height=\u00bb1.5em\u00bb content_font=\u00bb||||||||\u00bb content_text_color=\u00bb#000000&#8243; content_font_size=\u00bb17px\u00bb content_line_height=\u00bb2em\u00bb background_color=\u00bbrgba(0,0,0,0)\u00bb background_enable_image=\u00bboff\u00bb background_position=\u00bbbottom_center\u00bb custom_button_one=\u00bbon\u00bb button_one_text_size=\u00bb13px\u00bb button_one_bg_color=\u00bb#4328b7&#8243; button_one_border_width=\u00bb10px\u00bb button_one_border_color=\u00bb#4328b7&#8243; button_one_border_radius=\u00bb0px\u00bb button_one_letter_spacing=\u00bb2px\u00bb button_one_font=\u00bbTitillium Web|700||on|||||\u00bb custom_button_two=\u00bbon\u00bb button_two_text_size=\u00bb13px\u00bb button_two_text_color=\u00bb#4328b7&#8243; button_two_bg_color=\u00bb#ffffff\u00bb button_two_border_width=\u00bb10px\u00bb button_two_border_color=\u00bb#ffffff\u00bb button_two_border_radius=\u00bb0px\u00bb button_two_letter_spacing=\u00bb2px\u00bb button_two_font=\u00bbTitillium Web|700||on|||||\u00bb width_phone=\u00bb100%\u00bb width_last_edited=\u00bboff|phone\u00bb max_width_phone=\u00bb100%\u00bb max_width_last_edited=\u00bboff|phone\u00bb custom_margin=\u00bb|||\u00bb custom_padding=\u00bb6vw||8vw||false|\u00bb animation_direction=\u00bbbottom\u00bb hover_enabled=\u00bb0&#8243; title_font_size_tablet=\u00bb34px\u00bb title_font_size_phone=\u00bb26px\u00bb title_font_size_last_edited=\u00bbon|phone\u00bb content_font_size_tablet=\u00bb16px\u00bb content_font_size_phone=\u00bb15px\u00bb content_font_size_last_edited=\u00bbon|phone\u00bb button_one_letter_spacing_hover=\u00bb2px\u00bb button_two_letter_spacing_hover=\u00bb2px\u00bb global_colors_info=\u00bb{}\u00bb button_one_text_size__hover_enabled=\u00bboff\u00bb button_two_text_size__hover_enabled=\u00bboff\u00bb button_one_text_color__hover_enabled=\u00bboff\u00bb button_two_text_color__hover_enabled=\u00bboff\u00bb button_one_border_width__hover_enabled=\u00bboff\u00bb button_two_border_width__hover_enabled=\u00bboff\u00bb button_one_border_color__hover_enabled=\u00bboff\u00bb button_two_border_color__hover_enabled=\u00bboff\u00bb button_one_border_radius__hover_enabled=\u00bboff\u00bb button_two_border_radius__hover_enabled=\u00bboff\u00bb button_one_letter_spacing__hover_enabled=\u00bbon\u00bb button_one_letter_spacing__hover=\u00bb2px\u00bb button_two_letter_spacing__hover_enabled=\u00bbon\u00bb button_two_letter_spacing__hover=\u00bb2px\u00bb button_one_bg_color__hover_enabled=\u00bboff\u00bb button_two_bg_color__hover_enabled=\u00bboff\u00bb theme_builder_area=\u00bbpost_content\u00bb sticky_enabled=\u00bb0&#8243; title_level=\u00bbh4&#8243; background_layout=\u00bblight\u00bb]<\/p>\n<p>En <strong>Crypto Recovers<\/strong>, estamos profundamente comprometidos a llevar a cabo nuestro negocio con los m\u00e1ximos est\u00e1ndares \u00e9ticos. Nuestra <strong>Pol\u00edtica \u00c9tica<\/strong> refleja nuestra dedicaci\u00f3n a la honestidad, la integridad y la responsabilidad en todos los aspectos de nuestros servicios. Creemos que, al adherirnos a unos principios \u00e9ticos s\u00f3lidos, podemos ofrecer no s\u00f3lo servicios eficaces de recuperaci\u00f3n de carteras, sino tambi\u00e9n crear una confianza duradera con nuestros usuarios.  <\/p>\n<p>&nbsp;<\/p>\n<h3><strong>Compromiso con la integridad<\/strong><\/h3>\n<p>La integridad es la piedra angular de todo lo que hacemos en <strong>Crypto Recovers<\/strong>. Nos esforzamos por ofrecer servicios de recuperaci\u00f3n de carteras honestos y transparentes, ayudando a los usuarios a recuperar sus valiosos activos digitales con confianza. Tanto si se trata de la recuperaci\u00f3n de un monedero <strong>de Ethereum<\/strong> como de <strong>Bitcoin<\/strong>, garantizamos que todas nuestras acciones se basan en nuestros valores fundamentales de imparcialidad, veracidad y fiabilidad.  <\/p>\n<p>&nbsp;<\/p>\n<ul>\n<li><strong>Nunca prometemos una recuperaci\u00f3n garantizada<\/strong> a menos que est\u00e9 dentro de nuestras posibilidades, asegurando una total transparencia en todas nuestras interacciones. Si la recuperaci\u00f3n de una cartera es improbable o imposible, informamos honestamente al cliente sobre las posibles posibilidades de \u00e9xito, d\u00e1ndole la informaci\u00f3n que necesita para tomar una decisi\u00f3n informada. <\/li>\n<\/ul>\n<ul>\n<li>Creemos en <strong>una comunicaci\u00f3n clara y transparente<\/strong> con los usuarios, especialmente cuando se habla de la viabilidad de la recuperaci\u00f3n. Esto ayuda a establecer expectativas realistas y evita cualquier malentendido o decepci\u00f3n durante el proceso de recuperaci\u00f3n. <\/li>\n<\/ul>\n<p>&nbsp;<\/p>\n<h3><strong>Respeto a la intimidad del usuario<\/strong><\/h3>\n<p>En <strong>Crypto Recovers<\/strong>, somos conscientes de la naturaleza altamente sensible de los datos que manejamos. La privacidad del usuario es una de nuestras mayores prioridades, y tomamos todas las medidas necesarias para proteger la informaci\u00f3n personal durante todo el proceso de recuperaci\u00f3n. Nuestras directrices \u00e9ticas incluyen estrictas <strong>medidas de protecci\u00f3n de datos<\/strong>, garantizando que cualquier informaci\u00f3n que se comparta con nosotros permanezca <strong>privada y segura<\/strong>.  <\/p>\n<p>&nbsp;<\/p>\n<ul>\n<li>Nos comprometemos a <strong>recopilar s\u00f3lo la informaci\u00f3n necesaria<\/strong> para la recuperaci\u00f3n de la cartera, y cumplimos estrictamente las leyes y normativas de protecci\u00f3n de datos.<\/li>\n<li>La <strong>transparencia en el tratamiento de los datos<\/strong> es clave: Nunca compartimos, vendemos ni hacemos un uso indebido de los datos personales. S\u00f3lo compartimos los datos de los usuarios con terceros si el usuario lo autoriza expl\u00edcitamente o si es necesario para el proceso de recuperaci\u00f3n y se hace de acuerdo con nuestra <a href=\"https:\/\/cryptorecovers.com\/es\/politica-de-privacidad\/\"><strong>Pol\u00edtica de privacidad<\/strong><\/a>. <\/li>\n<\/ul>\n<p>&nbsp;<\/p>\n<h3><strong>Equidad en las pr\u00e1cticas de recuperaci\u00f3n<\/strong><\/h3>\n<p>En <strong>Crypto Recovers<\/strong>, nos comprometemos a prestar <strong>servicios justos y equitativos<\/strong> a todos nuestros clientes. Independientemente de si es la primera vez que usas nuestros servicios o si eres un cliente habitual, nos aseguramos de que todas las consultas se traten con profesionalidad, respeto e imparcialidad. <\/p>\n<p>&nbsp;<\/p>\n<ul>\n<li><strong>Igualdad de trato<\/strong>: Nuestra pol\u00edtica \u00e9tica garantiza que ofrecemos servicios de recuperaci\u00f3n de carteras imparciales y sin prejuicios. Cada usuario, independientemente de su formaci\u00f3n o experiencia, recibe la mejor soluci\u00f3n posible en funci\u00f3n de sus necesidades espec\u00edficas y de la situaci\u00f3n en la que se encuentre. <\/li>\n<li><strong>Enfoque centrado en el cliente<\/strong>: Ponemos especial cuidado en comprender las circunstancias \u00fanicas de cada usuario, asegur\u00e1ndonos de que cada intento de recuperaci\u00f3n se adapte a las necesidades del usuario y al estado de la cartera.<\/li>\n<\/ul>\n<p>&nbsp;<\/p>\n<h3><strong>Responsabilidad y transparencia<\/strong><\/h3>\n<p>Creemos en la <strong>responsabilidad<\/strong> y mantenemos una cultura de transparencia en todas nuestras operaciones. Nos aseguramos de que nuestros clientes tengan acceso a informaci\u00f3n clara y comprensible sobre nuestros servicios, precios y el proceso de recuperaci\u00f3n. Si surgen problemas, los tratamos con prontitud y profesionalidad, garantizando la satisfacci\u00f3n del cliente y resolviendo cualquier problema que pueda surgir durante el proceso de recuperaci\u00f3n.  <\/p>\n<p>&nbsp;<\/p>\n<ul>\n<li><strong>Condiciones claras<\/strong>: Proporcionamos a nuestros clientes informaci\u00f3n detallada sobre las condiciones del servicio, los precios y las expectativas desde el principio, asegur\u00e1ndonos de que no haya sorpresas. Esto ayuda a crear una relaci\u00f3n basada en la confianza y el respeto mutuos. <\/li>\n<\/ul>\n<p>&nbsp;<\/p>\n<h3><strong>Mejora continua<\/strong><\/h3>\n<p>Nos esforzamos por alcanzar la excelencia en todo lo que hacemos, y eso incluye nuestras pr\u00e1cticas \u00e9ticas. Revisamos y actualizamos peri\u00f3dicamente nuestra <strong>Pol\u00edtica \u00c9tica<\/strong> para reflejar la evoluci\u00f3n de las necesidades de nuestros usuarios, los cambios en el sector de las criptomonedas y los avances en la protecci\u00f3n de datos y la tecnolog\u00eda. <\/p>\n<p>&nbsp;<\/p>\n<ul>\n<li>Nuestro compromiso con la <strong>mejora continua<\/strong> garantiza que nos mantenemos alineados con las normas m\u00e1s estrictas de las pr\u00e1cticas empresariales \u00e9ticas.<\/li>\n<\/ul>\n<p>&nbsp;<\/p>\n<h3><strong>Conclusi\u00f3n<\/strong><\/h3>\n<p>En <strong>Crypto Recovers<\/strong>, nuestros valores fundamentales de <strong>honestidad<\/strong>, <strong>integridad<\/strong> y <strong>respeto<\/strong> conforman nuestra forma de actuar. Nos comprometemos a mantener los m\u00e1s altos est\u00e1ndares \u00e9ticos en todos los aspectos de nuestro negocio. Nuestra Pol\u00edtica \u00c9tica ayuda a guiar la forma en que llevamos a cabo los servicios de recuperaci\u00f3n de carteras, mantenemos la privacidad de los usuarios y garantizamos pr\u00e1cticas justas y equitativas para cada cliente.  <\/p>\n<p>Entendemos la importancia de mantener la confianza de los usuarios, y nos esforzamos continuamente por ser transparentes, responsables y honestos en nuestras interacciones. Gracias por elegir <strong>Crypto Recovers<\/strong> para tus necesidades de recuperaci\u00f3n de carteras. <\/p>\n<p>[\/et_pb_fullwidth_header][\/et_pb_section]<\/p>\n","protected":false},"excerpt":{"rendered":"<p>En Crypto Recovers, estamos profundamente comprometidos a llevar a cabo nuestro negocio con los m\u00e1ximos est\u00e1ndares \u00e9ticos. Nuestra Pol\u00edtica \u00c9tica refleja nuestra dedicaci\u00f3n a la honestidad, la integridad y la responsabilidad en todos los aspectos de nuestros servicios. Creemos que, al adherirnos a unos principios \u00e9ticos s\u00f3lidos, podemos ofrecer no s\u00f3lo servicios eficaces de recuperaci\u00f3n [&hellip;]<\/p>\n","protected":false},"author":1,"featured_media":0,"parent":0,"menu_order":0,"comment_status":"closed","ping_status":"closed","template":"","meta":{"_et_pb_use_builder":"on","_et_pb_old_content":"","_et_gb_content_width":"","footnotes":""},"class_list":["post-241821","page","type-page","status-publish","hentry"],"yoast_head":"<!-- This site is optimized with the Yoast SEO Premium plugin v27.1 (Yoast SEO v27.1.1) - https:\/\/yoast.com\/product\/yoast-seo-premium-wordpress\/ -->\n<title>Pol\u00edtica \u00e9tica - Cryptorecovers.com<\/title>\n<meta name=\"description\" content=\"Explora la pol\u00edtica \u00e9tica de Cryptorecovers, donde hacemos hincapi\u00e9 en la integridad, la honestidad y la responsabilidad en todos nuestros servicios de recuperaci\u00f3n de carteras.\" \/>\n<meta name=\"robots\" content=\"index, follow, max-snippet:-1, max-image-preview:large, max-video-preview:-1\" \/>\n<link rel=\"canonical\" href=\"https:\/\/cryptorecovers.com\/es\/etica-politica\/\" \/>\n<meta property=\"og:locale\" content=\"es_ES\" \/>\n<meta property=\"og:type\" content=\"article\" \/>\n<meta property=\"og:title\" content=\"Pol\u00edtica \u00e9tica\" \/>\n<meta property=\"og:description\" content=\"Explora la pol\u00edtica \u00e9tica de Cryptorecovers, donde hacemos hincapi\u00e9 en la integridad, la honestidad y la responsabilidad en todos nuestros servicios de recuperaci\u00f3n de carteras.\" \/>\n<meta property=\"og:url\" content=\"https:\/\/cryptorecovers.com\/es\/etica-politica\/\" \/>\n<meta property=\"og:site_name\" content=\"Crypto Recovers\" \/>\n<meta property=\"article:publisher\" content=\"https:\/\/www.facebook.com\/profile.php?id=61555829150179\" \/>\n<meta property=\"article:modified_time\" content=\"2024-12-19T01:04:15+00:00\" \/>\n<meta property=\"og:image\" content=\"https:\/\/cryptorecovers.com\/wp-content\/uploads\/2023\/12\/Cryptorecovers-Wallet-recovery-thumbnail.jpg\" \/>\n\t<meta property=\"og:image:width\" content=\"1200\" \/>\n\t<meta property=\"og:image:height\" content=\"628\" \/>\n\t<meta property=\"og:image:type\" content=\"image\/jpeg\" \/>\n<meta name=\"twitter:card\" content=\"summary_large_image\" \/>\n<meta name=\"twitter:site\" content=\"@xcryptorecovers\" \/>\n<meta name=\"twitter:label1\" content=\"Tiempo de lectura\" \/>\n\t<meta name=\"twitter:data1\" content=\"8 minutos\" \/>\n<script type=\"application\/ld+json\" class=\"yoast-schema-graph\">{\"@context\":\"https:\/\/schema.org\",\"@graph\":[{\"@type\":\"WebPage\",\"@id\":\"https:\/\/cryptorecovers.com\/es\/etica-politica\/\",\"url\":\"https:\/\/cryptorecovers.com\/es\/etica-politica\/\",\"name\":\"Pol\u00edtica \u00e9tica - Cryptorecovers.com\",\"isPartOf\":{\"@id\":\"https:\/\/cryptorecovers.com\/es\/#website\"},\"datePublished\":\"2024-12-19T01:02:28+00:00\",\"dateModified\":\"2024-12-19T01:04:15+00:00\",\"description\":\"Explora la pol\u00edtica \u00e9tica de Cryptorecovers, donde hacemos hincapi\u00e9 en la integridad, la honestidad y la responsabilidad en todos nuestros servicios de recuperaci\u00f3n de carteras.\",\"inLanguage\":\"es\",\"potentialAction\":[{\"@type\":\"ReadAction\",\"target\":[\"https:\/\/cryptorecovers.com\/es\/etica-politica\/\"]}]},{\"@type\":\"WebSite\",\"@id\":\"https:\/\/cryptorecovers.com\/es\/#website\",\"url\":\"https:\/\/cryptorecovers.com\/es\/\",\"name\":\"Crypto Recovers\",\"description\":\"Crypto Wallet Recovery Services\",\"publisher\":{\"@id\":\"https:\/\/cryptorecovers.com\/es\/#organization\"},\"potentialAction\":[{\"@type\":\"SearchAction\",\"target\":{\"@type\":\"EntryPoint\",\"urlTemplate\":\"https:\/\/cryptorecovers.com\/es\/?s={search_term_string}\"},\"query-input\":{\"@type\":\"PropertyValueSpecification\",\"valueRequired\":true,\"valueName\":\"search_term_string\"}}],\"inLanguage\":\"es\"},{\"@type\":[\"Organization\",\"Place\"],\"@id\":\"https:\/\/cryptorecovers.com\/es\/#organization\",\"name\":\"Crypto Recovers\",\"alternateName\":\"Crypto Recovers \u2013 Crypto Wallet Recovery Services\",\"url\":\"https:\/\/cryptorecovers.com\/es\/\",\"logo\":{\"@id\":\"https:\/\/cryptorecovers.com\/es\/etica-politica\/#local-main-organization-logo\"},\"image\":{\"@id\":\"https:\/\/cryptorecovers.com\/es\/etica-politica\/#local-main-organization-logo\"},\"sameAs\":[\"https:\/\/www.facebook.com\/profile.php?id=61555829150179\",\"https:\/\/x.com\/xcryptorecovers\",\"https:\/\/www.linkedin.com\/company\/101478432\/\",\"https:\/\/www.youtube.com\/@cryptorecovers\"],\"description\":\"Crypto Recovers is a specialized cryptocurrency wallet recovery service that helps individuals and businesses regain access to lost or inaccessible crypto wallets, including cases involving forgotten passwords, incomplete recovery phrases, and corrupted wallet data.\",\"legalName\":\"Crypto Recovers\",\"foundingDate\":\"2019-05-27\",\"numberOfEmployees\":{\"@type\":\"QuantitativeValue\",\"minValue\":\"1\",\"maxValue\":\"10\"},\"address\":{\"@id\":\"https:\/\/cryptorecovers.com\/es\/etica-politica\/#local-main-place-address\"},\"telephone\":[\"+31851091211\"],\"contactPoint\":{\"@type\":\"ContactPoint\",\"telephone\":\"+31851091211\",\"email\":\"support@cryptorecovers.com\"},\"openingHoursSpecification\":{\"@type\":\"OpeningHoursSpecification\",\"dayOfWeek\":[\"Monday\",\"Tuesday\",\"Wednesday\",\"Thursday\",\"Friday\",\"Saturday\",\"Sunday\"],\"opens\":\"00:00\",\"closes\":\"23:59\"},\"email\":\"support@cryptorecovers.com\",\"areaServed\":\"Worldwide\",\"vatID\":\"NL003031083B24\"},{\"@type\":\"PostalAddress\",\"@id\":\"https:\/\/cryptorecovers.com\/es\/etica-politica\/#local-main-place-address\",\"streetAddress\":\"Louis Braillelaan 80\",\"addressLocality\":\"Zoetermeer\",\"postalCode\":\"2719 EK\",\"addressRegion\":\"Zuid-Holland\",\"addressCountry\":\"NL\"},{\"@type\":\"ImageObject\",\"inLanguage\":\"es\",\"@id\":\"https:\/\/cryptorecovers.com\/es\/etica-politica\/#local-main-organization-logo\",\"url\":\"https:\/\/cryptorecovers.com\/wp-content\/uploads\/2025\/09\/favicon_website_cr.png\",\"contentUrl\":\"https:\/\/cryptorecovers.com\/wp-content\/uploads\/2025\/09\/favicon_website_cr.png\",\"width\":500,\"height\":500,\"caption\":\"Crypto Recovers\"}]}<\/script>\n<meta name=\"geo.placename\" content=\"Zoetermeer\" \/>\n<meta name=\"geo.region\" content=\"Holanda\" \/>\n<!-- \/ Yoast SEO Premium plugin. -->","yoast_head_json":{"title":"Pol\u00edtica \u00e9tica - Cryptorecovers.com","description":"Explora la pol\u00edtica \u00e9tica de Cryptorecovers, donde hacemos hincapi\u00e9 en la integridad, la honestidad y la responsabilidad en todos nuestros servicios de recuperaci\u00f3n de carteras.","robots":{"index":"index","follow":"follow","max-snippet":"max-snippet:-1","max-image-preview":"max-image-preview:large","max-video-preview":"max-video-preview:-1"},"canonical":"https:\/\/cryptorecovers.com\/es\/etica-politica\/","og_locale":"es_ES","og_type":"article","og_title":"Pol\u00edtica \u00e9tica","og_description":"Explora la pol\u00edtica \u00e9tica de Cryptorecovers, donde hacemos hincapi\u00e9 en la integridad, la honestidad y la responsabilidad en todos nuestros servicios de recuperaci\u00f3n de carteras.","og_url":"https:\/\/cryptorecovers.com\/es\/etica-politica\/","og_site_name":"Crypto Recovers","article_publisher":"https:\/\/www.facebook.com\/profile.php?id=61555829150179","article_modified_time":"2024-12-19T01:04:15+00:00","og_image":[{"width":1200,"height":628,"url":"https:\/\/cryptorecovers.com\/wp-content\/uploads\/2023\/12\/Cryptorecovers-Wallet-recovery-thumbnail.jpg","type":"image\/jpeg"}],"twitter_card":"summary_large_image","twitter_site":"@xcryptorecovers","twitter_misc":{"Tiempo de lectura":"8 minutos"},"schema":{"@context":"https:\/\/schema.org","@graph":[{"@type":"WebPage","@id":"https:\/\/cryptorecovers.com\/es\/etica-politica\/","url":"https:\/\/cryptorecovers.com\/es\/etica-politica\/","name":"Pol\u00edtica \u00e9tica - Cryptorecovers.com","isPartOf":{"@id":"https:\/\/cryptorecovers.com\/es\/#website"},"datePublished":"2024-12-19T01:02:28+00:00","dateModified":"2024-12-19T01:04:15+00:00","description":"Explora la pol\u00edtica \u00e9tica de Cryptorecovers, donde hacemos hincapi\u00e9 en la integridad, la honestidad y la responsabilidad en todos nuestros servicios de recuperaci\u00f3n de carteras.","inLanguage":"es","potentialAction":[{"@type":"ReadAction","target":["https:\/\/cryptorecovers.com\/es\/etica-politica\/"]}]},{"@type":"WebSite","@id":"https:\/\/cryptorecovers.com\/es\/#website","url":"https:\/\/cryptorecovers.com\/es\/","name":"Crypto Recovers","description":"Crypto Wallet Recovery Services","publisher":{"@id":"https:\/\/cryptorecovers.com\/es\/#organization"},"potentialAction":[{"@type":"SearchAction","target":{"@type":"EntryPoint","urlTemplate":"https:\/\/cryptorecovers.com\/es\/?s={search_term_string}"},"query-input":{"@type":"PropertyValueSpecification","valueRequired":true,"valueName":"search_term_string"}}],"inLanguage":"es"},{"@type":["Organization","Place"],"@id":"https:\/\/cryptorecovers.com\/es\/#organization","name":"Crypto Recovers","alternateName":"Crypto Recovers \u2013 Crypto Wallet Recovery Services","url":"https:\/\/cryptorecovers.com\/es\/","logo":{"@id":"https:\/\/cryptorecovers.com\/es\/etica-politica\/#local-main-organization-logo"},"image":{"@id":"https:\/\/cryptorecovers.com\/es\/etica-politica\/#local-main-organization-logo"},"sameAs":["https:\/\/www.facebook.com\/profile.php?id=61555829150179","https:\/\/x.com\/xcryptorecovers","https:\/\/www.linkedin.com\/company\/101478432\/","https:\/\/www.youtube.com\/@cryptorecovers"],"description":"Crypto Recovers is a specialized cryptocurrency wallet recovery service that helps individuals and businesses regain access to lost or inaccessible crypto wallets, including cases involving forgotten passwords, incomplete recovery phrases, and corrupted wallet data.","legalName":"Crypto Recovers","foundingDate":"2019-05-27","numberOfEmployees":{"@type":"QuantitativeValue","minValue":"1","maxValue":"10"},"address":{"@id":"https:\/\/cryptorecovers.com\/es\/etica-politica\/#local-main-place-address"},"telephone":["+31851091211"],"contactPoint":{"@type":"ContactPoint","telephone":"+31851091211","email":"support@cryptorecovers.com"},"openingHoursSpecification":{"@type":"OpeningHoursSpecification","dayOfWeek":["Monday","Tuesday","Wednesday","Thursday","Friday","Saturday","Sunday"],"opens":"00:00","closes":"23:59"},"email":"support@cryptorecovers.com","areaServed":"Worldwide","vatID":"NL003031083B24"},{"@type":"PostalAddress","@id":"https:\/\/cryptorecovers.com\/es\/etica-politica\/#local-main-place-address","streetAddress":"Louis Braillelaan 80","addressLocality":"Zoetermeer","postalCode":"2719 EK","addressRegion":"Zuid-Holland","addressCountry":"NL"},{"@type":"ImageObject","inLanguage":"es","@id":"https:\/\/cryptorecovers.com\/es\/etica-politica\/#local-main-organization-logo","url":"https:\/\/cryptorecovers.com\/wp-content\/uploads\/2025\/09\/favicon_website_cr.png","contentUrl":"https:\/\/cryptorecovers.com\/wp-content\/uploads\/2025\/09\/favicon_website_cr.png","width":500,"height":500,"caption":"Crypto Recovers"}]},"geo.placename":"Zoetermeer","geo.region":"Holanda"},"_links":{"self":[{"href":"https:\/\/cryptorecovers.com\/es\/wp-json\/wp\/v2\/pages\/241821","targetHints":{"allow":["GET"]}}],"collection":[{"href":"https:\/\/cryptorecovers.com\/es\/wp-json\/wp\/v2\/pages"}],"about":[{"href":"https:\/\/cryptorecovers.com\/es\/wp-json\/wp\/v2\/types\/page"}],"author":[{"embeddable":true,"href":"https:\/\/cryptorecovers.com\/es\/wp-json\/wp\/v2\/users\/1"}],"replies":[{"embeddable":true,"href":"https:\/\/cryptorecovers.com\/es\/wp-json\/wp\/v2\/comments?post=241821"}],"version-history":[{"count":7,"href":"https:\/\/cryptorecovers.com\/es\/wp-json\/wp\/v2\/pages\/241821\/revisions"}],"predecessor-version":[{"id":241840,"href":"https:\/\/cryptorecovers.com\/es\/wp-json\/wp\/v2\/pages\/241821\/revisions\/241840"}],"wp:attachment":[{"href":"https:\/\/cryptorecovers.com\/es\/wp-json\/wp\/v2\/media?parent=241821"}],"curies":[{"name":"wp","href":"https:\/\/api.w.org\/{rel}","templated":true}]}}