{"id":241798,"date":"2024-12-19T00:55:47","date_gmt":"2024-12-19T00:55:47","guid":{"rendered":"https:\/\/cryptorecovers.com\/politica-de-cookies\/"},"modified":"2024-12-19T00:55:48","modified_gmt":"2024-12-19T00:55:48","slug":"politica-de-cookies","status":"publish","type":"page","link":"https:\/\/cryptorecovers.com\/es\/politica-de-cookies\/","title":{"rendered":"Pol\u00edtica de cookies"},"content":{"rendered":"<p>[et_pb_section fb_built=\u00bb1&#8243; fullwidth=\u00bbon\u00bb admin_label=\u00bbHero Section\u00bb _builder_version=\u00bb4.16&#8243; background_color=\u00bb#101535&#8243; background_image=\u00bbhttps:\/\/cryptorecovers.com\/wp-content\/uploads\/2023\/02\/crypto-bg-02.png\u00bb parallax=\u00bbon\u00bb custom_margin=\u00bb|||\u00bb custom_padding=\u00bb|||\u00bb locked=\u00bboff\u00bb global_colors_info=\u00bb{}\u00bb theme_builder_area=\u00bbpost_content\u00bb][et_pb_fullwidth_header title=\u00bbPol\u00edtica de cookies\u00bb text_orientation=\u00bbcenter\u00bb _builder_version=\u00bb4.27.0&#8243; title_font=\u00bbPoppins||||||||\u00bb title_font_size=\u00bb66px\u00bb title_line_height=\u00bb1.5em\u00bb content_font=\u00bb||||||||\u00bb content_font_size=\u00bb18px\u00bb content_line_height=\u00bb2em\u00bb background_enable_color=\u00bboff\u00bb background_position=\u00bbbottom_center\u00bb custom_button_one=\u00bbon\u00bb button_one_text_size=\u00bb13px\u00bb button_one_bg_color=\u00bb#4328b7&#8243; button_one_border_width=\u00bb10px\u00bb button_one_border_color=\u00bb#4328b7&#8243; button_one_border_radius=\u00bb0px\u00bb button_one_letter_spacing=\u00bb2px\u00bb button_one_font=\u00bbTitillium Web|700||on|||||\u00bb custom_button_two=\u00bbon\u00bb button_two_text_size=\u00bb13px\u00bb button_two_text_color=\u00bb#4328b7&#8243; button_two_bg_color=\u00bb#ffffff\u00bb button_two_border_width=\u00bb10px\u00bb button_two_border_color=\u00bb#ffffff\u00bb button_two_border_radius=\u00bb0px\u00bb button_two_letter_spacing=\u00bb2px\u00bb button_two_font=\u00bbTitillium Web|700||on|||||\u00bb custom_margin=\u00bb|||\u00bb custom_padding=\u00bb140px||4vw||false|false\u00bb custom_padding_tablet=\u00bb100px||||false|false\u00bb custom_padding_phone=\u00bb110px||||false|false\u00bb custom_padding_last_edited=\u00bbon|desktop\u00bb animation_direction=\u00bbbottom\u00bb title_font_size_tablet=\u00bb40px\u00bb title_font_size_phone=\u00bb\u00bb title_font_size_last_edited=\u00bbon|phone\u00bb content_font_size_tablet=\u00bb\u00bb content_font_size_phone=\u00bb15px\u00bb content_font_size_last_edited=\u00bbon|phone\u00bb button_one_letter_spacing_hover=\u00bb2px\u00bb button_two_letter_spacing_hover=\u00bb2px\u00bb global_colors_info=\u00bb{}\u00bb button_one_text_size__hover_enabled=\u00bboff\u00bb button_two_text_size__hover_enabled=\u00bboff\u00bb button_one_text_color__hover_enabled=\u00bboff\u00bb button_two_text_color__hover_enabled=\u00bboff\u00bb button_one_border_width__hover_enabled=\u00bboff\u00bb button_two_border_width__hover_enabled=\u00bboff\u00bb button_one_border_color__hover_enabled=\u00bboff\u00bb button_two_border_color__hover_enabled=\u00bboff\u00bb button_one_border_radius__hover_enabled=\u00bboff\u00bb button_two_border_radius__hover_enabled=\u00bboff\u00bb button_one_letter_spacing__hover_enabled=\u00bbon\u00bb button_one_letter_spacing__hover=\u00bb2px\u00bb button_two_letter_spacing__hover_enabled=\u00bbon\u00bb button_two_letter_spacing__hover=\u00bb2px\u00bb button_one_bg_color__hover_enabled=\u00bboff\u00bb button_two_bg_color__hover_enabled=\u00bboff\u00bb theme_builder_area=\u00bbpost_content\u00bb][\/et_pb_fullwidth_header][\/et_pb_section][et_pb_section fb_built=\u00bb1&#8243; fullwidth=\u00bbon\u00bb admin_label=\u00bbHero Section\u00bb _builder_version=\u00bb4.27.0&#8243; background_enable_color=\u00bboff\u00bb background_enable_image=\u00bboff\u00bb parallax=\u00bbon\u00bb custom_margin=\u00bb|||\u00bb custom_padding=\u00bb|||\u00bb global_colors_info=\u00bb{}\u00bb theme_builder_area=\u00bbpost_content\u00bb][et_pb_fullwidth_header _builder_version=\u00bb4.27.3&#8243; title_font=\u00bbPoppins|600|||||||\u00bb title_text_color=\u00bb#000000&#8243; title_font_size=\u00bb39px\u00bb title_line_height=\u00bb1.5em\u00bb content_font=\u00bb||||||||\u00bb content_text_color=\u00bb#000000&#8243; content_font_size=\u00bb17px\u00bb content_line_height=\u00bb2em\u00bb background_color=\u00bbrgba(0,0,0,0)\u00bb background_enable_image=\u00bboff\u00bb background_position=\u00bbbottom_center\u00bb custom_button_one=\u00bbon\u00bb button_one_text_size=\u00bb13px\u00bb button_one_bg_color=\u00bb#4328b7&#8243; button_one_border_width=\u00bb10px\u00bb button_one_border_color=\u00bb#4328b7&#8243; button_one_border_radius=\u00bb0px\u00bb button_one_letter_spacing=\u00bb2px\u00bb button_one_font=\u00bbTitillium Web|700||on|||||\u00bb custom_button_two=\u00bbon\u00bb button_two_text_size=\u00bb13px\u00bb button_two_text_color=\u00bb#4328b7&#8243; button_two_bg_color=\u00bb#ffffff\u00bb button_two_border_width=\u00bb10px\u00bb button_two_border_color=\u00bb#ffffff\u00bb button_two_border_radius=\u00bb0px\u00bb button_two_letter_spacing=\u00bb2px\u00bb button_two_font=\u00bbTitillium Web|700||on|||||\u00bb width_phone=\u00bb100%\u00bb width_last_edited=\u00bboff|phone\u00bb max_width_phone=\u00bb100%\u00bb max_width_last_edited=\u00bboff|phone\u00bb custom_margin=\u00bb|||\u00bb custom_padding=\u00bb6vw||8vw||false|\u00bb animation_direction=\u00bbbottom\u00bb title_font_size_tablet=\u00bb34px\u00bb title_font_size_phone=\u00bb26px\u00bb title_font_size_last_edited=\u00bbon|phone\u00bb content_font_size_tablet=\u00bb16px\u00bb content_font_size_phone=\u00bb15px\u00bb content_font_size_last_edited=\u00bbon|phone\u00bb button_one_letter_spacing_hover=\u00bb2px\u00bb button_two_letter_spacing_hover=\u00bb2px\u00bb global_colors_info=\u00bb{}\u00bb button_one_text_size__hover_enabled=\u00bboff\u00bb button_two_text_size__hover_enabled=\u00bboff\u00bb button_one_text_color__hover_enabled=\u00bboff\u00bb button_two_text_color__hover_enabled=\u00bboff\u00bb button_one_border_width__hover_enabled=\u00bboff\u00bb button_two_border_width__hover_enabled=\u00bboff\u00bb button_one_border_color__hover_enabled=\u00bboff\u00bb button_two_border_color__hover_enabled=\u00bboff\u00bb button_one_border_radius__hover_enabled=\u00bboff\u00bb button_two_border_radius__hover_enabled=\u00bboff\u00bb button_one_letter_spacing__hover_enabled=\u00bbon\u00bb button_one_letter_spacing__hover=\u00bb2px\u00bb button_two_letter_spacing__hover_enabled=\u00bbon\u00bb button_two_letter_spacing__hover=\u00bb2px\u00bb button_one_bg_color__hover_enabled=\u00bboff\u00bb button_two_bg_color__hover_enabled=\u00bboff\u00bb theme_builder_area=\u00bbpost_content\u00bb]<\/p>\n<p>Esta <strong>Pol\u00edtica de Cookies<\/strong> explica c\u00f3mo <strong>Cryptorecovers<\/strong> utiliza las cookies en nuestro sitio web y c\u00f3mo puedes gestionar tus preferencias de cookies. Al utilizar nuestro sitio web, aceptas el uso que hacemos de las cookies tal y como se describe a continuaci\u00f3n. <\/p>\n<p>&nbsp;<\/p>\n<ol>\n<li><strong>  \u00bfQu\u00e9 son las cookies?<\/strong><\/li>\n<\/ol>\n<p>Las cookies son peque\u00f1os archivos de texto que se almacenan en tu dispositivo cuando visitas un sitio web. Se utilizan para recordar tus preferencias, acciones y ajustes para que tu experiencia en l\u00ednea sea m\u00e1s eficiente y personalizada. <\/p>\n<p>&nbsp;<\/p>\n<ol start=\"2\">\n<li><strong>  Tipos de cookies que utilizamos<\/strong><\/li>\n<\/ol>\n<ul>\n<li><strong>Cookies esenciales<\/strong>: Estas cookies son necesarias para el funcionamiento de nuestro sitio web. Permiten funciones b\u00e1sicas como la navegaci\u00f3n por las p\u00e1ginas y el acceso a \u00e1reas seguras del sitio. Sin estas cookies, el sitio web no puede funcionar correctamente.  <\/li>\n<li><strong>Cookies de rendimiento<\/strong>: Estas cookies recogen informaci\u00f3n sobre c\u00f3mo interact\u00faan los visitantes con nuestro sitio web, como qu\u00e9 p\u00e1ginas se visitan con m\u00e1s frecuencia y si los usuarios encuentran alg\u00fan error. Estas cookies nos ayudan a mejorar el rendimiento de nuestro sitio web. <\/li>\n<li><strong>Cookies funcionales<\/strong>: Estas cookies recuerdan tus preferencias (como la configuraci\u00f3n de idioma) y ayudan a proporcionar una experiencia m\u00e1s personalizada. Nos permiten ofrecer funciones mejoradas basadas en tus selecciones. <\/li>\n<li><strong>Cookies de segmentaci\u00f3n\/publicidad<\/strong>: Estas cookies se utilizan para ofrecer anuncios relevantes para ti y tus intereses. Tambi\u00e9n ayudan a realizar un seguimiento de la eficacia de las campa\u00f1as publicitarias. Actualmente no utilizamos cookies publicitarias de terceros, pero nos reservamos el derecho a hacerlo en el futuro.  <\/li>\n<\/ul>\n<ol start=\"3\">\n<li><strong>  C\u00f3mo utilizamos las cookies<\/strong><\/li>\n<\/ol>\n<p>Utilizamos cookies para mejorar tu experiencia en nuestro sitio, por ejemplo mediante:<\/p>\n<ul>\n<li>Recordar tus datos de acceso para que no tengas que conectarte cada vez.<\/li>\n<li>Analizar el tr\u00e1fico del sitio web y el comportamiento de los usuarios para mejorar nuestros contenidos y servicios.<\/li>\n<li>Personalizar el contenido y los anuncios para adaptarlos mejor a tus preferencias.<\/li>\n<\/ul>\n<ol start=\"4\">\n<li><strong>  Gesti\u00f3n de las preferencias de cookies<\/strong><\/li>\n<\/ol>\n<p>La mayor\u00eda de los navegadores aceptan autom\u00e1ticamente las cookies, pero puedes cambiar la configuraci\u00f3n para rechazarlas o para que te avisen cuando se env\u00eden. Puedes gestionar tus preferencias de cookies a trav\u00e9s de la configuraci\u00f3n de tu navegador, pero ten en cuenta que bloquear determinadas cookies puede afectar a la funcionalidad del sitio web. <\/p>\n<p>&nbsp;<\/p>\n<ul>\n<li><strong>Para Google Chrome<\/strong>: Ve al men\u00fa de la esquina superior derecha del navegador y selecciona <strong>Configuraci\u00f3n<\/strong> &gt; <strong>Privacidad y seguridad<\/strong> &gt; <strong>Cookies y otros datos del sitio<\/strong>.<\/li>\n<li><strong>Para Mozilla Firefox<\/strong>: Abre el men\u00fa y selecciona <strong>Opciones<\/strong> &gt; <strong>Privacidad y Seguridad<\/strong> &gt; <strong>Cookies y Datos del Sitio<\/strong>.<\/li>\n<li><strong>Para Safari<\/strong>: Ve a <strong>Safari<\/strong> &gt; <strong>Preferencias<\/strong> &gt; <strong>Privacidad<\/strong> &gt; <strong>Cookies y datos del sitio web<\/strong>.<\/li>\n<\/ul>\n<ol start=\"5\">\n<li><strong>  Cookies de terceros<\/strong><\/li>\n<\/ol>\n<p>Tambi\u00e9n podemos utilizar servicios de terceros (por ejemplo, Google Analytics) para ayudar a analizar el tr\u00e1fico del sitio web y mejorar la experiencia del usuario. Estos terceros pueden colocar cookies en tu dispositivo. No tenemos control sobre las cookies instaladas por estos terceros.  <\/p>\n<ol start=\"6\">\n<li><strong>  Cambios en esta Pol\u00edtica de Cookies<\/strong><\/li>\n<\/ol>\n<p>Podemos actualizar esta Pol\u00edtica de Cookies de vez en cuando. Cualquier cambio se publicar\u00e1 en esta p\u00e1gina con una fecha actualizada de \u00ab\u00daltima actualizaci\u00f3n\u00bb. Te recomendamos que revises esta p\u00e1gina peri\u00f3dicamente para mantenerte informado sobre nuestras pr\u00e1cticas en materia de cookies.  <\/p>\n<ol start=\"7\">\n<li><strong>  Informaci\u00f3n de contacto<\/strong><\/li>\n<\/ol>\n<p>Si tienes alguna pregunta sobre el uso que hacemos de las cookies o sobre esta pol\u00edtica, ponte en contacto con nosotros a trav\u00e9s de los datos que figuran en nuestra p\u00e1gina de <a href=\"https:\/\/cryptorecovers.com\/es\/pongase-en-contacto-con\/\"><strong>contacto<\/strong><\/a> contacto.<\/p>\n<p>[\/et_pb_fullwidth_header][\/et_pb_section]<\/p>\n","protected":false},"excerpt":{"rendered":"<p>Esta Pol\u00edtica de Cookies explica c\u00f3mo Cryptorecovers utiliza las cookies en nuestro sitio web y c\u00f3mo puedes gestionar tus preferencias de cookies. Al utilizar nuestro sitio web, aceptas el uso que hacemos de las cookies tal y como se describe a continuaci\u00f3n. &nbsp; \u00bfQu\u00e9 son las cookies? Las cookies son peque\u00f1os archivos de texto que [&hellip;]<\/p>\n","protected":false},"author":1,"featured_media":0,"parent":0,"menu_order":0,"comment_status":"closed","ping_status":"closed","template":"","meta":{"_et_pb_use_builder":"on","_et_pb_old_content":"","_et_gb_content_width":"","footnotes":""},"class_list":["post-241798","page","type-page","status-publish","hentry"],"yoast_head":"<!-- This site is optimized with the Yoast SEO Premium plugin v27.4 (Yoast SEO v27.4) - https:\/\/yoast.com\/product\/yoast-seo-premium-wordpress\/ -->\n<title>Pol\u00edtica de Cookies - Cryptorecovers.com<\/title>\n<meta name=\"description\" content=\"Descubre c\u00f3mo Cryptorecovers utiliza las cookies para mejorar tu experiencia en nuestro sitio web y c\u00f3mo puedes gestionar tus preferencias de cookies.\" \/>\n<meta name=\"robots\" content=\"index, follow, max-snippet:-1, max-image-preview:large, max-video-preview:-1\" \/>\n<link rel=\"canonical\" href=\"https:\/\/cryptorecovers.com\/es\/politica-de-cookies\/\" \/>\n<meta property=\"og:locale\" content=\"es_ES\" \/>\n<meta property=\"og:type\" content=\"article\" \/>\n<meta property=\"og:title\" content=\"Pol\u00edtica de cookies\" \/>\n<meta property=\"og:description\" content=\"Descubre c\u00f3mo Cryptorecovers utiliza las cookies para mejorar tu experiencia en nuestro sitio web y c\u00f3mo puedes gestionar tus preferencias de cookies.\" \/>\n<meta property=\"og:url\" content=\"https:\/\/cryptorecovers.com\/es\/politica-de-cookies\/\" \/>\n<meta property=\"og:site_name\" content=\"Crypto Recovers\" \/>\n<meta property=\"article:publisher\" content=\"https:\/\/www.facebook.com\/profile.php?id=61555829150179\" \/>\n<meta property=\"article:modified_time\" content=\"2024-12-19T00:55:48+00:00\" \/>\n<meta property=\"og:image\" content=\"https:\/\/cryptorecovers.com\/wp-content\/uploads\/2023\/12\/Cryptorecovers-Wallet-recovery-thumbnail.jpg\" \/>\n\t<meta property=\"og:image:width\" content=\"1200\" \/>\n\t<meta property=\"og:image:height\" content=\"628\" \/>\n\t<meta property=\"og:image:type\" content=\"image\/jpeg\" \/>\n<meta name=\"twitter:card\" content=\"summary_large_image\" \/>\n<meta name=\"twitter:site\" content=\"@xcryptorecovers\" \/>\n<meta name=\"twitter:label1\" content=\"Tiempo de lectura\" \/>\n\t<meta name=\"twitter:data1\" content=\"7 minutos\" \/>\n<script type=\"application\/ld+json\" class=\"yoast-schema-graph\">{\"@context\":\"https:\\\/\\\/schema.org\",\"@graph\":[{\"@type\":\"WebPage\",\"@id\":\"https:\\\/\\\/cryptorecovers.com\\\/es\\\/politica-de-cookies\\\/\",\"url\":\"https:\\\/\\\/cryptorecovers.com\\\/es\\\/politica-de-cookies\\\/\",\"name\":\"Pol\u00edtica de Cookies - Cryptorecovers.com\",\"isPartOf\":{\"@id\":\"https:\\\/\\\/cryptorecovers.com\\\/es\\\/#website\"},\"datePublished\":\"2024-12-19T00:55:47+00:00\",\"dateModified\":\"2024-12-19T00:55:48+00:00\",\"description\":\"Descubre c\u00f3mo Cryptorecovers utiliza las cookies para mejorar tu experiencia en nuestro sitio web y c\u00f3mo puedes gestionar tus preferencias de cookies.\",\"inLanguage\":\"es\",\"potentialAction\":[{\"@type\":\"ReadAction\",\"target\":[\"https:\\\/\\\/cryptorecovers.com\\\/es\\\/politica-de-cookies\\\/\"]}]},{\"@type\":\"WebSite\",\"@id\":\"https:\\\/\\\/cryptorecovers.com\\\/es\\\/#website\",\"url\":\"https:\\\/\\\/cryptorecovers.com\\\/es\\\/\",\"name\":\"Crypto Recovers\",\"description\":\"Crypto Wallet Recovery Services\",\"publisher\":{\"@id\":\"https:\\\/\\\/cryptorecovers.com\\\/es\\\/#organization\"},\"potentialAction\":[{\"@type\":\"SearchAction\",\"target\":{\"@type\":\"EntryPoint\",\"urlTemplate\":\"https:\\\/\\\/cryptorecovers.com\\\/es\\\/?s={search_term_string}\"},\"query-input\":{\"@type\":\"PropertyValueSpecification\",\"valueRequired\":true,\"valueName\":\"search_term_string\"}}],\"inLanguage\":\"es\"},{\"@type\":[\"Organization\",\"Place\"],\"@id\":\"https:\\\/\\\/cryptorecovers.com\\\/es\\\/#organization\",\"name\":\"Crypto Recovers\",\"alternateName\":\"Crypto Recovers \u2013 Crypto Wallet Recovery Services\",\"url\":\"https:\\\/\\\/cryptorecovers.com\\\/es\\\/\",\"logo\":{\"@id\":\"https:\\\/\\\/cryptorecovers.com\\\/es\\\/politica-de-cookies\\\/#local-main-organization-logo\"},\"image\":{\"@id\":\"https:\\\/\\\/cryptorecovers.com\\\/es\\\/politica-de-cookies\\\/#local-main-organization-logo\"},\"sameAs\":[\"https:\\\/\\\/www.facebook.com\\\/profile.php?id=61555829150179\",\"https:\\\/\\\/x.com\\\/xcryptorecovers\",\"https:\\\/\\\/www.linkedin.com\\\/company\\\/101478432\\\/\",\"https:\\\/\\\/www.youtube.com\\\/@cryptorecovers\"],\"description\":\"Crypto Recovers is a specialized cryptocurrency wallet recovery service that helps individuals and businesses regain access to lost or inaccessible crypto wallets, including cases involving forgotten passwords, incomplete recovery phrases, and corrupted wallet data.\",\"legalName\":\"Crypto Recovers\",\"foundingDate\":\"2019-05-27\",\"numberOfEmployees\":{\"@type\":\"QuantitativeValue\",\"minValue\":\"1\",\"maxValue\":\"10\"},\"address\":{\"@id\":\"https:\\\/\\\/cryptorecovers.com\\\/es\\\/politica-de-cookies\\\/#local-main-place-address\"},\"telephone\":[\"+31851091211\"],\"contactPoint\":{\"@type\":\"ContactPoint\",\"telephone\":\"+31851091211\",\"email\":\"support@cryptorecovers.com\"},\"openingHoursSpecification\":{\"@type\":\"OpeningHoursSpecification\",\"dayOfWeek\":[\"Monday\",\"Tuesday\",\"Wednesday\",\"Thursday\",\"Friday\",\"Saturday\",\"Sunday\"],\"opens\":\"00:00\",\"closes\":\"23:59\"},\"email\":\"support@cryptorecovers.com\",\"areaServed\":\"Worldwide\",\"vatID\":\"NL003031083B24\"},{\"@type\":\"PostalAddress\",\"@id\":\"https:\\\/\\\/cryptorecovers.com\\\/es\\\/politica-de-cookies\\\/#local-main-place-address\",\"streetAddress\":\"Louis Braillelaan 80\",\"addressLocality\":\"Zoetermeer\",\"postalCode\":\"2719 EK\",\"addressRegion\":\"Zuid-Holland\",\"addressCountry\":\"NL\"},{\"@type\":\"ImageObject\",\"inLanguage\":\"es\",\"@id\":\"https:\\\/\\\/cryptorecovers.com\\\/es\\\/politica-de-cookies\\\/#local-main-organization-logo\",\"url\":\"https:\\\/\\\/cryptorecovers.com\\\/wp-content\\\/uploads\\\/2025\\\/09\\\/favicon_website_cr.png\",\"contentUrl\":\"https:\\\/\\\/cryptorecovers.com\\\/wp-content\\\/uploads\\\/2025\\\/09\\\/favicon_website_cr.png\",\"width\":500,\"height\":500,\"caption\":\"Crypto Recovers\"}]}<\/script>\n<meta name=\"geo.placename\" content=\"Zoetermeer\" \/>\n<meta name=\"geo.region\" content=\"Holanda\" \/>\n<!-- \/ Yoast SEO Premium plugin. -->","yoast_head_json":{"title":"Pol\u00edtica de Cookies - Cryptorecovers.com","description":"Descubre c\u00f3mo Cryptorecovers utiliza las cookies para mejorar tu experiencia en nuestro sitio web y c\u00f3mo puedes gestionar tus preferencias de cookies.","robots":{"index":"index","follow":"follow","max-snippet":"max-snippet:-1","max-image-preview":"max-image-preview:large","max-video-preview":"max-video-preview:-1"},"canonical":"https:\/\/cryptorecovers.com\/es\/politica-de-cookies\/","og_locale":"es_ES","og_type":"article","og_title":"Pol\u00edtica de cookies","og_description":"Descubre c\u00f3mo Cryptorecovers utiliza las cookies para mejorar tu experiencia en nuestro sitio web y c\u00f3mo puedes gestionar tus preferencias de cookies.","og_url":"https:\/\/cryptorecovers.com\/es\/politica-de-cookies\/","og_site_name":"Crypto Recovers","article_publisher":"https:\/\/www.facebook.com\/profile.php?id=61555829150179","article_modified_time":"2024-12-19T00:55:48+00:00","og_image":[{"width":1200,"height":628,"url":"https:\/\/cryptorecovers.com\/wp-content\/uploads\/2023\/12\/Cryptorecovers-Wallet-recovery-thumbnail.jpg","type":"image\/jpeg"}],"twitter_card":"summary_large_image","twitter_site":"@xcryptorecovers","twitter_misc":{"Tiempo de lectura":"7 minutos"},"schema":{"@context":"https:\/\/schema.org","@graph":[{"@type":"WebPage","@id":"https:\/\/cryptorecovers.com\/es\/politica-de-cookies\/","url":"https:\/\/cryptorecovers.com\/es\/politica-de-cookies\/","name":"Pol\u00edtica de Cookies - Cryptorecovers.com","isPartOf":{"@id":"https:\/\/cryptorecovers.com\/es\/#website"},"datePublished":"2024-12-19T00:55:47+00:00","dateModified":"2024-12-19T00:55:48+00:00","description":"Descubre c\u00f3mo Cryptorecovers utiliza las cookies para mejorar tu experiencia en nuestro sitio web y c\u00f3mo puedes gestionar tus preferencias de cookies.","inLanguage":"es","potentialAction":[{"@type":"ReadAction","target":["https:\/\/cryptorecovers.com\/es\/politica-de-cookies\/"]}]},{"@type":"WebSite","@id":"https:\/\/cryptorecovers.com\/es\/#website","url":"https:\/\/cryptorecovers.com\/es\/","name":"Crypto Recovers","description":"Crypto Wallet Recovery Services","publisher":{"@id":"https:\/\/cryptorecovers.com\/es\/#organization"},"potentialAction":[{"@type":"SearchAction","target":{"@type":"EntryPoint","urlTemplate":"https:\/\/cryptorecovers.com\/es\/?s={search_term_string}"},"query-input":{"@type":"PropertyValueSpecification","valueRequired":true,"valueName":"search_term_string"}}],"inLanguage":"es"},{"@type":["Organization","Place"],"@id":"https:\/\/cryptorecovers.com\/es\/#organization","name":"Crypto Recovers","alternateName":"Crypto Recovers \u2013 Crypto Wallet Recovery Services","url":"https:\/\/cryptorecovers.com\/es\/","logo":{"@id":"https:\/\/cryptorecovers.com\/es\/politica-de-cookies\/#local-main-organization-logo"},"image":{"@id":"https:\/\/cryptorecovers.com\/es\/politica-de-cookies\/#local-main-organization-logo"},"sameAs":["https:\/\/www.facebook.com\/profile.php?id=61555829150179","https:\/\/x.com\/xcryptorecovers","https:\/\/www.linkedin.com\/company\/101478432\/","https:\/\/www.youtube.com\/@cryptorecovers"],"description":"Crypto Recovers is a specialized cryptocurrency wallet recovery service that helps individuals and businesses regain access to lost or inaccessible crypto wallets, including cases involving forgotten passwords, incomplete recovery phrases, and corrupted wallet data.","legalName":"Crypto Recovers","foundingDate":"2019-05-27","numberOfEmployees":{"@type":"QuantitativeValue","minValue":"1","maxValue":"10"},"address":{"@id":"https:\/\/cryptorecovers.com\/es\/politica-de-cookies\/#local-main-place-address"},"telephone":["+31851091211"],"contactPoint":{"@type":"ContactPoint","telephone":"+31851091211","email":"support@cryptorecovers.com"},"openingHoursSpecification":{"@type":"OpeningHoursSpecification","dayOfWeek":["Monday","Tuesday","Wednesday","Thursday","Friday","Saturday","Sunday"],"opens":"00:00","closes":"23:59"},"email":"support@cryptorecovers.com","areaServed":"Worldwide","vatID":"NL003031083B24"},{"@type":"PostalAddress","@id":"https:\/\/cryptorecovers.com\/es\/politica-de-cookies\/#local-main-place-address","streetAddress":"Louis Braillelaan 80","addressLocality":"Zoetermeer","postalCode":"2719 EK","addressRegion":"Zuid-Holland","addressCountry":"NL"},{"@type":"ImageObject","inLanguage":"es","@id":"https:\/\/cryptorecovers.com\/es\/politica-de-cookies\/#local-main-organization-logo","url":"https:\/\/cryptorecovers.com\/wp-content\/uploads\/2025\/09\/favicon_website_cr.png","contentUrl":"https:\/\/cryptorecovers.com\/wp-content\/uploads\/2025\/09\/favicon_website_cr.png","width":500,"height":500,"caption":"Crypto Recovers"}]},"geo.placename":"Zoetermeer","geo.region":"Holanda"},"_links":{"self":[{"href":"https:\/\/cryptorecovers.com\/es\/wp-json\/wp\/v2\/pages\/241798","targetHints":{"allow":["GET"]}}],"collection":[{"href":"https:\/\/cryptorecovers.com\/es\/wp-json\/wp\/v2\/pages"}],"about":[{"href":"https:\/\/cryptorecovers.com\/es\/wp-json\/wp\/v2\/types\/page"}],"author":[{"embeddable":true,"href":"https:\/\/cryptorecovers.com\/es\/wp-json\/wp\/v2\/users\/1"}],"replies":[{"embeddable":true,"href":"https:\/\/cryptorecovers.com\/es\/wp-json\/wp\/v2\/comments?post=241798"}],"version-history":[{"count":2,"href":"https:\/\/cryptorecovers.com\/es\/wp-json\/wp\/v2\/pages\/241798\/revisions"}],"predecessor-version":[{"id":241800,"href":"https:\/\/cryptorecovers.com\/es\/wp-json\/wp\/v2\/pages\/241798\/revisions\/241800"}],"wp:attachment":[{"href":"https:\/\/cryptorecovers.com\/es\/wp-json\/wp\/v2\/media?parent=241798"}],"curies":[{"name":"wp","href":"https:\/\/api.w.org\/{rel}","templated":true}]}}