{"id":241762,"date":"2024-12-19T00:50:53","date_gmt":"2024-12-19T00:50:53","guid":{"rendered":"https:\/\/cryptorecovers.com\/principios-de-publicacion\/"},"modified":"2024-12-19T00:50:55","modified_gmt":"2024-12-19T00:50:55","slug":"principios-de-publicacion","status":"publish","type":"page","link":"https:\/\/cryptorecovers.com\/es\/principios-de-publicacion\/","title":{"rendered":"Principios de publicaci\u00f3n"},"content":{"rendered":"<p>[et_pb_section fb_built=\u00bb1&#8243; fullwidth=\u00bbon\u00bb admin_label=\u00bbHero Section\u00bb _builder_version=\u00bb4.16&#8243; background_color=\u00bb#101535&#8243; background_image=\u00bbhttps:\/\/cryptorecovers.com\/wp-content\/uploads\/2023\/02\/crypto-bg-02.png\u00bb parallax=\u00bbon\u00bb custom_margin=\u00bb|||\u00bb custom_padding=\u00bb|||\u00bb locked=\u00bboff\u00bb global_colors_info=\u00bb{}\u00bb theme_builder_area=\u00bbpost_content\u00bb][et_pb_fullwidth_header title=\u00bbPrincipios de publicaci\u00f3n\u00bb text_orientation=\u00bbcenter\u00bb _builder_version=\u00bb4.27.0&#8243; title_font=\u00bbPoppins||||||||\u00bb title_font_size=\u00bb66px\u00bb title_line_height=\u00bb1.5em\u00bb content_font=\u00bb||||||||\u00bb content_font_size=\u00bb18px\u00bb content_line_height=\u00bb2em\u00bb background_enable_color=\u00bboff\u00bb background_position=\u00bbbottom_center\u00bb custom_button_one=\u00bbon\u00bb button_one_text_size=\u00bb13px\u00bb button_one_bg_color=\u00bb#4328b7&#8243; button_one_border_width=\u00bb10px\u00bb button_one_border_color=\u00bb#4328b7&#8243; button_one_border_radius=\u00bb0px\u00bb button_one_letter_spacing=\u00bb2px\u00bb button_one_font=\u00bbTitillium Web|700||on|||||\u00bb custom_button_two=\u00bbon\u00bb button_two_text_size=\u00bb13px\u00bb button_two_text_color=\u00bb#4328b7&#8243; button_two_bg_color=\u00bb#ffffff\u00bb button_two_border_width=\u00bb10px\u00bb button_two_border_color=\u00bb#ffffff\u00bb button_two_border_radius=\u00bb0px\u00bb button_two_letter_spacing=\u00bb2px\u00bb button_two_font=\u00bbTitillium Web|700||on|||||\u00bb custom_margin=\u00bb|||\u00bb custom_padding=\u00bb140px||4vw||false|false\u00bb custom_padding_tablet=\u00bb100px||||false|false\u00bb custom_padding_phone=\u00bb110px||||false|false\u00bb custom_padding_last_edited=\u00bbon|desktop\u00bb animation_direction=\u00bbbottom\u00bb title_font_size_tablet=\u00bb40px\u00bb title_font_size_phone=\u00bb\u00bb title_font_size_last_edited=\u00bbon|phone\u00bb content_font_size_tablet=\u00bb\u00bb content_font_size_phone=\u00bb15px\u00bb content_font_size_last_edited=\u00bbon|phone\u00bb button_one_letter_spacing_hover=\u00bb2px\u00bb button_two_letter_spacing_hover=\u00bb2px\u00bb global_colors_info=\u00bb{}\u00bb button_one_text_size__hover_enabled=\u00bboff\u00bb button_two_text_size__hover_enabled=\u00bboff\u00bb button_one_text_color__hover_enabled=\u00bboff\u00bb button_two_text_color__hover_enabled=\u00bboff\u00bb button_one_border_width__hover_enabled=\u00bboff\u00bb button_two_border_width__hover_enabled=\u00bboff\u00bb button_one_border_color__hover_enabled=\u00bboff\u00bb button_two_border_color__hover_enabled=\u00bboff\u00bb button_one_border_radius__hover_enabled=\u00bboff\u00bb button_two_border_radius__hover_enabled=\u00bboff\u00bb button_one_letter_spacing__hover_enabled=\u00bbon\u00bb button_one_letter_spacing__hover=\u00bb2px\u00bb button_two_letter_spacing__hover_enabled=\u00bbon\u00bb button_two_letter_spacing__hover=\u00bb2px\u00bb button_one_bg_color__hover_enabled=\u00bboff\u00bb button_two_bg_color__hover_enabled=\u00bboff\u00bb theme_builder_area=\u00bbpost_content\u00bb][\/et_pb_fullwidth_header][\/et_pb_section][et_pb_section fb_built=\u00bb1&#8243; fullwidth=\u00bbon\u00bb admin_label=\u00bbHero Section\u00bb _builder_version=\u00bb4.27.0&#8243; background_enable_color=\u00bboff\u00bb background_enable_image=\u00bboff\u00bb parallax=\u00bbon\u00bb custom_margin=\u00bb|||\u00bb custom_padding=\u00bb|||\u00bb global_colors_info=\u00bb{}\u00bb theme_builder_area=\u00bbpost_content\u00bb][et_pb_fullwidth_header _builder_version=\u00bb4.27.3&#8243; title_font=\u00bbPoppins|600|||||||\u00bb title_text_color=\u00bb#000000&#8243; title_font_size=\u00bb39px\u00bb title_line_height=\u00bb1.5em\u00bb content_font=\u00bb||||||||\u00bb content_text_color=\u00bb#000000&#8243; content_font_size=\u00bb17px\u00bb content_line_height=\u00bb2em\u00bb background_color=\u00bbrgba(0,0,0,0)\u00bb background_enable_image=\u00bboff\u00bb background_position=\u00bbbottom_center\u00bb custom_button_one=\u00bbon\u00bb button_one_text_size=\u00bb13px\u00bb button_one_bg_color=\u00bb#4328b7&#8243; button_one_border_width=\u00bb10px\u00bb button_one_border_color=\u00bb#4328b7&#8243; button_one_border_radius=\u00bb0px\u00bb button_one_letter_spacing=\u00bb2px\u00bb button_one_font=\u00bbTitillium Web|700||on|||||\u00bb custom_button_two=\u00bbon\u00bb button_two_text_size=\u00bb13px\u00bb button_two_text_color=\u00bb#4328b7&#8243; button_two_bg_color=\u00bb#ffffff\u00bb button_two_border_width=\u00bb10px\u00bb button_two_border_color=\u00bb#ffffff\u00bb button_two_border_radius=\u00bb0px\u00bb button_two_letter_spacing=\u00bb2px\u00bb button_two_font=\u00bbTitillium Web|700||on|||||\u00bb width_phone=\u00bb100%\u00bb width_last_edited=\u00bboff|phone\u00bb max_width_phone=\u00bb100%\u00bb max_width_last_edited=\u00bboff|phone\u00bb custom_margin=\u00bb|||\u00bb custom_padding=\u00bb6vw||8vw||false|\u00bb animation_direction=\u00bbbottom\u00bb title_font_size_tablet=\u00bb34px\u00bb title_font_size_phone=\u00bb26px\u00bb title_font_size_last_edited=\u00bbon|phone\u00bb content_font_size_tablet=\u00bb16px\u00bb content_font_size_phone=\u00bb15px\u00bb content_font_size_last_edited=\u00bbon|phone\u00bb button_one_letter_spacing_hover=\u00bb2px\u00bb button_two_letter_spacing_hover=\u00bb2px\u00bb global_colors_info=\u00bb{}\u00bb button_one_text_size__hover_enabled=\u00bboff\u00bb button_two_text_size__hover_enabled=\u00bboff\u00bb button_one_text_color__hover_enabled=\u00bboff\u00bb button_two_text_color__hover_enabled=\u00bboff\u00bb button_one_border_width__hover_enabled=\u00bboff\u00bb button_two_border_width__hover_enabled=\u00bboff\u00bb button_one_border_color__hover_enabled=\u00bboff\u00bb button_two_border_color__hover_enabled=\u00bboff\u00bb button_one_border_radius__hover_enabled=\u00bboff\u00bb button_two_border_radius__hover_enabled=\u00bboff\u00bb button_one_letter_spacing__hover_enabled=\u00bbon\u00bb button_one_letter_spacing__hover=\u00bb2px\u00bb button_two_letter_spacing__hover_enabled=\u00bbon\u00bb button_two_letter_spacing__hover=\u00bb2px\u00bb button_one_bg_color__hover_enabled=\u00bboff\u00bb button_two_bg_color__hover_enabled=\u00bboff\u00bb theme_builder_area=\u00bbpost_content\u00bb]<\/p>\n<p>En <strong>Crypto Recovers<\/strong>, nos enorgullecemos de ofrecer a nuestros usuarios contenidos precisos, transparentes y fiables. Nuestros <strong>Principios de Publicaci\u00f3n<\/strong> est\u00e1n dise\u00f1ados para garantizar que todo lo que publicamos, ya sea una gu\u00eda, una entrada de blog o una actualizaci\u00f3n, se adhiere a los m\u00e1s altos est\u00e1ndares de integridad y precisi\u00f3n. Este compromiso permite a nuestros usuarios confiar en la informaci\u00f3n proporcionada cuando necesitan ayuda para recuperar sus activos digitales.  <\/p>\n<p>&nbsp;<\/p>\n<p><strong>Nuestro enfoque de la transparencia:<\/strong><\/p>\n<p>La transparencia es el n\u00facleo de nuestros principios de publicaci\u00f3n. Nuestro objetivo es presentar con claridad los m\u00e9todos y estrategias que hay detr\u00e1s de nuestros servicios de recuperaci\u00f3n de carteras. Cada gu\u00eda y art\u00edculo se investiga a fondo, para garantizar que nuestros usuarios comprendan todo el proceso de recuperaci\u00f3n de carteras, de principio a fin. S\u00f3lo incluimos informaci\u00f3n de fuentes cre\u00edbles y tratamos de evitar la jerga, haciendo que los temas complejos sean m\u00e1s accesibles.   <\/p>\n<p>&nbsp;<\/p>\n<p><strong>Exactitud de los hechos:<\/strong><\/p>\n<p>Entendemos que, cuando se trata de carteras digitales, la precisi\u00f3n es primordial. La informaci\u00f3n err\u00f3nea puede costar a los usuarios sus activos. Por ello, verificamos todos los datos y estad\u00edsticas antes de publicar cualquier contenido. Nuestro equipo se dedica a comprobar y contrastar cada detalle para garantizar que toda la informaci\u00f3n est\u00e9 actualizada y sea relevante.   <\/p>\n<p>&nbsp;<\/p>\n<p><strong>Actualizaciones peri\u00f3dicas:<\/strong><\/p>\n<p>Las tecnolog\u00edas de recuperaci\u00f3n de criptomonedas y monederos est\u00e1n en constante evoluci\u00f3n. Para mantener a nuestros usuarios informados sobre los \u00faltimos cambios, nos comprometemos a actualizar regularmente nuestro contenido. Ya se trate de nuevos m\u00e9todos de recuperaci\u00f3n, consejos de seguridad o plataformas de monederos, nos aseguramos de que cada art\u00edculo refleje la informaci\u00f3n m\u00e1s actualizada disponible.  <\/p>\n<p>Tambi\u00e9n somos transparentes sobre las limitaciones de nuestros servicios e informamos a los usuarios sobre los posibles riesgos asociados a determinados m\u00e9todos de recuperaci\u00f3n. Esta honestidad garantiza que establecemos expectativas realistas para nuestros usuarios y les guiamos eficazmente a trav\u00e9s del proceso de recuperaci\u00f3n. <\/p>\n<p>[\/et_pb_fullwidth_header][\/et_pb_section]<\/p>\n","protected":false},"excerpt":{"rendered":"<p>En Crypto Recovers, nos enorgullecemos de ofrecer a nuestros usuarios contenidos precisos, transparentes y fiables. Nuestros Principios de Publicaci\u00f3n est\u00e1n dise\u00f1ados para garantizar que todo lo que publicamos, ya sea una gu\u00eda, una entrada de blog o una actualizaci\u00f3n, se adhiere a los m\u00e1s altos est\u00e1ndares de integridad y precisi\u00f3n. Este compromiso permite a nuestros [&hellip;]<\/p>\n","protected":false},"author":1,"featured_media":0,"parent":0,"menu_order":0,"comment_status":"closed","ping_status":"closed","template":"","meta":{"_et_pb_use_builder":"on","_et_pb_old_content":"","_et_gb_content_width":"","footnotes":""},"class_list":["post-241762","page","type-page","status-publish","hentry"],"yoast_head":"<!-- This site is optimized with the Yoast SEO Premium plugin v27.1 (Yoast SEO v27.1.1) - https:\/\/yoast.com\/product\/yoast-seo-premium-wordpress\/ -->\n<title>Principios de publicaci\u00f3n - Cryptorecovers.com<\/title>\n<meta name=\"description\" content=\"Descubre los principios editoriales que gu\u00edan a Cryptorecovers a la hora de proporcionar contenidos transparentes y fiables para los servicios de recuperaci\u00f3n de carteras.\" \/>\n<meta name=\"robots\" content=\"index, follow, max-snippet:-1, max-image-preview:large, max-video-preview:-1\" \/>\n<link rel=\"canonical\" href=\"https:\/\/cryptorecovers.com\/es\/principios-de-publicacion\/\" \/>\n<meta property=\"og:locale\" content=\"es_ES\" \/>\n<meta property=\"og:type\" content=\"article\" \/>\n<meta property=\"og:title\" content=\"Principios de publicaci\u00f3n\" \/>\n<meta property=\"og:description\" content=\"Descubre los principios editoriales que gu\u00edan a Cryptorecovers a la hora de proporcionar contenidos transparentes y fiables para los servicios de recuperaci\u00f3n de carteras.\" \/>\n<meta property=\"og:url\" content=\"https:\/\/cryptorecovers.com\/es\/principios-de-publicacion\/\" \/>\n<meta property=\"og:site_name\" content=\"Crypto Recovers\" \/>\n<meta property=\"article:publisher\" content=\"https:\/\/www.facebook.com\/profile.php?id=61555829150179\" \/>\n<meta property=\"article:modified_time\" content=\"2024-12-19T00:50:55+00:00\" \/>\n<meta property=\"og:image\" content=\"https:\/\/cryptorecovers.com\/wp-content\/uploads\/2023\/12\/Cryptorecovers-Wallet-recovery-thumbnail.jpg\" \/>\n\t<meta property=\"og:image:width\" content=\"1200\" \/>\n\t<meta property=\"og:image:height\" content=\"628\" \/>\n\t<meta property=\"og:image:type\" content=\"image\/jpeg\" \/>\n<meta name=\"twitter:card\" content=\"summary_large_image\" \/>\n<meta name=\"twitter:site\" content=\"@xcryptorecovers\" \/>\n<meta name=\"twitter:label1\" content=\"Tiempo de lectura\" \/>\n\t<meta name=\"twitter:data1\" content=\"5 minutos\" \/>\n<script type=\"application\/ld+json\" class=\"yoast-schema-graph\">{\"@context\":\"https:\/\/schema.org\",\"@graph\":[{\"@type\":\"WebPage\",\"@id\":\"https:\/\/cryptorecovers.com\/es\/principios-de-publicacion\/\",\"url\":\"https:\/\/cryptorecovers.com\/es\/principios-de-publicacion\/\",\"name\":\"Principios de publicaci\u00f3n - Cryptorecovers.com\",\"isPartOf\":{\"@id\":\"https:\/\/cryptorecovers.com\/es\/#website\"},\"datePublished\":\"2024-12-19T00:50:53+00:00\",\"dateModified\":\"2024-12-19T00:50:55+00:00\",\"description\":\"Descubre los principios editoriales que gu\u00edan a Cryptorecovers a la hora de proporcionar contenidos transparentes y fiables para los servicios de recuperaci\u00f3n de carteras.\",\"inLanguage\":\"es\",\"potentialAction\":[{\"@type\":\"ReadAction\",\"target\":[\"https:\/\/cryptorecovers.com\/es\/principios-de-publicacion\/\"]}]},{\"@type\":\"WebSite\",\"@id\":\"https:\/\/cryptorecovers.com\/es\/#website\",\"url\":\"https:\/\/cryptorecovers.com\/es\/\",\"name\":\"Crypto Recovers\",\"description\":\"Crypto Wallet Recovery Services\",\"publisher\":{\"@id\":\"https:\/\/cryptorecovers.com\/es\/#organization\"},\"potentialAction\":[{\"@type\":\"SearchAction\",\"target\":{\"@type\":\"EntryPoint\",\"urlTemplate\":\"https:\/\/cryptorecovers.com\/es\/?s={search_term_string}\"},\"query-input\":{\"@type\":\"PropertyValueSpecification\",\"valueRequired\":true,\"valueName\":\"search_term_string\"}}],\"inLanguage\":\"es\"},{\"@type\":[\"Organization\",\"Place\"],\"@id\":\"https:\/\/cryptorecovers.com\/es\/#organization\",\"name\":\"Crypto Recovers\",\"alternateName\":\"Crypto Recovers \u2013 Crypto Wallet Recovery Services\",\"url\":\"https:\/\/cryptorecovers.com\/es\/\",\"logo\":{\"@id\":\"https:\/\/cryptorecovers.com\/es\/principios-de-publicacion\/#local-main-organization-logo\"},\"image\":{\"@id\":\"https:\/\/cryptorecovers.com\/es\/principios-de-publicacion\/#local-main-organization-logo\"},\"sameAs\":[\"https:\/\/www.facebook.com\/profile.php?id=61555829150179\",\"https:\/\/x.com\/xcryptorecovers\",\"https:\/\/www.linkedin.com\/company\/101478432\/\",\"https:\/\/www.youtube.com\/@cryptorecovers\"],\"description\":\"Crypto Recovers is a specialized cryptocurrency wallet recovery service that helps individuals and businesses regain access to lost or inaccessible crypto wallets, including cases involving forgotten passwords, incomplete recovery phrases, and corrupted wallet data.\",\"legalName\":\"Crypto Recovers\",\"foundingDate\":\"2019-05-27\",\"numberOfEmployees\":{\"@type\":\"QuantitativeValue\",\"minValue\":\"1\",\"maxValue\":\"10\"},\"address\":{\"@id\":\"https:\/\/cryptorecovers.com\/es\/principios-de-publicacion\/#local-main-place-address\"},\"telephone\":[\"+31851091211\"],\"contactPoint\":{\"@type\":\"ContactPoint\",\"telephone\":\"+31851091211\",\"email\":\"support@cryptorecovers.com\"},\"openingHoursSpecification\":{\"@type\":\"OpeningHoursSpecification\",\"dayOfWeek\":[\"Monday\",\"Tuesday\",\"Wednesday\",\"Thursday\",\"Friday\",\"Saturday\",\"Sunday\"],\"opens\":\"00:00\",\"closes\":\"23:59\"},\"email\":\"support@cryptorecovers.com\",\"areaServed\":\"Worldwide\",\"vatID\":\"NL003031083B24\"},{\"@type\":\"PostalAddress\",\"@id\":\"https:\/\/cryptorecovers.com\/es\/principios-de-publicacion\/#local-main-place-address\",\"streetAddress\":\"Louis Braillelaan 80\",\"addressLocality\":\"Zoetermeer\",\"postalCode\":\"2719 EK\",\"addressRegion\":\"Zuid-Holland\",\"addressCountry\":\"NL\"},{\"@type\":\"ImageObject\",\"inLanguage\":\"es\",\"@id\":\"https:\/\/cryptorecovers.com\/es\/principios-de-publicacion\/#local-main-organization-logo\",\"url\":\"https:\/\/cryptorecovers.com\/wp-content\/uploads\/2025\/09\/favicon_website_cr.png\",\"contentUrl\":\"https:\/\/cryptorecovers.com\/wp-content\/uploads\/2025\/09\/favicon_website_cr.png\",\"width\":500,\"height\":500,\"caption\":\"Crypto Recovers\"}]}<\/script>\n<meta name=\"geo.placename\" content=\"Zoetermeer\" \/>\n<meta name=\"geo.region\" content=\"Holanda\" \/>\n<!-- \/ Yoast SEO Premium plugin. -->","yoast_head_json":{"title":"Principios de publicaci\u00f3n - Cryptorecovers.com","description":"Descubre los principios editoriales que gu\u00edan a Cryptorecovers a la hora de proporcionar contenidos transparentes y fiables para los servicios de recuperaci\u00f3n de carteras.","robots":{"index":"index","follow":"follow","max-snippet":"max-snippet:-1","max-image-preview":"max-image-preview:large","max-video-preview":"max-video-preview:-1"},"canonical":"https:\/\/cryptorecovers.com\/es\/principios-de-publicacion\/","og_locale":"es_ES","og_type":"article","og_title":"Principios de publicaci\u00f3n","og_description":"Descubre los principios editoriales que gu\u00edan a Cryptorecovers a la hora de proporcionar contenidos transparentes y fiables para los servicios de recuperaci\u00f3n de carteras.","og_url":"https:\/\/cryptorecovers.com\/es\/principios-de-publicacion\/","og_site_name":"Crypto Recovers","article_publisher":"https:\/\/www.facebook.com\/profile.php?id=61555829150179","article_modified_time":"2024-12-19T00:50:55+00:00","og_image":[{"width":1200,"height":628,"url":"https:\/\/cryptorecovers.com\/wp-content\/uploads\/2023\/12\/Cryptorecovers-Wallet-recovery-thumbnail.jpg","type":"image\/jpeg"}],"twitter_card":"summary_large_image","twitter_site":"@xcryptorecovers","twitter_misc":{"Tiempo de lectura":"5 minutos"},"schema":{"@context":"https:\/\/schema.org","@graph":[{"@type":"WebPage","@id":"https:\/\/cryptorecovers.com\/es\/principios-de-publicacion\/","url":"https:\/\/cryptorecovers.com\/es\/principios-de-publicacion\/","name":"Principios de publicaci\u00f3n - Cryptorecovers.com","isPartOf":{"@id":"https:\/\/cryptorecovers.com\/es\/#website"},"datePublished":"2024-12-19T00:50:53+00:00","dateModified":"2024-12-19T00:50:55+00:00","description":"Descubre los principios editoriales que gu\u00edan a Cryptorecovers a la hora de proporcionar contenidos transparentes y fiables para los servicios de recuperaci\u00f3n de carteras.","inLanguage":"es","potentialAction":[{"@type":"ReadAction","target":["https:\/\/cryptorecovers.com\/es\/principios-de-publicacion\/"]}]},{"@type":"WebSite","@id":"https:\/\/cryptorecovers.com\/es\/#website","url":"https:\/\/cryptorecovers.com\/es\/","name":"Crypto Recovers","description":"Crypto Wallet Recovery Services","publisher":{"@id":"https:\/\/cryptorecovers.com\/es\/#organization"},"potentialAction":[{"@type":"SearchAction","target":{"@type":"EntryPoint","urlTemplate":"https:\/\/cryptorecovers.com\/es\/?s={search_term_string}"},"query-input":{"@type":"PropertyValueSpecification","valueRequired":true,"valueName":"search_term_string"}}],"inLanguage":"es"},{"@type":["Organization","Place"],"@id":"https:\/\/cryptorecovers.com\/es\/#organization","name":"Crypto Recovers","alternateName":"Crypto Recovers \u2013 Crypto Wallet Recovery Services","url":"https:\/\/cryptorecovers.com\/es\/","logo":{"@id":"https:\/\/cryptorecovers.com\/es\/principios-de-publicacion\/#local-main-organization-logo"},"image":{"@id":"https:\/\/cryptorecovers.com\/es\/principios-de-publicacion\/#local-main-organization-logo"},"sameAs":["https:\/\/www.facebook.com\/profile.php?id=61555829150179","https:\/\/x.com\/xcryptorecovers","https:\/\/www.linkedin.com\/company\/101478432\/","https:\/\/www.youtube.com\/@cryptorecovers"],"description":"Crypto Recovers is a specialized cryptocurrency wallet recovery service that helps individuals and businesses regain access to lost or inaccessible crypto wallets, including cases involving forgotten passwords, incomplete recovery phrases, and corrupted wallet data.","legalName":"Crypto Recovers","foundingDate":"2019-05-27","numberOfEmployees":{"@type":"QuantitativeValue","minValue":"1","maxValue":"10"},"address":{"@id":"https:\/\/cryptorecovers.com\/es\/principios-de-publicacion\/#local-main-place-address"},"telephone":["+31851091211"],"contactPoint":{"@type":"ContactPoint","telephone":"+31851091211","email":"support@cryptorecovers.com"},"openingHoursSpecification":{"@type":"OpeningHoursSpecification","dayOfWeek":["Monday","Tuesday","Wednesday","Thursday","Friday","Saturday","Sunday"],"opens":"00:00","closes":"23:59"},"email":"support@cryptorecovers.com","areaServed":"Worldwide","vatID":"NL003031083B24"},{"@type":"PostalAddress","@id":"https:\/\/cryptorecovers.com\/es\/principios-de-publicacion\/#local-main-place-address","streetAddress":"Louis Braillelaan 80","addressLocality":"Zoetermeer","postalCode":"2719 EK","addressRegion":"Zuid-Holland","addressCountry":"NL"},{"@type":"ImageObject","inLanguage":"es","@id":"https:\/\/cryptorecovers.com\/es\/principios-de-publicacion\/#local-main-organization-logo","url":"https:\/\/cryptorecovers.com\/wp-content\/uploads\/2025\/09\/favicon_website_cr.png","contentUrl":"https:\/\/cryptorecovers.com\/wp-content\/uploads\/2025\/09\/favicon_website_cr.png","width":500,"height":500,"caption":"Crypto Recovers"}]},"geo.placename":"Zoetermeer","geo.region":"Holanda"},"_links":{"self":[{"href":"https:\/\/cryptorecovers.com\/es\/wp-json\/wp\/v2\/pages\/241762","targetHints":{"allow":["GET"]}}],"collection":[{"href":"https:\/\/cryptorecovers.com\/es\/wp-json\/wp\/v2\/pages"}],"about":[{"href":"https:\/\/cryptorecovers.com\/es\/wp-json\/wp\/v2\/types\/page"}],"author":[{"embeddable":true,"href":"https:\/\/cryptorecovers.com\/es\/wp-json\/wp\/v2\/users\/1"}],"replies":[{"embeddable":true,"href":"https:\/\/cryptorecovers.com\/es\/wp-json\/wp\/v2\/comments?post=241762"}],"version-history":[{"count":2,"href":"https:\/\/cryptorecovers.com\/es\/wp-json\/wp\/v2\/pages\/241762\/revisions"}],"predecessor-version":[{"id":241766,"href":"https:\/\/cryptorecovers.com\/es\/wp-json\/wp\/v2\/pages\/241762\/revisions\/241766"}],"wp:attachment":[{"href":"https:\/\/cryptorecovers.com\/es\/wp-json\/wp\/v2\/media?parent=241762"}],"curies":[{"name":"wp","href":"https:\/\/api.w.org\/{rel}","templated":true}]}}