{"id":241731,"date":"2024-12-19T00:48:43","date_gmt":"2024-12-19T00:48:43","guid":{"rendered":"https:\/\/cryptorecovers.com\/descargo-de-responsabilidad\/"},"modified":"2024-12-19T00:48:45","modified_gmt":"2024-12-19T00:48:45","slug":"descargo-de-responsabilidad","status":"publish","type":"page","link":"https:\/\/cryptorecovers.com\/es\/descargo-de-responsabilidad\/","title":{"rendered":"Descargo de responsabilidad"},"content":{"rendered":"<p>[et_pb_section fb_built=\u00bb1&#8243; fullwidth=\u00bbon\u00bb admin_label=\u00bbHero Section\u00bb _builder_version=\u00bb4.16&#8243; background_color=\u00bb#101535&#8243; background_image=\u00bbhttps:\/\/cryptorecovers.com\/wp-content\/uploads\/2023\/02\/crypto-bg-02.png\u00bb parallax=\u00bbon\u00bb custom_margin=\u00bb|||\u00bb custom_padding=\u00bb|||\u00bb locked=\u00bboff\u00bb global_colors_info=\u00bb{}\u00bb theme_builder_area=\u00bbpost_content\u00bb][et_pb_fullwidth_header title=\u00bbDescargo de responsabilidad\u00bb text_orientation=\u00bbcenter\u00bb _builder_version=\u00bb4.27.0&#8243; title_font=\u00bbPoppins||||||||\u00bb title_font_size=\u00bb66px\u00bb title_line_height=\u00bb1.5em\u00bb content_font=\u00bb||||||||\u00bb content_font_size=\u00bb18px\u00bb content_line_height=\u00bb2em\u00bb background_enable_color=\u00bboff\u00bb background_position=\u00bbbottom_center\u00bb custom_button_one=\u00bbon\u00bb button_one_text_size=\u00bb13px\u00bb button_one_bg_color=\u00bb#4328b7&#8243; button_one_border_width=\u00bb10px\u00bb button_one_border_color=\u00bb#4328b7&#8243; button_one_border_radius=\u00bb0px\u00bb button_one_letter_spacing=\u00bb2px\u00bb button_one_font=\u00bbTitillium Web|700||on|||||\u00bb custom_button_two=\u00bbon\u00bb button_two_text_size=\u00bb13px\u00bb button_two_text_color=\u00bb#4328b7&#8243; button_two_bg_color=\u00bb#ffffff\u00bb button_two_border_width=\u00bb10px\u00bb button_two_border_color=\u00bb#ffffff\u00bb button_two_border_radius=\u00bb0px\u00bb button_two_letter_spacing=\u00bb2px\u00bb button_two_font=\u00bbTitillium Web|700||on|||||\u00bb custom_margin=\u00bb|||\u00bb custom_padding=\u00bb140px||4vw||false|false\u00bb custom_padding_tablet=\u00bb100px||||false|false\u00bb custom_padding_phone=\u00bb110px||||false|false\u00bb custom_padding_last_edited=\u00bbon|desktop\u00bb animation_direction=\u00bbbottom\u00bb title_font_size_tablet=\u00bb40px\u00bb title_font_size_phone=\u00bb\u00bb title_font_size_last_edited=\u00bbon|phone\u00bb content_font_size_tablet=\u00bb\u00bb content_font_size_phone=\u00bb15px\u00bb content_font_size_last_edited=\u00bbon|phone\u00bb button_one_letter_spacing_hover=\u00bb2px\u00bb button_two_letter_spacing_hover=\u00bb2px\u00bb global_colors_info=\u00bb{}\u00bb button_one_text_size__hover_enabled=\u00bboff\u00bb button_two_text_size__hover_enabled=\u00bboff\u00bb button_one_text_color__hover_enabled=\u00bboff\u00bb button_two_text_color__hover_enabled=\u00bboff\u00bb button_one_border_width__hover_enabled=\u00bboff\u00bb button_two_border_width__hover_enabled=\u00bboff\u00bb button_one_border_color__hover_enabled=\u00bboff\u00bb button_two_border_color__hover_enabled=\u00bboff\u00bb button_one_border_radius__hover_enabled=\u00bboff\u00bb button_two_border_radius__hover_enabled=\u00bboff\u00bb button_one_letter_spacing__hover_enabled=\u00bbon\u00bb button_one_letter_spacing__hover=\u00bb2px\u00bb button_two_letter_spacing__hover_enabled=\u00bbon\u00bb button_two_letter_spacing__hover=\u00bb2px\u00bb button_one_bg_color__hover_enabled=\u00bboff\u00bb button_two_bg_color__hover_enabled=\u00bboff\u00bb theme_builder_area=\u00bbpost_content\u00bb][\/et_pb_fullwidth_header][\/et_pb_section][et_pb_section fb_built=\u00bb1&#8243; fullwidth=\u00bbon\u00bb admin_label=\u00bbHero Section\u00bb _builder_version=\u00bb4.27.0&#8243; background_enable_color=\u00bboff\u00bb background_enable_image=\u00bboff\u00bb parallax=\u00bbon\u00bb custom_margin=\u00bb|||\u00bb custom_padding=\u00bb|||\u00bb global_colors_info=\u00bb{}\u00bb theme_builder_area=\u00bbpost_content\u00bb][et_pb_fullwidth_header _builder_version=\u00bb4.27.3&#8243; title_font=\u00bbPoppins|600|||||||\u00bb title_text_color=\u00bb#000000&#8243; title_font_size=\u00bb39px\u00bb title_line_height=\u00bb1.5em\u00bb content_font=\u00bb||||||||\u00bb content_text_color=\u00bb#000000&#8243; content_font_size=\u00bb17px\u00bb content_line_height=\u00bb2em\u00bb background_color=\u00bbrgba(0,0,0,0)\u00bb background_enable_image=\u00bboff\u00bb background_position=\u00bbbottom_center\u00bb custom_button_one=\u00bbon\u00bb button_one_text_size=\u00bb13px\u00bb button_one_bg_color=\u00bb#4328b7&#8243; button_one_border_width=\u00bb10px\u00bb button_one_border_color=\u00bb#4328b7&#8243; button_one_border_radius=\u00bb0px\u00bb button_one_letter_spacing=\u00bb2px\u00bb button_one_font=\u00bbTitillium Web|700||on|||||\u00bb custom_button_two=\u00bbon\u00bb button_two_text_size=\u00bb13px\u00bb button_two_text_color=\u00bb#4328b7&#8243; button_two_bg_color=\u00bb#ffffff\u00bb button_two_border_width=\u00bb10px\u00bb button_two_border_color=\u00bb#ffffff\u00bb button_two_border_radius=\u00bb0px\u00bb button_two_letter_spacing=\u00bb2px\u00bb button_two_font=\u00bbTitillium Web|700||on|||||\u00bb width_phone=\u00bb100%\u00bb width_last_edited=\u00bboff|phone\u00bb max_width_phone=\u00bb100%\u00bb max_width_last_edited=\u00bboff|phone\u00bb custom_margin=\u00bb|||\u00bb custom_padding=\u00bb6vw||8vw||false|\u00bb animation_direction=\u00bbbottom\u00bb title_font_size_tablet=\u00bb34px\u00bb title_font_size_phone=\u00bb26px\u00bb title_font_size_last_edited=\u00bbon|phone\u00bb content_font_size_tablet=\u00bb16px\u00bb content_font_size_phone=\u00bb15px\u00bb content_font_size_last_edited=\u00bbon|phone\u00bb button_one_letter_spacing_hover=\u00bb2px\u00bb button_two_letter_spacing_hover=\u00bb2px\u00bb global_colors_info=\u00bb{}\u00bb button_one_text_size__hover_enabled=\u00bboff\u00bb button_two_text_size__hover_enabled=\u00bboff\u00bb button_one_text_color__hover_enabled=\u00bboff\u00bb button_two_text_color__hover_enabled=\u00bboff\u00bb button_one_border_width__hover_enabled=\u00bboff\u00bb button_two_border_width__hover_enabled=\u00bboff\u00bb button_one_border_color__hover_enabled=\u00bboff\u00bb button_two_border_color__hover_enabled=\u00bboff\u00bb button_one_border_radius__hover_enabled=\u00bboff\u00bb button_two_border_radius__hover_enabled=\u00bboff\u00bb button_one_letter_spacing__hover_enabled=\u00bbon\u00bb button_one_letter_spacing__hover=\u00bb2px\u00bb button_two_letter_spacing__hover_enabled=\u00bbon\u00bb button_two_letter_spacing__hover=\u00bb2px\u00bb button_one_bg_color__hover_enabled=\u00bboff\u00bb button_two_bg_color__hover_enabled=\u00bboff\u00bb theme_builder_area=\u00bbpost_content\u00bb]<\/p>\n<p><strong>\u00daltima actualizaci\u00f3n<\/strong>: 19-12-2024<\/p>\n<p>Bienvenido a <strong>Cryptorecovers.com<\/strong> (tambi\u00e9n denominado \u00abCrypto Recovers\u00bb, \u00abCryptorecovers\u00bb, \u00abnosotros\u00bb, \u00abnos\u00bb o \u00abnuestro\u00bb). Al utilizar nuestro sitio web y nuestros servicios, reconoces y aceptas los t\u00e9rminos expuestos en este <strong>Aviso Legal<\/strong>. L\u00e9elo detenidamente antes de proceder con cualquier servicio o interacci\u00f3n en nuestro sitio web.  <\/p>\n<h3><strong>1. No hay garant\u00eda de \u00e9xito<\/strong><\/h3>\n<p>Aunque nos esforzamos por ofrecer los mejores servicios posibles de recuperaci\u00f3n de carteras, no podemos garantizar el \u00e9xito de la recuperaci\u00f3n de carteras, contrase\u00f1as o activos de criptomonedas perdidos, inaccesibles o comprometidos. El \u00e9xito de la recuperaci\u00f3n del monedero depende de numerosos factores, incluidos los detalles espec\u00edficos del monedero, el nivel de encriptaci\u00f3n y la cantidad de informaci\u00f3n disponible para la recuperaci\u00f3n. Cryptorecovers.com no garantiza el \u00e9xito de ning\u00fan intento de recuperaci\u00f3n de monederos.  <\/p>\n<h3><strong>2. Riesgos de las criptomonedas<\/strong><\/h3>\n<p>La criptomoneda es intr\u00ednsecamente arriesgada y vol\u00e1til. La recuperaci\u00f3n de carteras y el restablecimiento del acceso a los activos de criptomoneda pueden no dar lugar a la devoluci\u00f3n de los fondos perdidos. Cryptorecovers.com no es responsable de ninguna p\u00e9rdida, da\u00f1o o imposibilidad de recuperar ninguna criptomoneda o activo digital.  <\/p>\n<h3><strong>3. Limitaciones del servicio<\/strong><\/h3>\n<p>Nuestros servicios se limitan a la asistencia en la recuperaci\u00f3n de carteras, y no proporcionamos asesoramiento de inversi\u00f3n, servicios financieros ni garant\u00edas relacionadas con el valor o la disponibilidad de ninguna criptomoneda. No somos responsables de ninguna consecuencia t\u00e9cnica o financiera derivada del uso de nuestros servicios, incluida cualquier p\u00e9rdida de activos durante el proceso de recuperaci\u00f3n. <\/p>\n<h3><strong>4. Responsabilidad del usuario<\/strong><\/h3>\n<p>Eres responsable de que la informaci\u00f3n que nos facilites para la recuperaci\u00f3n de la cartera sea exacta y completa. Cualquier error u omisi\u00f3n en la informaci\u00f3n proporcionada puede afectar al proceso de recuperaci\u00f3n. Adem\u00e1s, eres responsable de salvaguardar tus claves privadas, contrase\u00f1as y cualquier dato sensible relacionado con tu monedero.  <\/p>\n<h3><strong>5. Servicios de terceros<\/strong><\/h3>\n<p>Cryptorecovers.com puede utilizar servicios y herramientas de terceros en el proceso de recuperaci\u00f3n de carteras. Estos servicios de terceros no est\u00e1n bajo nuestro control, y no somos responsables de sus acciones, seguridad o rendimiento. Cualquier servicio de terceros se utiliza bajo tu propia responsabilidad.  <\/p>\n<h3><strong>6. Ning\u00fan asesoramiento financiero o de inversi\u00f3n<\/strong><\/h3>\n<p>Cryptorecovers.com no proporciona ning\u00fan tipo de asesoramiento financiero, de inversi\u00f3n o legal. Cualquier informaci\u00f3n proporcionada en nuestro sitio web o durante el proceso de recuperaci\u00f3n de carteras no debe considerarse como asesoramiento de inversi\u00f3n o recomendaciones relativas a la compra o venta de ninguna criptomoneda. <\/p>\n<h3><strong>7. Limitaci\u00f3n de responsabilidad<\/strong><\/h3>\n<p>Cryptorecovers.com y sus afiliados, agentes o empleados no se hacen responsables de ning\u00fan da\u00f1o directo, indirecto, incidental, especial, consecuente o punitivo, incluidos, entre otros, la p\u00e9rdida de fondos, la p\u00e9rdida de datos o cualquier otro da\u00f1o derivado del uso de nuestros servicios. Al utilizar nuestros servicios, aceptas eximir a Cryptorecovers.com de cualquier reclamaci\u00f3n o p\u00e9rdida. <\/p>\n<h3><strong>8. Cumplimiento de las leyes<\/strong><\/h3>\n<p>Es tu responsabilidad asegurarte de que el uso de nuestros servicios de recuperaci\u00f3n de monederos cumple las leyes y normativas de tu jurisdicci\u00f3n. Cryptorecovers.com no participa ni respalda ninguna actividad ilegal relacionada con la recuperaci\u00f3n o las transacciones de criptomonedas. <\/p>\n<h3><strong>9. Cambios en los servicios y descargo de responsabilidad<\/strong><\/h3>\n<p>Cryptorecovers.com se reserva el derecho a modificar, suspender o interrumpir nuestros servicios en cualquier momento, sin previo aviso. Tambi\u00e9n nos reservamos el derecho a actualizar este Aviso Legal de vez en cuando. Cualquier cambio en el Descargo de responsabilidad se reflejar\u00e1 en esta p\u00e1gina con una fecha actualizada de \u00ab\u00daltima actualizaci\u00f3n\u00bb.  <\/p>\n<h3><strong>10. Sin afiliaci\u00f3n a proveedores de criptomonedas<\/strong><\/h3>\n<p>Cryptorecovers.com es un proveedor de servicios independiente y no est\u00e1 afiliado a ninguna plataforma espec\u00edfica de criptomonedas, proveedor de monederos o bolsa. Nuestros servicios no est\u00e1n respaldados ni apoyados por ninguna empresa de criptomonedas. <\/p>\n<h3><strong>11. Consentimiento<\/strong><\/h3>\n<p>Al utilizar nuestros servicios, aceptas los t\u00e9rminos y condiciones de este <strong>Descargo de responsabilidad<\/strong>. Si no est\u00e1s de acuerdo con alguna parte de este Descargo de responsabilidad, debes dejar de utilizar inmediatamente nuestro sitio web y nuestros servicios. <\/p>\n<hr>\n<p><strong>Contacta con nosotros<\/strong><br \/>Si tienes alguna pregunta sobre este Aviso Legal o sobre el uso de nuestros servicios, ponte en contacto con nosotros en:<br \/><a href=\"mailto:support@cryptorecovers.com\">support@cryptorecovers.com<\/a><br \/> +3185<a href=\"tel:+3185%20109%201211\"> 109 1211<\/a><br \/>O haz clic <a href=\"https:\/\/cryptorecovers.com\/es\/pongase-en-contacto-con\/\">aqu\u00ed<\/a> para utilizar el formulario de contacto.<\/p>\n<p>[\/et_pb_fullwidth_header][\/et_pb_section]<\/p>\n","protected":false},"excerpt":{"rendered":"<p>\u00daltima actualizaci\u00f3n: 19-12-2024 Bienvenido a Cryptorecovers.com (tambi\u00e9n denominado \u00abCrypto Recovers\u00bb, \u00abCryptorecovers\u00bb, \u00abnosotros\u00bb, \u00abnos\u00bb o \u00abnuestro\u00bb). Al utilizar nuestro sitio web y nuestros servicios, reconoces y aceptas los t\u00e9rminos expuestos en este Aviso Legal. L\u00e9elo detenidamente antes de proceder con cualquier servicio o interacci\u00f3n en nuestro sitio web. 1. No hay garant\u00eda de \u00e9xito Aunque nos [&hellip;]<\/p>\n","protected":false},"author":1,"featured_media":0,"parent":0,"menu_order":0,"comment_status":"closed","ping_status":"closed","template":"","meta":{"_et_pb_use_builder":"on","_et_pb_old_content":"","_et_gb_content_width":"","footnotes":""},"class_list":["post-241731","page","type-page","status-publish","hentry"],"yoast_head":"<!-- This site is optimized with the Yoast SEO Premium plugin v27.1 (Yoast SEO v27.1.1) - https:\/\/yoast.com\/product\/yoast-seo-premium-wordpress\/ -->\n<title>Descargo de responsabilidad - Cryptorecovers.com<\/title>\n<meta name=\"description\" content=\"Lee el descargo de responsabilidad de Cryptorecovers.com sobre los servicios de recuperaci\u00f3n de carteras, riesgos y limitaciones.\" \/>\n<meta name=\"robots\" content=\"index, follow, max-snippet:-1, max-image-preview:large, max-video-preview:-1\" \/>\n<link rel=\"canonical\" href=\"https:\/\/cryptorecovers.com\/es\/descargo-de-responsabilidad\/\" \/>\n<meta property=\"og:locale\" content=\"es_ES\" \/>\n<meta property=\"og:type\" content=\"article\" \/>\n<meta property=\"og:title\" content=\"Descargo de responsabilidad\" \/>\n<meta property=\"og:description\" content=\"Lee el descargo de responsabilidad de Cryptorecovers.com sobre los servicios de recuperaci\u00f3n de carteras, riesgos y limitaciones.\" \/>\n<meta property=\"og:url\" content=\"https:\/\/cryptorecovers.com\/es\/descargo-de-responsabilidad\/\" \/>\n<meta property=\"og:site_name\" content=\"Crypto Recovers\" \/>\n<meta property=\"article:publisher\" content=\"https:\/\/www.facebook.com\/profile.php?id=61555829150179\" \/>\n<meta property=\"article:modified_time\" content=\"2024-12-19T00:48:45+00:00\" \/>\n<meta property=\"og:image\" content=\"https:\/\/cryptorecovers.com\/wp-content\/uploads\/2023\/12\/Cryptorecovers-Wallet-recovery-thumbnail.jpg\" \/>\n\t<meta property=\"og:image:width\" content=\"1200\" \/>\n\t<meta property=\"og:image:height\" content=\"628\" \/>\n\t<meta property=\"og:image:type\" content=\"image\/jpeg\" \/>\n<meta name=\"twitter:card\" content=\"summary_large_image\" \/>\n<meta name=\"twitter:site\" content=\"@xcryptorecovers\" \/>\n<meta name=\"twitter:label1\" content=\"Tiempo de lectura\" \/>\n\t<meta name=\"twitter:data1\" content=\"7 minutos\" \/>\n<script type=\"application\/ld+json\" class=\"yoast-schema-graph\">{\"@context\":\"https:\/\/schema.org\",\"@graph\":[{\"@type\":\"WebPage\",\"@id\":\"https:\/\/cryptorecovers.com\/es\/descargo-de-responsabilidad\/\",\"url\":\"https:\/\/cryptorecovers.com\/es\/descargo-de-responsabilidad\/\",\"name\":\"Descargo de responsabilidad - Cryptorecovers.com\",\"isPartOf\":{\"@id\":\"https:\/\/cryptorecovers.com\/es\/#website\"},\"datePublished\":\"2024-12-19T00:48:43+00:00\",\"dateModified\":\"2024-12-19T00:48:45+00:00\",\"description\":\"Lee el descargo de responsabilidad de Cryptorecovers.com sobre los servicios de recuperaci\u00f3n de carteras, riesgos y limitaciones.\",\"inLanguage\":\"es\",\"potentialAction\":[{\"@type\":\"ReadAction\",\"target\":[\"https:\/\/cryptorecovers.com\/es\/descargo-de-responsabilidad\/\"]}]},{\"@type\":\"WebSite\",\"@id\":\"https:\/\/cryptorecovers.com\/es\/#website\",\"url\":\"https:\/\/cryptorecovers.com\/es\/\",\"name\":\"Crypto Recovers\",\"description\":\"Crypto Wallet Recovery Services\",\"publisher\":{\"@id\":\"https:\/\/cryptorecovers.com\/es\/#organization\"},\"potentialAction\":[{\"@type\":\"SearchAction\",\"target\":{\"@type\":\"EntryPoint\",\"urlTemplate\":\"https:\/\/cryptorecovers.com\/es\/?s={search_term_string}\"},\"query-input\":{\"@type\":\"PropertyValueSpecification\",\"valueRequired\":true,\"valueName\":\"search_term_string\"}}],\"inLanguage\":\"es\"},{\"@type\":[\"Organization\",\"Place\"],\"@id\":\"https:\/\/cryptorecovers.com\/es\/#organization\",\"name\":\"Crypto Recovers\",\"alternateName\":\"Crypto Recovers \u2013 Crypto Wallet Recovery Services\",\"url\":\"https:\/\/cryptorecovers.com\/es\/\",\"logo\":{\"@id\":\"https:\/\/cryptorecovers.com\/es\/descargo-de-responsabilidad\/#local-main-organization-logo\"},\"image\":{\"@id\":\"https:\/\/cryptorecovers.com\/es\/descargo-de-responsabilidad\/#local-main-organization-logo\"},\"sameAs\":[\"https:\/\/www.facebook.com\/profile.php?id=61555829150179\",\"https:\/\/x.com\/xcryptorecovers\",\"https:\/\/www.linkedin.com\/company\/101478432\/\",\"https:\/\/www.youtube.com\/@cryptorecovers\"],\"description\":\"Crypto Recovers is a specialized cryptocurrency wallet recovery service that helps individuals and businesses regain access to lost or inaccessible crypto wallets, including cases involving forgotten passwords, incomplete recovery phrases, and corrupted wallet data.\",\"legalName\":\"Crypto Recovers\",\"foundingDate\":\"2019-05-27\",\"numberOfEmployees\":{\"@type\":\"QuantitativeValue\",\"minValue\":\"1\",\"maxValue\":\"10\"},\"address\":{\"@id\":\"https:\/\/cryptorecovers.com\/es\/descargo-de-responsabilidad\/#local-main-place-address\"},\"telephone\":[\"+31851091211\"],\"contactPoint\":{\"@type\":\"ContactPoint\",\"telephone\":\"+31851091211\",\"email\":\"support@cryptorecovers.com\"},\"openingHoursSpecification\":{\"@type\":\"OpeningHoursSpecification\",\"dayOfWeek\":[\"Monday\",\"Tuesday\",\"Wednesday\",\"Thursday\",\"Friday\",\"Saturday\",\"Sunday\"],\"opens\":\"00:00\",\"closes\":\"23:59\"},\"email\":\"support@cryptorecovers.com\",\"areaServed\":\"Worldwide\",\"vatID\":\"NL003031083B24\"},{\"@type\":\"PostalAddress\",\"@id\":\"https:\/\/cryptorecovers.com\/es\/descargo-de-responsabilidad\/#local-main-place-address\",\"streetAddress\":\"Louis Braillelaan 80\",\"addressLocality\":\"Zoetermeer\",\"postalCode\":\"2719 EK\",\"addressRegion\":\"Zuid-Holland\",\"addressCountry\":\"NL\"},{\"@type\":\"ImageObject\",\"inLanguage\":\"es\",\"@id\":\"https:\/\/cryptorecovers.com\/es\/descargo-de-responsabilidad\/#local-main-organization-logo\",\"url\":\"https:\/\/cryptorecovers.com\/wp-content\/uploads\/2025\/09\/favicon_website_cr.png\",\"contentUrl\":\"https:\/\/cryptorecovers.com\/wp-content\/uploads\/2025\/09\/favicon_website_cr.png\",\"width\":500,\"height\":500,\"caption\":\"Crypto Recovers\"}]}<\/script>\n<meta name=\"geo.placename\" content=\"Zoetermeer\" \/>\n<meta name=\"geo.region\" content=\"Holanda\" \/>\n<!-- \/ Yoast SEO Premium plugin. -->","yoast_head_json":{"title":"Descargo de responsabilidad - Cryptorecovers.com","description":"Lee el descargo de responsabilidad de Cryptorecovers.com sobre los servicios de recuperaci\u00f3n de carteras, riesgos y limitaciones.","robots":{"index":"index","follow":"follow","max-snippet":"max-snippet:-1","max-image-preview":"max-image-preview:large","max-video-preview":"max-video-preview:-1"},"canonical":"https:\/\/cryptorecovers.com\/es\/descargo-de-responsabilidad\/","og_locale":"es_ES","og_type":"article","og_title":"Descargo de responsabilidad","og_description":"Lee el descargo de responsabilidad de Cryptorecovers.com sobre los servicios de recuperaci\u00f3n de carteras, riesgos y limitaciones.","og_url":"https:\/\/cryptorecovers.com\/es\/descargo-de-responsabilidad\/","og_site_name":"Crypto Recovers","article_publisher":"https:\/\/www.facebook.com\/profile.php?id=61555829150179","article_modified_time":"2024-12-19T00:48:45+00:00","og_image":[{"width":1200,"height":628,"url":"https:\/\/cryptorecovers.com\/wp-content\/uploads\/2023\/12\/Cryptorecovers-Wallet-recovery-thumbnail.jpg","type":"image\/jpeg"}],"twitter_card":"summary_large_image","twitter_site":"@xcryptorecovers","twitter_misc":{"Tiempo de lectura":"7 minutos"},"schema":{"@context":"https:\/\/schema.org","@graph":[{"@type":"WebPage","@id":"https:\/\/cryptorecovers.com\/es\/descargo-de-responsabilidad\/","url":"https:\/\/cryptorecovers.com\/es\/descargo-de-responsabilidad\/","name":"Descargo de responsabilidad - Cryptorecovers.com","isPartOf":{"@id":"https:\/\/cryptorecovers.com\/es\/#website"},"datePublished":"2024-12-19T00:48:43+00:00","dateModified":"2024-12-19T00:48:45+00:00","description":"Lee el descargo de responsabilidad de Cryptorecovers.com sobre los servicios de recuperaci\u00f3n de carteras, riesgos y limitaciones.","inLanguage":"es","potentialAction":[{"@type":"ReadAction","target":["https:\/\/cryptorecovers.com\/es\/descargo-de-responsabilidad\/"]}]},{"@type":"WebSite","@id":"https:\/\/cryptorecovers.com\/es\/#website","url":"https:\/\/cryptorecovers.com\/es\/","name":"Crypto Recovers","description":"Crypto Wallet Recovery Services","publisher":{"@id":"https:\/\/cryptorecovers.com\/es\/#organization"},"potentialAction":[{"@type":"SearchAction","target":{"@type":"EntryPoint","urlTemplate":"https:\/\/cryptorecovers.com\/es\/?s={search_term_string}"},"query-input":{"@type":"PropertyValueSpecification","valueRequired":true,"valueName":"search_term_string"}}],"inLanguage":"es"},{"@type":["Organization","Place"],"@id":"https:\/\/cryptorecovers.com\/es\/#organization","name":"Crypto Recovers","alternateName":"Crypto Recovers \u2013 Crypto Wallet Recovery Services","url":"https:\/\/cryptorecovers.com\/es\/","logo":{"@id":"https:\/\/cryptorecovers.com\/es\/descargo-de-responsabilidad\/#local-main-organization-logo"},"image":{"@id":"https:\/\/cryptorecovers.com\/es\/descargo-de-responsabilidad\/#local-main-organization-logo"},"sameAs":["https:\/\/www.facebook.com\/profile.php?id=61555829150179","https:\/\/x.com\/xcryptorecovers","https:\/\/www.linkedin.com\/company\/101478432\/","https:\/\/www.youtube.com\/@cryptorecovers"],"description":"Crypto Recovers is a specialized cryptocurrency wallet recovery service that helps individuals and businesses regain access to lost or inaccessible crypto wallets, including cases involving forgotten passwords, incomplete recovery phrases, and corrupted wallet data.","legalName":"Crypto Recovers","foundingDate":"2019-05-27","numberOfEmployees":{"@type":"QuantitativeValue","minValue":"1","maxValue":"10"},"address":{"@id":"https:\/\/cryptorecovers.com\/es\/descargo-de-responsabilidad\/#local-main-place-address"},"telephone":["+31851091211"],"contactPoint":{"@type":"ContactPoint","telephone":"+31851091211","email":"support@cryptorecovers.com"},"openingHoursSpecification":{"@type":"OpeningHoursSpecification","dayOfWeek":["Monday","Tuesday","Wednesday","Thursday","Friday","Saturday","Sunday"],"opens":"00:00","closes":"23:59"},"email":"support@cryptorecovers.com","areaServed":"Worldwide","vatID":"NL003031083B24"},{"@type":"PostalAddress","@id":"https:\/\/cryptorecovers.com\/es\/descargo-de-responsabilidad\/#local-main-place-address","streetAddress":"Louis Braillelaan 80","addressLocality":"Zoetermeer","postalCode":"2719 EK","addressRegion":"Zuid-Holland","addressCountry":"NL"},{"@type":"ImageObject","inLanguage":"es","@id":"https:\/\/cryptorecovers.com\/es\/descargo-de-responsabilidad\/#local-main-organization-logo","url":"https:\/\/cryptorecovers.com\/wp-content\/uploads\/2025\/09\/favicon_website_cr.png","contentUrl":"https:\/\/cryptorecovers.com\/wp-content\/uploads\/2025\/09\/favicon_website_cr.png","width":500,"height":500,"caption":"Crypto Recovers"}]},"geo.placename":"Zoetermeer","geo.region":"Holanda"},"_links":{"self":[{"href":"https:\/\/cryptorecovers.com\/es\/wp-json\/wp\/v2\/pages\/241731","targetHints":{"allow":["GET"]}}],"collection":[{"href":"https:\/\/cryptorecovers.com\/es\/wp-json\/wp\/v2\/pages"}],"about":[{"href":"https:\/\/cryptorecovers.com\/es\/wp-json\/wp\/v2\/types\/page"}],"author":[{"embeddable":true,"href":"https:\/\/cryptorecovers.com\/es\/wp-json\/wp\/v2\/users\/1"}],"replies":[{"embeddable":true,"href":"https:\/\/cryptorecovers.com\/es\/wp-json\/wp\/v2\/comments?post=241731"}],"version-history":[{"count":1,"href":"https:\/\/cryptorecovers.com\/es\/wp-json\/wp\/v2\/pages\/241731\/revisions"}],"predecessor-version":[{"id":241734,"href":"https:\/\/cryptorecovers.com\/es\/wp-json\/wp\/v2\/pages\/241731\/revisions\/241734"}],"wp:attachment":[{"href":"https:\/\/cryptorecovers.com\/es\/wp-json\/wp\/v2\/media?parent=241731"}],"curies":[{"name":"wp","href":"https:\/\/api.w.org\/{rel}","templated":true}]}}