{"id":242955,"date":"2024-12-20T03:09:13","date_gmt":"2024-12-20T03:09:13","guid":{"rendered":"https:\/\/cryptorecovers.com\/frequently-asked-questions\/"},"modified":"2025-04-02T17:47:24","modified_gmt":"2025-04-02T17:47:24","slug":"haufig-gestellte-fragen","status":"publish","type":"page","link":"https:\/\/cryptorecovers.com\/de\/haufig-gestellte-fragen\/","title":{"rendered":"H\u00e4ufig gestellte Fragen"},"content":{"rendered":"<p>[et_pb_section fb_built=&#8220;1&#8243; fullwidth=&#8220;on&#8220; admin_label=&#8220;Hero Section&#8220; _builder_version=&#8220;4.16&#8243; background_color=&#8220;#101535&#8243; background_image=&#8220;https:\/\/cryptorecovers.com\/wp-content\/uploads\/2023\/02\/crypto-bg-02.png&#8220; parallax=&#8220;on&#8220; custom_margin=&#8220;|||&#8220; custom_padding=&#8220;|||&#8220; locked=&#8220;off&#8220; global_colors_info=&#8220;{}&#8220;][et_pb_fullwidth_header title=&#8220;H\u00e4ufig gestellte Fragen&#8220; _builder_version=&#8220;4.27.4&#8243; title_font=&#8220;Poppins|600|||||||&#8220; title_font_size=&#8220;60px&#8220; title_line_height=&#8220;1.5em&#8220; content_font=&#8220;||||||||&#8220; content_font_size=&#8220;18px&#8220; content_line_height=&#8220;2em&#8220; background_enable_color=&#8220;off&#8220; background_position=&#8220;bottom_center&#8220; custom_button_one=&#8220;on&#8220; button_one_text_size=&#8220;13px&#8220; button_one_bg_color=&#8220;#4328b7&#8243; button_one_border_width=&#8220;10px&#8220; button_one_border_color=&#8220;#4328b7&#8243; button_one_border_radius=&#8220;0px&#8220; button_one_letter_spacing=&#8220;2px&#8220; button_one_font=&#8220;Titillium Web|700||on|||||&#8220; custom_button_two=&#8220;on&#8220; button_two_text_size=&#8220;13px&#8220; button_two_text_color=&#8220;#4328b7&#8243; button_two_bg_color=&#8220;#ffffff&#8220; button_two_border_width=&#8220;10px&#8220; button_two_border_color=&#8220;#ffffff&#8220; button_two_border_radius=&#8220;0px&#8220; button_two_letter_spacing=&#8220;2px&#8220; button_two_font=&#8220;Titillium Web|700||on|||||&#8220; custom_margin=&#8220;|||&#8220; custom_padding=&#8220;150px||4vw||false|false&#8220; custom_padding_tablet=&#8220;100px||||false|false&#8220; custom_padding_phone=&#8220;110px||||false|false&#8220; custom_padding_last_edited=&#8220;on|desktop&#8220; animation_direction=&#8220;bottom&#8220; title_font_size_tablet=&#8220;39px&#8220; title_font_size_phone=&#8220;30px&#8220; title_font_size_last_edited=&#8220;on|phone&#8220; content_font_size_tablet=&#8220;&#8220; content_font_size_phone=&#8220;15px&#8220; content_font_size_last_edited=&#8220;on|phone&#8220; button_one_letter_spacing_hover=&#8220;2px&#8220; button_two_letter_spacing_hover=&#8220;2px&#8220; global_colors_info=&#8220;{}&#8220; button_one_text_size__hover_enabled=&#8220;off&#8220; button_two_text_size__hover_enabled=&#8220;off&#8220; button_one_text_color__hover_enabled=&#8220;off&#8220; button_two_text_color__hover_enabled=&#8220;off&#8220; button_one_border_width__hover_enabled=&#8220;off&#8220; button_two_border_width__hover_enabled=&#8220;off&#8220; button_one_border_color__hover_enabled=&#8220;off&#8220; button_two_border_color__hover_enabled=&#8220;off&#8220; button_one_border_radius__hover_enabled=&#8220;off&#8220; button_two_border_radius__hover_enabled=&#8220;off&#8220; button_one_letter_spacing__hover_enabled=&#8220;on&#8220; button_one_letter_spacing__hover=&#8220;2px&#8220; button_two_letter_spacing__hover_enabled=&#8220;on&#8220; button_two_letter_spacing__hover=&#8220;2px&#8220; button_one_bg_color__hover_enabled=&#8220;off&#8220; button_two_bg_color__hover_enabled=&#8220;off&#8220;][\/et_pb_fullwidth_header][\/et_pb_section][et_pb_section fb_built=&#8220;1&#8243; _builder_version=&#8220;4.27.4&#8243; _module_preset=&#8220;default&#8220; global_colors_info=&#8220;{}&#8220;][et_pb_row _builder_version=&#8220;4.27.4&#8243; _module_preset=&#8220;default&#8220; custom_padding=&#8220;||21px|||&#8220; global_colors_info=&#8220;{}&#8220;][et_pb_column type=&#8220;4_4&#8243; _builder_version=&#8220;4.27.4&#8243; _module_preset=&#8220;default&#8220; global_colors_info=&#8220;{}&#8220;][et_pb_text _builder_version=&#8220;4.27.4&#8243; _module_preset=&#8220;default&#8220; text_text_color=&#8220;#000000&#8243; link_font=&#8220;||||on||||&#8220; link_text_color=&#8220;#000000&#8243; header_2_font=&#8220;Poppins|700|||||||&#8220; header_2_text_color=&#8220;#000000&#8243; header_2_font_size=&#8220;22px&#8220; header_2_line_height=&#8220;1.7em&#8220; header_2_font_size_tablet=&#8220;20px&#8220; header_2_font_size_phone=&#8220;20px&#8220; header_2_font_size_last_edited=&#8220;on|desktop&#8220; global_colors_info=&#8220;{}&#8220; link_text_color__hover_enabled=&#8220;on|hover&#8220; link_text_color__hover=&#8220;rgba(0,0,0,0.78)&#8220;]<\/p>\n<h2><\/h2>\n<h2>Wie kann ich mein Krypto-Verm\u00f6gen wiedererlangen?<\/h2>\n<p>Wir beginnen damit, Ihre spezielle Situation zu verstehen und sammeln die notwendigen Details, wie z.B. die Transaktionshistorie oder Informationen \u00fcber Ihre Brieftasche. Unser Team setzt fortschrittliche Tools und Techniken ein, um den Zugang zu Ihren Krypto-Verm\u00f6genswerten wiederherzustellen, wobei wir Ihre Sicherheit und Privatsph\u00e4re w\u00e4hrend des gesamten Prozesses gew\u00e4hrleisten. <\/p>\n<h2>Wie viel berechnen Sie f\u00fcr den Abschleppdienst?<\/h2>\n<p>Unser Standardhonorar betr\u00e4gt 20 % der wiedererlangten Verm\u00f6genswerte, bei gr\u00f6\u00dferen Wiedererlangungen kann dieses Honorar jedoch reduziert werden. Wir besprechen die Preise mit Ihnen auf der Grundlage Ihrer spezifischen Bed\u00fcrfnisse und der Komplexit\u00e4t der Wiederbeschaffung. Erfahren Sie mehr \u00fcber die Preise f\u00fcr die Wiederbeschaffung von Krypto-Wallets.  <\/p>\n<h2>Was ist, wenn ich keine Informationen habe oder mir nicht sicher bin, ob ich die richtigen Dateien\/Daten habe?<\/h2>\n<p>Wenn Sie Ihre Seed-Phrase oder Ihre Backup-Datei verloren haben oder ein Ger\u00e4t mit Ihrem privaten Schl\u00fcssel\/Backup weggeworfen haben, wird der Wiederherstellungsprozess extrem schwierig. In einigen F\u00e4llen, z.B. bei Diensten wie Blockchain.com, k\u00f6nnen wir Ihnen helfen, Ihre Backup-Dateien wiederherzustellen. Au\u00dferdem k\u00f6nnen wir manchmal gel\u00f6schte Dateien von alten Festplatten wiederherstellen.  <\/p>\n<p>Wenn Sie jedoch den Zugriff auf Ihre privaten Daten oder Ihr Backup vollst\u00e4ndig verloren haben, k\u00f6nnen weder wir noch ein anderer Wiederherstellungsdienst etwas tun, um Ihnen zu helfen, wieder Zugriff auf Ihre Kryptow\u00e4hrung zu erhalten.<\/p>\n<p><strong>Bitte beachten Sie:<\/strong> Einige Geldb\u00f6rsen erfordern oder bieten unterschiedliche Sicherungs- und Wiederherstellungsmethoden an. Wenn Sie sich nicht sicher sind, ob Sie die notwendigen Informationen haben, k\u00f6nnen wir Ihnen helfen zu bestimmen, ob eine Wiederherstellung m\u00f6glich ist.  Sie k\u00f6nnen uns gerne <a href=\"https:\/\/cryptorecovers.com\/de\/kontakt\/\">kontaktieren<\/a>.<\/p>\n<h2>Wie lange dauert es, mein Krypto-Verm\u00f6gen wiederzuerlangen?<\/h2>\n<p>Die Genesungszeit h\u00e4ngt von den Besonderheiten des jeweiligen Falles ab, kann aber in der Regel zwischen einigen Tagen und mehreren Wochen liegen. Wir werden Sie \u00fcber die Fortschritte auf dem Laufenden halten und Ihnen einen gesch\u00e4tzten Zeitrahmen nennen, w\u00e4hrend wir den Prozess durcharbeiten. <\/p>\n<h2>Wie kann ich Ihnen vertrauen?<\/h2>\n<p>Wir sind ein registriertes und v\u00f6llig seri\u00f6ses Unternehmen, das sich der Bereitstellung ethischer und transparenter Dienstleistungen verschrieben hat. Ihr Geld ist bei uns sicher, denn wir halten uns an strenge Sicherheitsprotokolle, um die Sicherheit Ihres Verm\u00f6gens zu gew\u00e4hrleisten. <\/p>\n<p>Vor der Einleitung eines Beitreibungsverfahrens unterzeichnen sowohl der Kunde als auch Crypto Recovers einen detaillierten Vertrag, in dem alle Bedingungen, einschlie\u00dflich der Informationen \u00fcber unser Unternehmen, aufgef\u00fchrt sind.<\/p>\n<p>Au\u00dferdem k\u00f6nnen Sie unsere Kanzlei nach Terminvereinbarung besuchen, um Ihren Fall pers\u00f6nlich zu besprechen.<\/p>\n<h2>Welche Arten von Kryptow\u00e4hrungen k\u00f6nnen Sie eintreiben?<\/h2>\n<p>Wir sind auf die Wiederbeschaffung der meisten wichtigen Kryptow\u00e4hrungen spezialisiert, darunter Bitcoin, Ethereum, Dogecoin und andere Altcoins. Wenn Sie Hilfe bei einer bestimmten Art von Kryptow\u00e4hrung ben\u00f6tigen, kontaktieren Sie uns bitte f\u00fcr weitere Details. <\/p>\n<h2>K\u00f6nnen Sie bei der Wiederbeschaffung von Verm\u00f6genswerten helfen, die durch einen Betrug gestohlen wurden oder verloren gegangen sind?<\/h2>\n<p>Ja, wir haben Erfahrung darin, Menschen in die richtige Richtung zu leiten, um ihre durch Betrug oder Diebstahl verlorenen Verm\u00f6genswerte wiederzuerlangen. Auch wenn der Erfolg von den Umst\u00e4nden abh\u00e4ngt, z\u00f6gern Sie nicht, uns eine Nachricht zu hinterlassen, damit wir Ihnen bei der Wiederbeschaffung behilflich sein k\u00f6nnen. <\/p>\n<h2>Muss ich alle meine Passw\u00f6rter angeben, um meine Kryptow\u00e4hrung wiederherzustellen?<\/h2>\n<p>Nein, Sie m\u00fcssen nicht alle Ihre Passw\u00f6rter angeben. Wir ben\u00f6tigen nur die wichtigsten Informationen zu Ihrer Brieftasche und legen w\u00e4hrend des gesamten Wiederherstellungsprozesses gr\u00f6\u00dften Wert auf Ihre Privatsph\u00e4re und Sicherheit. <\/p>\n<p>Bitte geben Sie KEINE privaten Informationen oder Passw\u00f6rter weiter, bevor der Vertrag unterzeichnet ist.<\/p>\n<h2>Wie gew\u00e4hrleisten Sie die Sicherheit meiner Verm\u00f6genswerte w\u00e4hrend der Wiederherstellung?<\/h2>\n<p>Wir stellen Ihre Sicherheit in den Vordergrund, indem wir verschl\u00fcsselte Methoden f\u00fcr den Umgang mit Ihren Informationen und Verm\u00f6genswerten verwenden. Unser Team h\u00e4lt sich an die besten Praktiken der Branche und gew\u00e4hrleistet, dass Ihre Daten und Gelder w\u00e4hrend des gesamten Wiederherstellungsprozesses gesch\u00fctzt bleiben. Bevor wir beginnen, werden alle Bedingungen und Vereinbarungen klar in einem Vertrag festgehalten, den beide Parteien unterzeichnen.  <\/p>\n<p>[\/et_pb_text][et_pb_button button_url=&#8220;https:\/\/cryptorecovers.com\/de\/kontakt\/&#8220; button_text=&#8220;Beginnen Sie&#8220; button_alignment=&#8220;center&#8220; _builder_version=&#8220;4.27.4&#8243; custom_button=&#8220;on&#8220; button_text_size=&#8220;13px&#8220; button_text_color=&#8220;#ffffff&#8220; button_bg_color=&#8220;#1b1f50&#8243; button_border_width=&#8220;10px&#8220; button_border_color=&#8220;#1b1f50&#8243; button_border_radius=&#8220;5px&#8220; button_letter_spacing=&#8220;2px&#8220; button_font=&#8220;Titillium Web|700||on|||||&#8220; background_layout=&#8220;dark&#8220; custom_margin=&#8220;70px||13px||false|false&#8220; custom_padding=&#8220;||||false|false&#8220; box_shadow_style=&#8220;preset3&#8243; button_letter_spacing_hover=&#8220;2px&#8220; locked=&#8220;off&#8220; global_colors_info=&#8220;{}&#8220; button_text_size__hover_enabled=&#8220;off&#8220; button_one_text_size__hover_enabled=&#8220;off&#8220; button_two_text_size__hover_enabled=&#8220;off&#8220; button_text_color__hover_enabled=&#8220;off&#8220; button_one_text_color__hover_enabled=&#8220;off&#8220; button_two_text_color__hover_enabled=&#8220;off&#8220; button_border_width__hover_enabled=&#8220;off&#8220; button_one_border_width__hover_enabled=&#8220;off&#8220; button_two_border_width__hover_enabled=&#8220;off&#8220; button_border_color__hover_enabled=&#8220;off&#8220; button_one_border_color__hover_enabled=&#8220;off&#8220; button_two_border_color__hover_enabled=&#8220;off&#8220; button_border_radius__hover_enabled=&#8220;off&#8220; button_one_border_radius__hover_enabled=&#8220;off&#8220; button_two_border_radius__hover_enabled=&#8220;off&#8220; button_letter_spacing__hover_enabled=&#8220;on&#8220; button_letter_spacing__hover=&#8220;2px&#8220; button_one_letter_spacing__hover_enabled=&#8220;off&#8220; button_two_letter_spacing__hover_enabled=&#8220;off&#8220; button_bg_color__hover_enabled=&#8220;off&#8220; button_one_bg_color__hover_enabled=&#8220;off&#8220; button_two_bg_color__hover_enabled=&#8220;off&#8220;][\/et_pb_button][et_pb_button button_url=&#8220;https:\/\/cryptorecovers.com\/de\/uber-uns\/#team&#8220; button_text=&#8220;Treffen Sie unser Team&#8220; button_alignment=&#8220;center&#8220; disabled_on=&#8220;off|off|off&#8220; _builder_version=&#8220;4.27.3&#8243; custom_button=&#8220;on&#8220; button_text_size=&#8220;13px&#8220; button_text_color=&#8220;#000000&#8243; button_border_width=&#8220;0px&#8220; button_border_color=&#8220;RGBA(255,255,255,0)&#8220; button_border_radius=&#8220;0px&#8220; button_letter_spacing=&#8220;2px&#8220; button_font=&#8220;Titillium Web|700||on|||||&#8220; button_on_hover=&#8220;off&#8220; background_layout=&#8220;dark&#8220; custom_margin=&#8220;10px||||false|false&#8220; button_letter_spacing_hover=&#8220;2px&#8220; locked=&#8220;off&#8220; global_colors_info=&#8220;{}&#8220; button_text_size__hover_enabled=&#8220;off&#8220; button_one_text_size__hover_enabled=&#8220;off&#8220; button_two_text_size__hover_enabled=&#8220;off&#8220; button_text_color__hover_enabled=&#8220;off&#8220; button_one_text_color__hover_enabled=&#8220;off&#8220; button_two_text_color__hover_enabled=&#8220;off&#8220; button_border_width__hover_enabled=&#8220;off&#8220; button_one_border_width__hover_enabled=&#8220;off&#8220; button_two_border_width__hover_enabled=&#8220;off&#8220; button_border_color__hover_enabled=&#8220;off&#8220; button_one_border_color__hover_enabled=&#8220;off&#8220; button_two_border_color__hover_enabled=&#8220;off&#8220; button_border_radius__hover_enabled=&#8220;off&#8220; button_one_border_radius__hover_enabled=&#8220;off&#8220; button_two_border_radius__hover_enabled=&#8220;off&#8220; button_letter_spacing__hover_enabled=&#8220;on|hover&#8220; button_letter_spacing__hover=&#8220;2.3px&#8220; button_one_letter_spacing__hover_enabled=&#8220;off&#8220; button_two_letter_spacing__hover_enabled=&#8220;off&#8220; button_bg_color__hover_enabled=&#8220;off&#8220; button_one_bg_color__hover_enabled=&#8220;off&#8220; button_two_bg_color__hover_enabled=&#8220;off&#8220;][\/et_pb_button][\/et_pb_column][\/et_pb_row][\/et_pb_section]<\/p>\n","protected":false},"excerpt":{"rendered":"<p>Wie kann ich mein Krypto-Verm\u00f6gen wiedererlangen? Wir beginnen damit, Ihre spezielle Situation zu verstehen und sammeln die notwendigen Details, wie z.B. die Transaktionshistorie oder Informationen \u00fcber Ihre Brieftasche. Unser Team setzt fortschrittliche Tools und Techniken ein, um den Zugang zu Ihren Krypto-Verm\u00f6genswerten wiederherzustellen, wobei wir Ihre Sicherheit und Privatsph\u00e4re w\u00e4hrend des gesamten Prozesses gew\u00e4hrleisten. Wie [&hellip;]<\/p>\n","protected":false},"author":1,"featured_media":0,"parent":0,"menu_order":0,"comment_status":"closed","ping_status":"closed","template":"","meta":{"_et_pb_use_builder":"on","_et_pb_old_content":"","_et_gb_content_width":"","footnotes":""},"class_list":["post-242955","page","type-page","status-publish","hentry"],"yoast_head":"<!-- This site is optimized with the Yoast SEO Premium plugin v27.1 (Yoast SEO v27.1.1) - https:\/\/yoast.com\/product\/yoast-seo-premium-wordpress\/ -->\n<title>H\u00e4ufig gestellte Fragen - Cryptorecovers.com<\/title>\n<meta name=\"robots\" content=\"index, follow, max-snippet:-1, max-image-preview:large, max-video-preview:-1\" \/>\n<link rel=\"canonical\" href=\"https:\/\/cryptorecovers.com\/de\/haufig-gestellte-fragen\/\" \/>\n<meta property=\"og:locale\" content=\"de_DE\" \/>\n<meta property=\"og:type\" content=\"article\" \/>\n<meta property=\"og:title\" content=\"H\u00e4ufig gestellte Fragen\" \/>\n<meta property=\"og:description\" content=\"Wie kann ich mein Krypto-Verm\u00f6gen wiedererlangen? Wir beginnen damit, Ihre spezielle Situation zu verstehen und sammeln die notwendigen Details, wie z.B. die Transaktionshistorie oder Informationen \u00fcber Ihre Brieftasche. Unser Team setzt fortschrittliche Tools und Techniken ein, um den Zugang zu Ihren Krypto-Verm\u00f6genswerten wiederherzustellen, wobei wir Ihre Sicherheit und Privatsph\u00e4re w\u00e4hrend des gesamten Prozesses gew\u00e4hrleisten. Wie [&hellip;]\" \/>\n<meta property=\"og:url\" content=\"https:\/\/cryptorecovers.com\/de\/haufig-gestellte-fragen\/\" \/>\n<meta property=\"og:site_name\" content=\"Crypto Recovers\" \/>\n<meta property=\"article:publisher\" content=\"https:\/\/www.facebook.com\/profile.php?id=61555829150179\" \/>\n<meta property=\"article:modified_time\" content=\"2025-04-02T17:47:24+00:00\" \/>\n<meta property=\"og:image\" content=\"https:\/\/cryptorecovers.com\/wp-content\/uploads\/2023\/12\/Cryptorecovers-Wallet-recovery-thumbnail.jpg\" \/>\n\t<meta property=\"og:image:width\" content=\"1200\" \/>\n\t<meta property=\"og:image:height\" content=\"628\" \/>\n\t<meta property=\"og:image:type\" content=\"image\/jpeg\" \/>\n<meta name=\"twitter:card\" content=\"summary_large_image\" \/>\n<meta name=\"twitter:site\" content=\"@xcryptorecovers\" \/>\n<meta name=\"twitter:label1\" content=\"Gesch\u00e4tzte Lesezeit\" \/>\n\t<meta name=\"twitter:data1\" content=\"8\u00a0Minuten\" \/>\n<script type=\"application\/ld+json\" class=\"yoast-schema-graph\">{\"@context\":\"https:\/\/schema.org\",\"@graph\":[{\"@type\":\"WebPage\",\"@id\":\"https:\/\/cryptorecovers.com\/de\/haufig-gestellte-fragen\/\",\"url\":\"https:\/\/cryptorecovers.com\/de\/haufig-gestellte-fragen\/\",\"name\":\"H\u00e4ufig gestellte Fragen - Cryptorecovers.com\",\"isPartOf\":{\"@id\":\"https:\/\/cryptorecovers.com\/de\/#website\"},\"datePublished\":\"2024-12-20T03:09:13+00:00\",\"dateModified\":\"2025-04-02T17:47:24+00:00\",\"inLanguage\":\"de\",\"potentialAction\":[{\"@type\":\"ReadAction\",\"target\":[\"https:\/\/cryptorecovers.com\/de\/haufig-gestellte-fragen\/\"]}]},{\"@type\":\"WebSite\",\"@id\":\"https:\/\/cryptorecovers.com\/de\/#website\",\"url\":\"https:\/\/cryptorecovers.com\/de\/\",\"name\":\"Crypto Recovers\",\"description\":\"Crypto Recovery Services\",\"publisher\":{\"@id\":\"https:\/\/cryptorecovers.com\/de\/#organization\"},\"potentialAction\":[{\"@type\":\"SearchAction\",\"target\":{\"@type\":\"EntryPoint\",\"urlTemplate\":\"https:\/\/cryptorecovers.com\/de\/?s={search_term_string}\"},\"query-input\":{\"@type\":\"PropertyValueSpecification\",\"valueRequired\":true,\"valueName\":\"search_term_string\"}}],\"inLanguage\":\"de\"},{\"@type\":[\"Organization\",\"Place\"],\"@id\":\"https:\/\/cryptorecovers.com\/de\/#organization\",\"name\":\"Crypto Recovers\",\"alternateName\":\"Crypto Recovers \u2013 Crypto Wallet Recovery Services\",\"url\":\"https:\/\/cryptorecovers.com\/de\/\",\"logo\":{\"@id\":\"https:\/\/cryptorecovers.com\/de\/haufig-gestellte-fragen\/#local-main-organization-logo\"},\"image\":{\"@id\":\"https:\/\/cryptorecovers.com\/de\/haufig-gestellte-fragen\/#local-main-organization-logo\"},\"sameAs\":[\"https:\/\/www.facebook.com\/profile.php?id=61555829150179\",\"https:\/\/x.com\/xcryptorecovers\",\"https:\/\/www.linkedin.com\/company\/101478432\/\",\"https:\/\/www.youtube.com\/@cryptorecovers\"],\"description\":\"Crypto Recovers is a specialized cryptocurrency wallet recovery service that helps individuals and businesses regain access to lost or inaccessible crypto wallets, including cases involving forgotten passwords, incomplete recovery phrases, and corrupted wallet data.\",\"legalName\":\"Crypto Recovers\",\"foundingDate\":\"2019-05-27\",\"numberOfEmployees\":{\"@type\":\"QuantitativeValue\",\"minValue\":\"1\",\"maxValue\":\"10\"},\"address\":{\"@id\":\"https:\/\/cryptorecovers.com\/de\/haufig-gestellte-fragen\/#local-main-place-address\"},\"telephone\":[\"+31851091211\"],\"contactPoint\":{\"@type\":\"ContactPoint\",\"telephone\":\"+31851091211\",\"email\":\"support@cryptorecovers.com\"},\"openingHoursSpecification\":{\"@type\":\"OpeningHoursSpecification\",\"dayOfWeek\":[\"Monday\",\"Tuesday\",\"Wednesday\",\"Thursday\",\"Friday\",\"Saturday\",\"Sunday\"],\"opens\":\"00:00\",\"closes\":\"23:59\"},\"email\":\"support@cryptorecovers.com\",\"areaServed\":\"Worldwide\",\"vatID\":\"NL003031083B24\",\"publishingPrinciples\":\"https:\/\/cryptorecovers.com\/de\/veroffentlichungsprinzipien\/\",\"ethicsPolicy\":\"https:\/\/cryptorecovers.com\/de\/ethik-politik\/\",\"actionableFeedbackPolicy\":\"https:\/\/cryptorecovers.com\/de\/umsetzbare-feedback-richtlinie\/\"},{\"@type\":\"PostalAddress\",\"@id\":\"https:\/\/cryptorecovers.com\/de\/haufig-gestellte-fragen\/#local-main-place-address\",\"streetAddress\":\"Louis Braillelaan 80\",\"addressLocality\":\"Zoetermeer\",\"postalCode\":\"2719 EK\",\"addressRegion\":\"Zuid-Holland\",\"addressCountry\":\"NL\"},{\"@type\":\"ImageObject\",\"inLanguage\":\"de\",\"@id\":\"https:\/\/cryptorecovers.com\/de\/haufig-gestellte-fragen\/#local-main-organization-logo\",\"url\":\"https:\/\/cryptorecovers.com\/wp-content\/uploads\/2025\/09\/favicon_website_cr.png\",\"contentUrl\":\"https:\/\/cryptorecovers.com\/wp-content\/uploads\/2025\/09\/favicon_website_cr.png\",\"width\":500,\"height\":500,\"caption\":\"Crypto Recovers\"}]}<\/script>\n<meta name=\"geo.placename\" content=\"Zoetermeer\" \/>\n<meta name=\"geo.region\" content=\"Niederlande\" \/>\n<!-- \/ Yoast SEO Premium plugin. -->","yoast_head_json":{"title":"H\u00e4ufig gestellte Fragen - Cryptorecovers.com","robots":{"index":"index","follow":"follow","max-snippet":"max-snippet:-1","max-image-preview":"max-image-preview:large","max-video-preview":"max-video-preview:-1"},"canonical":"https:\/\/cryptorecovers.com\/de\/haufig-gestellte-fragen\/","og_locale":"de_DE","og_type":"article","og_title":"H\u00e4ufig gestellte Fragen","og_description":"Wie kann ich mein Krypto-Verm\u00f6gen wiedererlangen? Wir beginnen damit, Ihre spezielle Situation zu verstehen und sammeln die notwendigen Details, wie z.B. die Transaktionshistorie oder Informationen \u00fcber Ihre Brieftasche. Unser Team setzt fortschrittliche Tools und Techniken ein, um den Zugang zu Ihren Krypto-Verm\u00f6genswerten wiederherzustellen, wobei wir Ihre Sicherheit und Privatsph\u00e4re w\u00e4hrend des gesamten Prozesses gew\u00e4hrleisten. Wie [&hellip;]","og_url":"https:\/\/cryptorecovers.com\/de\/haufig-gestellte-fragen\/","og_site_name":"Crypto Recovers","article_publisher":"https:\/\/www.facebook.com\/profile.php?id=61555829150179","article_modified_time":"2025-04-02T17:47:24+00:00","og_image":[{"width":1200,"height":628,"url":"https:\/\/cryptorecovers.com\/wp-content\/uploads\/2023\/12\/Cryptorecovers-Wallet-recovery-thumbnail.jpg","type":"image\/jpeg"}],"twitter_card":"summary_large_image","twitter_site":"@xcryptorecovers","twitter_misc":{"Gesch\u00e4tzte Lesezeit":"8\u00a0Minuten"},"schema":{"@context":"https:\/\/schema.org","@graph":[{"@type":"WebPage","@id":"https:\/\/cryptorecovers.com\/de\/haufig-gestellte-fragen\/","url":"https:\/\/cryptorecovers.com\/de\/haufig-gestellte-fragen\/","name":"H\u00e4ufig gestellte Fragen - Cryptorecovers.com","isPartOf":{"@id":"https:\/\/cryptorecovers.com\/de\/#website"},"datePublished":"2024-12-20T03:09:13+00:00","dateModified":"2025-04-02T17:47:24+00:00","inLanguage":"de","potentialAction":[{"@type":"ReadAction","target":["https:\/\/cryptorecovers.com\/de\/haufig-gestellte-fragen\/"]}]},{"@type":"WebSite","@id":"https:\/\/cryptorecovers.com\/de\/#website","url":"https:\/\/cryptorecovers.com\/de\/","name":"Crypto Recovers","description":"Crypto Recovery Services","publisher":{"@id":"https:\/\/cryptorecovers.com\/de\/#organization"},"potentialAction":[{"@type":"SearchAction","target":{"@type":"EntryPoint","urlTemplate":"https:\/\/cryptorecovers.com\/de\/?s={search_term_string}"},"query-input":{"@type":"PropertyValueSpecification","valueRequired":true,"valueName":"search_term_string"}}],"inLanguage":"de"},{"@type":["Organization","Place"],"@id":"https:\/\/cryptorecovers.com\/de\/#organization","name":"Crypto Recovers","alternateName":"Crypto Recovers \u2013 Crypto Wallet Recovery Services","url":"https:\/\/cryptorecovers.com\/de\/","logo":{"@id":"https:\/\/cryptorecovers.com\/de\/haufig-gestellte-fragen\/#local-main-organization-logo"},"image":{"@id":"https:\/\/cryptorecovers.com\/de\/haufig-gestellte-fragen\/#local-main-organization-logo"},"sameAs":["https:\/\/www.facebook.com\/profile.php?id=61555829150179","https:\/\/x.com\/xcryptorecovers","https:\/\/www.linkedin.com\/company\/101478432\/","https:\/\/www.youtube.com\/@cryptorecovers"],"description":"Crypto Recovers is a specialized cryptocurrency wallet recovery service that helps individuals and businesses regain access to lost or inaccessible crypto wallets, including cases involving forgotten passwords, incomplete recovery phrases, and corrupted wallet data.","legalName":"Crypto Recovers","foundingDate":"2019-05-27","numberOfEmployees":{"@type":"QuantitativeValue","minValue":"1","maxValue":"10"},"address":{"@id":"https:\/\/cryptorecovers.com\/de\/haufig-gestellte-fragen\/#local-main-place-address"},"telephone":["+31851091211"],"contactPoint":{"@type":"ContactPoint","telephone":"+31851091211","email":"support@cryptorecovers.com"},"openingHoursSpecification":{"@type":"OpeningHoursSpecification","dayOfWeek":["Monday","Tuesday","Wednesday","Thursday","Friday","Saturday","Sunday"],"opens":"00:00","closes":"23:59"},"email":"support@cryptorecovers.com","areaServed":"Worldwide","vatID":"NL003031083B24","publishingPrinciples":"https:\/\/cryptorecovers.com\/de\/veroffentlichungsprinzipien\/","ethicsPolicy":"https:\/\/cryptorecovers.com\/de\/ethik-politik\/","actionableFeedbackPolicy":"https:\/\/cryptorecovers.com\/de\/umsetzbare-feedback-richtlinie\/"},{"@type":"PostalAddress","@id":"https:\/\/cryptorecovers.com\/de\/haufig-gestellte-fragen\/#local-main-place-address","streetAddress":"Louis Braillelaan 80","addressLocality":"Zoetermeer","postalCode":"2719 EK","addressRegion":"Zuid-Holland","addressCountry":"NL"},{"@type":"ImageObject","inLanguage":"de","@id":"https:\/\/cryptorecovers.com\/de\/haufig-gestellte-fragen\/#local-main-organization-logo","url":"https:\/\/cryptorecovers.com\/wp-content\/uploads\/2025\/09\/favicon_website_cr.png","contentUrl":"https:\/\/cryptorecovers.com\/wp-content\/uploads\/2025\/09\/favicon_website_cr.png","width":500,"height":500,"caption":"Crypto Recovers"}]},"geo.placename":"Zoetermeer","geo.region":"Niederlande"},"_links":{"self":[{"href":"https:\/\/cryptorecovers.com\/de\/wp-json\/wp\/v2\/pages\/242955","targetHints":{"allow":["GET"]}}],"collection":[{"href":"https:\/\/cryptorecovers.com\/de\/wp-json\/wp\/v2\/pages"}],"about":[{"href":"https:\/\/cryptorecovers.com\/de\/wp-json\/wp\/v2\/types\/page"}],"author":[{"embeddable":true,"href":"https:\/\/cryptorecovers.com\/de\/wp-json\/wp\/v2\/users\/1"}],"replies":[{"embeddable":true,"href":"https:\/\/cryptorecovers.com\/de\/wp-json\/wp\/v2\/comments?post=242955"}],"version-history":[{"count":37,"href":"https:\/\/cryptorecovers.com\/de\/wp-json\/wp\/v2\/pages\/242955\/revisions"}],"predecessor-version":[{"id":250143,"href":"https:\/\/cryptorecovers.com\/de\/wp-json\/wp\/v2\/pages\/242955\/revisions\/250143"}],"wp:attachment":[{"href":"https:\/\/cryptorecovers.com\/de\/wp-json\/wp\/v2\/media?parent=242955"}],"curies":[{"name":"wp","href":"https:\/\/api.w.org\/{rel}","templated":true}]}}