{"id":241807,"date":"2024-12-19T00:58:32","date_gmt":"2024-12-19T00:58:32","guid":{"rendered":"https:\/\/cryptorecovers.com\/ethik-politik\/"},"modified":"2024-12-19T00:58:35","modified_gmt":"2024-12-19T00:58:35","slug":"ethik-politik","status":"publish","type":"page","link":"https:\/\/cryptorecovers.com\/de\/ethik-politik\/","title":{"rendered":"Ethik-Politik"},"content":{"rendered":"<p>[et_pb_section fb_built=&#8220;1&#8243; fullwidth=&#8220;on&#8220; admin_label=&#8220;Hero Section&#8220; _builder_version=&#8220;4.16&#8243; background_color=&#8220;#101535&#8243; background_image=&#8220;https:\/\/cryptorecovers.com\/wp-content\/uploads\/2023\/02\/crypto-bg-02.png&#8220; parallax=&#8220;on&#8220; custom_margin=&#8220;|||&#8220; custom_padding=&#8220;|||&#8220; locked=&#8220;off&#8220; global_colors_info=&#8220;{}&#8220; theme_builder_area=&#8220;post_content&#8220;][et_pb_fullwidth_header title=&#8220;Ethik-Politik&#8220; text_orientation=&#8220;center&#8220; _builder_version=&#8220;4.27.0&#8243; title_font=&#8220;Poppins||||||||&#8220; title_font_size=&#8220;66px&#8220; title_line_height=&#8220;1.5em&#8220; content_font=&#8220;||||||||&#8220; content_font_size=&#8220;18px&#8220; content_line_height=&#8220;2em&#8220; background_enable_color=&#8220;off&#8220; background_position=&#8220;bottom_center&#8220; custom_button_one=&#8220;on&#8220; button_one_text_size=&#8220;13px&#8220; button_one_bg_color=&#8220;#4328b7&#8243; button_one_border_width=&#8220;10px&#8220; button_one_border_color=&#8220;#4328b7&#8243; button_one_border_radius=&#8220;0px&#8220; button_one_letter_spacing=&#8220;2px&#8220; button_one_font=&#8220;Titillium Web|700||on|||||&#8220; custom_button_two=&#8220;on&#8220; button_two_text_size=&#8220;13px&#8220; button_two_text_color=&#8220;#4328b7&#8243; button_two_bg_color=&#8220;#ffffff&#8220; button_two_border_width=&#8220;10px&#8220; button_two_border_color=&#8220;#ffffff&#8220; button_two_border_radius=&#8220;0px&#8220; button_two_letter_spacing=&#8220;2px&#8220; button_two_font=&#8220;Titillium Web|700||on|||||&#8220; custom_margin=&#8220;|||&#8220; custom_padding=&#8220;140px||4vw||false|false&#8220; custom_padding_tablet=&#8220;100px||||false|false&#8220; custom_padding_phone=&#8220;110px||||false|false&#8220; custom_padding_last_edited=&#8220;on|desktop&#8220; animation_direction=&#8220;bottom&#8220; title_font_size_tablet=&#8220;40px&#8220; title_font_size_phone=&#8220;&#8220; title_font_size_last_edited=&#8220;on|phone&#8220; content_font_size_tablet=&#8220;&#8220; content_font_size_phone=&#8220;15px&#8220; content_font_size_last_edited=&#8220;on|phone&#8220; button_one_letter_spacing_hover=&#8220;2px&#8220; button_two_letter_spacing_hover=&#8220;2px&#8220; global_colors_info=&#8220;{}&#8220; button_one_text_size__hover_enabled=&#8220;off&#8220; button_two_text_size__hover_enabled=&#8220;off&#8220; button_one_text_color__hover_enabled=&#8220;off&#8220; button_two_text_color__hover_enabled=&#8220;off&#8220; button_one_border_width__hover_enabled=&#8220;off&#8220; button_two_border_width__hover_enabled=&#8220;off&#8220; button_one_border_color__hover_enabled=&#8220;off&#8220; button_two_border_color__hover_enabled=&#8220;off&#8220; button_one_border_radius__hover_enabled=&#8220;off&#8220; button_two_border_radius__hover_enabled=&#8220;off&#8220; button_one_letter_spacing__hover_enabled=&#8220;on&#8220; button_one_letter_spacing__hover=&#8220;2px&#8220; button_two_letter_spacing__hover_enabled=&#8220;on&#8220; button_two_letter_spacing__hover=&#8220;2px&#8220; button_one_bg_color__hover_enabled=&#8220;off&#8220; button_two_bg_color__hover_enabled=&#8220;off&#8220; theme_builder_area=&#8220;post_content&#8220;][\/et_pb_fullwidth_header][\/et_pb_section][et_pb_section fb_built=&#8220;1&#8243; fullwidth=&#8220;on&#8220; admin_label=&#8220;Hero Section&#8220; _builder_version=&#8220;4.27.0&#8243; background_enable_color=&#8220;off&#8220; background_enable_image=&#8220;off&#8220; parallax=&#8220;on&#8220; custom_margin=&#8220;|||&#8220; custom_padding=&#8220;|||&#8220; global_colors_info=&#8220;{}&#8220; theme_builder_area=&#8220;post_content&#8220;][et_pb_fullwidth_header _builder_version=&#8220;4.27.4&#8243; title_font=&#8220;Poppins|600|||||||&#8220; title_text_color=&#8220;#000000&#8243; title_font_size=&#8220;39px&#8220; title_line_height=&#8220;1.5em&#8220; content_font=&#8220;||||||||&#8220; content_text_color=&#8220;#000000&#8243; content_font_size=&#8220;17px&#8220; content_line_height=&#8220;2em&#8220; background_color=&#8220;rgba(0,0,0,0)&#8220; background_enable_image=&#8220;off&#8220; background_position=&#8220;bottom_center&#8220; custom_button_one=&#8220;on&#8220; button_one_text_size=&#8220;13px&#8220; button_one_bg_color=&#8220;#4328b7&#8243; button_one_border_width=&#8220;10px&#8220; button_one_border_color=&#8220;#4328b7&#8243; button_one_border_radius=&#8220;0px&#8220; button_one_letter_spacing=&#8220;2px&#8220; button_one_font=&#8220;Titillium Web|700||on|||||&#8220; custom_button_two=&#8220;on&#8220; button_two_text_size=&#8220;13px&#8220; button_two_text_color=&#8220;#4328b7&#8243; button_two_bg_color=&#8220;#ffffff&#8220; button_two_border_width=&#8220;10px&#8220; button_two_border_color=&#8220;#ffffff&#8220; button_two_border_radius=&#8220;0px&#8220; button_two_letter_spacing=&#8220;2px&#8220; button_two_font=&#8220;Titillium Web|700||on|||||&#8220; width_phone=&#8220;100%&#8220; width_last_edited=&#8220;off|phone&#8220; max_width_phone=&#8220;100%&#8220; max_width_last_edited=&#8220;off|phone&#8220; custom_margin=&#8220;|||&#8220; custom_padding=&#8220;6vw||8vw||false|&#8220; animation_direction=&#8220;bottom&#8220; hover_enabled=&#8220;0&#8243; title_font_size_tablet=&#8220;34px&#8220; title_font_size_phone=&#8220;26px&#8220; title_font_size_last_edited=&#8220;on|phone&#8220; content_font_size_tablet=&#8220;16px&#8220; content_font_size_phone=&#8220;15px&#8220; content_font_size_last_edited=&#8220;on|phone&#8220; button_one_letter_spacing_hover=&#8220;2px&#8220; button_two_letter_spacing_hover=&#8220;2px&#8220; global_colors_info=&#8220;{}&#8220; button_one_text_size__hover_enabled=&#8220;off&#8220; button_two_text_size__hover_enabled=&#8220;off&#8220; button_one_text_color__hover_enabled=&#8220;off&#8220; button_two_text_color__hover_enabled=&#8220;off&#8220; button_one_border_width__hover_enabled=&#8220;off&#8220; button_two_border_width__hover_enabled=&#8220;off&#8220; button_one_border_color__hover_enabled=&#8220;off&#8220; button_two_border_color__hover_enabled=&#8220;off&#8220; button_one_border_radius__hover_enabled=&#8220;off&#8220; button_two_border_radius__hover_enabled=&#8220;off&#8220; button_one_letter_spacing__hover_enabled=&#8220;on&#8220; button_one_letter_spacing__hover=&#8220;2px&#8220; button_two_letter_spacing__hover_enabled=&#8220;on&#8220; button_two_letter_spacing__hover=&#8220;2px&#8220; button_one_bg_color__hover_enabled=&#8220;off&#8220; button_two_bg_color__hover_enabled=&#8220;off&#8220; theme_builder_area=&#8220;post_content&#8220; sticky_enabled=&#8220;0&#8243; title_level=&#8220;h4&#8243; background_layout=&#8220;light&#8220;]<\/p>\n<p>Wir von <strong>Crypto Recovers<\/strong> sind fest entschlossen, unsere Gesch\u00e4fte nach den h\u00f6chsten ethischen Standards zu f\u00fchren. Unsere <strong>Ethikrichtlinien<\/strong> spiegeln unser Engagement f\u00fcr Ehrlichkeit, Integrit\u00e4t und Verantwortung in jedem Aspekt unserer Dienstleistungen wider. Wir glauben, dass wir durch die Einhaltung strenger ethischer Grunds\u00e4tze nicht nur effektive Wallet-Rettungsdienste anbieten k\u00f6nnen, sondern auch dauerhaftes Vertrauen bei unseren Nutzern aufbauen k\u00f6nnen.  <\/p>\n<p>&nbsp;<\/p>\n<h3><strong>Verpflichtung zur Integrit\u00e4t<\/strong><\/h3>\n<p>Integrit\u00e4t ist der Eckpfeiler von allem, was wir bei <strong>Crypto Recovers<\/strong> tun. Wir sind bestrebt, ehrliche und transparente Wallet-Wiederherstellungsdienste anzubieten, die Nutzern helfen, ihre wertvollen digitalen Verm\u00f6genswerte mit Vertrauen wiederzuerlangen. Egal, ob es sich um eine <strong>Ethereum-<\/strong> oder <strong>Bitcoin-Wallet-Wiederherstellung<\/strong> handelt, wir garantieren, dass jede unserer Handlungen auf unseren Grundwerten Fairness, Wahrhaftigkeit und Zuverl\u00e4ssigkeit basiert.  <\/p>\n<p>&nbsp;<\/p>\n<ul>\n<li>Wir <strong>versprechen niemals eine garantierte Wiederherstellung<\/strong>, es sei denn, sie liegt im Rahmen unserer M\u00f6glichkeiten, so dass wir bei allen unseren Interaktionen volle Transparenz gew\u00e4hrleisten. Wenn die Wiederbeschaffung einer Brieftasche unwahrscheinlich oder unm\u00f6glich ist, geben wir dem Kunden eine ehrliche R\u00fcckmeldung \u00fcber die m\u00f6glichen Erfolgsaussichten und geben ihm die Informationen, die er f\u00fcr eine fundierte Entscheidung ben\u00f6tigt. <\/li>\n<\/ul>\n<ul>\n<li>Wir glauben an eine <strong>klare und transparente Kommunikation<\/strong> mit den Nutzern, insbesondere wenn es um die Durchf\u00fchrbarkeit der Wiederherstellung geht. Dies tr\u00e4gt dazu bei, realistische Erwartungen zu schaffen und Missverst\u00e4ndnisse oder Entt\u00e4uschungen w\u00e4hrend des Wiederherstellungsprozesses zu vermeiden. <\/li>\n<\/ul>\n<p>&nbsp;<\/p>\n<h3><strong>Respekt f\u00fcr die Privatsph\u00e4re der Benutzer<\/strong><\/h3>\n<p>Wir bei <strong>Crypto Recovers<\/strong> sind uns der hochsensiblen Natur der Daten, mit denen wir umgehen, bewusst. Die Privatsph\u00e4re der Nutzer hat f\u00fcr uns h\u00f6chste Priorit\u00e4t, und wir unternehmen alle notwendigen Schritte, um pers\u00f6nliche Daten w\u00e4hrend des gesamten Wiederherstellungsprozesses zu sch\u00fctzen. Zu unseren ethischen Richtlinien geh\u00f6ren strenge <strong>Datenschutzma\u00dfnahmen<\/strong>, die sicherstellen, dass alle an uns weitergegebenen Informationen <strong>privat und sicher<\/strong> bleiben.  <\/p>\n<p>&nbsp;<\/p>\n<ul>\n<li>Wir verpflichten uns, <strong>nur die<\/strong> f\u00fcr die Wiederherstellung der Brieftasche <strong>notwendigen Informationen zu sammeln<\/strong> und halten uns streng an die Datenschutzgesetze und -vorschriften.<\/li>\n<li><strong>Transparenz im Umgang mit Daten<\/strong> ist entscheidend: Wir werden niemals pers\u00f6nliche Daten weitergeben, verkaufen oder missbrauchen. Wir geben Benutzerdaten nur dann an Dritte weiter, wenn dies vom Benutzer ausdr\u00fccklich genehmigt wurde oder f\u00fcr den Wiederherstellungsprozess erforderlich ist und in \u00dcbereinstimmung mit unserer <a href=\"https:\/\/cryptorecovers.com\/de\/datenschutzbestimmungen\/\"><strong>Datenschutzrichtlinie<\/strong><\/a>. <\/li>\n<\/ul>\n<p>&nbsp;<\/p>\n<h3><strong>Fairness in der Beitreibungspraxis<\/strong><\/h3>\n<p>Bei <strong>Crypto Recovers<\/strong> sind wir bestrebt, allen unseren Kunden <strong>faire und gerechte Dienstleistungen<\/strong> zu bieten. Unabh\u00e4ngig davon, ob Sie zum ersten Mal zu uns kommen oder bereits Kunde sind, stellen wir sicher, dass alle Anfragen mit Professionalit\u00e4t, Respekt und Fairness behandelt werden. <\/p>\n<p>&nbsp;<\/p>\n<ul>\n<li><strong>Gleiche Behandlung<\/strong>: Unsere ethischen Grunds\u00e4tze stellen sicher, dass wir unvoreingenommene und unparteiische Dienste zur Wiederherstellung von Brieftaschen anbieten. Jeder Nutzer, unabh\u00e4ngig von seinem Hintergrund oder seiner Erfahrung, erh\u00e4lt die bestm\u00f6gliche L\u00f6sung, die auf seine spezifischen Bed\u00fcrfnisse und die jeweilige Situation abgestimmt ist. <\/li>\n<li><strong>Kundenorientierter Ansatz<\/strong>: Wir legen besonderen Wert darauf, die besonderen Umst\u00e4nde jedes Benutzers zu verstehen, um sicherzustellen, dass jeder Wiederherstellungsversuch auf die Bed\u00fcrfnisse des Benutzers und den Zustand der Brieftasche zugeschnitten ist.<\/li>\n<\/ul>\n<p>&nbsp;<\/p>\n<h3><strong>Rechenschaftspflicht und Transparenz<\/strong><\/h3>\n<p>Wir glauben an <strong>Verantwortlichkeit<\/strong> und pflegen eine Kultur der Transparenz in all unseren Aktivit\u00e4ten. Wir sorgen daf\u00fcr, dass unsere Kunden Zugang zu klaren und verst\u00e4ndlichen Informationen \u00fcber unsere Dienstleistungen, Preise und den Wiederherstellungsprozess haben. Wenn Probleme auftauchen, k\u00fcmmern wir uns umgehend und professionell darum, die Zufriedenheit unserer Kunden sicherzustellen und alle Probleme zu l\u00f6sen, die w\u00e4hrend des Wiederherstellungsprozesses auftreten k\u00f6nnten.  <\/p>\n<p>&nbsp;<\/p>\n<ul>\n<li><strong>Klare Bedingungen<\/strong>: Wir informieren unsere Kunden von Anfang an ausf\u00fchrlich \u00fcber die Bedingungen, Preise und Erwartungen, damit es keine \u00dcberraschungen gibt. Dies tr\u00e4gt dazu bei, eine Beziehung aufzubauen, die auf gegenseitigem Vertrauen und Respekt beruht. <\/li>\n<\/ul>\n<p>&nbsp;<\/p>\n<h3><strong>Kontinuierliche Verbesserung<\/strong><\/h3>\n<p>Wir streben in allem, was wir tun, nach Exzellenz, und das schlie\u00dft unsere ethischen Praktiken ein. Wir \u00fcberpr\u00fcfen und aktualisieren unsere <strong>Ethikrichtlinien<\/strong> regelm\u00e4\u00dfig, um den sich entwickelnden Bed\u00fcrfnissen unserer Nutzer, den Ver\u00e4nderungen in der Kryptow\u00e4hrungsbranche und den Fortschritten in Datenschutz und Technologie Rechnung zu tragen. <\/p>\n<p>&nbsp;<\/p>\n<ul>\n<li>Unser Engagement f\u00fcr eine <strong>kontinuierliche Verbesserung<\/strong> stellt sicher, dass wir uns an den h\u00f6chsten Standards ethischer Gesch\u00e4ftspraktiken orientieren.<\/li>\n<\/ul>\n<p>&nbsp;<\/p>\n<h3><strong>Schlussfolgerung<\/strong><\/h3>\n<p>Bei <strong>Crypto Recovers<\/strong> bestimmen unsere Grundwerte <strong>Ehrlichkeit<\/strong>, <strong>Integrit\u00e4t<\/strong> und <strong>Respekt<\/strong> die Art und Weise, wie wir arbeiten. Wir verpflichten uns, in jedem Aspekt unseres Gesch\u00e4fts die h\u00f6chsten ethischen Standards einzuhalten. Unsere Ethikrichtlinien helfen uns dabei, unsere Dienste zur Wiederherstellung von Geldb\u00f6rsen durchzuf\u00fchren, die Privatsph\u00e4re der Nutzer zu sch\u00fctzen und faire und gerechte Praktiken f\u00fcr jeden Kunden zu gew\u00e4hrleisten.  <\/p>\n<p>Wir wissen, wie wichtig es ist, das Vertrauen der Nutzer zu erhalten, und wir bem\u00fchen uns stets um Transparenz, Verantwortungsbewusstsein und Ehrlichkeit in unseren Interaktionen. Vielen Dank, dass Sie <strong>Crypto Recovers<\/strong> f\u00fcr die Wiederherstellung Ihrer Brieftasche gew\u00e4hlt haben. <\/p>\n<p>[\/et_pb_fullwidth_header][\/et_pb_section]<\/p>\n","protected":false},"excerpt":{"rendered":"<p>Wir von Crypto Recovers sind fest entschlossen, unsere Gesch\u00e4fte nach den h\u00f6chsten ethischen Standards zu f\u00fchren. Unsere Ethikrichtlinien spiegeln unser Engagement f\u00fcr Ehrlichkeit, Integrit\u00e4t und Verantwortung in jedem Aspekt unserer Dienstleistungen wider. Wir glauben, dass wir durch die Einhaltung strenger ethischer Grunds\u00e4tze nicht nur effektive Wallet-Rettungsdienste anbieten k\u00f6nnen, sondern auch dauerhaftes Vertrauen bei unseren Nutzern [&hellip;]<\/p>\n","protected":false},"author":1,"featured_media":0,"parent":0,"menu_order":0,"comment_status":"closed","ping_status":"closed","template":"","meta":{"_et_pb_use_builder":"on","_et_pb_old_content":"","_et_gb_content_width":"","footnotes":""},"class_list":["post-241807","page","type-page","status-publish","hentry"],"yoast_head":"<!-- This site is optimized with the Yoast SEO Premium plugin v27.1 (Yoast SEO v27.1.1) - https:\/\/yoast.com\/product\/yoast-seo-premium-wordpress\/ -->\n<title>Ethikrichtlinien - Cryptorecovers.com<\/title>\n<meta name=\"description\" content=\"Informieren Sie sich \u00fcber die Ethikrichtlinien von Cryptorecovers, in denen wir Integrit\u00e4t, Ehrlichkeit und Verantwortung bei allen unseren Wallet-Rettungsdiensten betonen.\" \/>\n<meta name=\"robots\" content=\"index, follow, max-snippet:-1, max-image-preview:large, max-video-preview:-1\" \/>\n<link rel=\"canonical\" href=\"https:\/\/cryptorecovers.com\/de\/ethik-politik\/\" \/>\n<meta property=\"og:locale\" content=\"de_DE\" \/>\n<meta property=\"og:type\" content=\"article\" \/>\n<meta property=\"og:title\" content=\"Ethik-Politik\" \/>\n<meta property=\"og:description\" content=\"Informieren Sie sich \u00fcber die Ethikrichtlinien von Cryptorecovers, in denen wir Integrit\u00e4t, Ehrlichkeit und Verantwortung bei allen unseren Wallet-Rettungsdiensten betonen.\" \/>\n<meta property=\"og:url\" content=\"https:\/\/cryptorecovers.com\/de\/ethik-politik\/\" \/>\n<meta property=\"og:site_name\" content=\"Crypto Recovers\" \/>\n<meta property=\"article:publisher\" content=\"https:\/\/www.facebook.com\/profile.php?id=61555829150179\" \/>\n<meta property=\"article:modified_time\" content=\"2024-12-19T00:58:35+00:00\" \/>\n<meta property=\"og:image\" content=\"https:\/\/cryptorecovers.com\/wp-content\/uploads\/2023\/12\/Cryptorecovers-Wallet-recovery-thumbnail.jpg\" \/>\n\t<meta property=\"og:image:width\" content=\"1200\" \/>\n\t<meta property=\"og:image:height\" content=\"628\" \/>\n\t<meta property=\"og:image:type\" content=\"image\/jpeg\" \/>\n<meta name=\"twitter:card\" content=\"summary_large_image\" \/>\n<meta name=\"twitter:site\" content=\"@xcryptorecovers\" \/>\n<meta name=\"twitter:label1\" content=\"Gesch\u00e4tzte Lesezeit\" \/>\n\t<meta name=\"twitter:data1\" content=\"8\u00a0Minuten\" \/>\n<script type=\"application\/ld+json\" class=\"yoast-schema-graph\">{\"@context\":\"https:\/\/schema.org\",\"@graph\":[{\"@type\":\"WebPage\",\"@id\":\"https:\/\/cryptorecovers.com\/de\/ethik-politik\/\",\"url\":\"https:\/\/cryptorecovers.com\/de\/ethik-politik\/\",\"name\":\"Ethikrichtlinien - Cryptorecovers.com\",\"isPartOf\":{\"@id\":\"https:\/\/cryptorecovers.com\/de\/#website\"},\"datePublished\":\"2024-12-19T00:58:32+00:00\",\"dateModified\":\"2024-12-19T00:58:35+00:00\",\"description\":\"Informieren Sie sich \u00fcber die Ethikrichtlinien von Cryptorecovers, in denen wir Integrit\u00e4t, Ehrlichkeit und Verantwortung bei allen unseren Wallet-Rettungsdiensten betonen.\",\"inLanguage\":\"de\",\"potentialAction\":[{\"@type\":\"ReadAction\",\"target\":[\"https:\/\/cryptorecovers.com\/de\/ethik-politik\/\"]}]},{\"@type\":\"WebSite\",\"@id\":\"https:\/\/cryptorecovers.com\/de\/#website\",\"url\":\"https:\/\/cryptorecovers.com\/de\/\",\"name\":\"Crypto Recovers\",\"description\":\"Crypto Recovery Services\",\"publisher\":{\"@id\":\"https:\/\/cryptorecovers.com\/de\/#organization\"},\"potentialAction\":[{\"@type\":\"SearchAction\",\"target\":{\"@type\":\"EntryPoint\",\"urlTemplate\":\"https:\/\/cryptorecovers.com\/de\/?s={search_term_string}\"},\"query-input\":{\"@type\":\"PropertyValueSpecification\",\"valueRequired\":true,\"valueName\":\"search_term_string\"}}],\"inLanguage\":\"de\"},{\"@type\":[\"Organization\",\"Place\"],\"@id\":\"https:\/\/cryptorecovers.com\/de\/#organization\",\"name\":\"Crypto Recovers\",\"alternateName\":\"Crypto Recovers \u2013 Crypto Wallet Recovery Services\",\"url\":\"https:\/\/cryptorecovers.com\/de\/\",\"logo\":{\"@id\":\"https:\/\/cryptorecovers.com\/de\/ethik-politik\/#local-main-organization-logo\"},\"image\":{\"@id\":\"https:\/\/cryptorecovers.com\/de\/ethik-politik\/#local-main-organization-logo\"},\"sameAs\":[\"https:\/\/www.facebook.com\/profile.php?id=61555829150179\",\"https:\/\/x.com\/xcryptorecovers\",\"https:\/\/www.linkedin.com\/company\/101478432\/\",\"https:\/\/www.youtube.com\/@cryptorecovers\"],\"description\":\"Crypto Recovers is a specialized cryptocurrency wallet recovery service that helps individuals and businesses regain access to lost or inaccessible crypto wallets, including cases involving forgotten passwords, incomplete recovery phrases, and corrupted wallet data.\",\"legalName\":\"Crypto Recovers\",\"foundingDate\":\"2019-05-27\",\"numberOfEmployees\":{\"@type\":\"QuantitativeValue\",\"minValue\":\"1\",\"maxValue\":\"10\"},\"address\":{\"@id\":\"https:\/\/cryptorecovers.com\/de\/ethik-politik\/#local-main-place-address\"},\"telephone\":[\"+31851091211\"],\"contactPoint\":{\"@type\":\"ContactPoint\",\"telephone\":\"+31851091211\",\"email\":\"support@cryptorecovers.com\"},\"openingHoursSpecification\":{\"@type\":\"OpeningHoursSpecification\",\"dayOfWeek\":[\"Monday\",\"Tuesday\",\"Wednesday\",\"Thursday\",\"Friday\",\"Saturday\",\"Sunday\"],\"opens\":\"00:00\",\"closes\":\"23:59\"},\"email\":\"support@cryptorecovers.com\",\"areaServed\":\"Worldwide\",\"vatID\":\"NL003031083B24\",\"publishingPrinciples\":\"https:\/\/cryptorecovers.com\/de\/veroffentlichungsprinzipien\/\",\"ethicsPolicy\":\"https:\/\/cryptorecovers.com\/de\/ethik-politik\/\",\"actionableFeedbackPolicy\":\"https:\/\/cryptorecovers.com\/de\/umsetzbare-feedback-richtlinie\/\"},{\"@type\":\"PostalAddress\",\"@id\":\"https:\/\/cryptorecovers.com\/de\/ethik-politik\/#local-main-place-address\",\"streetAddress\":\"Louis Braillelaan 80\",\"addressLocality\":\"Zoetermeer\",\"postalCode\":\"2719 EK\",\"addressRegion\":\"Zuid-Holland\",\"addressCountry\":\"NL\"},{\"@type\":\"ImageObject\",\"inLanguage\":\"de\",\"@id\":\"https:\/\/cryptorecovers.com\/de\/ethik-politik\/#local-main-organization-logo\",\"url\":\"https:\/\/cryptorecovers.com\/wp-content\/uploads\/2025\/09\/favicon_website_cr.png\",\"contentUrl\":\"https:\/\/cryptorecovers.com\/wp-content\/uploads\/2025\/09\/favicon_website_cr.png\",\"width\":500,\"height\":500,\"caption\":\"Crypto Recovers\"}]}<\/script>\n<meta name=\"geo.placename\" content=\"Zoetermeer\" \/>\n<meta name=\"geo.region\" content=\"Niederlande\" \/>\n<!-- \/ Yoast SEO Premium plugin. -->","yoast_head_json":{"title":"Ethikrichtlinien - Cryptorecovers.com","description":"Informieren Sie sich \u00fcber die Ethikrichtlinien von Cryptorecovers, in denen wir Integrit\u00e4t, Ehrlichkeit und Verantwortung bei allen unseren Wallet-Rettungsdiensten betonen.","robots":{"index":"index","follow":"follow","max-snippet":"max-snippet:-1","max-image-preview":"max-image-preview:large","max-video-preview":"max-video-preview:-1"},"canonical":"https:\/\/cryptorecovers.com\/de\/ethik-politik\/","og_locale":"de_DE","og_type":"article","og_title":"Ethik-Politik","og_description":"Informieren Sie sich \u00fcber die Ethikrichtlinien von Cryptorecovers, in denen wir Integrit\u00e4t, Ehrlichkeit und Verantwortung bei allen unseren Wallet-Rettungsdiensten betonen.","og_url":"https:\/\/cryptorecovers.com\/de\/ethik-politik\/","og_site_name":"Crypto Recovers","article_publisher":"https:\/\/www.facebook.com\/profile.php?id=61555829150179","article_modified_time":"2024-12-19T00:58:35+00:00","og_image":[{"width":1200,"height":628,"url":"https:\/\/cryptorecovers.com\/wp-content\/uploads\/2023\/12\/Cryptorecovers-Wallet-recovery-thumbnail.jpg","type":"image\/jpeg"}],"twitter_card":"summary_large_image","twitter_site":"@xcryptorecovers","twitter_misc":{"Gesch\u00e4tzte Lesezeit":"8\u00a0Minuten"},"schema":{"@context":"https:\/\/schema.org","@graph":[{"@type":"WebPage","@id":"https:\/\/cryptorecovers.com\/de\/ethik-politik\/","url":"https:\/\/cryptorecovers.com\/de\/ethik-politik\/","name":"Ethikrichtlinien - Cryptorecovers.com","isPartOf":{"@id":"https:\/\/cryptorecovers.com\/de\/#website"},"datePublished":"2024-12-19T00:58:32+00:00","dateModified":"2024-12-19T00:58:35+00:00","description":"Informieren Sie sich \u00fcber die Ethikrichtlinien von Cryptorecovers, in denen wir Integrit\u00e4t, Ehrlichkeit und Verantwortung bei allen unseren Wallet-Rettungsdiensten betonen.","inLanguage":"de","potentialAction":[{"@type":"ReadAction","target":["https:\/\/cryptorecovers.com\/de\/ethik-politik\/"]}]},{"@type":"WebSite","@id":"https:\/\/cryptorecovers.com\/de\/#website","url":"https:\/\/cryptorecovers.com\/de\/","name":"Crypto Recovers","description":"Crypto Recovery Services","publisher":{"@id":"https:\/\/cryptorecovers.com\/de\/#organization"},"potentialAction":[{"@type":"SearchAction","target":{"@type":"EntryPoint","urlTemplate":"https:\/\/cryptorecovers.com\/de\/?s={search_term_string}"},"query-input":{"@type":"PropertyValueSpecification","valueRequired":true,"valueName":"search_term_string"}}],"inLanguage":"de"},{"@type":["Organization","Place"],"@id":"https:\/\/cryptorecovers.com\/de\/#organization","name":"Crypto Recovers","alternateName":"Crypto Recovers \u2013 Crypto Wallet Recovery Services","url":"https:\/\/cryptorecovers.com\/de\/","logo":{"@id":"https:\/\/cryptorecovers.com\/de\/ethik-politik\/#local-main-organization-logo"},"image":{"@id":"https:\/\/cryptorecovers.com\/de\/ethik-politik\/#local-main-organization-logo"},"sameAs":["https:\/\/www.facebook.com\/profile.php?id=61555829150179","https:\/\/x.com\/xcryptorecovers","https:\/\/www.linkedin.com\/company\/101478432\/","https:\/\/www.youtube.com\/@cryptorecovers"],"description":"Crypto Recovers is a specialized cryptocurrency wallet recovery service that helps individuals and businesses regain access to lost or inaccessible crypto wallets, including cases involving forgotten passwords, incomplete recovery phrases, and corrupted wallet data.","legalName":"Crypto Recovers","foundingDate":"2019-05-27","numberOfEmployees":{"@type":"QuantitativeValue","minValue":"1","maxValue":"10"},"address":{"@id":"https:\/\/cryptorecovers.com\/de\/ethik-politik\/#local-main-place-address"},"telephone":["+31851091211"],"contactPoint":{"@type":"ContactPoint","telephone":"+31851091211","email":"support@cryptorecovers.com"},"openingHoursSpecification":{"@type":"OpeningHoursSpecification","dayOfWeek":["Monday","Tuesday","Wednesday","Thursday","Friday","Saturday","Sunday"],"opens":"00:00","closes":"23:59"},"email":"support@cryptorecovers.com","areaServed":"Worldwide","vatID":"NL003031083B24","publishingPrinciples":"https:\/\/cryptorecovers.com\/de\/veroffentlichungsprinzipien\/","ethicsPolicy":"https:\/\/cryptorecovers.com\/de\/ethik-politik\/","actionableFeedbackPolicy":"https:\/\/cryptorecovers.com\/de\/umsetzbare-feedback-richtlinie\/"},{"@type":"PostalAddress","@id":"https:\/\/cryptorecovers.com\/de\/ethik-politik\/#local-main-place-address","streetAddress":"Louis Braillelaan 80","addressLocality":"Zoetermeer","postalCode":"2719 EK","addressRegion":"Zuid-Holland","addressCountry":"NL"},{"@type":"ImageObject","inLanguage":"de","@id":"https:\/\/cryptorecovers.com\/de\/ethik-politik\/#local-main-organization-logo","url":"https:\/\/cryptorecovers.com\/wp-content\/uploads\/2025\/09\/favicon_website_cr.png","contentUrl":"https:\/\/cryptorecovers.com\/wp-content\/uploads\/2025\/09\/favicon_website_cr.png","width":500,"height":500,"caption":"Crypto Recovers"}]},"geo.placename":"Zoetermeer","geo.region":"Niederlande"},"_links":{"self":[{"href":"https:\/\/cryptorecovers.com\/de\/wp-json\/wp\/v2\/pages\/241807","targetHints":{"allow":["GET"]}}],"collection":[{"href":"https:\/\/cryptorecovers.com\/de\/wp-json\/wp\/v2\/pages"}],"about":[{"href":"https:\/\/cryptorecovers.com\/de\/wp-json\/wp\/v2\/types\/page"}],"author":[{"embeddable":true,"href":"https:\/\/cryptorecovers.com\/de\/wp-json\/wp\/v2\/users\/1"}],"replies":[{"embeddable":true,"href":"https:\/\/cryptorecovers.com\/de\/wp-json\/wp\/v2\/comments?post=241807"}],"version-history":[{"count":2,"href":"https:\/\/cryptorecovers.com\/de\/wp-json\/wp\/v2\/pages\/241807\/revisions"}],"predecessor-version":[{"id":241811,"href":"https:\/\/cryptorecovers.com\/de\/wp-json\/wp\/v2\/pages\/241807\/revisions\/241811"}],"wp:attachment":[{"href":"https:\/\/cryptorecovers.com\/de\/wp-json\/wp\/v2\/media?parent=241807"}],"curies":[{"name":"wp","href":"https:\/\/api.w.org\/{rel}","templated":true}]}}