{"id":241778,"date":"2024-12-19T00:52:49","date_gmt":"2024-12-19T00:52:49","guid":{"rendered":"https:\/\/cryptorecovers.com\/cookie-richtlinie\/"},"modified":"2024-12-19T00:52:51","modified_gmt":"2024-12-19T00:52:51","slug":"cookie-richtlinie","status":"publish","type":"page","link":"https:\/\/cryptorecovers.com\/de\/cookie-richtlinie\/","title":{"rendered":"Cookie-Richtlinie"},"content":{"rendered":"<p>[et_pb_section fb_built=&#8220;1&#8243; fullwidth=&#8220;on&#8220; admin_label=&#8220;Hero Section&#8220; _builder_version=&#8220;4.16&#8243; background_color=&#8220;#101535&#8243; background_image=&#8220;https:\/\/cryptorecovers.com\/wp-content\/uploads\/2023\/02\/crypto-bg-02.png&#8220; parallax=&#8220;on&#8220; custom_margin=&#8220;|||&#8220; custom_padding=&#8220;|||&#8220; locked=&#8220;off&#8220; global_colors_info=&#8220;{}&#8220; theme_builder_area=&#8220;post_content&#8220;][et_pb_fullwidth_header title=&#8220;Cookie-Richtlinie&#8220; text_orientation=&#8220;center&#8220; _builder_version=&#8220;4.27.0&#8243; title_font=&#8220;Poppins||||||||&#8220; title_font_size=&#8220;66px&#8220; title_line_height=&#8220;1.5em&#8220; content_font=&#8220;||||||||&#8220; content_font_size=&#8220;18px&#8220; content_line_height=&#8220;2em&#8220; background_enable_color=&#8220;off&#8220; background_position=&#8220;bottom_center&#8220; custom_button_one=&#8220;on&#8220; button_one_text_size=&#8220;13px&#8220; button_one_bg_color=&#8220;#4328b7&#8243; button_one_border_width=&#8220;10px&#8220; button_one_border_color=&#8220;#4328b7&#8243; button_one_border_radius=&#8220;0px&#8220; button_one_letter_spacing=&#8220;2px&#8220; button_one_font=&#8220;Titillium Web|700||on|||||&#8220; custom_button_two=&#8220;on&#8220; button_two_text_size=&#8220;13px&#8220; button_two_text_color=&#8220;#4328b7&#8243; button_two_bg_color=&#8220;#ffffff&#8220; button_two_border_width=&#8220;10px&#8220; button_two_border_color=&#8220;#ffffff&#8220; button_two_border_radius=&#8220;0px&#8220; button_two_letter_spacing=&#8220;2px&#8220; button_two_font=&#8220;Titillium Web|700||on|||||&#8220; custom_margin=&#8220;|||&#8220; custom_padding=&#8220;140px||4vw||false|false&#8220; custom_padding_tablet=&#8220;100px||||false|false&#8220; custom_padding_phone=&#8220;110px||||false|false&#8220; custom_padding_last_edited=&#8220;on|desktop&#8220; animation_direction=&#8220;bottom&#8220; title_font_size_tablet=&#8220;40px&#8220; title_font_size_phone=&#8220;&#8220; title_font_size_last_edited=&#8220;on|phone&#8220; content_font_size_tablet=&#8220;&#8220; content_font_size_phone=&#8220;15px&#8220; content_font_size_last_edited=&#8220;on|phone&#8220; button_one_letter_spacing_hover=&#8220;2px&#8220; button_two_letter_spacing_hover=&#8220;2px&#8220; global_colors_info=&#8220;{}&#8220; button_one_text_size__hover_enabled=&#8220;off&#8220; button_two_text_size__hover_enabled=&#8220;off&#8220; button_one_text_color__hover_enabled=&#8220;off&#8220; button_two_text_color__hover_enabled=&#8220;off&#8220; button_one_border_width__hover_enabled=&#8220;off&#8220; button_two_border_width__hover_enabled=&#8220;off&#8220; button_one_border_color__hover_enabled=&#8220;off&#8220; button_two_border_color__hover_enabled=&#8220;off&#8220; button_one_border_radius__hover_enabled=&#8220;off&#8220; button_two_border_radius__hover_enabled=&#8220;off&#8220; button_one_letter_spacing__hover_enabled=&#8220;on&#8220; button_one_letter_spacing__hover=&#8220;2px&#8220; button_two_letter_spacing__hover_enabled=&#8220;on&#8220; button_two_letter_spacing__hover=&#8220;2px&#8220; button_one_bg_color__hover_enabled=&#8220;off&#8220; button_two_bg_color__hover_enabled=&#8220;off&#8220; theme_builder_area=&#8220;post_content&#8220;][\/et_pb_fullwidth_header][\/et_pb_section][et_pb_section fb_built=&#8220;1&#8243; fullwidth=&#8220;on&#8220; admin_label=&#8220;Hero Section&#8220; _builder_version=&#8220;4.27.0&#8243; background_enable_color=&#8220;off&#8220; background_enable_image=&#8220;off&#8220; parallax=&#8220;on&#8220; custom_margin=&#8220;|||&#8220; custom_padding=&#8220;|||&#8220; global_colors_info=&#8220;{}&#8220; theme_builder_area=&#8220;post_content&#8220;][et_pb_fullwidth_header _builder_version=&#8220;4.27.3&#8243; title_font=&#8220;Poppins|600|||||||&#8220; title_text_color=&#8220;#000000&#8243; title_font_size=&#8220;39px&#8220; title_line_height=&#8220;1.5em&#8220; content_font=&#8220;||||||||&#8220; content_text_color=&#8220;#000000&#8243; content_font_size=&#8220;17px&#8220; content_line_height=&#8220;2em&#8220; background_color=&#8220;rgba(0,0,0,0)&#8220; background_enable_image=&#8220;off&#8220; background_position=&#8220;bottom_center&#8220; custom_button_one=&#8220;on&#8220; button_one_text_size=&#8220;13px&#8220; button_one_bg_color=&#8220;#4328b7&#8243; button_one_border_width=&#8220;10px&#8220; button_one_border_color=&#8220;#4328b7&#8243; button_one_border_radius=&#8220;0px&#8220; button_one_letter_spacing=&#8220;2px&#8220; button_one_font=&#8220;Titillium Web|700||on|||||&#8220; custom_button_two=&#8220;on&#8220; button_two_text_size=&#8220;13px&#8220; button_two_text_color=&#8220;#4328b7&#8243; button_two_bg_color=&#8220;#ffffff&#8220; button_two_border_width=&#8220;10px&#8220; button_two_border_color=&#8220;#ffffff&#8220; button_two_border_radius=&#8220;0px&#8220; button_two_letter_spacing=&#8220;2px&#8220; button_two_font=&#8220;Titillium Web|700||on|||||&#8220; width_phone=&#8220;100%&#8220; width_last_edited=&#8220;off|phone&#8220; max_width_phone=&#8220;100%&#8220; max_width_last_edited=&#8220;off|phone&#8220; custom_margin=&#8220;|||&#8220; custom_padding=&#8220;6vw||8vw||false|&#8220; animation_direction=&#8220;bottom&#8220; title_font_size_tablet=&#8220;34px&#8220; title_font_size_phone=&#8220;26px&#8220; title_font_size_last_edited=&#8220;on|phone&#8220; content_font_size_tablet=&#8220;16px&#8220; content_font_size_phone=&#8220;15px&#8220; content_font_size_last_edited=&#8220;on|phone&#8220; button_one_letter_spacing_hover=&#8220;2px&#8220; button_two_letter_spacing_hover=&#8220;2px&#8220; global_colors_info=&#8220;{}&#8220; button_one_text_size__hover_enabled=&#8220;off&#8220; button_two_text_size__hover_enabled=&#8220;off&#8220; button_one_text_color__hover_enabled=&#8220;off&#8220; button_two_text_color__hover_enabled=&#8220;off&#8220; button_one_border_width__hover_enabled=&#8220;off&#8220; button_two_border_width__hover_enabled=&#8220;off&#8220; button_one_border_color__hover_enabled=&#8220;off&#8220; button_two_border_color__hover_enabled=&#8220;off&#8220; button_one_border_radius__hover_enabled=&#8220;off&#8220; button_two_border_radius__hover_enabled=&#8220;off&#8220; button_one_letter_spacing__hover_enabled=&#8220;on&#8220; button_one_letter_spacing__hover=&#8220;2px&#8220; button_two_letter_spacing__hover_enabled=&#8220;on&#8220; button_two_letter_spacing__hover=&#8220;2px&#8220; button_one_bg_color__hover_enabled=&#8220;off&#8220; button_two_bg_color__hover_enabled=&#8220;off&#8220; theme_builder_area=&#8220;post_content&#8220;]<\/p>\n<p>Diese <strong>Cookie-Richtlinie<\/strong> erkl\u00e4rt, wie <strong>Cryptorecovers<\/strong> Cookies auf unserer Website verwendet und wie Sie Ihre Cookie-Einstellungen verwalten k\u00f6nnen. Durch die Nutzung unserer Website erkl\u00e4ren Sie sich mit der Verwendung von Cookies wie unten beschrieben einverstanden. <\/p>\n<p>&nbsp;<\/p>\n<ol>\n<li><strong>  Was sind Cookies?<\/strong><\/li>\n<\/ol>\n<p>Cookies sind kleine Textdateien, die auf Ihrem Ger\u00e4t gespeichert werden, wenn Sie eine Website besuchen. Sie werden verwendet, um sich an Ihre Vorlieben, Aktionen und Einstellungen zu erinnern, damit Ihr Online-Erlebnis effizienter und pers\u00f6nlicher wird. <\/p>\n<p>&nbsp;<\/p>\n<ol start=\"2\">\n<li><strong>  Arten von Cookies, die wir verwenden<\/strong><\/li>\n<\/ol>\n<ul>\n<li><strong>Wesentliche Cookies<\/strong>: Diese Cookies sind f\u00fcr das Funktionieren unserer Website erforderlich. Sie erm\u00f6glichen grundlegende Funktionen wie die Seitennavigation und den Zugriff auf sichere Bereiche der Website. Ohne diese Cookies kann die Website nicht richtig funktionieren.  <\/li>\n<li><strong>Leistungs-Cookies<\/strong>: Diese Cookies sammeln Informationen dar\u00fcber, wie Besucher mit unserer Website interagieren, z.B. welche Seiten am h\u00e4ufigsten besucht werden und ob Benutzer auf Fehler sto\u00dfen. Diese Cookies helfen uns, die Leistung unserer Website zu verbessern. <\/li>\n<li><strong>Funktionale Cookies<\/strong>: Diese Cookies speichern Ihre Pr\u00e4ferenzen (z. B. Spracheinstellungen) und helfen dabei, das Erlebnis pers\u00f6nlicher zu gestalten. Sie erm\u00f6glichen es uns, verbesserte Funktionen auf der Grundlage Ihrer Auswahl anzubieten. <\/li>\n<li><strong>Targeting\/Werbung Cookies<\/strong>: Diese Cookies werden verwendet, um Ihnen Werbung anzuzeigen, die f\u00fcr Sie und Ihre Interessen relevant ist. Sie helfen auch dabei, die Effektivit\u00e4t von Werbekampagnen zu verfolgen. Wir verwenden derzeit keine Werbe-Cookies von Dritten, behalten uns aber das Recht vor, dies in Zukunft zu tun.  <\/li>\n<\/ul>\n<ol start=\"3\">\n<li><strong>  Wie wir Cookies verwenden<\/strong><\/li>\n<\/ol>\n<p>Wir verwenden Cookies, um Ihre Erfahrung auf unserer Website zu verbessern, z.B. durch:<\/p>\n<ul>\n<li>Merken Sie sich Ihre Anmeldedaten, damit Sie sich nicht jedes Mal neu anmelden m\u00fcssen.<\/li>\n<li>Analyse des Website-Verkehrs und des Nutzerverhaltens zur Verbesserung unserer Inhalte und Dienste.<\/li>\n<li>Personalisierung von Inhalten und Werbung, um Ihren Vorlieben besser zu entsprechen.<\/li>\n<\/ul>\n<ol start=\"4\">\n<li><strong>  Cookie-Einstellungen verwalten<\/strong><\/li>\n<\/ol>\n<p>Die meisten Browser akzeptieren Cookies automatisch, aber Sie k\u00f6nnen Ihre Einstellungen \u00e4ndern, um Cookies abzulehnen oder Sie zu warnen, wenn Cookies gesendet werden. Sie k\u00f6nnen Ihre Cookie-Pr\u00e4ferenzen \u00fcber Ihre Browser-Einstellungen verwalten. Bitte beachten Sie jedoch, dass die Blockierung bestimmter Cookies die Funktionalit\u00e4t der Website beeintr\u00e4chtigen kann. <\/p>\n<p>&nbsp;<\/p>\n<ul>\n<li><strong>F\u00fcr Google Chrome<\/strong>: Gehen Sie zum Men\u00fc in der oberen rechten Ecke des Browsers und w\u00e4hlen Sie <strong>Einstellungen<\/strong> &gt; <strong>Datenschutz und Sicherheit<\/strong> &gt; <strong>Cookies und andere Website-Daten<\/strong>.<\/li>\n<li><strong>F\u00fcr Mozilla Firefox<\/strong>: \u00d6ffnen Sie das Men\u00fc und w\u00e4hlen Sie <strong>Optionen<\/strong> &gt; <strong>Datenschutz &amp; Sicherheit<\/strong> &gt; <strong>Cookies und Website-Daten<\/strong>.<\/li>\n<li><strong>F\u00fcr Safari<\/strong>: Gehen Sie zu <strong>Safari<\/strong> &gt; <strong>Einstellungen<\/strong> &gt; &gt; <strong>Datenschutz<\/strong> <strong>Cookies und Website-Daten<\/strong>.<\/li>\n<\/ul>\n<ol start=\"5\">\n<li><strong>  Cookies von Drittanbietern<\/strong><\/li>\n<\/ol>\n<p>Wir k\u00f6nnen auch Dienste von Drittanbietern (z. B. Google Analytics) nutzen, um den Website-Verkehr zu analysieren und die Benutzerfreundlichkeit zu verbessern. Diese Drittanbieter k\u00f6nnen Cookies auf Ihrem Ger\u00e4t platzieren. Wir haben keine Kontrolle \u00fcber die von diesen Drittanbietern gesetzten Cookies.  <\/p>\n<ol start=\"6\">\n<li><strong>  \u00c4nderungen an dieser Cookie-Richtlinie<\/strong><\/li>\n<\/ol>\n<p>Wir k\u00f6nnen diese Cookie-Richtlinie von Zeit zu Zeit aktualisieren. Alle \u00c4nderungen werden auf dieser Seite mit einem aktualisierten &#8222;Zuletzt aktualisiert&#8220;-Datum ver\u00f6ffentlicht. Wir empfehlen Ihnen, diese Seite regelm\u00e4\u00dfig zu lesen, um \u00fcber unsere Cookie-Praktiken informiert zu bleiben.  <\/p>\n<ol start=\"7\">\n<li><strong>  Kontaktinformationen<\/strong><\/li>\n<\/ol>\n<p>Wenn Sie Fragen zu unserer Verwendung von Cookies oder zu dieser Richtlinie haben, kontaktieren Sie uns bitte \u00fcber die Informationen auf unserer <a href=\"https:\/\/cryptorecovers.com\/de\/kontakt\/\"><strong>Kontakt<\/strong><\/a> Seite.<\/p>\n<p>[\/et_pb_fullwidth_header][\/et_pb_section]<\/p>\n","protected":false},"excerpt":{"rendered":"<p>Diese Cookie-Richtlinie erkl\u00e4rt, wie Cryptorecovers Cookies auf unserer Website verwendet und wie Sie Ihre Cookie-Einstellungen verwalten k\u00f6nnen. Durch die Nutzung unserer Website erkl\u00e4ren Sie sich mit der Verwendung von Cookies wie unten beschrieben einverstanden. &nbsp; Was sind Cookies? Cookies sind kleine Textdateien, die auf Ihrem Ger\u00e4t gespeichert werden, wenn Sie eine Website besuchen. Sie werden [&hellip;]<\/p>\n","protected":false},"author":1,"featured_media":0,"parent":0,"menu_order":0,"comment_status":"closed","ping_status":"closed","template":"","meta":{"_et_pb_use_builder":"on","_et_pb_old_content":"","_et_gb_content_width":"","footnotes":""},"class_list":["post-241778","page","type-page","status-publish","hentry"],"yoast_head":"<!-- This site is optimized with the Yoast SEO Premium plugin v27.1 (Yoast SEO v27.1.1) - https:\/\/yoast.com\/product\/yoast-seo-premium-wordpress\/ -->\n<title>Cookie-Richtlinie - Cryptorecovers.com<\/title>\n<meta name=\"description\" content=\"Erfahren Sie, wie Cryptorecovers Cookies verwendet, um Ihre Erfahrung auf unserer Website zu verbessern und wie Sie Ihre Cookie-Einstellungen verwalten k\u00f6nnen.\" \/>\n<meta name=\"robots\" content=\"index, follow, max-snippet:-1, max-image-preview:large, max-video-preview:-1\" \/>\n<link rel=\"canonical\" href=\"https:\/\/cryptorecovers.com\/de\/cookie-richtlinie\/\" \/>\n<meta property=\"og:locale\" content=\"de_DE\" \/>\n<meta property=\"og:type\" content=\"article\" \/>\n<meta property=\"og:title\" content=\"Cookie-Richtlinie\" \/>\n<meta property=\"og:description\" content=\"Erfahren Sie, wie Cryptorecovers Cookies verwendet, um Ihre Erfahrung auf unserer Website zu verbessern und wie Sie Ihre Cookie-Einstellungen verwalten k\u00f6nnen.\" \/>\n<meta property=\"og:url\" content=\"https:\/\/cryptorecovers.com\/de\/cookie-richtlinie\/\" \/>\n<meta property=\"og:site_name\" content=\"Crypto Recovers\" \/>\n<meta property=\"article:publisher\" content=\"https:\/\/www.facebook.com\/profile.php?id=61555829150179\" \/>\n<meta property=\"article:modified_time\" content=\"2024-12-19T00:52:51+00:00\" \/>\n<meta property=\"og:image\" content=\"https:\/\/cryptorecovers.com\/wp-content\/uploads\/2023\/12\/Cryptorecovers-Wallet-recovery-thumbnail.jpg\" \/>\n\t<meta property=\"og:image:width\" content=\"1200\" \/>\n\t<meta property=\"og:image:height\" content=\"628\" \/>\n\t<meta property=\"og:image:type\" content=\"image\/jpeg\" \/>\n<meta name=\"twitter:card\" content=\"summary_large_image\" \/>\n<meta name=\"twitter:site\" content=\"@xcryptorecovers\" \/>\n<meta name=\"twitter:label1\" content=\"Gesch\u00e4tzte Lesezeit\" \/>\n\t<meta name=\"twitter:data1\" content=\"6\u00a0Minuten\" \/>\n<script type=\"application\/ld+json\" class=\"yoast-schema-graph\">{\"@context\":\"https:\/\/schema.org\",\"@graph\":[{\"@type\":\"WebPage\",\"@id\":\"https:\/\/cryptorecovers.com\/de\/cookie-richtlinie\/\",\"url\":\"https:\/\/cryptorecovers.com\/de\/cookie-richtlinie\/\",\"name\":\"Cookie-Richtlinie - Cryptorecovers.com\",\"isPartOf\":{\"@id\":\"https:\/\/cryptorecovers.com\/de\/#website\"},\"datePublished\":\"2024-12-19T00:52:49+00:00\",\"dateModified\":\"2024-12-19T00:52:51+00:00\",\"description\":\"Erfahren Sie, wie Cryptorecovers Cookies verwendet, um Ihre Erfahrung auf unserer Website zu verbessern und wie Sie Ihre Cookie-Einstellungen verwalten k\u00f6nnen.\",\"inLanguage\":\"de\",\"potentialAction\":[{\"@type\":\"ReadAction\",\"target\":[\"https:\/\/cryptorecovers.com\/de\/cookie-richtlinie\/\"]}]},{\"@type\":\"WebSite\",\"@id\":\"https:\/\/cryptorecovers.com\/de\/#website\",\"url\":\"https:\/\/cryptorecovers.com\/de\/\",\"name\":\"Crypto Recovers\",\"description\":\"Crypto Recovery Services\",\"publisher\":{\"@id\":\"https:\/\/cryptorecovers.com\/de\/#organization\"},\"potentialAction\":[{\"@type\":\"SearchAction\",\"target\":{\"@type\":\"EntryPoint\",\"urlTemplate\":\"https:\/\/cryptorecovers.com\/de\/?s={search_term_string}\"},\"query-input\":{\"@type\":\"PropertyValueSpecification\",\"valueRequired\":true,\"valueName\":\"search_term_string\"}}],\"inLanguage\":\"de\"},{\"@type\":[\"Organization\",\"Place\"],\"@id\":\"https:\/\/cryptorecovers.com\/de\/#organization\",\"name\":\"Crypto Recovers\",\"alternateName\":\"Crypto Recovers \u2013 Crypto Wallet Recovery Services\",\"url\":\"https:\/\/cryptorecovers.com\/de\/\",\"logo\":{\"@id\":\"https:\/\/cryptorecovers.com\/de\/cookie-richtlinie\/#local-main-organization-logo\"},\"image\":{\"@id\":\"https:\/\/cryptorecovers.com\/de\/cookie-richtlinie\/#local-main-organization-logo\"},\"sameAs\":[\"https:\/\/www.facebook.com\/profile.php?id=61555829150179\",\"https:\/\/x.com\/xcryptorecovers\",\"https:\/\/www.linkedin.com\/company\/101478432\/\",\"https:\/\/www.youtube.com\/@cryptorecovers\"],\"description\":\"Crypto Recovers is a specialized cryptocurrency wallet recovery service that helps individuals and businesses regain access to lost or inaccessible crypto wallets, including cases involving forgotten passwords, incomplete recovery phrases, and corrupted wallet data.\",\"legalName\":\"Crypto Recovers\",\"foundingDate\":\"2019-05-27\",\"numberOfEmployees\":{\"@type\":\"QuantitativeValue\",\"minValue\":\"1\",\"maxValue\":\"10\"},\"address\":{\"@id\":\"https:\/\/cryptorecovers.com\/de\/cookie-richtlinie\/#local-main-place-address\"},\"telephone\":[\"+31851091211\"],\"contactPoint\":{\"@type\":\"ContactPoint\",\"telephone\":\"+31851091211\",\"email\":\"support@cryptorecovers.com\"},\"openingHoursSpecification\":{\"@type\":\"OpeningHoursSpecification\",\"dayOfWeek\":[\"Monday\",\"Tuesday\",\"Wednesday\",\"Thursday\",\"Friday\",\"Saturday\",\"Sunday\"],\"opens\":\"00:00\",\"closes\":\"23:59\"},\"email\":\"support@cryptorecovers.com\",\"areaServed\":\"Worldwide\",\"vatID\":\"NL003031083B24\",\"publishingPrinciples\":\"https:\/\/cryptorecovers.com\/de\/veroffentlichungsprinzipien\/\",\"ethicsPolicy\":\"https:\/\/cryptorecovers.com\/de\/ethik-politik\/\",\"actionableFeedbackPolicy\":\"https:\/\/cryptorecovers.com\/de\/umsetzbare-feedback-richtlinie\/\"},{\"@type\":\"PostalAddress\",\"@id\":\"https:\/\/cryptorecovers.com\/de\/cookie-richtlinie\/#local-main-place-address\",\"streetAddress\":\"Louis Braillelaan 80\",\"addressLocality\":\"Zoetermeer\",\"postalCode\":\"2719 EK\",\"addressRegion\":\"Zuid-Holland\",\"addressCountry\":\"NL\"},{\"@type\":\"ImageObject\",\"inLanguage\":\"de\",\"@id\":\"https:\/\/cryptorecovers.com\/de\/cookie-richtlinie\/#local-main-organization-logo\",\"url\":\"https:\/\/cryptorecovers.com\/wp-content\/uploads\/2025\/09\/favicon_website_cr.png\",\"contentUrl\":\"https:\/\/cryptorecovers.com\/wp-content\/uploads\/2025\/09\/favicon_website_cr.png\",\"width\":500,\"height\":500,\"caption\":\"Crypto Recovers\"}]}<\/script>\n<meta name=\"geo.placename\" content=\"Zoetermeer\" \/>\n<meta name=\"geo.region\" content=\"Niederlande\" \/>\n<!-- \/ Yoast SEO Premium plugin. -->","yoast_head_json":{"title":"Cookie-Richtlinie - Cryptorecovers.com","description":"Erfahren Sie, wie Cryptorecovers Cookies verwendet, um Ihre Erfahrung auf unserer Website zu verbessern und wie Sie Ihre Cookie-Einstellungen verwalten k\u00f6nnen.","robots":{"index":"index","follow":"follow","max-snippet":"max-snippet:-1","max-image-preview":"max-image-preview:large","max-video-preview":"max-video-preview:-1"},"canonical":"https:\/\/cryptorecovers.com\/de\/cookie-richtlinie\/","og_locale":"de_DE","og_type":"article","og_title":"Cookie-Richtlinie","og_description":"Erfahren Sie, wie Cryptorecovers Cookies verwendet, um Ihre Erfahrung auf unserer Website zu verbessern und wie Sie Ihre Cookie-Einstellungen verwalten k\u00f6nnen.","og_url":"https:\/\/cryptorecovers.com\/de\/cookie-richtlinie\/","og_site_name":"Crypto Recovers","article_publisher":"https:\/\/www.facebook.com\/profile.php?id=61555829150179","article_modified_time":"2024-12-19T00:52:51+00:00","og_image":[{"width":1200,"height":628,"url":"https:\/\/cryptorecovers.com\/wp-content\/uploads\/2023\/12\/Cryptorecovers-Wallet-recovery-thumbnail.jpg","type":"image\/jpeg"}],"twitter_card":"summary_large_image","twitter_site":"@xcryptorecovers","twitter_misc":{"Gesch\u00e4tzte Lesezeit":"6\u00a0Minuten"},"schema":{"@context":"https:\/\/schema.org","@graph":[{"@type":"WebPage","@id":"https:\/\/cryptorecovers.com\/de\/cookie-richtlinie\/","url":"https:\/\/cryptorecovers.com\/de\/cookie-richtlinie\/","name":"Cookie-Richtlinie - Cryptorecovers.com","isPartOf":{"@id":"https:\/\/cryptorecovers.com\/de\/#website"},"datePublished":"2024-12-19T00:52:49+00:00","dateModified":"2024-12-19T00:52:51+00:00","description":"Erfahren Sie, wie Cryptorecovers Cookies verwendet, um Ihre Erfahrung auf unserer Website zu verbessern und wie Sie Ihre Cookie-Einstellungen verwalten k\u00f6nnen.","inLanguage":"de","potentialAction":[{"@type":"ReadAction","target":["https:\/\/cryptorecovers.com\/de\/cookie-richtlinie\/"]}]},{"@type":"WebSite","@id":"https:\/\/cryptorecovers.com\/de\/#website","url":"https:\/\/cryptorecovers.com\/de\/","name":"Crypto Recovers","description":"Crypto Recovery Services","publisher":{"@id":"https:\/\/cryptorecovers.com\/de\/#organization"},"potentialAction":[{"@type":"SearchAction","target":{"@type":"EntryPoint","urlTemplate":"https:\/\/cryptorecovers.com\/de\/?s={search_term_string}"},"query-input":{"@type":"PropertyValueSpecification","valueRequired":true,"valueName":"search_term_string"}}],"inLanguage":"de"},{"@type":["Organization","Place"],"@id":"https:\/\/cryptorecovers.com\/de\/#organization","name":"Crypto Recovers","alternateName":"Crypto Recovers \u2013 Crypto Wallet Recovery Services","url":"https:\/\/cryptorecovers.com\/de\/","logo":{"@id":"https:\/\/cryptorecovers.com\/de\/cookie-richtlinie\/#local-main-organization-logo"},"image":{"@id":"https:\/\/cryptorecovers.com\/de\/cookie-richtlinie\/#local-main-organization-logo"},"sameAs":["https:\/\/www.facebook.com\/profile.php?id=61555829150179","https:\/\/x.com\/xcryptorecovers","https:\/\/www.linkedin.com\/company\/101478432\/","https:\/\/www.youtube.com\/@cryptorecovers"],"description":"Crypto Recovers is a specialized cryptocurrency wallet recovery service that helps individuals and businesses regain access to lost or inaccessible crypto wallets, including cases involving forgotten passwords, incomplete recovery phrases, and corrupted wallet data.","legalName":"Crypto Recovers","foundingDate":"2019-05-27","numberOfEmployees":{"@type":"QuantitativeValue","minValue":"1","maxValue":"10"},"address":{"@id":"https:\/\/cryptorecovers.com\/de\/cookie-richtlinie\/#local-main-place-address"},"telephone":["+31851091211"],"contactPoint":{"@type":"ContactPoint","telephone":"+31851091211","email":"support@cryptorecovers.com"},"openingHoursSpecification":{"@type":"OpeningHoursSpecification","dayOfWeek":["Monday","Tuesday","Wednesday","Thursday","Friday","Saturday","Sunday"],"opens":"00:00","closes":"23:59"},"email":"support@cryptorecovers.com","areaServed":"Worldwide","vatID":"NL003031083B24","publishingPrinciples":"https:\/\/cryptorecovers.com\/de\/veroffentlichungsprinzipien\/","ethicsPolicy":"https:\/\/cryptorecovers.com\/de\/ethik-politik\/","actionableFeedbackPolicy":"https:\/\/cryptorecovers.com\/de\/umsetzbare-feedback-richtlinie\/"},{"@type":"PostalAddress","@id":"https:\/\/cryptorecovers.com\/de\/cookie-richtlinie\/#local-main-place-address","streetAddress":"Louis Braillelaan 80","addressLocality":"Zoetermeer","postalCode":"2719 EK","addressRegion":"Zuid-Holland","addressCountry":"NL"},{"@type":"ImageObject","inLanguage":"de","@id":"https:\/\/cryptorecovers.com\/de\/cookie-richtlinie\/#local-main-organization-logo","url":"https:\/\/cryptorecovers.com\/wp-content\/uploads\/2025\/09\/favicon_website_cr.png","contentUrl":"https:\/\/cryptorecovers.com\/wp-content\/uploads\/2025\/09\/favicon_website_cr.png","width":500,"height":500,"caption":"Crypto Recovers"}]},"geo.placename":"Zoetermeer","geo.region":"Niederlande"},"_links":{"self":[{"href":"https:\/\/cryptorecovers.com\/de\/wp-json\/wp\/v2\/pages\/241778","targetHints":{"allow":["GET"]}}],"collection":[{"href":"https:\/\/cryptorecovers.com\/de\/wp-json\/wp\/v2\/pages"}],"about":[{"href":"https:\/\/cryptorecovers.com\/de\/wp-json\/wp\/v2\/types\/page"}],"author":[{"embeddable":true,"href":"https:\/\/cryptorecovers.com\/de\/wp-json\/wp\/v2\/users\/1"}],"replies":[{"embeddable":true,"href":"https:\/\/cryptorecovers.com\/de\/wp-json\/wp\/v2\/comments?post=241778"}],"version-history":[{"count":2,"href":"https:\/\/cryptorecovers.com\/de\/wp-json\/wp\/v2\/pages\/241778\/revisions"}],"predecessor-version":[{"id":241782,"href":"https:\/\/cryptorecovers.com\/de\/wp-json\/wp\/v2\/pages\/241778\/revisions\/241782"}],"wp:attachment":[{"href":"https:\/\/cryptorecovers.com\/de\/wp-json\/wp\/v2\/media?parent=241778"}],"curies":[{"name":"wp","href":"https:\/\/api.w.org\/{rel}","templated":true}]}}