{"id":241703,"date":"2024-12-19T00:45:46","date_gmt":"2024-12-19T00:45:46","guid":{"rendered":"https:\/\/cryptorecovers.com\/haftungsausschluss\/"},"modified":"2024-12-19T00:45:49","modified_gmt":"2024-12-19T00:45:49","slug":"haftungsausschluss","status":"publish","type":"page","link":"https:\/\/cryptorecovers.com\/de\/haftungsausschluss\/","title":{"rendered":"Haftungsausschluss"},"content":{"rendered":"<p>[et_pb_section fb_built=&#8220;1&#8243; fullwidth=&#8220;on&#8220; admin_label=&#8220;Hero Section&#8220; _builder_version=&#8220;4.16&#8243; background_color=&#8220;#101535&#8243; background_image=&#8220;https:\/\/cryptorecovers.com\/wp-content\/uploads\/2023\/02\/crypto-bg-02.png&#8220; parallax=&#8220;on&#8220; custom_margin=&#8220;|||&#8220; custom_padding=&#8220;|||&#8220; locked=&#8220;off&#8220; global_colors_info=&#8220;{}&#8220; theme_builder_area=&#8220;post_content&#8220;][et_pb_fullwidth_header title=&#8220;Haftungsausschluss&#8220; text_orientation=&#8220;center&#8220; _builder_version=&#8220;4.27.0&#8243; title_font=&#8220;Poppins||||||||&#8220; title_font_size=&#8220;66px&#8220; title_line_height=&#8220;1.5em&#8220; content_font=&#8220;||||||||&#8220; content_font_size=&#8220;18px&#8220; content_line_height=&#8220;2em&#8220; background_enable_color=&#8220;off&#8220; background_position=&#8220;bottom_center&#8220; custom_button_one=&#8220;on&#8220; button_one_text_size=&#8220;13px&#8220; button_one_bg_color=&#8220;#4328b7&#8243; button_one_border_width=&#8220;10px&#8220; button_one_border_color=&#8220;#4328b7&#8243; button_one_border_radius=&#8220;0px&#8220; button_one_letter_spacing=&#8220;2px&#8220; button_one_font=&#8220;Titillium Web|700||on|||||&#8220; custom_button_two=&#8220;on&#8220; button_two_text_size=&#8220;13px&#8220; button_two_text_color=&#8220;#4328b7&#8243; button_two_bg_color=&#8220;#ffffff&#8220; button_two_border_width=&#8220;10px&#8220; button_two_border_color=&#8220;#ffffff&#8220; button_two_border_radius=&#8220;0px&#8220; button_two_letter_spacing=&#8220;2px&#8220; button_two_font=&#8220;Titillium Web|700||on|||||&#8220; custom_margin=&#8220;|||&#8220; custom_padding=&#8220;140px||4vw||false|false&#8220; custom_padding_tablet=&#8220;100px||||false|false&#8220; custom_padding_phone=&#8220;110px||||false|false&#8220; custom_padding_last_edited=&#8220;on|desktop&#8220; animation_direction=&#8220;bottom&#8220; title_font_size_tablet=&#8220;40px&#8220; title_font_size_phone=&#8220;&#8220; title_font_size_last_edited=&#8220;on|phone&#8220; content_font_size_tablet=&#8220;&#8220; content_font_size_phone=&#8220;15px&#8220; content_font_size_last_edited=&#8220;on|phone&#8220; button_one_letter_spacing_hover=&#8220;2px&#8220; button_two_letter_spacing_hover=&#8220;2px&#8220; global_colors_info=&#8220;{}&#8220; button_one_text_size__hover_enabled=&#8220;off&#8220; button_two_text_size__hover_enabled=&#8220;off&#8220; button_one_text_color__hover_enabled=&#8220;off&#8220; button_two_text_color__hover_enabled=&#8220;off&#8220; button_one_border_width__hover_enabled=&#8220;off&#8220; button_two_border_width__hover_enabled=&#8220;off&#8220; button_one_border_color__hover_enabled=&#8220;off&#8220; button_two_border_color__hover_enabled=&#8220;off&#8220; button_one_border_radius__hover_enabled=&#8220;off&#8220; button_two_border_radius__hover_enabled=&#8220;off&#8220; button_one_letter_spacing__hover_enabled=&#8220;on&#8220; button_one_letter_spacing__hover=&#8220;2px&#8220; button_two_letter_spacing__hover_enabled=&#8220;on&#8220; button_two_letter_spacing__hover=&#8220;2px&#8220; button_one_bg_color__hover_enabled=&#8220;off&#8220; button_two_bg_color__hover_enabled=&#8220;off&#8220; theme_builder_area=&#8220;post_content&#8220;][\/et_pb_fullwidth_header][\/et_pb_section][et_pb_section fb_built=&#8220;1&#8243; fullwidth=&#8220;on&#8220; admin_label=&#8220;Hero Section&#8220; _builder_version=&#8220;4.27.0&#8243; background_enable_color=&#8220;off&#8220; background_enable_image=&#8220;off&#8220; parallax=&#8220;on&#8220; custom_margin=&#8220;|||&#8220; custom_padding=&#8220;|||&#8220; global_colors_info=&#8220;{}&#8220; theme_builder_area=&#8220;post_content&#8220;][et_pb_fullwidth_header _builder_version=&#8220;4.27.3&#8243; title_font=&#8220;Poppins|600|||||||&#8220; title_text_color=&#8220;#000000&#8243; title_font_size=&#8220;39px&#8220; title_line_height=&#8220;1.5em&#8220; content_font=&#8220;||||||||&#8220; content_text_color=&#8220;#000000&#8243; content_font_size=&#8220;17px&#8220; content_line_height=&#8220;2em&#8220; background_color=&#8220;rgba(0,0,0,0)&#8220; background_enable_image=&#8220;off&#8220; background_position=&#8220;bottom_center&#8220; custom_button_one=&#8220;on&#8220; button_one_text_size=&#8220;13px&#8220; button_one_bg_color=&#8220;#4328b7&#8243; button_one_border_width=&#8220;10px&#8220; button_one_border_color=&#8220;#4328b7&#8243; button_one_border_radius=&#8220;0px&#8220; button_one_letter_spacing=&#8220;2px&#8220; button_one_font=&#8220;Titillium Web|700||on|||||&#8220; custom_button_two=&#8220;on&#8220; button_two_text_size=&#8220;13px&#8220; button_two_text_color=&#8220;#4328b7&#8243; button_two_bg_color=&#8220;#ffffff&#8220; button_two_border_width=&#8220;10px&#8220; button_two_border_color=&#8220;#ffffff&#8220; button_two_border_radius=&#8220;0px&#8220; button_two_letter_spacing=&#8220;2px&#8220; button_two_font=&#8220;Titillium Web|700||on|||||&#8220; width_phone=&#8220;100%&#8220; width_last_edited=&#8220;off|phone&#8220; max_width_phone=&#8220;100%&#8220; max_width_last_edited=&#8220;off|phone&#8220; custom_margin=&#8220;|||&#8220; custom_padding=&#8220;6vw||8vw||false|&#8220; animation_direction=&#8220;bottom&#8220; title_font_size_tablet=&#8220;34px&#8220; title_font_size_phone=&#8220;26px&#8220; title_font_size_last_edited=&#8220;on|phone&#8220; content_font_size_tablet=&#8220;16px&#8220; content_font_size_phone=&#8220;15px&#8220; content_font_size_last_edited=&#8220;on|phone&#8220; button_one_letter_spacing_hover=&#8220;2px&#8220; button_two_letter_spacing_hover=&#8220;2px&#8220; global_colors_info=&#8220;{}&#8220; button_one_text_size__hover_enabled=&#8220;off&#8220; button_two_text_size__hover_enabled=&#8220;off&#8220; button_one_text_color__hover_enabled=&#8220;off&#8220; button_two_text_color__hover_enabled=&#8220;off&#8220; button_one_border_width__hover_enabled=&#8220;off&#8220; button_two_border_width__hover_enabled=&#8220;off&#8220; button_one_border_color__hover_enabled=&#8220;off&#8220; button_two_border_color__hover_enabled=&#8220;off&#8220; button_one_border_radius__hover_enabled=&#8220;off&#8220; button_two_border_radius__hover_enabled=&#8220;off&#8220; button_one_letter_spacing__hover_enabled=&#8220;on&#8220; button_one_letter_spacing__hover=&#8220;2px&#8220; button_two_letter_spacing__hover_enabled=&#8220;on&#8220; button_two_letter_spacing__hover=&#8220;2px&#8220; button_one_bg_color__hover_enabled=&#8220;off&#8220; button_two_bg_color__hover_enabled=&#8220;off&#8220; theme_builder_area=&#8220;post_content&#8220;]<\/p>\n<p><strong>Zuletzt aktualisiert<\/strong>: 19-12-2024<\/p>\n<p>Willkommen bei <strong>Cryptorecovers.com<\/strong> (auch bezeichnet als &#8222;Crypto Recovers&#8220;, &#8222;Cryptorecovers&#8220;, &#8222;wir&#8220;, &#8222;uns&#8220; oder &#8222;unser&#8220;). Durch die Nutzung unserer Website und unserer Dienstleistungen erkl\u00e4ren Sie sich mit den in diesem <strong>Haftungsausschluss<\/strong> aufgef\u00fchrten Bedingungen einverstanden. Bitte lesen Sie ihn sorgf\u00e4ltig durch, bevor Sie mit Dienstleistungen oder Interaktionen auf unserer Website fortfahren.  <\/p>\n<h3><strong>1. Keine Erfolgsgarantie<\/strong><\/h3>\n<p>Obwohl wir uns bem\u00fchen, die bestm\u00f6glichen Dienste zur Wiederherstellung von Geldb\u00f6rsen anzubieten, k\u00f6nnen wir nicht garantieren, dass verlorene, unzug\u00e4ngliche oder kompromittierte Geldb\u00f6rsen, Passw\u00f6rter oder Kryptow\u00e4hrungswerte wiederhergestellt werden k\u00f6nnen. Der Erfolg der Wiederherstellung von Brieftaschen h\u00e4ngt von zahlreichen Faktoren ab, einschlie\u00dflich der spezifischen Details der Brieftasche, dem Grad der Verschl\u00fcsselung und der Menge der f\u00fcr die Wiederherstellung verf\u00fcgbaren Informationen. Cryptorecovers.com gibt keine Garantien oder Zusicherungen in Bezug auf den Erfolg von Wiederherstellungsversuchen von Geldb\u00f6rsen.  <\/p>\n<h3><strong>2. Kryptow\u00e4hrungs-Risiken<\/strong><\/h3>\n<p>Kryptow\u00e4hrungen sind von Natur aus riskant und volatil. Die Wiederherstellung von Geldb\u00f6rsen und die Wiederherstellung des Zugangs zu Kryptow\u00e4hrungswerten f\u00fchrt m\u00f6glicherweise nicht zur R\u00fcckgabe der verlorenen Gelder. Cryptorecovers.com ist nicht verantwortlich f\u00fcr Verluste, Sch\u00e4den oder das Scheitern der Wiederherstellung von Kryptow\u00e4hrungen oder digitalen Verm\u00f6genswerten.  <\/p>\n<h3><strong>3. Service-Einschr\u00e4nkungen<\/strong><\/h3>\n<p>Unsere Dienstleistungen beschr\u00e4nken sich auf die Unterst\u00fctzung bei der Wiederherstellung der Geldb\u00f6rse. Wir bieten keine Anlageberatung, Finanzdienstleistungen oder Garantien in Bezug auf den Wert oder die Verf\u00fcgbarkeit von Kryptow\u00e4hrungen. Wir sind nicht verantwortlich f\u00fcr technische oder finanzielle Folgen, die sich aus der Nutzung unserer Dienste ergeben, einschlie\u00dflich des Verlusts von Verm\u00f6genswerten w\u00e4hrend des Wiederherstellungsprozesses. <\/p>\n<h3><strong>4. Verantwortung des Benutzers<\/strong><\/h3>\n<p>Sie sind daf\u00fcr verantwortlich, dass die Informationen, die Sie uns f\u00fcr die Wallet-Wiederherstellung zur Verf\u00fcgung stellen, richtig und vollst\u00e4ndig sind. Jegliche Fehler oder Auslassungen bei den angegebenen Informationen k\u00f6nnen den Wiederherstellungsprozess beeintr\u00e4chtigen. Au\u00dferdem sind Sie daf\u00fcr verantwortlich, Ihre privaten Schl\u00fcssel, Passw\u00f6rter und alle sensiblen Daten im Zusammenhang mit Ihrer Brieftasche zu sch\u00fctzen.  <\/p>\n<h3><strong>5. Dienstleistungen von Drittanbietern<\/strong><\/h3>\n<p>Cryptorecovers.com kann Dienste und Tools von Drittanbietern bei der Wiederherstellung der Brieftasche verwenden. Diese Dienste von Drittanbietern stehen nicht unter unserer Kontrolle, und wir sind nicht f\u00fcr deren Handlungen, Sicherheit oder Leistung verantwortlich. Die Nutzung von Drittanbieterdiensten erfolgt auf Ihr eigenes Risiko.  <\/p>\n<h3><strong>6. Keine Finanz- oder Anlageberatung<\/strong><\/h3>\n<p>Cryptorecovers.com bietet keine Finanz-, Anlage- oder Rechtsberatung an. Alle Informationen, die auf unserer Website oder w\u00e4hrend des Wiederherstellungsprozesses der Brieftasche zur Verf\u00fcgung gestellt werden, sollten nicht als Anlageberatung oder Empfehlungen f\u00fcr den Kauf oder Verkauf von Kryptow\u00e4hrungen betrachtet werden. <\/p>\n<h3><strong>7. Einschr\u00e4nkung der Haftung<\/strong><\/h3>\n<p>Cryptorecovers.com und seine Partner, Agenten oder Mitarbeiter sind nicht haftbar f\u00fcr direkte, indirekte, zuf\u00e4llige, besondere oder Folgesch\u00e4den, einschlie\u00dflich, aber nicht beschr\u00e4nkt auf den Verlust von Geldern, den Verlust von Daten oder andere Sch\u00e4den, die aus der Nutzung unserer Dienste entstehen. Durch die Nutzung unserer Dienste erkl\u00e4ren Sie sich damit einverstanden, Cryptorecovers.com von jeglichen Anspr\u00fcchen oder Verlusten freizustellen. <\/p>\n<h3><strong>8. Einhaltung von Gesetzen<\/strong><\/h3>\n<p>Es liegt in Ihrer Verantwortung, sicherzustellen, dass die Nutzung unserer Dienste zur Wiederherstellung von Geldb\u00f6rsen mit den Gesetzen und Vorschriften Ihrer Gerichtsbarkeit \u00fcbereinstimmt. Cryptorecovers.com beteiligt sich nicht an illegalen Aktivit\u00e4ten im Zusammenhang mit der Wiederherstellung von Kryptow\u00e4hrungen oder Transaktionen und bef\u00fcrwortet diese auch nicht. <\/p>\n<h3><strong>9. \u00c4nderungen an Services und Haftungsausschluss<\/strong><\/h3>\n<p>Cryptorecovers.com beh\u00e4lt sich das Recht vor, unsere Dienste jederzeit und ohne vorherige Ank\u00fcndigung zu \u00e4ndern, auszusetzen oder einzustellen. Wir behalten uns auch das Recht vor, diesen Haftungsausschluss von Zeit zu Zeit zu aktualisieren. Jede \u00c4nderung des Haftungsausschlusses wird auf dieser Seite mit einem aktualisierten &#8222;Zuletzt aktualisiert&#8220;-Datum angezeigt.  <\/p>\n<h3><strong>10. Keine Zugeh\u00f6rigkeit zu Kryptow\u00e4hrungsanbietern<\/strong><\/h3>\n<p>Cryptorecovers.com ist ein unabh\u00e4ngiger Dienstleister und ist nicht mit einer bestimmten Kryptow\u00e4hrungsplattform, einem Wallet-Anbieter oder einer B\u00f6rse verbunden. Unsere Dienstleistungen werden von keinem Kryptow\u00e4hrungsunternehmen unterst\u00fctzt. <\/p>\n<h3><strong>11. Zustimmung<\/strong><\/h3>\n<p>Indem Sie unsere Dienste nutzen, erkl\u00e4ren Sie sich mit den Bedingungen dieses <strong>Haftungsausschlusses<\/strong> einverstanden. Wenn Sie mit irgendeinem Teil dieses Haftungsausschlusses nicht einverstanden sind, m\u00fcssen Sie die Nutzung unserer Website und unserer Dienste sofort einstellen. <\/p>\n<hr>\n<p><strong>Kontakt<\/strong><br \/>Wenn Sie Fragen zu diesem Haftungsausschluss oder der Nutzung unserer Dienste haben, kontaktieren Sie uns bitte unter:<br \/><a href=\"mailto:support@cryptorecovers.com\">support@cryptorecovers.com<\/a><br \/><a href=\"Tel:+3185%20109%201211\">+3185 109 1211<\/a><br \/>Oder klicken Sie <a href=\"https:\/\/cryptorecovers.com\/de\/kontakt\/\">hier<\/a>, um das Kontaktformular zu verwenden.<\/p>\n<p>[\/et_pb_fullwidth_header][\/et_pb_section]<\/p>\n","protected":false},"excerpt":{"rendered":"<p>Zuletzt aktualisiert: 19-12-2024 Willkommen bei Cryptorecovers.com (auch bezeichnet als &#8222;Crypto Recovers&#8220;, &#8222;Cryptorecovers&#8220;, &#8222;wir&#8220;, &#8222;uns&#8220; oder &#8222;unser&#8220;). Durch die Nutzung unserer Website und unserer Dienstleistungen erkl\u00e4ren Sie sich mit den in diesem Haftungsausschluss aufgef\u00fchrten Bedingungen einverstanden. Bitte lesen Sie ihn sorgf\u00e4ltig durch, bevor Sie mit Dienstleistungen oder Interaktionen auf unserer Website fortfahren. 1. Keine Erfolgsgarantie Obwohl [&hellip;]<\/p>\n","protected":false},"author":1,"featured_media":0,"parent":0,"menu_order":0,"comment_status":"closed","ping_status":"closed","template":"","meta":{"_et_pb_use_builder":"on","_et_pb_old_content":"","_et_gb_content_width":"","footnotes":""},"class_list":["post-241703","page","type-page","status-publish","hentry"],"yoast_head":"<!-- This site is optimized with the Yoast SEO Premium plugin v27.1 (Yoast SEO v27.1.1) - https:\/\/yoast.com\/product\/yoast-seo-premium-wordpress\/ -->\n<title>Haftungsausschluss - Cryptorecovers.com<\/title>\n<meta name=\"description\" content=\"Lesen Sie den Haftungsausschluss f\u00fcr Cryptorecovers.com bez\u00fcglich der Wiederherstellung von Geldb\u00f6rsen, Risiken und Einschr\u00e4nkungen.\" \/>\n<meta name=\"robots\" content=\"index, follow, max-snippet:-1, max-image-preview:large, max-video-preview:-1\" \/>\n<link rel=\"canonical\" href=\"https:\/\/cryptorecovers.com\/de\/haftungsausschluss\/\" \/>\n<meta property=\"og:locale\" content=\"de_DE\" \/>\n<meta property=\"og:type\" content=\"article\" \/>\n<meta property=\"og:title\" content=\"Haftungsausschluss\" \/>\n<meta property=\"og:description\" content=\"Lesen Sie den Haftungsausschluss f\u00fcr Cryptorecovers.com bez\u00fcglich der Wiederherstellung von Geldb\u00f6rsen, Risiken und Einschr\u00e4nkungen.\" \/>\n<meta property=\"og:url\" content=\"https:\/\/cryptorecovers.com\/de\/haftungsausschluss\/\" \/>\n<meta property=\"og:site_name\" content=\"Crypto Recovers\" \/>\n<meta property=\"article:publisher\" content=\"https:\/\/www.facebook.com\/profile.php?id=61555829150179\" \/>\n<meta property=\"article:modified_time\" content=\"2024-12-19T00:45:49+00:00\" \/>\n<meta property=\"og:image\" content=\"https:\/\/cryptorecovers.com\/wp-content\/uploads\/2023\/12\/Cryptorecovers-Wallet-recovery-thumbnail.jpg\" \/>\n\t<meta property=\"og:image:width\" content=\"1200\" \/>\n\t<meta property=\"og:image:height\" content=\"628\" \/>\n\t<meta property=\"og:image:type\" content=\"image\/jpeg\" \/>\n<meta name=\"twitter:card\" content=\"summary_large_image\" \/>\n<meta name=\"twitter:site\" content=\"@xcryptorecovers\" \/>\n<meta name=\"twitter:label1\" content=\"Gesch\u00e4tzte Lesezeit\" \/>\n\t<meta name=\"twitter:data1\" content=\"7\u00a0Minuten\" \/>\n<script type=\"application\/ld+json\" class=\"yoast-schema-graph\">{\"@context\":\"https:\/\/schema.org\",\"@graph\":[{\"@type\":\"WebPage\",\"@id\":\"https:\/\/cryptorecovers.com\/de\/haftungsausschluss\/\",\"url\":\"https:\/\/cryptorecovers.com\/de\/haftungsausschluss\/\",\"name\":\"Haftungsausschluss - Cryptorecovers.com\",\"isPartOf\":{\"@id\":\"https:\/\/cryptorecovers.com\/de\/#website\"},\"datePublished\":\"2024-12-19T00:45:46+00:00\",\"dateModified\":\"2024-12-19T00:45:49+00:00\",\"description\":\"Lesen Sie den Haftungsausschluss f\u00fcr Cryptorecovers.com bez\u00fcglich der Wiederherstellung von Geldb\u00f6rsen, Risiken und Einschr\u00e4nkungen.\",\"inLanguage\":\"de\",\"potentialAction\":[{\"@type\":\"ReadAction\",\"target\":[\"https:\/\/cryptorecovers.com\/de\/haftungsausschluss\/\"]}]},{\"@type\":\"WebSite\",\"@id\":\"https:\/\/cryptorecovers.com\/de\/#website\",\"url\":\"https:\/\/cryptorecovers.com\/de\/\",\"name\":\"Crypto Recovers\",\"description\":\"Crypto Recovery Services\",\"publisher\":{\"@id\":\"https:\/\/cryptorecovers.com\/de\/#organization\"},\"potentialAction\":[{\"@type\":\"SearchAction\",\"target\":{\"@type\":\"EntryPoint\",\"urlTemplate\":\"https:\/\/cryptorecovers.com\/de\/?s={search_term_string}\"},\"query-input\":{\"@type\":\"PropertyValueSpecification\",\"valueRequired\":true,\"valueName\":\"search_term_string\"}}],\"inLanguage\":\"de\"},{\"@type\":[\"Organization\",\"Place\"],\"@id\":\"https:\/\/cryptorecovers.com\/de\/#organization\",\"name\":\"Crypto Recovers\",\"alternateName\":\"Crypto Recovers \u2013 Crypto Wallet Recovery Services\",\"url\":\"https:\/\/cryptorecovers.com\/de\/\",\"logo\":{\"@id\":\"https:\/\/cryptorecovers.com\/de\/haftungsausschluss\/#local-main-organization-logo\"},\"image\":{\"@id\":\"https:\/\/cryptorecovers.com\/de\/haftungsausschluss\/#local-main-organization-logo\"},\"sameAs\":[\"https:\/\/www.facebook.com\/profile.php?id=61555829150179\",\"https:\/\/x.com\/xcryptorecovers\",\"https:\/\/www.linkedin.com\/company\/101478432\/\",\"https:\/\/www.youtube.com\/@cryptorecovers\"],\"description\":\"Crypto Recovers is a specialized cryptocurrency wallet recovery service that helps individuals and businesses regain access to lost or inaccessible crypto wallets, including cases involving forgotten passwords, incomplete recovery phrases, and corrupted wallet data.\",\"legalName\":\"Crypto Recovers\",\"foundingDate\":\"2019-05-27\",\"numberOfEmployees\":{\"@type\":\"QuantitativeValue\",\"minValue\":\"1\",\"maxValue\":\"10\"},\"address\":{\"@id\":\"https:\/\/cryptorecovers.com\/de\/haftungsausschluss\/#local-main-place-address\"},\"telephone\":[\"+31851091211\"],\"contactPoint\":{\"@type\":\"ContactPoint\",\"telephone\":\"+31851091211\",\"email\":\"support@cryptorecovers.com\"},\"openingHoursSpecification\":{\"@type\":\"OpeningHoursSpecification\",\"dayOfWeek\":[\"Monday\",\"Tuesday\",\"Wednesday\",\"Thursday\",\"Friday\",\"Saturday\",\"Sunday\"],\"opens\":\"00:00\",\"closes\":\"23:59\"},\"email\":\"support@cryptorecovers.com\",\"areaServed\":\"Worldwide\",\"vatID\":\"NL003031083B24\",\"publishingPrinciples\":\"https:\/\/cryptorecovers.com\/de\/veroffentlichungsprinzipien\/\",\"ethicsPolicy\":\"https:\/\/cryptorecovers.com\/de\/ethik-politik\/\",\"actionableFeedbackPolicy\":\"https:\/\/cryptorecovers.com\/de\/umsetzbare-feedback-richtlinie\/\"},{\"@type\":\"PostalAddress\",\"@id\":\"https:\/\/cryptorecovers.com\/de\/haftungsausschluss\/#local-main-place-address\",\"streetAddress\":\"Louis Braillelaan 80\",\"addressLocality\":\"Zoetermeer\",\"postalCode\":\"2719 EK\",\"addressRegion\":\"Zuid-Holland\",\"addressCountry\":\"NL\"},{\"@type\":\"ImageObject\",\"inLanguage\":\"de\",\"@id\":\"https:\/\/cryptorecovers.com\/de\/haftungsausschluss\/#local-main-organization-logo\",\"url\":\"https:\/\/cryptorecovers.com\/wp-content\/uploads\/2025\/09\/favicon_website_cr.png\",\"contentUrl\":\"https:\/\/cryptorecovers.com\/wp-content\/uploads\/2025\/09\/favicon_website_cr.png\",\"width\":500,\"height\":500,\"caption\":\"Crypto Recovers\"}]}<\/script>\n<meta name=\"geo.placename\" content=\"Zoetermeer\" \/>\n<meta name=\"geo.region\" content=\"Niederlande\" \/>\n<!-- \/ Yoast SEO Premium plugin. -->","yoast_head_json":{"title":"Haftungsausschluss - Cryptorecovers.com","description":"Lesen Sie den Haftungsausschluss f\u00fcr Cryptorecovers.com bez\u00fcglich der Wiederherstellung von Geldb\u00f6rsen, Risiken und Einschr\u00e4nkungen.","robots":{"index":"index","follow":"follow","max-snippet":"max-snippet:-1","max-image-preview":"max-image-preview:large","max-video-preview":"max-video-preview:-1"},"canonical":"https:\/\/cryptorecovers.com\/de\/haftungsausschluss\/","og_locale":"de_DE","og_type":"article","og_title":"Haftungsausschluss","og_description":"Lesen Sie den Haftungsausschluss f\u00fcr Cryptorecovers.com bez\u00fcglich der Wiederherstellung von Geldb\u00f6rsen, Risiken und Einschr\u00e4nkungen.","og_url":"https:\/\/cryptorecovers.com\/de\/haftungsausschluss\/","og_site_name":"Crypto Recovers","article_publisher":"https:\/\/www.facebook.com\/profile.php?id=61555829150179","article_modified_time":"2024-12-19T00:45:49+00:00","og_image":[{"width":1200,"height":628,"url":"https:\/\/cryptorecovers.com\/wp-content\/uploads\/2023\/12\/Cryptorecovers-Wallet-recovery-thumbnail.jpg","type":"image\/jpeg"}],"twitter_card":"summary_large_image","twitter_site":"@xcryptorecovers","twitter_misc":{"Gesch\u00e4tzte Lesezeit":"7\u00a0Minuten"},"schema":{"@context":"https:\/\/schema.org","@graph":[{"@type":"WebPage","@id":"https:\/\/cryptorecovers.com\/de\/haftungsausschluss\/","url":"https:\/\/cryptorecovers.com\/de\/haftungsausschluss\/","name":"Haftungsausschluss - Cryptorecovers.com","isPartOf":{"@id":"https:\/\/cryptorecovers.com\/de\/#website"},"datePublished":"2024-12-19T00:45:46+00:00","dateModified":"2024-12-19T00:45:49+00:00","description":"Lesen Sie den Haftungsausschluss f\u00fcr Cryptorecovers.com bez\u00fcglich der Wiederherstellung von Geldb\u00f6rsen, Risiken und Einschr\u00e4nkungen.","inLanguage":"de","potentialAction":[{"@type":"ReadAction","target":["https:\/\/cryptorecovers.com\/de\/haftungsausschluss\/"]}]},{"@type":"WebSite","@id":"https:\/\/cryptorecovers.com\/de\/#website","url":"https:\/\/cryptorecovers.com\/de\/","name":"Crypto Recovers","description":"Crypto Recovery Services","publisher":{"@id":"https:\/\/cryptorecovers.com\/de\/#organization"},"potentialAction":[{"@type":"SearchAction","target":{"@type":"EntryPoint","urlTemplate":"https:\/\/cryptorecovers.com\/de\/?s={search_term_string}"},"query-input":{"@type":"PropertyValueSpecification","valueRequired":true,"valueName":"search_term_string"}}],"inLanguage":"de"},{"@type":["Organization","Place"],"@id":"https:\/\/cryptorecovers.com\/de\/#organization","name":"Crypto Recovers","alternateName":"Crypto Recovers \u2013 Crypto Wallet Recovery Services","url":"https:\/\/cryptorecovers.com\/de\/","logo":{"@id":"https:\/\/cryptorecovers.com\/de\/haftungsausschluss\/#local-main-organization-logo"},"image":{"@id":"https:\/\/cryptorecovers.com\/de\/haftungsausschluss\/#local-main-organization-logo"},"sameAs":["https:\/\/www.facebook.com\/profile.php?id=61555829150179","https:\/\/x.com\/xcryptorecovers","https:\/\/www.linkedin.com\/company\/101478432\/","https:\/\/www.youtube.com\/@cryptorecovers"],"description":"Crypto Recovers is a specialized cryptocurrency wallet recovery service that helps individuals and businesses regain access to lost or inaccessible crypto wallets, including cases involving forgotten passwords, incomplete recovery phrases, and corrupted wallet data.","legalName":"Crypto Recovers","foundingDate":"2019-05-27","numberOfEmployees":{"@type":"QuantitativeValue","minValue":"1","maxValue":"10"},"address":{"@id":"https:\/\/cryptorecovers.com\/de\/haftungsausschluss\/#local-main-place-address"},"telephone":["+31851091211"],"contactPoint":{"@type":"ContactPoint","telephone":"+31851091211","email":"support@cryptorecovers.com"},"openingHoursSpecification":{"@type":"OpeningHoursSpecification","dayOfWeek":["Monday","Tuesday","Wednesday","Thursday","Friday","Saturday","Sunday"],"opens":"00:00","closes":"23:59"},"email":"support@cryptorecovers.com","areaServed":"Worldwide","vatID":"NL003031083B24","publishingPrinciples":"https:\/\/cryptorecovers.com\/de\/veroffentlichungsprinzipien\/","ethicsPolicy":"https:\/\/cryptorecovers.com\/de\/ethik-politik\/","actionableFeedbackPolicy":"https:\/\/cryptorecovers.com\/de\/umsetzbare-feedback-richtlinie\/"},{"@type":"PostalAddress","@id":"https:\/\/cryptorecovers.com\/de\/haftungsausschluss\/#local-main-place-address","streetAddress":"Louis Braillelaan 80","addressLocality":"Zoetermeer","postalCode":"2719 EK","addressRegion":"Zuid-Holland","addressCountry":"NL"},{"@type":"ImageObject","inLanguage":"de","@id":"https:\/\/cryptorecovers.com\/de\/haftungsausschluss\/#local-main-organization-logo","url":"https:\/\/cryptorecovers.com\/wp-content\/uploads\/2025\/09\/favicon_website_cr.png","contentUrl":"https:\/\/cryptorecovers.com\/wp-content\/uploads\/2025\/09\/favicon_website_cr.png","width":500,"height":500,"caption":"Crypto Recovers"}]},"geo.placename":"Zoetermeer","geo.region":"Niederlande"},"_links":{"self":[{"href":"https:\/\/cryptorecovers.com\/de\/wp-json\/wp\/v2\/pages\/241703","targetHints":{"allow":["GET"]}}],"collection":[{"href":"https:\/\/cryptorecovers.com\/de\/wp-json\/wp\/v2\/pages"}],"about":[{"href":"https:\/\/cryptorecovers.com\/de\/wp-json\/wp\/v2\/types\/page"}],"author":[{"embeddable":true,"href":"https:\/\/cryptorecovers.com\/de\/wp-json\/wp\/v2\/users\/1"}],"replies":[{"embeddable":true,"href":"https:\/\/cryptorecovers.com\/de\/wp-json\/wp\/v2\/comments?post=241703"}],"version-history":[{"count":4,"href":"https:\/\/cryptorecovers.com\/de\/wp-json\/wp\/v2\/pages\/241703\/revisions"}],"predecessor-version":[{"id":241709,"href":"https:\/\/cryptorecovers.com\/de\/wp-json\/wp\/v2\/pages\/241703\/revisions\/241709"}],"wp:attachment":[{"href":"https:\/\/cryptorecovers.com\/de\/wp-json\/wp\/v2\/media?parent=241703"}],"curies":[{"name":"wp","href":"https:\/\/api.w.org\/{rel}","templated":true}]}}