{"id":241668,"date":"2024-12-19T00:40:01","date_gmt":"2024-12-19T00:40:01","guid":{"rendered":"https:\/\/cryptorecovers.com\/impressum\/"},"modified":"2025-02-03T14:00:03","modified_gmt":"2025-02-03T14:00:03","slug":"impressum","status":"publish","type":"page","link":"https:\/\/cryptorecovers.com\/de\/impressum\/","title":{"rendered":"Impressum"},"content":{"rendered":"<p>[et_pb_section fb_built=&#8220;1&#8243; fullwidth=&#8220;on&#8220; admin_label=&#8220;Hero Section&#8220; _builder_version=&#8220;4.16&#8243; background_color=&#8220;#101535&#8243; background_image=&#8220;https:\/\/cryptorecovers.com\/wp-content\/uploads\/2023\/02\/crypto-bg-02.png&#8220; parallax=&#8220;on&#8220; custom_margin=&#8220;|||&#8220; custom_padding=&#8220;|||&#8220; locked=&#8220;off&#8220; global_colors_info=&#8220;{}&#8220;][et_pb_fullwidth_header title=&#8220;Impressum&#8220; text_orientation=&#8220;center&#8220; _builder_version=&#8220;4.27.0&#8243; title_font=&#8220;Poppins||||||||&#8220; title_font_size=&#8220;66px&#8220; title_line_height=&#8220;1.5em&#8220; content_font=&#8220;||||||||&#8220; content_font_size=&#8220;18px&#8220; content_line_height=&#8220;2em&#8220; background_enable_color=&#8220;off&#8220; background_position=&#8220;bottom_center&#8220; custom_button_one=&#8220;on&#8220; button_one_text_size=&#8220;13px&#8220; button_one_bg_color=&#8220;#4328b7&#8243; button_one_border_width=&#8220;10px&#8220; button_one_border_color=&#8220;#4328b7&#8243; button_one_border_radius=&#8220;0px&#8220; button_one_letter_spacing=&#8220;2px&#8220; button_one_font=&#8220;Titillium Web|700||on|||||&#8220; custom_button_two=&#8220;on&#8220; button_two_text_size=&#8220;13px&#8220; button_two_text_color=&#8220;#4328b7&#8243; button_two_bg_color=&#8220;#ffffff&#8220; button_two_border_width=&#8220;10px&#8220; button_two_border_color=&#8220;#ffffff&#8220; button_two_border_radius=&#8220;0px&#8220; button_two_letter_spacing=&#8220;2px&#8220; button_two_font=&#8220;Titillium Web|700||on|||||&#8220; custom_margin=&#8220;|||&#8220; custom_padding=&#8220;140px||4vw||false|false&#8220; custom_padding_tablet=&#8220;100px||||false|false&#8220; custom_padding_phone=&#8220;110px||||false|false&#8220; custom_padding_last_edited=&#8220;on|desktop&#8220; animation_direction=&#8220;bottom&#8220; title_font_size_tablet=&#8220;40px&#8220; title_font_size_phone=&#8220;&#8220; title_font_size_last_edited=&#8220;on|phone&#8220; content_font_size_tablet=&#8220;&#8220; content_font_size_phone=&#8220;15px&#8220; content_font_size_last_edited=&#8220;on|phone&#8220; button_one_letter_spacing_hover=&#8220;2px&#8220; button_two_letter_spacing_hover=&#8220;2px&#8220; global_colors_info=&#8220;{}&#8220; button_one_text_size__hover_enabled=&#8220;off&#8220; button_two_text_size__hover_enabled=&#8220;off&#8220; button_one_text_color__hover_enabled=&#8220;off&#8220; button_two_text_color__hover_enabled=&#8220;off&#8220; button_one_border_width__hover_enabled=&#8220;off&#8220; button_two_border_width__hover_enabled=&#8220;off&#8220; button_one_border_color__hover_enabled=&#8220;off&#8220; button_two_border_color__hover_enabled=&#8220;off&#8220; button_one_border_radius__hover_enabled=&#8220;off&#8220; button_two_border_radius__hover_enabled=&#8220;off&#8220; button_one_letter_spacing__hover_enabled=&#8220;on&#8220; button_one_letter_spacing__hover=&#8220;2px&#8220; button_two_letter_spacing__hover_enabled=&#8220;on&#8220; button_two_letter_spacing__hover=&#8220;2px&#8220; button_one_bg_color__hover_enabled=&#8220;off&#8220; button_two_bg_color__hover_enabled=&#8220;off&#8220;][\/et_pb_fullwidth_header][\/et_pb_section][et_pb_section fb_built=&#8220;1&#8243; fullwidth=&#8220;on&#8220; admin_label=&#8220;Hero Section&#8220; _builder_version=&#8220;4.27.0&#8243; background_enable_color=&#8220;off&#8220; background_enable_image=&#8220;off&#8220; parallax=&#8220;on&#8220; custom_margin=&#8220;|||&#8220; custom_padding=&#8220;|||&#8220; global_colors_info=&#8220;{}&#8220;][et_pb_fullwidth_header _builder_version=&#8220;4.27.4&#8243; title_level=&#8220;h4&#8243; title_font=&#8220;Poppins|600|||||||&#8220; title_text_color=&#8220;#000000&#8243; title_font_size=&#8220;39px&#8220; title_line_height=&#8220;1.5em&#8220; content_font=&#8220;||||||||&#8220; content_text_color=&#8220;#000000&#8243; content_font_size=&#8220;17px&#8220; content_line_height=&#8220;2em&#8220; background_color=&#8220;rgba(0,0,0,0)&#8220; background_enable_image=&#8220;off&#8220; background_position=&#8220;bottom_center&#8220; custom_button_one=&#8220;on&#8220; button_one_text_size=&#8220;13px&#8220; button_one_bg_color=&#8220;#4328b7&#8243; button_one_border_width=&#8220;10px&#8220; button_one_border_color=&#8220;#4328b7&#8243; button_one_border_radius=&#8220;0px&#8220; button_one_letter_spacing=&#8220;2px&#8220; button_one_font=&#8220;Titillium Web|700||on|||||&#8220; custom_button_two=&#8220;on&#8220; button_two_text_size=&#8220;13px&#8220; button_two_text_color=&#8220;#4328b7&#8243; button_two_bg_color=&#8220;#ffffff&#8220; button_two_border_width=&#8220;10px&#8220; button_two_border_color=&#8220;#ffffff&#8220; button_two_border_radius=&#8220;0px&#8220; button_two_letter_spacing=&#8220;2px&#8220; button_two_font=&#8220;Titillium Web|700||on|||||&#8220; background_layout=&#8220;light&#8220; width_phone=&#8220;100%&#8220; width_last_edited=&#8220;off|phone&#8220; max_width_phone=&#8220;100%&#8220; max_width_last_edited=&#8220;off|phone&#8220; custom_margin=&#8220;|||&#8220; custom_padding=&#8220;6vw||8vw||false|&#8220; animation_direction=&#8220;bottom&#8220; title_font_size_tablet=&#8220;34px&#8220; title_font_size_phone=&#8220;26px&#8220; title_font_size_last_edited=&#8220;on|phone&#8220; content_font_size_tablet=&#8220;16px&#8220; content_font_size_phone=&#8220;15px&#8220; content_font_size_last_edited=&#8220;on|phone&#8220; button_one_letter_spacing_hover=&#8220;2px&#8220; button_two_letter_spacing_hover=&#8220;2px&#8220; global_colors_info=&#8220;{}&#8220; button_one_text_size__hover_enabled=&#8220;off&#8220; button_two_text_size__hover_enabled=&#8220;off&#8220; button_one_text_color__hover_enabled=&#8220;off&#8220; button_two_text_color__hover_enabled=&#8220;off&#8220; button_one_border_width__hover_enabled=&#8220;off&#8220; button_two_border_width__hover_enabled=&#8220;off&#8220; button_one_border_color__hover_enabled=&#8220;off&#8220; button_two_border_color__hover_enabled=&#8220;off&#8220; button_one_border_radius__hover_enabled=&#8220;off&#8220; button_two_border_radius__hover_enabled=&#8220;off&#8220; button_one_letter_spacing__hover_enabled=&#8220;on&#8220; button_one_letter_spacing__hover=&#8220;2px&#8220; button_two_letter_spacing__hover_enabled=&#8220;on&#8220; button_two_letter_spacing__hover=&#8220;2px&#8220; button_one_bg_color__hover_enabled=&#8220;off&#8220; button_two_bg_color__hover_enabled=&#8220;off&#8220;]<\/p>\n<p><strong>Name des Unternehmens:<\/strong> Crypto Recovers<br \/><strong>Legal Tax Firmenname:<\/strong> Bink Online (Crypto Recovers ist ein Teilunternehmen von Bink Online)<br \/><strong>Unternehmensregistrierungsnummer:<\/strong> 75927276<\/p>\n<p>&nbsp;<\/p>\n<p><strong>Gesch\u00e4ftsadresse:<\/strong><br \/>Louis Braillelaan 80 (Einheit 1125)<br \/>2719 EK Zoetermeer<br \/>Niederlande<\/p>\n<p>&nbsp;<\/p>\n<p><strong>Kontaktinformationen:<\/strong><br \/>E-Mail: support@cryptorecovers.com<br \/>Telefon: +31851091211<br \/>WhatsApp: +31851091211<\/p>\n<p>&nbsp;<\/p>\n<p><strong>Verantwortlich f\u00fcr den Inhalt gem\u00e4\u00df \u00a7 5 TMG (Telemediengesetz, Deutschland) und \u00a7 55 Abs. 2 RStV (Rundfunkstaatsvertrag, Deutschland) &amp; I <\/strong><strong>n \u00dcbereinstimmung mit Artikel 6 des niederl\u00e4ndischen B\u00fcrgerlichen Gesetzbuches und den EU-Vorschriften:<br \/><\/strong>Robbert Bink<br \/>Gr\u00fcnder &amp; CEO<\/p>\n<p>&nbsp;<\/p>\n<p>[\/et_pb_fullwidth_header][\/et_pb_section]<\/p>\n","protected":false},"excerpt":{"rendered":"<p>Name des Unternehmens: Crypto RecoversLegal Tax Firmenname: Bink Online (Crypto Recovers ist ein Teilunternehmen von Bink Online)Unternehmensregistrierungsnummer: 75927276 &nbsp; Gesch\u00e4ftsadresse:Louis Braillelaan 80 (Einheit 1125)2719 EK ZoetermeerNiederlande &nbsp; Kontaktinformationen:E-Mail: support@cryptorecovers.comTelefon: +31851091211WhatsApp: +31851091211 &nbsp; Verantwortlich f\u00fcr den Inhalt gem\u00e4\u00df \u00a7 5 TMG (Telemediengesetz, Deutschland) und \u00a7 55 Abs. 2 RStV (Rundfunkstaatsvertrag, Deutschland) &amp; I n \u00dcbereinstimmung mit [&hellip;]<\/p>\n","protected":false},"author":1,"featured_media":0,"parent":0,"menu_order":0,"comment_status":"closed","ping_status":"closed","template":"","meta":{"_et_pb_use_builder":"on","_et_pb_old_content":"","_et_gb_content_width":"","footnotes":""},"class_list":["post-241668","page","type-page","status-publish","hentry"],"yoast_head":"<!-- This site is optimized with the Yoast SEO Premium plugin v27.1 (Yoast SEO v27.1.1) - https:\/\/yoast.com\/product\/yoast-seo-premium-wordpress\/ -->\n<title>Impressum - Cryptorecovers.com<\/title>\n<meta name=\"robots\" content=\"index, follow, max-snippet:-1, max-image-preview:large, max-video-preview:-1\" \/>\n<link rel=\"canonical\" href=\"https:\/\/cryptorecovers.com\/de\/impressum\/\" \/>\n<meta property=\"og:locale\" content=\"de_DE\" \/>\n<meta property=\"og:type\" content=\"article\" \/>\n<meta property=\"og:title\" content=\"Impressum\" \/>\n<meta property=\"og:description\" content=\"Name des Unternehmens: Crypto RecoversLegal Tax Firmenname: Bink Online (Crypto Recovers ist ein Teilunternehmen von Bink Online)Unternehmensregistrierungsnummer: 75927276 &nbsp; Gesch\u00e4ftsadresse:Louis Braillelaan 80 (Einheit 1125)2719 EK ZoetermeerNiederlande &nbsp; Kontaktinformationen:E-Mail: support@cryptorecovers.comTelefon: +31851091211WhatsApp: +31851091211 &nbsp; Verantwortlich f\u00fcr den Inhalt gem\u00e4\u00df \u00a7 5 TMG (Telemediengesetz, Deutschland) und \u00a7 55 Abs. 2 RStV (Rundfunkstaatsvertrag, Deutschland) &amp; I n \u00dcbereinstimmung mit [&hellip;]\" \/>\n<meta property=\"og:url\" content=\"https:\/\/cryptorecovers.com\/de\/impressum\/\" \/>\n<meta property=\"og:site_name\" content=\"Crypto Recovers\" \/>\n<meta property=\"article:publisher\" content=\"https:\/\/www.facebook.com\/profile.php?id=61555829150179\" \/>\n<meta property=\"article:modified_time\" content=\"2025-02-03T14:00:03+00:00\" \/>\n<meta property=\"og:image\" content=\"https:\/\/cryptorecovers.com\/wp-content\/uploads\/2023\/12\/Cryptorecovers-Wallet-recovery-thumbnail.jpg\" \/>\n\t<meta property=\"og:image:width\" content=\"1200\" \/>\n\t<meta property=\"og:image:height\" content=\"628\" \/>\n\t<meta property=\"og:image:type\" content=\"image\/jpeg\" \/>\n<meta name=\"twitter:card\" content=\"summary_large_image\" \/>\n<meta name=\"twitter:site\" content=\"@xcryptorecovers\" \/>\n<meta name=\"twitter:label1\" content=\"Gesch\u00e4tzte Lesezeit\" \/>\n\t<meta name=\"twitter:data1\" content=\"4\u00a0Minuten\" \/>\n<script type=\"application\/ld+json\" class=\"yoast-schema-graph\">{\"@context\":\"https:\/\/schema.org\",\"@graph\":[{\"@type\":\"WebPage\",\"@id\":\"https:\/\/cryptorecovers.com\/de\/impressum\/\",\"url\":\"https:\/\/cryptorecovers.com\/de\/impressum\/\",\"name\":\"Impressum - Cryptorecovers.com\",\"isPartOf\":{\"@id\":\"https:\/\/cryptorecovers.com\/de\/#website\"},\"datePublished\":\"2024-12-19T00:40:01+00:00\",\"dateModified\":\"2025-02-03T14:00:03+00:00\",\"inLanguage\":\"de\",\"potentialAction\":[{\"@type\":\"ReadAction\",\"target\":[\"https:\/\/cryptorecovers.com\/de\/impressum\/\"]}]},{\"@type\":\"WebSite\",\"@id\":\"https:\/\/cryptorecovers.com\/de\/#website\",\"url\":\"https:\/\/cryptorecovers.com\/de\/\",\"name\":\"Crypto Recovers\",\"description\":\"Crypto Recovery Services\",\"publisher\":{\"@id\":\"https:\/\/cryptorecovers.com\/de\/#organization\"},\"potentialAction\":[{\"@type\":\"SearchAction\",\"target\":{\"@type\":\"EntryPoint\",\"urlTemplate\":\"https:\/\/cryptorecovers.com\/de\/?s={search_term_string}\"},\"query-input\":{\"@type\":\"PropertyValueSpecification\",\"valueRequired\":true,\"valueName\":\"search_term_string\"}}],\"inLanguage\":\"de\"},{\"@type\":[\"Organization\",\"Place\"],\"@id\":\"https:\/\/cryptorecovers.com\/de\/#organization\",\"name\":\"Crypto Recovers\",\"alternateName\":\"Crypto Recovers \u2013 Crypto Wallet Recovery Services\",\"url\":\"https:\/\/cryptorecovers.com\/de\/\",\"logo\":{\"@id\":\"https:\/\/cryptorecovers.com\/de\/impressum\/#local-main-organization-logo\"},\"image\":{\"@id\":\"https:\/\/cryptorecovers.com\/de\/impressum\/#local-main-organization-logo\"},\"sameAs\":[\"https:\/\/www.facebook.com\/profile.php?id=61555829150179\",\"https:\/\/x.com\/xcryptorecovers\",\"https:\/\/www.linkedin.com\/company\/101478432\/\",\"https:\/\/www.youtube.com\/@cryptorecovers\"],\"description\":\"Crypto Recovers is a specialized cryptocurrency wallet recovery service that helps individuals and businesses regain access to lost or inaccessible crypto wallets, including cases involving forgotten passwords, incomplete recovery phrases, and corrupted wallet data.\",\"legalName\":\"Crypto Recovers\",\"foundingDate\":\"2019-05-27\",\"numberOfEmployees\":{\"@type\":\"QuantitativeValue\",\"minValue\":\"1\",\"maxValue\":\"10\"},\"address\":{\"@id\":\"https:\/\/cryptorecovers.com\/de\/impressum\/#local-main-place-address\"},\"telephone\":[\"+31851091211\"],\"contactPoint\":{\"@type\":\"ContactPoint\",\"telephone\":\"+31851091211\",\"email\":\"support@cryptorecovers.com\"},\"openingHoursSpecification\":{\"@type\":\"OpeningHoursSpecification\",\"dayOfWeek\":[\"Monday\",\"Tuesday\",\"Wednesday\",\"Thursday\",\"Friday\",\"Saturday\",\"Sunday\"],\"opens\":\"00:00\",\"closes\":\"23:59\"},\"email\":\"support@cryptorecovers.com\",\"areaServed\":\"Worldwide\",\"vatID\":\"NL003031083B24\",\"publishingPrinciples\":\"https:\/\/cryptorecovers.com\/de\/veroffentlichungsprinzipien\/\",\"ethicsPolicy\":\"https:\/\/cryptorecovers.com\/de\/ethik-politik\/\",\"actionableFeedbackPolicy\":\"https:\/\/cryptorecovers.com\/de\/umsetzbare-feedback-richtlinie\/\"},{\"@type\":\"PostalAddress\",\"@id\":\"https:\/\/cryptorecovers.com\/de\/impressum\/#local-main-place-address\",\"streetAddress\":\"Louis Braillelaan 80\",\"addressLocality\":\"Zoetermeer\",\"postalCode\":\"2719 EK\",\"addressRegion\":\"Zuid-Holland\",\"addressCountry\":\"NL\"},{\"@type\":\"ImageObject\",\"inLanguage\":\"de\",\"@id\":\"https:\/\/cryptorecovers.com\/de\/impressum\/#local-main-organization-logo\",\"url\":\"https:\/\/cryptorecovers.com\/wp-content\/uploads\/2025\/09\/favicon_website_cr.png\",\"contentUrl\":\"https:\/\/cryptorecovers.com\/wp-content\/uploads\/2025\/09\/favicon_website_cr.png\",\"width\":500,\"height\":500,\"caption\":\"Crypto Recovers\"}]}<\/script>\n<meta name=\"geo.placename\" content=\"Zoetermeer\" \/>\n<meta name=\"geo.region\" content=\"Niederlande\" \/>\n<!-- \/ Yoast SEO Premium plugin. -->","yoast_head_json":{"title":"Impressum - Cryptorecovers.com","robots":{"index":"index","follow":"follow","max-snippet":"max-snippet:-1","max-image-preview":"max-image-preview:large","max-video-preview":"max-video-preview:-1"},"canonical":"https:\/\/cryptorecovers.com\/de\/impressum\/","og_locale":"de_DE","og_type":"article","og_title":"Impressum","og_description":"Name des Unternehmens: Crypto RecoversLegal Tax Firmenname: Bink Online (Crypto Recovers ist ein Teilunternehmen von Bink Online)Unternehmensregistrierungsnummer: 75927276 &nbsp; Gesch\u00e4ftsadresse:Louis Braillelaan 80 (Einheit 1125)2719 EK ZoetermeerNiederlande &nbsp; Kontaktinformationen:E-Mail: support@cryptorecovers.comTelefon: +31851091211WhatsApp: +31851091211 &nbsp; Verantwortlich f\u00fcr den Inhalt gem\u00e4\u00df \u00a7 5 TMG (Telemediengesetz, Deutschland) und \u00a7 55 Abs. 2 RStV (Rundfunkstaatsvertrag, Deutschland) &amp; I n \u00dcbereinstimmung mit [&hellip;]","og_url":"https:\/\/cryptorecovers.com\/de\/impressum\/","og_site_name":"Crypto Recovers","article_publisher":"https:\/\/www.facebook.com\/profile.php?id=61555829150179","article_modified_time":"2025-02-03T14:00:03+00:00","og_image":[{"width":1200,"height":628,"url":"https:\/\/cryptorecovers.com\/wp-content\/uploads\/2023\/12\/Cryptorecovers-Wallet-recovery-thumbnail.jpg","type":"image\/jpeg"}],"twitter_card":"summary_large_image","twitter_site":"@xcryptorecovers","twitter_misc":{"Gesch\u00e4tzte Lesezeit":"4\u00a0Minuten"},"schema":{"@context":"https:\/\/schema.org","@graph":[{"@type":"WebPage","@id":"https:\/\/cryptorecovers.com\/de\/impressum\/","url":"https:\/\/cryptorecovers.com\/de\/impressum\/","name":"Impressum - Cryptorecovers.com","isPartOf":{"@id":"https:\/\/cryptorecovers.com\/de\/#website"},"datePublished":"2024-12-19T00:40:01+00:00","dateModified":"2025-02-03T14:00:03+00:00","inLanguage":"de","potentialAction":[{"@type":"ReadAction","target":["https:\/\/cryptorecovers.com\/de\/impressum\/"]}]},{"@type":"WebSite","@id":"https:\/\/cryptorecovers.com\/de\/#website","url":"https:\/\/cryptorecovers.com\/de\/","name":"Crypto Recovers","description":"Crypto Recovery Services","publisher":{"@id":"https:\/\/cryptorecovers.com\/de\/#organization"},"potentialAction":[{"@type":"SearchAction","target":{"@type":"EntryPoint","urlTemplate":"https:\/\/cryptorecovers.com\/de\/?s={search_term_string}"},"query-input":{"@type":"PropertyValueSpecification","valueRequired":true,"valueName":"search_term_string"}}],"inLanguage":"de"},{"@type":["Organization","Place"],"@id":"https:\/\/cryptorecovers.com\/de\/#organization","name":"Crypto Recovers","alternateName":"Crypto Recovers \u2013 Crypto Wallet Recovery Services","url":"https:\/\/cryptorecovers.com\/de\/","logo":{"@id":"https:\/\/cryptorecovers.com\/de\/impressum\/#local-main-organization-logo"},"image":{"@id":"https:\/\/cryptorecovers.com\/de\/impressum\/#local-main-organization-logo"},"sameAs":["https:\/\/www.facebook.com\/profile.php?id=61555829150179","https:\/\/x.com\/xcryptorecovers","https:\/\/www.linkedin.com\/company\/101478432\/","https:\/\/www.youtube.com\/@cryptorecovers"],"description":"Crypto Recovers is a specialized cryptocurrency wallet recovery service that helps individuals and businesses regain access to lost or inaccessible crypto wallets, including cases involving forgotten passwords, incomplete recovery phrases, and corrupted wallet data.","legalName":"Crypto Recovers","foundingDate":"2019-05-27","numberOfEmployees":{"@type":"QuantitativeValue","minValue":"1","maxValue":"10"},"address":{"@id":"https:\/\/cryptorecovers.com\/de\/impressum\/#local-main-place-address"},"telephone":["+31851091211"],"contactPoint":{"@type":"ContactPoint","telephone":"+31851091211","email":"support@cryptorecovers.com"},"openingHoursSpecification":{"@type":"OpeningHoursSpecification","dayOfWeek":["Monday","Tuesday","Wednesday","Thursday","Friday","Saturday","Sunday"],"opens":"00:00","closes":"23:59"},"email":"support@cryptorecovers.com","areaServed":"Worldwide","vatID":"NL003031083B24","publishingPrinciples":"https:\/\/cryptorecovers.com\/de\/veroffentlichungsprinzipien\/","ethicsPolicy":"https:\/\/cryptorecovers.com\/de\/ethik-politik\/","actionableFeedbackPolicy":"https:\/\/cryptorecovers.com\/de\/umsetzbare-feedback-richtlinie\/"},{"@type":"PostalAddress","@id":"https:\/\/cryptorecovers.com\/de\/impressum\/#local-main-place-address","streetAddress":"Louis Braillelaan 80","addressLocality":"Zoetermeer","postalCode":"2719 EK","addressRegion":"Zuid-Holland","addressCountry":"NL"},{"@type":"ImageObject","inLanguage":"de","@id":"https:\/\/cryptorecovers.com\/de\/impressum\/#local-main-organization-logo","url":"https:\/\/cryptorecovers.com\/wp-content\/uploads\/2025\/09\/favicon_website_cr.png","contentUrl":"https:\/\/cryptorecovers.com\/wp-content\/uploads\/2025\/09\/favicon_website_cr.png","width":500,"height":500,"caption":"Crypto Recovers"}]},"geo.placename":"Zoetermeer","geo.region":"Niederlande"},"_links":{"self":[{"href":"https:\/\/cryptorecovers.com\/de\/wp-json\/wp\/v2\/pages\/241668","targetHints":{"allow":["GET"]}}],"collection":[{"href":"https:\/\/cryptorecovers.com\/de\/wp-json\/wp\/v2\/pages"}],"about":[{"href":"https:\/\/cryptorecovers.com\/de\/wp-json\/wp\/v2\/types\/page"}],"author":[{"embeddable":true,"href":"https:\/\/cryptorecovers.com\/de\/wp-json\/wp\/v2\/users\/1"}],"replies":[{"embeddable":true,"href":"https:\/\/cryptorecovers.com\/de\/wp-json\/wp\/v2\/comments?post=241668"}],"version-history":[{"count":5,"href":"https:\/\/cryptorecovers.com\/de\/wp-json\/wp\/v2\/pages\/241668\/revisions"}],"predecessor-version":[{"id":244856,"href":"https:\/\/cryptorecovers.com\/de\/wp-json\/wp\/v2\/pages\/241668\/revisions\/244856"}],"wp:attachment":[{"href":"https:\/\/cryptorecovers.com\/de\/wp-json\/wp\/v2\/media?parent=241668"}],"curies":[{"name":"wp","href":"https:\/\/api.w.org\/{rel}","templated":true}]}}